{"id":1062,"date":"2015-04-27T20:30:12","date_gmt":"2015-04-27T20:30:12","guid":{"rendered":"http:\/\/prinz.plesk1.bsocloud.cc\/?page_id=1062"},"modified":"2025-03-19T12:52:47","modified_gmt":"2025-03-19T12:52:47","slug":"brickcut-esl-30","status":"publish","type":"page","link":"https:\/\/www.prinz24.com\/en\/produkte\/mauersaegen\/mauersaegetechnik\/elektrokettensaegen\/brickcut-esl-30\/","title":{"rendered":"Brickcut ESL 30"},"content":{"rendered":"<div class=\"wpb-content-wrapper\"><p>[vc_row][vc_column width=&#8221;1\/2&#8243;][vc_single_image image=&#8221;5179&#8243; img_size=&#8221;500&#215;500&#8243; onclick=&#8221;link_image&#8221;][\/vc_column][vc_column width=&#8221;1\/2&#8243;][vc_column_text]<\/p>\n<h2>BRICKCUT ESL 30<\/h2>\n<p>This powerful 230 Volt machine, which stands out with good handling, excellent power to weight and solid construction.<\/p>\n<p>Electronic soft starter and overcurrent limiter improve performance characteristics.<\/p>\n<p>[\/vc_column_text][\/vc_column][\/vc_row][vc_row][vc_column][vc_column_text]<\/p>\n<h3>Technical Data<\/h3>\n<table width=\"215\">\n<tbody>\n<tr>\n<td width=\"80\">Power supply<\/td>\n<td width=\"135\">230V, 16A Plug<\/td>\n<\/tr>\n<tr>\n<td width=\"80\">Power<\/td>\n<td width=\"135\">3000 W<\/td>\n<\/tr>\n<tr>\n<td width=\"80\">RPM<\/td>\n<td width=\"135\">1550 U\/min<\/td>\n<\/tr>\n<tr>\n<td width=\"80\">Guide bars lenghts<\/td>\n<td width=\"135\">40cm, 50cm, 60cm<\/td>\n<\/tr>\n<tr>\n<td width=\"80\">Saw chains<\/td>\n<td width=\"135\">HMS 0.404&#8243;\/1,6mm<\/td>\n<\/tr>\n<tr>\n<td width=\"80\">Weight<\/td>\n<td width=\"135\">9,6 kg<\/td>\n<\/tr>\n<\/tbody>\n<\/table>\n<p>[\/vc_column_text][\/vc_column][\/vc_row][vc_row][vc_column][vc_gallery type=&#8221;image_grid&#8221; images=&#8221;5179,5182,5183,5188,5184,5186,5187,5185,5189,5190,5292,5293,5291&#8243; img_size=&#8221;100&#215;100&#8243;][\/vc_column][\/vc_row][vc_row][vc_column][vc_column_text css=&#8221;&#8221;]<\/p>\n<p style=\"text-align: center;\"><div class=\"real3dflipbook\" id=\"4_69f40372db80a\" style=\"position:absolute;\"><\/div>\n<p>[\/vc_column_text][\/vc_column][\/vc_row]<\/p>\n<\/div>","protected":false},"excerpt":{"rendered":"<p>[vc_row][vc_column width=&#8221;1\/2&#8243;][vc_single_image image=&#8221;5179&#8243; img_size=&#8221;500&#215;500&#8243; onclick=&#8221;link_image&#8221;][\/vc_column][vc_column width=&#8221;1\/2&#8243;][vc_column_text] BRICKCUT ESL 30 This powerful 230 Volt machine, which stands out with good handling, excellent power to weight and solid construction. Electronic soft starter and overcurrent limiter improve performance characteristics. [\/vc_column_text][\/vc_column][\/vc_row][vc_row][vc_column][vc_column_text] Technical Data Power supply 230V, 16A Plug Power 3000 W RPM 1550 U\/min Guide bars lenghts 40cm, 50cm, [&hellip;]<\/p>\n","protected":false},"author":11,"featured_media":0,"parent":529,"menu_order":0,"comment_status":"open","ping_status":"open","template":"","meta":{"footnotes":""},"class_list":["post-1062","page","type-page","status-publish","hentry"],"yoast_head":"<!-- This site is optimized with the Yoast SEO plugin v27.4 - https:\/\/yoast.com\/product\/yoast-seo-wordpress\/ -->\n<title>Elektrokettens\u00e4gen f\u00fcr Mauerwerke Brickcut ESL 30 | prinz24.com<\/title>\n<meta name=\"description\" content=\"Elektrokettens\u00e4gen f\u00fcr Mauerwerke Brickcut ESL 30 der PRINZ Deutschland GmbH.\" \/>\n<meta name=\"robots\" content=\"index, follow, max-snippet:-1, max-image-preview:large, max-video-preview:-1\" \/>\n<link rel=\"canonical\" href=\"https:\/\/www.prinz24.com\/produkte\/mauersaegen\/mauersaegetechnik\/elektrokettensaegen\/brickcut-esl-30\/\" \/>\n<meta property=\"og:locale\" content=\"en_US\" \/>\n<meta property=\"og:type\" content=\"article\" \/>\n<meta property=\"og:title\" content=\"Elektrokettens\u00e4gen f\u00fcr Mauerwerke Brickcut ESL 30 | prinz24.com\" \/>\n<meta property=\"og:description\" content=\"Elektrokettens\u00e4gen f\u00fcr Mauerwerke Brickcut ESL 30 der PRINZ Deutschland GmbH.\" \/>\n<meta property=\"og:url\" content=\"https:\/\/www.prinz24.com\/produkte\/mauersaegen\/mauersaegetechnik\/elektrokettensaegen\/brickcut-esl-30\/\" \/>\n<meta property=\"og:site_name\" content=\"PRINZ Kettens\u00e4getechnik\" \/>\n<meta property=\"article:publisher\" content=\"https:\/\/www.facebook.com\/prinzkettensaegetechnik\/\" \/>\n<meta property=\"article:modified_time\" content=\"2025-03-19T12:52:47+00:00\" \/>\n<meta name=\"twitter:card\" content=\"summary_large_image\" \/>\n<meta name=\"twitter:label1\" content=\"Est. reading time\" \/>\n\t<meta name=\"twitter:data1\" content=\"6 minutes\" \/>\n<script type=\"application\/ld+json\" class=\"yoast-schema-graph\">{\"@context\":\"https:\\\/\\\/schema.org\",\"@graph\":[{\"@type\":\"WebPage\",\"@id\":\"https:\\\/\\\/www.prinz24.com\\\/produkte\\\/mauersaegen\\\/mauersaegetechnik\\\/elektrokettensaegen\\\/brickcut-esl-30\\\/\",\"url\":\"https:\\\/\\\/www.prinz24.com\\\/produkte\\\/mauersaegen\\\/mauersaegetechnik\\\/elektrokettensaegen\\\/brickcut-esl-30\\\/\",\"name\":\"Elektrokettens\u00e4gen f\u00fcr Mauerwerke Brickcut ESL 30 | prinz24.com\",\"isPartOf\":{\"@id\":\"https:\\\/\\\/www.prinz24.com\\\/#website\"},\"datePublished\":\"2015-04-27T20:30:12+00:00\",\"dateModified\":\"2025-03-19T12:52:47+00:00\",\"description\":\"Elektrokettens\u00e4gen f\u00fcr Mauerwerke Brickcut ESL 30 der PRINZ Deutschland GmbH.\",\"breadcrumb\":{\"@id\":\"https:\\\/\\\/www.prinz24.com\\\/produkte\\\/mauersaegen\\\/mauersaegetechnik\\\/elektrokettensaegen\\\/brickcut-esl-30\\\/#breadcrumb\"},\"inLanguage\":\"en-US\",\"potentialAction\":[{\"@type\":\"ReadAction\",\"target\":[\"https:\\\/\\\/www.prinz24.com\\\/produkte\\\/mauersaegen\\\/mauersaegetechnik\\\/elektrokettensaegen\\\/brickcut-esl-30\\\/\"]}]},{\"@type\":\"BreadcrumbList\",\"@id\":\"https:\\\/\\\/www.prinz24.com\\\/produkte\\\/mauersaegen\\\/mauersaegetechnik\\\/elektrokettensaegen\\\/brickcut-esl-30\\\/#breadcrumb\",\"itemListElement\":[{\"@type\":\"ListItem\",\"position\":1,\"name\":\"Startseite\",\"item\":\"https:\\\/\\\/www.prinz24.com\\\/\"},{\"@type\":\"ListItem\",\"position\":2,\"name\":\"Produkte\",\"item\":\"https:\\\/\\\/www.prinz24.com\\\/produkte\\\/\"},{\"@type\":\"ListItem\",\"position\":3,\"name\":\"Mauers\u00e4gen\",\"item\":\"https:\\\/\\\/www.prinz24.com\\\/produkte\\\/mauersaegen\\\/\"},{\"@type\":\"ListItem\",\"position\":4,\"name\":\"Mauers\u00e4getechnik\",\"item\":\"https:\\\/\\\/www.prinz24.com\\\/produkte\\\/mauersaegen\\\/mauersaegetechnik\\\/\"},{\"@type\":\"ListItem\",\"position\":5,\"name\":\"Elektrokettens\u00e4gen\",\"item\":\"https:\\\/\\\/www.prinz24.com\\\/produkte\\\/mauersaegen\\\/mauersaegetechnik\\\/elektrokettensaegen\\\/\"},{\"@type\":\"ListItem\",\"position\":6,\"name\":\"Brickcut ESL 30\"}]},{\"@type\":\"WebSite\",\"@id\":\"https:\\\/\\\/www.prinz24.com\\\/#website\",\"url\":\"https:\\\/\\\/www.prinz24.com\\\/\",\"name\":\"PRINZ Kettens\u00e4getechnik\",\"description\":\"Kettens\u00e4gentechnik f\u00fcr die Industrie\",\"potentialAction\":[{\"@type\":\"SearchAction\",\"target\":{\"@type\":\"EntryPoint\",\"urlTemplate\":\"https:\\\/\\\/www.prinz24.com\\\/?s={search_term_string}\"},\"query-input\":{\"@type\":\"PropertyValueSpecification\",\"valueRequired\":true,\"valueName\":\"search_term_string\"}}],\"inLanguage\":\"en-US\"}]}<\/script>\n<!-- \/ Yoast SEO plugin. -->","yoast_head_json":{"title":"Elektrokettens\u00e4gen f\u00fcr Mauerwerke Brickcut ESL 30 | prinz24.com","description":"Elektrokettens\u00e4gen f\u00fcr Mauerwerke Brickcut ESL 30 der PRINZ Deutschland GmbH.","robots":{"index":"index","follow":"follow","max-snippet":"max-snippet:-1","max-image-preview":"max-image-preview:large","max-video-preview":"max-video-preview:-1"},"canonical":"https:\/\/www.prinz24.com\/produkte\/mauersaegen\/mauersaegetechnik\/elektrokettensaegen\/brickcut-esl-30\/","og_locale":"en_US","og_type":"article","og_title":"Elektrokettens\u00e4gen f\u00fcr Mauerwerke Brickcut ESL 30 | prinz24.com","og_description":"Elektrokettens\u00e4gen f\u00fcr Mauerwerke Brickcut ESL 30 der PRINZ Deutschland GmbH.","og_url":"https:\/\/www.prinz24.com\/produkte\/mauersaegen\/mauersaegetechnik\/elektrokettensaegen\/brickcut-esl-30\/","og_site_name":"PRINZ Kettens\u00e4getechnik","article_publisher":"https:\/\/www.facebook.com\/prinzkettensaegetechnik\/","article_modified_time":"2025-03-19T12:52:47+00:00","twitter_card":"summary_large_image","twitter_misc":{"Est. reading time":"6 minutes"},"schema":{"@context":"https:\/\/schema.org","@graph":[{"@type":"WebPage","@id":"https:\/\/www.prinz24.com\/produkte\/mauersaegen\/mauersaegetechnik\/elektrokettensaegen\/brickcut-esl-30\/","url":"https:\/\/www.prinz24.com\/produkte\/mauersaegen\/mauersaegetechnik\/elektrokettensaegen\/brickcut-esl-30\/","name":"Elektrokettens\u00e4gen f\u00fcr Mauerwerke Brickcut ESL 30 | prinz24.com","isPartOf":{"@id":"https:\/\/www.prinz24.com\/#website"},"datePublished":"2015-04-27T20:30:12+00:00","dateModified":"2025-03-19T12:52:47+00:00","description":"Elektrokettens\u00e4gen f\u00fcr Mauerwerke Brickcut ESL 30 der PRINZ Deutschland GmbH.","breadcrumb":{"@id":"https:\/\/www.prinz24.com\/produkte\/mauersaegen\/mauersaegetechnik\/elektrokettensaegen\/brickcut-esl-30\/#breadcrumb"},"inLanguage":"en-US","potentialAction":[{"@type":"ReadAction","target":["https:\/\/www.prinz24.com\/produkte\/mauersaegen\/mauersaegetechnik\/elektrokettensaegen\/brickcut-esl-30\/"]}]},{"@type":"BreadcrumbList","@id":"https:\/\/www.prinz24.com\/produkte\/mauersaegen\/mauersaegetechnik\/elektrokettensaegen\/brickcut-esl-30\/#breadcrumb","itemListElement":[{"@type":"ListItem","position":1,"name":"Startseite","item":"https:\/\/www.prinz24.com\/"},{"@type":"ListItem","position":2,"name":"Produkte","item":"https:\/\/www.prinz24.com\/produkte\/"},{"@type":"ListItem","position":3,"name":"Mauers\u00e4gen","item":"https:\/\/www.prinz24.com\/produkte\/mauersaegen\/"},{"@type":"ListItem","position":4,"name":"Mauers\u00e4getechnik","item":"https:\/\/www.prinz24.com\/produkte\/mauersaegen\/mauersaegetechnik\/"},{"@type":"ListItem","position":5,"name":"Elektrokettens\u00e4gen","item":"https:\/\/www.prinz24.com\/produkte\/mauersaegen\/mauersaegetechnik\/elektrokettensaegen\/"},{"@type":"ListItem","position":6,"name":"Brickcut ESL 30"}]},{"@type":"WebSite","@id":"https:\/\/www.prinz24.com\/#website","url":"https:\/\/www.prinz24.com\/","name":"PRINZ Kettens\u00e4getechnik","description":"Kettens\u00e4gentechnik f\u00fcr die Industrie","potentialAction":[{"@type":"SearchAction","target":{"@type":"EntryPoint","urlTemplate":"https:\/\/www.prinz24.com\/?s={search_term_string}"},"query-input":{"@type":"PropertyValueSpecification","valueRequired":true,"valueName":"search_term_string"}}],"inLanguage":"en-US"}]}},"_links":{"self":[{"href":"https:\/\/www.prinz24.com\/en\/wp-json\/wp\/v2\/pages\/1062","targetHints":{"allow":["GET"]}}],"collection":[{"href":"https:\/\/www.prinz24.com\/en\/wp-json\/wp\/v2\/pages"}],"about":[{"href":"https:\/\/www.prinz24.com\/en\/wp-json\/wp\/v2\/types\/page"}],"author":[{"embeddable":true,"href":"https:\/\/www.prinz24.com\/en\/wp-json\/wp\/v2\/users\/11"}],"replies":[{"embeddable":true,"href":"https:\/\/www.prinz24.com\/en\/wp-json\/wp\/v2\/comments?post=1062"}],"version-history":[{"count":53,"href":"https:\/\/www.prinz24.com\/en\/wp-json\/wp\/v2\/pages\/1062\/revisions"}],"predecessor-version":[{"id":9350,"href":"https:\/\/www.prinz24.com\/en\/wp-json\/wp\/v2\/pages\/1062\/revisions\/9350"}],"up":[{"embeddable":true,"href":"https:\/\/www.prinz24.com\/en\/wp-json\/wp\/v2\/pages\/529"}],"wp:attachment":[{"href":"https:\/\/www.prinz24.com\/en\/wp-json\/wp\/v2\/media?parent=1062"}],"curies":[{"name":"wp","href":"https:\/\/api.w.org\/{rel}","templated":true}]}}