{"id":1442,"date":"2015-05-05T12:13:20","date_gmt":"2015-05-05T12:13:20","guid":{"rendered":"http:\/\/prinz.plesk1.bsocloud.cc\/?page_id=1442"},"modified":"2025-03-19T13:05:34","modified_gmt":"2025-03-19T13:05:34","slug":"fuehrungsschienen","status":"publish","type":"page","link":"https:\/\/www.prinz24.com\/en\/produkte\/mauersaegen\/mauersaegetechnik\/saegeketten-fuehrungsschienen\/fuehrungsschienen\/","title":{"rendered":"Guide Bars &#038; Pulley"},"content":{"rendered":"<div class=\"wpb-content-wrapper\"><p>[vc_row][vc_column][vc_single_image image=&#8221;1444&#8243; img_size=&#8221;1000&#215;200&#8243; alignment=&#8221;center&#8221; onclick=&#8221;link_image&#8221;][vc_single_image image=&#8221;5263&#8243; img_size=&#8221;1000&#215;200&#8243;][vc_single_image image=&#8221;5261&#8243; img_size=&#8221;1000&#215;200&#8243; onclick=&#8221;link_image&#8221;][\/vc_column][\/vc_row][vc_row][vc_column width=&#8221;1\/6&#8243;][vc_column_text]<\/p>\n<h4 style=\"text-align: center;\">Machine<\/h4>\n<p>[\/vc_column_text][\/vc_column][vc_column width=&#8221;1\/6&#8243;][vc_column_text]<\/p>\n<h4 style=\"text-align: center;\">Guide bar<\/h4>\n<h4 style=\"text-align: center;\">Pulley end<\/h4>\n<p>[\/vc_column_text][\/vc_column][vc_column width=&#8221;1\/6&#8243;][vc_column_text]<\/p>\n<h4 style=\"text-align: center;\">Cutting length<\/h4>\n<p>[\/vc_column_text][\/vc_column][vc_column width=&#8221;1\/6&#8243;][vc_column_text]<\/p>\n<h4 style=\"text-align: center;\">Guide bar<\/h4>\n<h4 style=\"text-align: center;\">Sprocket end<\/h4>\n<p>[\/vc_column_text][\/vc_column][vc_column width=&#8221;1\/6&#8243;][vc_column_text]<\/p>\n<h4 style=\"text-align: center;\">Sprocket<\/h4>\n<p>[\/vc_column_text][\/vc_column][vc_column width=&#8221;1\/6&#8243;][vc_column_text]<\/p>\n<h4 style=\"text-align: center;\">Gauge<\/h4>\n<h4 style=\"text-align: center;\">Pitch<\/h4>\n<p>[\/vc_column_text][\/vc_column][\/vc_row][vc_row][vc_column width=&#8221;1\/6&#8243;][vc_column_text]<\/p>\n<h4 style=\"text-align: center;\">E21\/E23<\/h4>\n<h4 style=\"text-align: center;\">Brickcut<\/h4>\n<h4><\/h4>\n<p>[\/vc_column_text][\/vc_column][vc_column width=&#8221;1\/6&#8243;][vc_single_image image=&#8221;1476&#8243; img_size=&#8221;150&#215;150&#8243; alignment=&#8221;center&#8221;][\/vc_column][vc_column width=&#8221;1\/6&#8243;][vc_column_text]<\/p>\n<h4 style=\"text-align: center;\">40 cm<\/h4>\n<h4 style=\"text-align: center;\">50 cm<\/h4>\n<h4 style=\"text-align: center;\">60 cm<\/h4>\n<p>[\/vc_column_text][\/vc_column][vc_column width=&#8221;1\/6&#8243;][vc_single_image image=&#8221;1477&#8243; img_size=&#8221;150&#215;150&#8243; alignment=&#8221;center&#8221;][\/vc_column][vc_column width=&#8221;1\/6&#8243;][vc_single_image image=&#8221;1471&#8243; img_size=&#8221;150&#215;150&#8243; alignment=&#8221;center&#8221;][vc_single_image image=&#8221;1473&#8243; img_size=&#8221;150&#215;150&#8243; alignment=&#8221;center&#8221;][\/vc_column][vc_column width=&#8221;1\/6&#8243;][vc_column_text]<\/p>\n<h4 style=\"text-align: center;\">1,6 mm<\/h4>\n<h4 style=\"text-align: center;\">0.404&#8243;<\/h4>\n<p>[\/vc_column_text][\/vc_column][\/vc_row][vc_row][vc_column width=&#8221;1\/6&#8243;][vc_column_text]<\/p>\n<h4 style=\"text-align: center;\">EED 3,5<\/h4>\n<h4 style=\"text-align: center;\">PES 1300<\/h4>\n<h4 style=\"text-align: center;\"><\/h4>\n<p>[\/vc_column_text][\/vc_column][vc_column width=&#8221;1\/6&#8243;][vc_single_image image=&#8221;1478&#8243; img_size=&#8221;100&#215;100&#8243; alignment=&#8221;center&#8221;][\/vc_column][vc_column width=&#8221;1\/6&#8243;][vc_column_text]<\/p>\n<h4 style=\"text-align: center;\">40 cm<\/h4>\n<h4 style=\"text-align: center;\">50 cm<\/h4>\n<h4 style=\"text-align: center;\">60 cm<\/h4>\n<h4 style=\"text-align: center;\">75 cm<\/h4>\n<h4 style=\"text-align: center;\">90 cm<\/h4>\n<p>[\/vc_column_text][\/vc_column][vc_column width=&#8221;1\/6&#8243;][vc_single_image image=&#8221;1479&#8243; img_size=&#8221;100&#215;100&#8243; alignment=&#8221;center&#8221;][\/vc_column][vc_column width=&#8221;1\/6&#8243;][vc_single_image image=&#8221;1472&#8243; img_size=&#8221;100&#215;100&#8243; alignment=&#8221;center&#8221;][\/vc_column][vc_column width=&#8221;1\/6&#8243;][vc_column_text]<\/p>\n<h4 style=\"text-align: center;\">1,6 mm<\/h4>\n<h4 style=\"text-align: center;\">0.404&#8243; o. 1\/2&#8243;<\/h4>\n<p>[\/vc_column_text][\/vc_column][\/vc_row][vc_row][vc_column width=&#8221;1\/6&#8243;][vc_column_text]<\/p>\n<h4 style=\"text-align: center;\">PMS 25<\/h4>\n<h4 style=\"text-align: center;\">PMS 60<\/h4>\n<h2 style=\"text-align: center;\"><\/h2>\n<p>[\/vc_column_text][\/vc_column][vc_column width=&#8221;1\/6&#8243;][vc_single_image image=&#8221;1480&#8243; img_size=&#8221;100&#215;100&#8243; alignment=&#8221;center&#8221;][\/vc_column][vc_column width=&#8221;1\/6&#8243;][vc_column_text]<\/p>\n<h4 style=\"text-align: center;\">50 cm<\/h4>\n<h4 style=\"text-align: center;\">60 cm<\/h4>\n<h4 style=\"text-align: center;\">80 cm<\/h4>\n<h4 style=\"text-align: center;\">100 cm<\/h4>\n<h4 style=\"text-align: center;\">110 cm<\/h4>\n<h4 style=\"text-align: center;\">115 cm<\/h4>\n<h4 style=\"text-align: center;\">130 cm<\/h4>\n<h4 style=\"text-align: center;\"><\/h4>\n<p>[\/vc_column_text][\/vc_column][vc_column width=&#8221;1\/6&#8243;][vc_single_image image=&#8221;1481&#8243; img_size=&#8221;100&#215;100&#8243; alignment=&#8221;center&#8221;][\/vc_column][vc_column width=&#8221;1\/6&#8243;][vc_single_image image=&#8221;1475&#8243; img_size=&#8221;100&#215;100&#8243; alignment=&#8221;center&#8221;][vc_single_image image=&#8221;1474&#8243; img_size=&#8221;100&#215;100&#8243; alignment=&#8221;center&#8221;][\/vc_column][vc_column width=&#8221;1\/6&#8243;][vc_column_text]<\/p>\n<h4 style=\"text-align: center;\">2,0 mm<\/h4>\n<h4 style=\"text-align: center;\">20\/2<\/h4>\n<p>[\/vc_column_text][\/vc_column][\/vc_row][vc_row css=&#8221;.vc_custom_1438003754679{margin-top: 0px !important;margin-bottom: 0px !important;border-top-width: 0px !important;border-bottom-width: 0px !important;padding-top: 0px !important;padding-bottom: 0px !important;}&#8221;][vc_column][vc_column_text]PRINZ guide bars are equipped with pulleys. Other lenghts or special models are available upon request.<\/p>\n<p><!--more-->[\/vc_column_text][\/vc_column][\/vc_row][vc_row][vc_column][vc_column_text]<\/p>\n<table width=\"537\">\n<tbody>\n<tr>\n<td width=\"136\"><strong><span class=\"Stil2\">Chain sprockets<\/span><\/strong><\/td>\n<td width=\"161\"><\/td>\n<td width=\"160\"><\/td>\n<td width=\"80\"><\/td>\n<\/tr>\n<tr>\n<td><\/td>\n<td><strong> HMS20\/2<\/strong><\/td>\n<td><strong>HMS 0.404&#8243;\/1,6<\/strong><\/td>\n<td><strong>HMS\u00bd&#8221;\/1,6<\/strong><\/td>\n<\/tr>\n<tr>\n<td><strong>BRICKCUT ESL<\/strong><\/td>\n<td><\/td>\n<td>000231C<\/td>\n<td><\/td>\n<\/tr>\n<tr>\n<td><strong>E21\/ E23<\/strong><\/p>\n<p>&nbsp;<\/td>\n<td><\/td>\n<td>E21064<\/td>\n<td>E21064<\/td>\n<\/tr>\n<tr>\n<td><strong>EED3,5\/ PES1300<\/strong><\/td>\n<td><\/td>\n<td>000231 (8 theet)<\/td>\n<td>000231B<\/td>\n<\/tr>\n<tr>\n<td><\/td>\n<td><\/td>\n<td>000231A (7 theet)<\/td>\n<td><\/td>\n<\/tr>\n<tr>\n<td><strong> PMS60<\/strong><\/td>\n<td>0050C (standard)<\/td>\n<td>0050G<\/td>\n<td>0050H<\/td>\n<\/tr>\n<tr>\n<td><strong> PMS25<\/strong><\/td>\n<td>0050D (<span id=\"result_box\" class=\"short_text\" lang=\"en\"><span class=\"hps\">distinctive<\/span><\/span>)<\/td>\n<td><\/td>\n<td><\/td>\n<\/tr>\n<tr>\n<td>(32mm shaft)<\/td>\n<td><\/td>\n<td><\/td>\n<td><\/td>\n<\/tr>\n<tr>\n<td><strong>COMER T10-80<\/strong><\/td>\n<td>0050A (standard)<\/td>\n<td>0050H<\/td>\n<td>0050K<\/td>\n<\/tr>\n<tr>\n<td><strong>Tech.-Cuts M90\/93<\/strong><\/td>\n<td>0050 (<span id=\"result_box\" class=\"short_text\" lang=\"en\"><span class=\"hps\">distinctive<\/span><\/span>)<\/td>\n<td><\/td>\n<td><\/td>\n<\/tr>\n<tr>\n<td>(30mm shaft)<\/td>\n<td><\/td>\n<td><\/td>\n<td><\/td>\n<\/tr>\n<\/tbody>\n<\/table>\n<p>[\/vc_column_text][\/vc_column][\/vc_row][vc_row][vc_column][vc_column_text]<a href=\"https:\/\/www.prinz24.com\/wp-content\/uploads\/2019\/01\/PRINZ-wall-saw-technology.pdf\"><img loading=\"lazy\" decoding=\"async\" class=\" wp-image-2784 alignleft\" src=\"http:\/\/www.prinz.at\/wp-content\/uploads\/2015\/06\/Pfeil-PDF.jpg\" alt=\"Schild Pfeil Europa\" width=\"107\" height=\"75\" srcset=\"https:\/\/www.prinz24.com\/wp-content\/uploads\/2015\/06\/Pfeil-PDF.jpg 828w, https:\/\/www.prinz24.com\/wp-content\/uploads\/2015\/06\/Pfeil-PDF-600x419.jpg 600w\" sizes=\"auto, (max-width: 107px) 100vw, 107px\" \/><\/a><\/p>\n<p>&nbsp;<\/p>\n<p><a href=\"https:\/\/www.prinz24.com\/wp-content\/uploads\/2019\/01\/PRINZ-wall-saw-technology.pdf\"><b>PRINZ wall saw technology<\/b><\/a>[\/vc_column_text][\/vc_column][\/vc_row]<\/p>\n<\/div>","protected":false},"excerpt":{"rendered":"<p>Sorry, this entry is only available in Deutsch.<\/p>\n","protected":false},"author":11,"featured_media":0,"parent":1330,"menu_order":0,"comment_status":"open","ping_status":"open","template":"","meta":{"footnotes":""},"class_list":["post-1442","page","type-page","status-publish","hentry"],"yoast_head":"<!-- This site is optimized with the Yoast SEO plugin v27.0 - https:\/\/yoast.com\/product\/yoast-seo-wordpress\/ -->\n<title>F\u00fchrungsschienen f\u00fcr Mauers\u00e4gen | prinz24.com<\/title>\n<meta name=\"description\" content=\"S\u00e4geketten und F\u00fchrungsschienen f\u00fcr Mauers\u00e4gen.\" \/>\n<meta name=\"robots\" content=\"index, follow, max-snippet:-1, max-image-preview:large, max-video-preview:-1\" \/>\n<link rel=\"canonical\" href=\"https:\/\/www.prinz24.com\/produkte\/mauersaegen\/mauersaegetechnik\/saegeketten-fuehrungsschienen\/fuehrungsschienen\/\" \/>\n<meta property=\"og:locale\" content=\"en_US\" \/>\n<meta property=\"og:type\" content=\"article\" \/>\n<meta property=\"og:title\" content=\"F\u00fchrungsschienen f\u00fcr Mauers\u00e4gen | prinz24.com\" \/>\n<meta property=\"og:description\" content=\"S\u00e4geketten und F\u00fchrungsschienen f\u00fcr Mauers\u00e4gen.\" \/>\n<meta property=\"og:url\" content=\"https:\/\/www.prinz24.com\/produkte\/mauersaegen\/mauersaegetechnik\/saegeketten-fuehrungsschienen\/fuehrungsschienen\/\" \/>\n<meta property=\"og:site_name\" content=\"PRINZ Kettens\u00e4getechnik\" \/>\n<meta property=\"article:publisher\" content=\"https:\/\/www.facebook.com\/prinzkettensaegetechnik\/\" \/>\n<meta property=\"article:modified_time\" content=\"2025-03-19T13:05:34+00:00\" \/>\n<meta property=\"og:image\" content=\"http:\/\/www.prinz.at\/wp-content\/uploads\/2015\/06\/Pfeil-PDF.jpg\" \/>\n<meta name=\"twitter:card\" content=\"summary_large_image\" \/>\n<meta name=\"twitter:label1\" content=\"Est. reading time\" \/>\n\t<meta name=\"twitter:data1\" content=\"2 minutes\" \/>\n<script type=\"application\/ld+json\" class=\"yoast-schema-graph\">{\"@context\":\"https:\/\/schema.org\",\"@graph\":[{\"@type\":\"WebPage\",\"@id\":\"https:\/\/www.prinz24.com\/produkte\/mauersaegen\/mauersaegetechnik\/saegeketten-fuehrungsschienen\/fuehrungsschienen\/\",\"url\":\"https:\/\/www.prinz24.com\/produkte\/mauersaegen\/mauersaegetechnik\/saegeketten-fuehrungsschienen\/fuehrungsschienen\/\",\"name\":\"F\u00fchrungsschienen f\u00fcr Mauers\u00e4gen | prinz24.com\",\"isPartOf\":{\"@id\":\"https:\/\/www.prinz24.com\/#website\"},\"primaryImageOfPage\":{\"@id\":\"https:\/\/www.prinz24.com\/produkte\/mauersaegen\/mauersaegetechnik\/saegeketten-fuehrungsschienen\/fuehrungsschienen\/#primaryimage\"},\"image\":{\"@id\":\"https:\/\/www.prinz24.com\/produkte\/mauersaegen\/mauersaegetechnik\/saegeketten-fuehrungsschienen\/fuehrungsschienen\/#primaryimage\"},\"thumbnailUrl\":\"http:\/\/www.prinz.at\/wp-content\/uploads\/2015\/06\/Pfeil-PDF.jpg\",\"datePublished\":\"2015-05-05T12:13:20+00:00\",\"dateModified\":\"2025-03-19T13:05:34+00:00\",\"description\":\"S\u00e4geketten und F\u00fchrungsschienen f\u00fcr Mauers\u00e4gen.\",\"breadcrumb\":{\"@id\":\"https:\/\/www.prinz24.com\/produkte\/mauersaegen\/mauersaegetechnik\/saegeketten-fuehrungsschienen\/fuehrungsschienen\/#breadcrumb\"},\"inLanguage\":\"en-US\",\"potentialAction\":[{\"@type\":\"ReadAction\",\"target\":[\"https:\/\/www.prinz24.com\/produkte\/mauersaegen\/mauersaegetechnik\/saegeketten-fuehrungsschienen\/fuehrungsschienen\/\"]}]},{\"@type\":\"ImageObject\",\"inLanguage\":\"en-US\",\"@id\":\"https:\/\/www.prinz24.com\/produkte\/mauersaegen\/mauersaegetechnik\/saegeketten-fuehrungsschienen\/fuehrungsschienen\/#primaryimage\",\"url\":\"http:\/\/www.prinz.at\/wp-content\/uploads\/2015\/06\/Pfeil-PDF.jpg\",\"contentUrl\":\"http:\/\/www.prinz.at\/wp-content\/uploads\/2015\/06\/Pfeil-PDF.jpg\"},{\"@type\":\"BreadcrumbList\",\"@id\":\"https:\/\/www.prinz24.com\/produkte\/mauersaegen\/mauersaegetechnik\/saegeketten-fuehrungsschienen\/fuehrungsschienen\/#breadcrumb\",\"itemListElement\":[{\"@type\":\"ListItem\",\"position\":1,\"name\":\"Startseite\",\"item\":\"https:\/\/www.prinz24.com\/\"},{\"@type\":\"ListItem\",\"position\":2,\"name\":\"Produkte\",\"item\":\"https:\/\/www.prinz24.com\/produkte\/\"},{\"@type\":\"ListItem\",\"position\":3,\"name\":\"Mauers\u00e4gen\",\"item\":\"https:\/\/www.prinz24.com\/produkte\/mauersaegen\/\"},{\"@type\":\"ListItem\",\"position\":4,\"name\":\"Mauers\u00e4getechnik\",\"item\":\"https:\/\/www.prinz24.com\/produkte\/mauersaegen\/mauersaegetechnik\/\"},{\"@type\":\"ListItem\",\"position\":5,\"name\":\"S\u00e4geketten &#038; F\u00fchrungsschienen\",\"item\":\"https:\/\/www.prinz24.com\/produkte\/mauersaegen\/mauersaegetechnik\/saegeketten-fuehrungsschienen\/\"},{\"@type\":\"ListItem\",\"position\":6,\"name\":\"F\u00fchrungsschienen\"}]},{\"@type\":\"WebSite\",\"@id\":\"https:\/\/www.prinz24.com\/#website\",\"url\":\"https:\/\/www.prinz24.com\/\",\"name\":\"PRINZ Kettens\u00e4getechnik\",\"description\":\"Kettens\u00e4gentechnik f\u00fcr die Industrie\",\"potentialAction\":[{\"@type\":\"SearchAction\",\"target\":{\"@type\":\"EntryPoint\",\"urlTemplate\":\"https:\/\/www.prinz24.com\/?s={search_term_string}\"},\"query-input\":{\"@type\":\"PropertyValueSpecification\",\"valueRequired\":true,\"valueName\":\"search_term_string\"}}],\"inLanguage\":\"en-US\"}]}<\/script>\n<!-- \/ Yoast SEO plugin. -->","yoast_head_json":{"title":"F\u00fchrungsschienen f\u00fcr Mauers\u00e4gen | prinz24.com","description":"S\u00e4geketten und F\u00fchrungsschienen f\u00fcr Mauers\u00e4gen.","robots":{"index":"index","follow":"follow","max-snippet":"max-snippet:-1","max-image-preview":"max-image-preview:large","max-video-preview":"max-video-preview:-1"},"canonical":"https:\/\/www.prinz24.com\/produkte\/mauersaegen\/mauersaegetechnik\/saegeketten-fuehrungsschienen\/fuehrungsschienen\/","og_locale":"en_US","og_type":"article","og_title":"F\u00fchrungsschienen f\u00fcr Mauers\u00e4gen | prinz24.com","og_description":"S\u00e4geketten und F\u00fchrungsschienen f\u00fcr Mauers\u00e4gen.","og_url":"https:\/\/www.prinz24.com\/produkte\/mauersaegen\/mauersaegetechnik\/saegeketten-fuehrungsschienen\/fuehrungsschienen\/","og_site_name":"PRINZ Kettens\u00e4getechnik","article_publisher":"https:\/\/www.facebook.com\/prinzkettensaegetechnik\/","article_modified_time":"2025-03-19T13:05:34+00:00","og_image":[{"url":"http:\/\/www.prinz.at\/wp-content\/uploads\/2015\/06\/Pfeil-PDF.jpg","type":"","width":"","height":""}],"twitter_card":"summary_large_image","twitter_misc":{"Est. reading time":"2 minutes"},"schema":{"@context":"https:\/\/schema.org","@graph":[{"@type":"WebPage","@id":"https:\/\/www.prinz24.com\/produkte\/mauersaegen\/mauersaegetechnik\/saegeketten-fuehrungsschienen\/fuehrungsschienen\/","url":"https:\/\/www.prinz24.com\/produkte\/mauersaegen\/mauersaegetechnik\/saegeketten-fuehrungsschienen\/fuehrungsschienen\/","name":"F\u00fchrungsschienen f\u00fcr Mauers\u00e4gen | prinz24.com","isPartOf":{"@id":"https:\/\/www.prinz24.com\/#website"},"primaryImageOfPage":{"@id":"https:\/\/www.prinz24.com\/produkte\/mauersaegen\/mauersaegetechnik\/saegeketten-fuehrungsschienen\/fuehrungsschienen\/#primaryimage"},"image":{"@id":"https:\/\/www.prinz24.com\/produkte\/mauersaegen\/mauersaegetechnik\/saegeketten-fuehrungsschienen\/fuehrungsschienen\/#primaryimage"},"thumbnailUrl":"http:\/\/www.prinz.at\/wp-content\/uploads\/2015\/06\/Pfeil-PDF.jpg","datePublished":"2015-05-05T12:13:20+00:00","dateModified":"2025-03-19T13:05:34+00:00","description":"S\u00e4geketten und F\u00fchrungsschienen f\u00fcr Mauers\u00e4gen.","breadcrumb":{"@id":"https:\/\/www.prinz24.com\/produkte\/mauersaegen\/mauersaegetechnik\/saegeketten-fuehrungsschienen\/fuehrungsschienen\/#breadcrumb"},"inLanguage":"en-US","potentialAction":[{"@type":"ReadAction","target":["https:\/\/www.prinz24.com\/produkte\/mauersaegen\/mauersaegetechnik\/saegeketten-fuehrungsschienen\/fuehrungsschienen\/"]}]},{"@type":"ImageObject","inLanguage":"en-US","@id":"https:\/\/www.prinz24.com\/produkte\/mauersaegen\/mauersaegetechnik\/saegeketten-fuehrungsschienen\/fuehrungsschienen\/#primaryimage","url":"http:\/\/www.prinz.at\/wp-content\/uploads\/2015\/06\/Pfeil-PDF.jpg","contentUrl":"http:\/\/www.prinz.at\/wp-content\/uploads\/2015\/06\/Pfeil-PDF.jpg"},{"@type":"BreadcrumbList","@id":"https:\/\/www.prinz24.com\/produkte\/mauersaegen\/mauersaegetechnik\/saegeketten-fuehrungsschienen\/fuehrungsschienen\/#breadcrumb","itemListElement":[{"@type":"ListItem","position":1,"name":"Startseite","item":"https:\/\/www.prinz24.com\/"},{"@type":"ListItem","position":2,"name":"Produkte","item":"https:\/\/www.prinz24.com\/produkte\/"},{"@type":"ListItem","position":3,"name":"Mauers\u00e4gen","item":"https:\/\/www.prinz24.com\/produkte\/mauersaegen\/"},{"@type":"ListItem","position":4,"name":"Mauers\u00e4getechnik","item":"https:\/\/www.prinz24.com\/produkte\/mauersaegen\/mauersaegetechnik\/"},{"@type":"ListItem","position":5,"name":"S\u00e4geketten &#038; F\u00fchrungsschienen","item":"https:\/\/www.prinz24.com\/produkte\/mauersaegen\/mauersaegetechnik\/saegeketten-fuehrungsschienen\/"},{"@type":"ListItem","position":6,"name":"F\u00fchrungsschienen"}]},{"@type":"WebSite","@id":"https:\/\/www.prinz24.com\/#website","url":"https:\/\/www.prinz24.com\/","name":"PRINZ Kettens\u00e4getechnik","description":"Kettens\u00e4gentechnik f\u00fcr die Industrie","potentialAction":[{"@type":"SearchAction","target":{"@type":"EntryPoint","urlTemplate":"https:\/\/www.prinz24.com\/?s={search_term_string}"},"query-input":{"@type":"PropertyValueSpecification","valueRequired":true,"valueName":"search_term_string"}}],"inLanguage":"en-US"}]}},"_links":{"self":[{"href":"https:\/\/www.prinz24.com\/en\/wp-json\/wp\/v2\/pages\/1442","targetHints":{"allow":["GET"]}}],"collection":[{"href":"https:\/\/www.prinz24.com\/en\/wp-json\/wp\/v2\/pages"}],"about":[{"href":"https:\/\/www.prinz24.com\/en\/wp-json\/wp\/v2\/types\/page"}],"author":[{"embeddable":true,"href":"https:\/\/www.prinz24.com\/en\/wp-json\/wp\/v2\/users\/11"}],"replies":[{"embeddable":true,"href":"https:\/\/www.prinz24.com\/en\/wp-json\/wp\/v2\/comments?post=1442"}],"version-history":[{"count":56,"href":"https:\/\/www.prinz24.com\/en\/wp-json\/wp\/v2\/pages\/1442\/revisions"}],"predecessor-version":[{"id":9360,"href":"https:\/\/www.prinz24.com\/en\/wp-json\/wp\/v2\/pages\/1442\/revisions\/9360"}],"up":[{"embeddable":true,"href":"https:\/\/www.prinz24.com\/en\/wp-json\/wp\/v2\/pages\/1330"}],"wp:attachment":[{"href":"https:\/\/www.prinz24.com\/en\/wp-json\/wp\/v2\/media?parent=1442"}],"curies":[{"name":"wp","href":"https:\/\/api.w.org\/{rel}","templated":true}]}}