{"id":1538,"date":"2015-05-05T20:12:15","date_gmt":"2015-05-05T20:12:15","guid":{"rendered":"http:\/\/prinz.plesk1.bsocloud.cc\/?page_id=1538"},"modified":"2025-09-18T08:53:51","modified_gmt":"2025-09-18T08:53:51","slug":"sperrfolien-kunststoff-mauerkeile","status":"publish","type":"page","link":"https:\/\/www.prinz24.com\/en\/produkte\/mauersaegen\/mauersaegetechnik\/sperrfolien-kunststoff-mauerkeile\/","title":{"rendered":"Foils &#038; Wedges"},"content":{"rendered":"<div class=\"wpb-content-wrapper\"><p>[vc_row css=&#8221;.vc_custom_1438083316220{padding-top: 25px !important;}&#8221;][vc_column width=&#8221;1\/2&#8243;][vc_column_text]<\/p>\n<h2>Insulation foils<\/h2>\n<p>The Fibre glass strengthened Polyesterfoil and the Polyethylenfoil regenerated HDPE are\u00a0suitable for installation as a later mechnical horizontal barrier against rising damp in the wall\u00a0due to their\u00a0characteristics.<\/p>\n<p>The insulation foils are available as roll or plate.<\/p>\n<p>10 HDPE &#8211; sheets can be rolled up together for easier transportation!<\/p>\n<p>Inox sheets with different thicknesses, qualities and measurements (also cut to size) are deliverable upon request![\/vc_column_text][vc_single_image image=&#8221;1563&#8243; img_size=&#8221;400&#215;300&#8243;][\/vc_column][vc_column width=&#8221;1\/2&#8243;][vc_column_text]<\/p>\n<h2>Plastic wedges<\/h2>\n<p>Plastic wedges are to drive in force-fit into the whole thickness of the wall.<\/p>\n<p>[\/vc_column_text][vc_single_image image=&#8221;1564&#8243; img_size=&#8221;400&#215;300&#8243;][\/vc_column][\/vc_row][vc_row][vc_column][vc_gallery type=&#8221;image_grid&#8221; images=&#8221;5268,5267,5266,5270,5271&#8243; img_size=&#8221;100&#215;100&#8243;][\/vc_column][\/vc_row][vc_row css=&#8221;.vc_custom_1438083347726{padding-top: 25px !important;}&#8221;][vc_column][vc_tabs][vc_tab title=&#8221;Insulation foils&#8221; tab_id=&#8221;1432143942-1-43&#8243;][vc_column_text]<\/p>\n<table width=\"737\">\n<tbody>\n<tr>\n<td width=\"80\"><strong>\u00a0 Item<\/strong><\/td>\n<td width=\"531\"><strong>Description<\/strong><\/td>\n<td width=\"126\"><strong>Delivery<\/strong><\/td>\n<\/tr>\n<tr>\n<td>\u00a0 300<\/td>\n<td>Fibre glass strengthened Polyesterfoil 1.2 mm thick, 1000 mm wide<\/td>\n<td>30 m\u00b2 coil<\/td>\n<\/tr>\n<tr>\n<td>\u00a0 319<\/td>\n<td>Fibre glass strengthened Polyesterfoil 1.5 mm thick, 1000 mm wide<\/td>\n<td>2 m\u00b2 sheet<\/td>\n<\/tr>\n<tr>\n<td>\u00a0 303<\/td>\n<td>Fibre glass strengthened Polyesterfoil 1.5 mm thick, sand coated<\/td>\n<td>20 m\u00b2 coil<\/td>\n<\/tr>\n<tr>\n<td>\u00a0 310<\/td>\n<td>Polyethylenfoil regenerated HDPE 2.0 mm thick, black, 1000mm wide<\/td>\n<td>2 m\u00b2 sheet<\/td>\n<\/tr>\n<tr>\n<td>\u00a0 311<\/td>\n<td>Polyethylenfoil regenerated HDPE 2.0 mm thick, black, 1000mm wide<\/td>\n<td>25 m\u00b2 coil<\/td>\n<\/tr>\n<tr>\n<td>\u00a0 317<\/td>\n<td>Polyethylenfoil regenerated HDPE 1.5 mm thick, black, 1000mm wide<\/td>\n<td>50 m\u00b2 coil<\/td>\n<\/tr>\n<tr>\n<td>\u00a0 2005980<\/td>\n<td>DELTA-Protect 1,2mm thick, weldable, 0,3m wide<\/td>\n<td>7,5 m\u00b2 coil<\/td>\n<\/tr>\n<\/tbody>\n<\/table>\n<p>[\/vc_column_text][\/vc_tab][vc_tab title=&#8221;Plastic wedges&#8221; tab_id=&#8221;1444244560947-1-6&#8243;][vc_column_text]<\/p>\n<table width=\"737\">\n<tbody>\n<tr>\n<td width=\"80\"><strong>\u00a0 Item<\/strong><\/td>\n<td width=\"531\"><strong>Description<\/strong><\/td>\n<td width=\"126\"><strong>Delivery<\/strong><\/td>\n<\/tr>\n<tr>\n<td>\u00a0 06250<\/td>\n<td>5 mm Plastic wall wedge (PC-PBT) 250 mm long<\/td>\n<td>160 per box<\/td>\n<\/tr>\n<tr>\n<td>\u00a0 06250<\/td>\n<td>6 mm Plastic wall wedge (PC-PBT) 250 mm long<\/td>\n<td>140 per box<\/td>\n<\/tr>\n<tr>\n<td>\u00a0 06251<\/td>\n<td>6,5 mm Plastic wall wedge (PC-PBT) 250 mm long<\/td>\n<td>120 per box<\/td>\n<\/tr>\n<tr>\n<td>\u00a0 07250<\/td>\n<td>7 mm Plastic wall wedge (PC-PBT) 250 mm long<\/td>\n<td>115 per box<\/td>\n<\/tr>\n<tr>\n<td>\u00a0 08250<\/td>\n<td>8 mm Plastic wall wedge (PC-PBT) 250 mm long<\/td>\n<td>100 per box<\/td>\n<\/tr>\n<tr>\n<td>\u00a0 09250<\/td>\n<td>9 mm Plastic wall wedge (PC-PBT) 250 mm long<\/td>\n<td>85 per box<\/td>\n<\/tr>\n<tr>\n<td>\u00a0 10250<\/td>\n<td>10 mm Plastic wall wedge (PC-PBT) 250 mm long<\/td>\n<td>80 per box<\/td>\n<\/tr>\n<tr>\n<td>\u00a0 11250<\/td>\n<td>11 mm Plastic wall wedge (PC-PBT) 250 mm long<\/td>\n<td>70 per box<\/td>\n<\/tr>\n<tr>\n<td>\u00a0 12250<\/td>\n<td>12 mm Plastic wall wedge (PC-PBT) 250 mm long<\/td>\n<td>65 per box<\/td>\n<\/tr>\n<tr>\n<td>\u00a0 13250<\/td>\n<td>13 mm Plastic wall wedge (PC-PBT) 250 mm long<\/td>\n<td>60 per box<\/td>\n<\/tr>\n<tr>\n<td>\u00a0 07100<\/td>\n<td>Plastic material &#8211; wall wedge (ABS) long (100 mm) 7 mm thick<\/td>\n<td>220 per box<\/td>\n<\/tr>\n<tr>\n<td>\u00a0 09100<\/td>\n<td>Plastic material &#8211; wall wedge (ABS) long (100 mm) 9 mm thick<\/td>\n<td>190 per box<\/td>\n<\/tr>\n<tr>\n<td>\u00a0 11100<\/td>\n<td>Plastic material &#8211; wall wedge (ABS) long (100 mm) 11 mm thick<\/td>\n<td>150 per box<\/td>\n<\/tr>\n<tr>\n<td>\u00a0 0216<\/td>\n<td>Impact chisel with hand protection<\/td>\n<td><\/td>\n<\/tr>\n<\/tbody>\n<\/table>\n<p>[\/vc_column_text][\/vc_tab][\/vc_tabs][vc_column_text]Data sheets and test reports for our foils and wedges can be requested, when needed. Sample foils may be requested.<\/p>\n<p>Even though we constantly control our quality when manufacturing the wedges, work safety regulations (face protection shields) are required when driving in the wedges.[\/vc_column_text][vc_column_text]<\/p>\n<p>[\/vc_column_text][\/vc_column][\/vc_row]<\/p>\n<\/div>","protected":false},"excerpt":{"rendered":"<p>[vc_row css=&#8221;.vc_custom_1438083316220{padding-top: 25px !important;}&#8221;][vc_column width=&#8221;1\/2&#8243;][vc_column_text] Insulation foils The Fibre glass strengthened Polyesterfoil and the Polyethylenfoil regenerated HDPE are\u00a0suitable for installation as a later mechnical horizontal barrier against rising damp in the wall\u00a0due to their\u00a0characteristics. The insulation foils are available as roll or plate. 10 HDPE &#8211; sheets can be rolled up together for easier transportation! [&hellip;]<\/p>\n","protected":false},"author":11,"featured_media":0,"parent":2675,"menu_order":0,"comment_status":"open","ping_status":"open","template":"","meta":{"footnotes":""},"class_list":["post-1538","page","type-page","status-publish","hentry"],"yoast_head":"<!-- This site is optimized with the Yoast SEO plugin v27.4 - https:\/\/yoast.com\/product\/yoast-seo-wordpress\/ -->\n<title>Sperrfolien und Mauerwerkskeile | prinz24.com<\/title>\n<meta name=\"description\" content=\"Sperrfolien und Mauerwerkskeile zum erfolgreichen sperren von Mauerwerk gegen kappilar aufsteigende Feuchtigkeit in Geb\u00e4uden.\" \/>\n<meta name=\"robots\" content=\"index, follow, max-snippet:-1, max-image-preview:large, max-video-preview:-1\" \/>\n<link rel=\"canonical\" href=\"https:\/\/www.prinz24.com\/produkte\/mauersaegen\/mauersaegetechnik\/sperrfolien-kunststoff-mauerkeile\/\" \/>\n<meta property=\"og:locale\" content=\"en_US\" \/>\n<meta property=\"og:type\" content=\"article\" \/>\n<meta property=\"og:title\" content=\"Sperrfolien und Mauerwerkskeile | prinz24.com\" \/>\n<meta property=\"og:description\" content=\"Sperrfolien und Mauerwerkskeile zum erfolgreichen sperren von Mauerwerk gegen kappilar aufsteigende Feuchtigkeit in Geb\u00e4uden.\" \/>\n<meta property=\"og:url\" content=\"https:\/\/www.prinz24.com\/produkte\/mauersaegen\/mauersaegetechnik\/sperrfolien-kunststoff-mauerkeile\/\" \/>\n<meta property=\"og:site_name\" content=\"PRINZ Kettens\u00e4getechnik\" \/>\n<meta property=\"article:publisher\" content=\"https:\/\/www.facebook.com\/prinzkettensaegetechnik\/\" \/>\n<meta property=\"article:modified_time\" content=\"2025-09-18T08:53:51+00:00\" \/>\n<meta name=\"twitter:card\" content=\"summary_large_image\" \/>\n<meta name=\"twitter:label1\" content=\"Est. reading time\" \/>\n\t<meta name=\"twitter:data1\" content=\"3 minutes\" \/>\n<script type=\"application\/ld+json\" class=\"yoast-schema-graph\">{\"@context\":\"https:\\\/\\\/schema.org\",\"@graph\":[{\"@type\":\"WebPage\",\"@id\":\"https:\\\/\\\/www.prinz24.com\\\/produkte\\\/mauersaegen\\\/mauersaegetechnik\\\/sperrfolien-kunststoff-mauerkeile\\\/\",\"url\":\"https:\\\/\\\/www.prinz24.com\\\/produkte\\\/mauersaegen\\\/mauersaegetechnik\\\/sperrfolien-kunststoff-mauerkeile\\\/\",\"name\":\"Sperrfolien und Mauerwerkskeile | prinz24.com\",\"isPartOf\":{\"@id\":\"https:\\\/\\\/www.prinz24.com\\\/#website\"},\"datePublished\":\"2015-05-05T20:12:15+00:00\",\"dateModified\":\"2025-09-18T08:53:51+00:00\",\"description\":\"Sperrfolien und Mauerwerkskeile zum erfolgreichen sperren von Mauerwerk gegen kappilar aufsteigende Feuchtigkeit in Geb\u00e4uden.\",\"breadcrumb\":{\"@id\":\"https:\\\/\\\/www.prinz24.com\\\/produkte\\\/mauersaegen\\\/mauersaegetechnik\\\/sperrfolien-kunststoff-mauerkeile\\\/#breadcrumb\"},\"inLanguage\":\"en-US\",\"potentialAction\":[{\"@type\":\"ReadAction\",\"target\":[\"https:\\\/\\\/www.prinz24.com\\\/produkte\\\/mauersaegen\\\/mauersaegetechnik\\\/sperrfolien-kunststoff-mauerkeile\\\/\"]}]},{\"@type\":\"BreadcrumbList\",\"@id\":\"https:\\\/\\\/www.prinz24.com\\\/produkte\\\/mauersaegen\\\/mauersaegetechnik\\\/sperrfolien-kunststoff-mauerkeile\\\/#breadcrumb\",\"itemListElement\":[{\"@type\":\"ListItem\",\"position\":1,\"name\":\"Startseite\",\"item\":\"https:\\\/\\\/www.prinz24.com\\\/\"},{\"@type\":\"ListItem\",\"position\":2,\"name\":\"Produkte\",\"item\":\"https:\\\/\\\/www.prinz24.com\\\/produkte\\\/\"},{\"@type\":\"ListItem\",\"position\":3,\"name\":\"Mauers\u00e4gen\",\"item\":\"https:\\\/\\\/www.prinz24.com\\\/produkte\\\/mauersaegen\\\/\"},{\"@type\":\"ListItem\",\"position\":4,\"name\":\"Mauers\u00e4getechnik\",\"item\":\"https:\\\/\\\/www.prinz24.com\\\/produkte\\\/mauersaegen\\\/mauersaegetechnik\\\/\"},{\"@type\":\"ListItem\",\"position\":5,\"name\":\"Folien &#038; Kunststoff-Mauerkeile\"}]},{\"@type\":\"WebSite\",\"@id\":\"https:\\\/\\\/www.prinz24.com\\\/#website\",\"url\":\"https:\\\/\\\/www.prinz24.com\\\/\",\"name\":\"PRINZ Kettens\u00e4getechnik\",\"description\":\"Kettens\u00e4gentechnik f\u00fcr die Industrie\",\"potentialAction\":[{\"@type\":\"SearchAction\",\"target\":{\"@type\":\"EntryPoint\",\"urlTemplate\":\"https:\\\/\\\/www.prinz24.com\\\/?s={search_term_string}\"},\"query-input\":{\"@type\":\"PropertyValueSpecification\",\"valueRequired\":true,\"valueName\":\"search_term_string\"}}],\"inLanguage\":\"en-US\"}]}<\/script>\n<!-- \/ Yoast SEO plugin. -->","yoast_head_json":{"title":"Sperrfolien und Mauerwerkskeile | prinz24.com","description":"Sperrfolien und Mauerwerkskeile zum erfolgreichen sperren von Mauerwerk gegen kappilar aufsteigende Feuchtigkeit in Geb\u00e4uden.","robots":{"index":"index","follow":"follow","max-snippet":"max-snippet:-1","max-image-preview":"max-image-preview:large","max-video-preview":"max-video-preview:-1"},"canonical":"https:\/\/www.prinz24.com\/produkte\/mauersaegen\/mauersaegetechnik\/sperrfolien-kunststoff-mauerkeile\/","og_locale":"en_US","og_type":"article","og_title":"Sperrfolien und Mauerwerkskeile | prinz24.com","og_description":"Sperrfolien und Mauerwerkskeile zum erfolgreichen sperren von Mauerwerk gegen kappilar aufsteigende Feuchtigkeit in Geb\u00e4uden.","og_url":"https:\/\/www.prinz24.com\/produkte\/mauersaegen\/mauersaegetechnik\/sperrfolien-kunststoff-mauerkeile\/","og_site_name":"PRINZ Kettens\u00e4getechnik","article_publisher":"https:\/\/www.facebook.com\/prinzkettensaegetechnik\/","article_modified_time":"2025-09-18T08:53:51+00:00","twitter_card":"summary_large_image","twitter_misc":{"Est. reading time":"3 minutes"},"schema":{"@context":"https:\/\/schema.org","@graph":[{"@type":"WebPage","@id":"https:\/\/www.prinz24.com\/produkte\/mauersaegen\/mauersaegetechnik\/sperrfolien-kunststoff-mauerkeile\/","url":"https:\/\/www.prinz24.com\/produkte\/mauersaegen\/mauersaegetechnik\/sperrfolien-kunststoff-mauerkeile\/","name":"Sperrfolien und Mauerwerkskeile | prinz24.com","isPartOf":{"@id":"https:\/\/www.prinz24.com\/#website"},"datePublished":"2015-05-05T20:12:15+00:00","dateModified":"2025-09-18T08:53:51+00:00","description":"Sperrfolien und Mauerwerkskeile zum erfolgreichen sperren von Mauerwerk gegen kappilar aufsteigende Feuchtigkeit in Geb\u00e4uden.","breadcrumb":{"@id":"https:\/\/www.prinz24.com\/produkte\/mauersaegen\/mauersaegetechnik\/sperrfolien-kunststoff-mauerkeile\/#breadcrumb"},"inLanguage":"en-US","potentialAction":[{"@type":"ReadAction","target":["https:\/\/www.prinz24.com\/produkte\/mauersaegen\/mauersaegetechnik\/sperrfolien-kunststoff-mauerkeile\/"]}]},{"@type":"BreadcrumbList","@id":"https:\/\/www.prinz24.com\/produkte\/mauersaegen\/mauersaegetechnik\/sperrfolien-kunststoff-mauerkeile\/#breadcrumb","itemListElement":[{"@type":"ListItem","position":1,"name":"Startseite","item":"https:\/\/www.prinz24.com\/"},{"@type":"ListItem","position":2,"name":"Produkte","item":"https:\/\/www.prinz24.com\/produkte\/"},{"@type":"ListItem","position":3,"name":"Mauers\u00e4gen","item":"https:\/\/www.prinz24.com\/produkte\/mauersaegen\/"},{"@type":"ListItem","position":4,"name":"Mauers\u00e4getechnik","item":"https:\/\/www.prinz24.com\/produkte\/mauersaegen\/mauersaegetechnik\/"},{"@type":"ListItem","position":5,"name":"Folien &#038; Kunststoff-Mauerkeile"}]},{"@type":"WebSite","@id":"https:\/\/www.prinz24.com\/#website","url":"https:\/\/www.prinz24.com\/","name":"PRINZ Kettens\u00e4getechnik","description":"Kettens\u00e4gentechnik f\u00fcr die Industrie","potentialAction":[{"@type":"SearchAction","target":{"@type":"EntryPoint","urlTemplate":"https:\/\/www.prinz24.com\/?s={search_term_string}"},"query-input":{"@type":"PropertyValueSpecification","valueRequired":true,"valueName":"search_term_string"}}],"inLanguage":"en-US"}]}},"_links":{"self":[{"href":"https:\/\/www.prinz24.com\/en\/wp-json\/wp\/v2\/pages\/1538","targetHints":{"allow":["GET"]}}],"collection":[{"href":"https:\/\/www.prinz24.com\/en\/wp-json\/wp\/v2\/pages"}],"about":[{"href":"https:\/\/www.prinz24.com\/en\/wp-json\/wp\/v2\/types\/page"}],"author":[{"embeddable":true,"href":"https:\/\/www.prinz24.com\/en\/wp-json\/wp\/v2\/users\/11"}],"replies":[{"embeddable":true,"href":"https:\/\/www.prinz24.com\/en\/wp-json\/wp\/v2\/comments?post=1538"}],"version-history":[{"count":45,"href":"https:\/\/www.prinz24.com\/en\/wp-json\/wp\/v2\/pages\/1538\/revisions"}],"predecessor-version":[{"id":27104,"href":"https:\/\/www.prinz24.com\/en\/wp-json\/wp\/v2\/pages\/1538\/revisions\/27104"}],"up":[{"embeddable":true,"href":"https:\/\/www.prinz24.com\/en\/wp-json\/wp\/v2\/pages\/2675"}],"wp:attachment":[{"href":"https:\/\/www.prinz24.com\/en\/wp-json\/wp\/v2\/media?parent=1538"}],"curies":[{"name":"wp","href":"https:\/\/api.w.org\/{rel}","templated":true}]}}