{"id":1590,"date":"2015-05-20T19:12:34","date_gmt":"2015-05-20T19:12:34","guid":{"rendered":"http:\/\/prinz.plesk1.bsocloud.cc\/?page_id=1590"},"modified":"2025-09-18T09:21:57","modified_gmt":"2025-09-18T09:21:57","slug":"verpresstechnik-equipment","status":"publish","type":"page","link":"https:\/\/www.prinz24.com\/en\/produkte\/mauersaegen\/mauersaegetechnik\/verpresstechnik-equipment\/","title":{"rendered":"Press technology"},"content":{"rendered":"<div class=\"wpb-content-wrapper\"><p>[vc_row][vc_column][vc_column_text]The inflating with pressure of all hollow areas in the saw cut is essential for the restoration of the masonry work.<\/p>\n<p>With little pressure (2-5bar) and suitable connections (injection tube or packer with large passage), mortar, which is sulphate composed and when it hardens free of contraction or shrinkage, is pressed into the saw cut, it closes off the saw cut as well as all adjoining openings and hollow areas.[\/vc_column_text][\/vc_column][\/vc_row][vc_row][vc_column width=&#8221;1\/2&#8243;][vc_single_image image=&#8221;1593&#8243; img_size=&#8221;600&#215;400&#8243;][\/vc_column][vc_column width=&#8221;1\/2&#8243;][vc_column_text]<\/p>\n<h3><span id=\"result_box\" class=\"short_text\" lang=\"en\"><span class=\"hps\">Mortar<\/span> <span class=\"hps\">pump<\/span><\/span> BMP6<\/h3>\n<p>The mortar pump BMP6\u00a0 is ideal for groutig the cutting joint with non shrinking mortar.[\/vc_column_text][\/vc_column][\/vc_row][vc_row][vc_column width=&#8221;1\/2&#8243;][vc_single_image image=&#8221;5328&#8243; img_size=&#8221;250&#215;300&#8243; alignment=&#8221;center&#8221;][\/vc_column][vc_column width=&#8221;1\/2&#8243;][vc_column_text]<\/p>\n<h3>Mortar pump SP20<\/h3>\n<p>The mortar pump BMP6\u00a0 is ideal for groutig the cutting joint with non shrinking mortar.[\/vc_column_text][\/vc_column][\/vc_row][vc_row][vc_column][vc_column_text]<strong>Technical Data<\/strong><\/p>\n<table width=\"709\">\n<tbody>\n<tr>\n<td width=\"209\"><\/td>\n<td width=\"250\">Mortar pump BMP6<\/td>\n<td width=\"250\">Mortar pump SP20<\/td>\n<\/tr>\n<tr>\n<td>Power supply<\/td>\n<td>230V or 110V\/1800W\/50HZ<\/td>\n<td>230V or 110V\/ 1150W<\/td>\n<\/tr>\n<tr>\n<td>Fuse<\/td>\n<td>16A\/ Plug<\/td>\n<td>16A\/ Plug<\/td>\n<\/tr>\n<tr>\n<td>Pressure\/ RPM<\/td>\n<td>max. 20 bar<\/td>\n<td>\u00a0max. 15 bar<\/td>\n<\/tr>\n<tr>\n<td>Ammount<\/td>\n<td>0,5-14 l\/min<\/td>\n<td>0 &#8211; 13,5 l\/min<\/td>\n<\/tr>\n<tr>\n<td>Length\/ Width\/ Height<\/td>\n<td>760cm, 550cm, 1010cm<\/td>\n<td>800cm, 520cm, 900cm<\/td>\n<\/tr>\n<tr>\n<td>Weight<\/td>\n<td>25kg (analyzable)<\/td>\n<td>26kg (analyzable)<\/td>\n<\/tr>\n<tr>\n<td>Accessories<\/td>\n<td>Hose, Nozzle, FB<\/td>\n<td>Hose, Nozzle, FB<\/td>\n<\/tr>\n<\/tbody>\n<\/table>\n<p>[\/vc_column_text][\/vc_column][\/vc_row]<\/p>\n<\/div>","protected":false},"excerpt":{"rendered":"<p>[vc_row][vc_column][vc_column_text]The inflating with pressure of all hollow areas in the saw cut is essential for the restoration of the masonry work. With little pressure (2-5bar) and suitable connections (injection tube or packer with large passage), mortar, which is sulphate composed and when it hardens free of contraction or shrinkage, is pressed into the saw cut, [&hellip;]<\/p>\n","protected":false},"author":11,"featured_media":0,"parent":2675,"menu_order":0,"comment_status":"open","ping_status":"open","template":"","meta":{"footnotes":""},"class_list":["post-1590","page","type-page","status-publish","hentry"],"yoast_head":"<!-- This site is optimized with the Yoast SEO plugin v27.4 - https:\/\/yoast.com\/product\/yoast-seo-wordpress\/ -->\n<title>Verpresstechnik und Zubeh\u00f6r f\u00fcr Mauers\u00e4gen | prinz24.com<\/title>\n<meta name=\"description\" content=\"Verpresstechnik und Zubeh\u00f6r f\u00fcr Mauers\u00e4gen von der PRINZ Deutschland GmbH.\" \/>\n<meta name=\"robots\" content=\"index, follow, max-snippet:-1, max-image-preview:large, max-video-preview:-1\" \/>\n<link rel=\"canonical\" href=\"https:\/\/www.prinz24.com\/produkte\/mauersaegen\/mauersaegetechnik\/verpresstechnik-equipment\/\" \/>\n<meta property=\"og:locale\" content=\"en_US\" \/>\n<meta property=\"og:type\" content=\"article\" \/>\n<meta property=\"og:title\" content=\"Verpresstechnik und Zubeh\u00f6r f\u00fcr Mauers\u00e4gen | prinz24.com\" \/>\n<meta property=\"og:description\" content=\"Verpresstechnik und Zubeh\u00f6r f\u00fcr Mauers\u00e4gen von der PRINZ Deutschland GmbH.\" \/>\n<meta property=\"og:url\" content=\"https:\/\/www.prinz24.com\/produkte\/mauersaegen\/mauersaegetechnik\/verpresstechnik-equipment\/\" \/>\n<meta property=\"og:site_name\" content=\"PRINZ Kettens\u00e4getechnik\" \/>\n<meta property=\"article:publisher\" content=\"https:\/\/www.facebook.com\/prinzkettensaegetechnik\/\" \/>\n<meta property=\"article:modified_time\" content=\"2025-09-18T09:21:57+00:00\" \/>\n<meta name=\"twitter:card\" content=\"summary_large_image\" \/>\n<meta name=\"twitter:label1\" content=\"Est. reading time\" \/>\n\t<meta name=\"twitter:data1\" content=\"1 minute\" \/>\n<script type=\"application\/ld+json\" class=\"yoast-schema-graph\">{\"@context\":\"https:\\\/\\\/schema.org\",\"@graph\":[{\"@type\":\"WebPage\",\"@id\":\"https:\\\/\\\/www.prinz24.com\\\/produkte\\\/mauersaegen\\\/mauersaegetechnik\\\/verpresstechnik-equipment\\\/\",\"url\":\"https:\\\/\\\/www.prinz24.com\\\/produkte\\\/mauersaegen\\\/mauersaegetechnik\\\/verpresstechnik-equipment\\\/\",\"name\":\"Verpresstechnik und Zubeh\u00f6r f\u00fcr Mauers\u00e4gen | prinz24.com\",\"isPartOf\":{\"@id\":\"https:\\\/\\\/www.prinz24.com\\\/#website\"},\"datePublished\":\"2015-05-20T19:12:34+00:00\",\"dateModified\":\"2025-09-18T09:21:57+00:00\",\"description\":\"Verpresstechnik und Zubeh\u00f6r f\u00fcr Mauers\u00e4gen von der PRINZ Deutschland GmbH.\",\"breadcrumb\":{\"@id\":\"https:\\\/\\\/www.prinz24.com\\\/produkte\\\/mauersaegen\\\/mauersaegetechnik\\\/verpresstechnik-equipment\\\/#breadcrumb\"},\"inLanguage\":\"en-US\",\"potentialAction\":[{\"@type\":\"ReadAction\",\"target\":[\"https:\\\/\\\/www.prinz24.com\\\/produkte\\\/mauersaegen\\\/mauersaegetechnik\\\/verpresstechnik-equipment\\\/\"]}]},{\"@type\":\"BreadcrumbList\",\"@id\":\"https:\\\/\\\/www.prinz24.com\\\/produkte\\\/mauersaegen\\\/mauersaegetechnik\\\/verpresstechnik-equipment\\\/#breadcrumb\",\"itemListElement\":[{\"@type\":\"ListItem\",\"position\":1,\"name\":\"Startseite\",\"item\":\"https:\\\/\\\/www.prinz24.com\\\/\"},{\"@type\":\"ListItem\",\"position\":2,\"name\":\"Produkte\",\"item\":\"https:\\\/\\\/www.prinz24.com\\\/produkte\\\/\"},{\"@type\":\"ListItem\",\"position\":3,\"name\":\"Mauers\u00e4gen\",\"item\":\"https:\\\/\\\/www.prinz24.com\\\/produkte\\\/mauersaegen\\\/\"},{\"@type\":\"ListItem\",\"position\":4,\"name\":\"Mauers\u00e4getechnik\",\"item\":\"https:\\\/\\\/www.prinz24.com\\\/produkte\\\/mauersaegen\\\/mauersaegetechnik\\\/\"},{\"@type\":\"ListItem\",\"position\":5,\"name\":\"Verpresstechnik &#038; Equipment\"}]},{\"@type\":\"WebSite\",\"@id\":\"https:\\\/\\\/www.prinz24.com\\\/#website\",\"url\":\"https:\\\/\\\/www.prinz24.com\\\/\",\"name\":\"PRINZ Kettens\u00e4getechnik\",\"description\":\"Kettens\u00e4gentechnik f\u00fcr die Industrie\",\"potentialAction\":[{\"@type\":\"SearchAction\",\"target\":{\"@type\":\"EntryPoint\",\"urlTemplate\":\"https:\\\/\\\/www.prinz24.com\\\/?s={search_term_string}\"},\"query-input\":{\"@type\":\"PropertyValueSpecification\",\"valueRequired\":true,\"valueName\":\"search_term_string\"}}],\"inLanguage\":\"en-US\"}]}<\/script>\n<!-- \/ Yoast SEO plugin. -->","yoast_head_json":{"title":"Verpresstechnik und Zubeh\u00f6r f\u00fcr Mauers\u00e4gen | prinz24.com","description":"Verpresstechnik und Zubeh\u00f6r f\u00fcr Mauers\u00e4gen von der PRINZ Deutschland GmbH.","robots":{"index":"index","follow":"follow","max-snippet":"max-snippet:-1","max-image-preview":"max-image-preview:large","max-video-preview":"max-video-preview:-1"},"canonical":"https:\/\/www.prinz24.com\/produkte\/mauersaegen\/mauersaegetechnik\/verpresstechnik-equipment\/","og_locale":"en_US","og_type":"article","og_title":"Verpresstechnik und Zubeh\u00f6r f\u00fcr Mauers\u00e4gen | prinz24.com","og_description":"Verpresstechnik und Zubeh\u00f6r f\u00fcr Mauers\u00e4gen von der PRINZ Deutschland GmbH.","og_url":"https:\/\/www.prinz24.com\/produkte\/mauersaegen\/mauersaegetechnik\/verpresstechnik-equipment\/","og_site_name":"PRINZ Kettens\u00e4getechnik","article_publisher":"https:\/\/www.facebook.com\/prinzkettensaegetechnik\/","article_modified_time":"2025-09-18T09:21:57+00:00","twitter_card":"summary_large_image","twitter_misc":{"Est. reading time":"1 minute"},"schema":{"@context":"https:\/\/schema.org","@graph":[{"@type":"WebPage","@id":"https:\/\/www.prinz24.com\/produkte\/mauersaegen\/mauersaegetechnik\/verpresstechnik-equipment\/","url":"https:\/\/www.prinz24.com\/produkte\/mauersaegen\/mauersaegetechnik\/verpresstechnik-equipment\/","name":"Verpresstechnik und Zubeh\u00f6r f\u00fcr Mauers\u00e4gen | prinz24.com","isPartOf":{"@id":"https:\/\/www.prinz24.com\/#website"},"datePublished":"2015-05-20T19:12:34+00:00","dateModified":"2025-09-18T09:21:57+00:00","description":"Verpresstechnik und Zubeh\u00f6r f\u00fcr Mauers\u00e4gen von der PRINZ Deutschland GmbH.","breadcrumb":{"@id":"https:\/\/www.prinz24.com\/produkte\/mauersaegen\/mauersaegetechnik\/verpresstechnik-equipment\/#breadcrumb"},"inLanguage":"en-US","potentialAction":[{"@type":"ReadAction","target":["https:\/\/www.prinz24.com\/produkte\/mauersaegen\/mauersaegetechnik\/verpresstechnik-equipment\/"]}]},{"@type":"BreadcrumbList","@id":"https:\/\/www.prinz24.com\/produkte\/mauersaegen\/mauersaegetechnik\/verpresstechnik-equipment\/#breadcrumb","itemListElement":[{"@type":"ListItem","position":1,"name":"Startseite","item":"https:\/\/www.prinz24.com\/"},{"@type":"ListItem","position":2,"name":"Produkte","item":"https:\/\/www.prinz24.com\/produkte\/"},{"@type":"ListItem","position":3,"name":"Mauers\u00e4gen","item":"https:\/\/www.prinz24.com\/produkte\/mauersaegen\/"},{"@type":"ListItem","position":4,"name":"Mauers\u00e4getechnik","item":"https:\/\/www.prinz24.com\/produkte\/mauersaegen\/mauersaegetechnik\/"},{"@type":"ListItem","position":5,"name":"Verpresstechnik &#038; Equipment"}]},{"@type":"WebSite","@id":"https:\/\/www.prinz24.com\/#website","url":"https:\/\/www.prinz24.com\/","name":"PRINZ Kettens\u00e4getechnik","description":"Kettens\u00e4gentechnik f\u00fcr die Industrie","potentialAction":[{"@type":"SearchAction","target":{"@type":"EntryPoint","urlTemplate":"https:\/\/www.prinz24.com\/?s={search_term_string}"},"query-input":{"@type":"PropertyValueSpecification","valueRequired":true,"valueName":"search_term_string"}}],"inLanguage":"en-US"}]}},"_links":{"self":[{"href":"https:\/\/www.prinz24.com\/en\/wp-json\/wp\/v2\/pages\/1590","targetHints":{"allow":["GET"]}}],"collection":[{"href":"https:\/\/www.prinz24.com\/en\/wp-json\/wp\/v2\/pages"}],"about":[{"href":"https:\/\/www.prinz24.com\/en\/wp-json\/wp\/v2\/types\/page"}],"author":[{"embeddable":true,"href":"https:\/\/www.prinz24.com\/en\/wp-json\/wp\/v2\/users\/11"}],"replies":[{"embeddable":true,"href":"https:\/\/www.prinz24.com\/en\/wp-json\/wp\/v2\/comments?post=1590"}],"version-history":[{"count":28,"href":"https:\/\/www.prinz24.com\/en\/wp-json\/wp\/v2\/pages\/1590\/revisions"}],"predecessor-version":[{"id":27110,"href":"https:\/\/www.prinz24.com\/en\/wp-json\/wp\/v2\/pages\/1590\/revisions\/27110"}],"up":[{"embeddable":true,"href":"https:\/\/www.prinz24.com\/en\/wp-json\/wp\/v2\/pages\/2675"}],"wp:attachment":[{"href":"https:\/\/www.prinz24.com\/en\/wp-json\/wp\/v2\/media?parent=1590"}],"curies":[{"name":"wp","href":"https:\/\/api.w.org\/{rel}","templated":true}]}}