{"id":1602,"date":"2015-05-20T19:28:43","date_gmt":"2015-05-20T19:28:43","guid":{"rendered":"http:\/\/prinz.plesk1.bsocloud.cc\/?page_id=1602"},"modified":"2025-09-18T09:24:09","modified_gmt":"2025-09-18T09:24:09","slug":"systemwerkzeuge-betriebsmittel","status":"publish","type":"page","link":"https:\/\/www.prinz24.com\/en\/produkte\/mauersaegen\/mauersaegetechnik\/systemwerkzeuge-betriebsmittel\/","title":{"rendered":"Tools"},"content":{"rendered":"<div class=\"wpb-content-wrapper\"><p>[vc_row][vc_column width=&#8221;1\/3&#8243;][vc_column_text]<\/p>\n<h3>Impact chisel with hand protection<\/h3>\n<p>[\/vc_column_text][\/vc_column][vc_column width=&#8221;1\/3&#8243;][vc_single_image image=&#8221;1686&#8243; border_color=&#8221;grey&#8221; img_link_target=&#8221;_self&#8221; img_size=&#8221;250&#215;150&#8243; alignment=&#8221;center&#8221;][\/vc_column][vc_column width=&#8221;1\/3&#8243;][\/vc_column][\/vc_row][vc_row][vc_column width=&#8221;1\/3&#8243;][vc_column_text]<\/p>\n<h3>Kerf cleaning knife<\/h3>\n<p>[\/vc_column_text][\/vc_column][vc_column width=&#8221;1\/3&#8243;][vc_single_image image=&#8221;1685&#8243; border_color=&#8221;grey&#8221; img_link_target=&#8221;_self&#8221; img_size=&#8221;250&#215;150&#8243; alignment=&#8221;center&#8221;][\/vc_column][vc_column width=&#8221;1\/3&#8243;][vc_column_text]1,0m long\/ 1,5m long[\/vc_column_text][\/vc_column][\/vc_row][vc_row][vc_column width=&#8221;1\/3&#8243;][vc_column_text]<\/p>\n<h3>Riveting tool<\/h3>\n<p>[\/vc_column_text][\/vc_column][vc_column width=&#8221;1\/3&#8243;][vc_single_image border_color=&#8221;grey&#8221; img_link_target=&#8221;_self&#8221; image=&#8221;3835&#8243; img_size=&#8221;250&#215;150&#8243; alignment=&#8221;center&#8221;][\/vc_column][vc_column width=&#8221;1\/3&#8243;][vc_column_text]Rivet mandrel 3\/8&#8243;; 0.404&#8243;; 1\/2&#8243;; 20\/2[\/vc_column_text][\/vc_column][\/vc_row][vc_row][vc_column width=&#8221;1\/3&#8243;][vc_column_text]<\/p>\n<h3>Rivet removal<\/h3>\n<p>[\/vc_column_text][\/vc_column][vc_column width=&#8221;1\/3&#8243;][vc_single_image border_color=&#8221;grey&#8221; img_link_target=&#8221;_self&#8221; image=&#8221;3834&#8243; img_size=&#8221;250&#215;150&#8243; alignment=&#8221;center&#8221;][\/vc_column][vc_column width=&#8221;1\/3&#8243;][vc_column_text]Rivet removal thorn 3\/8&#8243;; 0.404&#8243;; 1\/2&#8243;; 20\/2<\/p>\n<p>Chain anvil 3\/8&#8243;; 0.404&#8243;; 1\/2&#8243;; 20\/2[\/vc_column_text][\/vc_column][\/vc_row][vc_row][vc_column width=&#8221;1\/3&#8243;][vc_column_text]<\/p>\n<h3>Chain sharpener<\/h3>\n<p>[\/vc_column_text][\/vc_column][vc_column width=&#8221;1\/3&#8243;][vc_single_image image=&#8221;1996&#8243; border_color=&#8221;grey&#8221; img_link_target=&#8221;_self&#8221; img_size=&#8221;250&#215;150&#8243; alignment=&#8221;center&#8221;][\/vc_column][vc_column width=&#8221;1\/3&#8243;][vc_column_text]suitable for all common saw chains<br \/>\nSpecial diamond grinding wheel for carbide tipped saw chains[\/vc_column_text][\/vc_column][\/vc_row][vc_row][vc_column width=&#8221;1\/3&#8243;][vc_column_text]<\/p>\n<h3>Foil cutting bench for roll products<\/h3>\n<p>[\/vc_column_text][\/vc_column][vc_column width=&#8221;1\/3&#8243;][vc_single_image border_color=&#8221;grey&#8221; img_link_target=&#8221;_self&#8221; image=&#8221;1693&#8243; img_size=&#8221;250&#215;1050&#8243; alignment=&#8221;center&#8221;][\/vc_column][vc_column width=&#8221;1\/3&#8243;][vc_column_text]Makes cutting easier, also for sheet or board products (HDPE)[\/vc_column_text][\/vc_column][\/vc_row][vc_row][vc_column width=&#8221;1\/3&#8243;][vc_column_text]<\/p>\n<h3>Foil ripping needle<\/h3>\n<p>[\/vc_column_text][\/vc_column][vc_column width=&#8221;1\/3&#8243;][vc_single_image border_color=&#8221;grey&#8221; img_link_target=&#8221;_self&#8221; image=&#8221;1692&#8243; img_size=&#8221;250&#215;150&#8243; alignment=&#8221;center&#8221;][\/vc_column][vc_column width=&#8221;1\/3&#8243;][vc_column_text]for Fibre-Foils[\/vc_column_text][\/vc_column][\/vc_row][vc_row][vc_column width=&#8221;1\/3&#8243;][vc_column_text]<\/p>\n<h3>Foil knife for PE-foil<\/h3>\n<p>[\/vc_column_text][\/vc_column][vc_column width=&#8221;1\/3&#8243;][vc_single_image border_color=&#8221;grey&#8221; img_link_target=&#8221;_self&#8221; image=&#8221;1691&#8243; img_size=&#8221;250&#215;150&#8243; alignment=&#8221;center&#8221;][\/vc_column][vc_column width=&#8221;1\/3&#8243;][vc_column_text]changeable blades, solid aluminum version[\/vc_column_text][\/vc_column][\/vc_row]<\/p>\n<\/div>","protected":false},"excerpt":{"rendered":"<p>[vc_row][vc_column width=&#8221;1\/3&#8243;][vc_column_text] Impact chisel with hand protection [\/vc_column_text][\/vc_column][vc_column width=&#8221;1\/3&#8243;][vc_single_image image=&#8221;1686&#8243; border_color=&#8221;grey&#8221; img_link_target=&#8221;_self&#8221; img_size=&#8221;250&#215;150&#8243; alignment=&#8221;center&#8221;][\/vc_column][vc_column width=&#8221;1\/3&#8243;][\/vc_column][\/vc_row][vc_row][vc_column width=&#8221;1\/3&#8243;][vc_column_text] Kerf cleaning knife [\/vc_column_text][\/vc_column][vc_column width=&#8221;1\/3&#8243;][vc_single_image image=&#8221;1685&#8243; border_color=&#8221;grey&#8221; img_link_target=&#8221;_self&#8221; img_size=&#8221;250&#215;150&#8243; alignment=&#8221;center&#8221;][\/vc_column][vc_column width=&#8221;1\/3&#8243;][vc_column_text]1,0m long\/ 1,5m long[\/vc_column_text][\/vc_column][\/vc_row][vc_row][vc_column width=&#8221;1\/3&#8243;][vc_column_text] Riveting tool [\/vc_column_text][\/vc_column][vc_column width=&#8221;1\/3&#8243;][vc_single_image border_color=&#8221;grey&#8221; img_link_target=&#8221;_self&#8221; image=&#8221;3835&#8243; img_size=&#8221;250&#215;150&#8243; alignment=&#8221;center&#8221;][\/vc_column][vc_column width=&#8221;1\/3&#8243;][vc_column_text]Rivet mandrel 3\/8&#8243;; 0.404&#8243;; 1\/2&#8243;; 20\/2[\/vc_column_text][\/vc_column][\/vc_row][vc_row][vc_column width=&#8221;1\/3&#8243;][vc_column_text] Rivet removal [\/vc_column_text][\/vc_column][vc_column width=&#8221;1\/3&#8243;][vc_single_image border_color=&#8221;grey&#8221; img_link_target=&#8221;_self&#8221; image=&#8221;3834&#8243; img_size=&#8221;250&#215;150&#8243; [&hellip;]<\/p>\n","protected":false},"author":11,"featured_media":0,"parent":2675,"menu_order":0,"comment_status":"open","ping_status":"open","template":"","meta":{"footnotes":""},"class_list":["post-1602","page","type-page","status-publish","hentry"],"yoast_head":"<!-- This site is optimized with the Yoast SEO plugin v27.4 - https:\/\/yoast.com\/product\/yoast-seo-wordpress\/ -->\n<title>Werkzeuge und Hilfsmittel f\u00fcr Mauers\u00e4gen | prinz24.com<\/title>\n<meta name=\"description\" content=\"Werkzeuge und Hilfsmittel f\u00fcr Mauers\u00e4gen.\" \/>\n<meta name=\"robots\" content=\"index, follow, max-snippet:-1, max-image-preview:large, max-video-preview:-1\" \/>\n<link rel=\"canonical\" href=\"https:\/\/www.prinz24.com\/produkte\/mauersaegen\/mauersaegetechnik\/systemwerkzeuge-betriebsmittel\/\" \/>\n<meta property=\"og:locale\" content=\"en_US\" \/>\n<meta property=\"og:type\" content=\"article\" \/>\n<meta property=\"og:title\" content=\"Werkzeuge und Hilfsmittel f\u00fcr Mauers\u00e4gen | prinz24.com\" \/>\n<meta property=\"og:description\" content=\"Werkzeuge und Hilfsmittel f\u00fcr Mauers\u00e4gen.\" \/>\n<meta property=\"og:url\" content=\"https:\/\/www.prinz24.com\/produkte\/mauersaegen\/mauersaegetechnik\/systemwerkzeuge-betriebsmittel\/\" \/>\n<meta property=\"og:site_name\" content=\"PRINZ Kettens\u00e4getechnik\" \/>\n<meta property=\"article:publisher\" content=\"https:\/\/www.facebook.com\/prinzkettensaegetechnik\/\" \/>\n<meta property=\"article:modified_time\" content=\"2025-09-18T09:24:09+00:00\" \/>\n<meta name=\"twitter:card\" content=\"summary_large_image\" \/>\n<meta name=\"twitter:label1\" content=\"Est. reading time\" \/>\n\t<meta name=\"twitter:data1\" content=\"1 minute\" \/>\n<script type=\"application\/ld+json\" class=\"yoast-schema-graph\">{\"@context\":\"https:\\\/\\\/schema.org\",\"@graph\":[{\"@type\":\"WebPage\",\"@id\":\"https:\\\/\\\/www.prinz24.com\\\/produkte\\\/mauersaegen\\\/mauersaegetechnik\\\/systemwerkzeuge-betriebsmittel\\\/\",\"url\":\"https:\\\/\\\/www.prinz24.com\\\/produkte\\\/mauersaegen\\\/mauersaegetechnik\\\/systemwerkzeuge-betriebsmittel\\\/\",\"name\":\"Werkzeuge und Hilfsmittel f\u00fcr Mauers\u00e4gen | prinz24.com\",\"isPartOf\":{\"@id\":\"https:\\\/\\\/www.prinz24.com\\\/#website\"},\"datePublished\":\"2015-05-20T19:28:43+00:00\",\"dateModified\":\"2025-09-18T09:24:09+00:00\",\"description\":\"Werkzeuge und Hilfsmittel f\u00fcr Mauers\u00e4gen.\",\"breadcrumb\":{\"@id\":\"https:\\\/\\\/www.prinz24.com\\\/produkte\\\/mauersaegen\\\/mauersaegetechnik\\\/systemwerkzeuge-betriebsmittel\\\/#breadcrumb\"},\"inLanguage\":\"en-US\",\"potentialAction\":[{\"@type\":\"ReadAction\",\"target\":[\"https:\\\/\\\/www.prinz24.com\\\/produkte\\\/mauersaegen\\\/mauersaegetechnik\\\/systemwerkzeuge-betriebsmittel\\\/\"]}]},{\"@type\":\"BreadcrumbList\",\"@id\":\"https:\\\/\\\/www.prinz24.com\\\/produkte\\\/mauersaegen\\\/mauersaegetechnik\\\/systemwerkzeuge-betriebsmittel\\\/#breadcrumb\",\"itemListElement\":[{\"@type\":\"ListItem\",\"position\":1,\"name\":\"Startseite\",\"item\":\"https:\\\/\\\/www.prinz24.com\\\/\"},{\"@type\":\"ListItem\",\"position\":2,\"name\":\"Produkte\",\"item\":\"https:\\\/\\\/www.prinz24.com\\\/produkte\\\/\"},{\"@type\":\"ListItem\",\"position\":3,\"name\":\"Mauers\u00e4gen\",\"item\":\"https:\\\/\\\/www.prinz24.com\\\/produkte\\\/mauersaegen\\\/\"},{\"@type\":\"ListItem\",\"position\":4,\"name\":\"Mauers\u00e4getechnik\",\"item\":\"https:\\\/\\\/www.prinz24.com\\\/produkte\\\/mauersaegen\\\/mauersaegetechnik\\\/\"},{\"@type\":\"ListItem\",\"position\":5,\"name\":\"Systemwerkzeuge &#038; Betriebsmittel\"}]},{\"@type\":\"WebSite\",\"@id\":\"https:\\\/\\\/www.prinz24.com\\\/#website\",\"url\":\"https:\\\/\\\/www.prinz24.com\\\/\",\"name\":\"PRINZ Kettens\u00e4getechnik\",\"description\":\"Kettens\u00e4gentechnik f\u00fcr die Industrie\",\"potentialAction\":[{\"@type\":\"SearchAction\",\"target\":{\"@type\":\"EntryPoint\",\"urlTemplate\":\"https:\\\/\\\/www.prinz24.com\\\/?s={search_term_string}\"},\"query-input\":{\"@type\":\"PropertyValueSpecification\",\"valueRequired\":true,\"valueName\":\"search_term_string\"}}],\"inLanguage\":\"en-US\"}]}<\/script>\n<!-- \/ Yoast SEO plugin. -->","yoast_head_json":{"title":"Werkzeuge und Hilfsmittel f\u00fcr Mauers\u00e4gen | prinz24.com","description":"Werkzeuge und Hilfsmittel f\u00fcr Mauers\u00e4gen.","robots":{"index":"index","follow":"follow","max-snippet":"max-snippet:-1","max-image-preview":"max-image-preview:large","max-video-preview":"max-video-preview:-1"},"canonical":"https:\/\/www.prinz24.com\/produkte\/mauersaegen\/mauersaegetechnik\/systemwerkzeuge-betriebsmittel\/","og_locale":"en_US","og_type":"article","og_title":"Werkzeuge und Hilfsmittel f\u00fcr Mauers\u00e4gen | prinz24.com","og_description":"Werkzeuge und Hilfsmittel f\u00fcr Mauers\u00e4gen.","og_url":"https:\/\/www.prinz24.com\/produkte\/mauersaegen\/mauersaegetechnik\/systemwerkzeuge-betriebsmittel\/","og_site_name":"PRINZ Kettens\u00e4getechnik","article_publisher":"https:\/\/www.facebook.com\/prinzkettensaegetechnik\/","article_modified_time":"2025-09-18T09:24:09+00:00","twitter_card":"summary_large_image","twitter_misc":{"Est. reading time":"1 minute"},"schema":{"@context":"https:\/\/schema.org","@graph":[{"@type":"WebPage","@id":"https:\/\/www.prinz24.com\/produkte\/mauersaegen\/mauersaegetechnik\/systemwerkzeuge-betriebsmittel\/","url":"https:\/\/www.prinz24.com\/produkte\/mauersaegen\/mauersaegetechnik\/systemwerkzeuge-betriebsmittel\/","name":"Werkzeuge und Hilfsmittel f\u00fcr Mauers\u00e4gen | prinz24.com","isPartOf":{"@id":"https:\/\/www.prinz24.com\/#website"},"datePublished":"2015-05-20T19:28:43+00:00","dateModified":"2025-09-18T09:24:09+00:00","description":"Werkzeuge und Hilfsmittel f\u00fcr Mauers\u00e4gen.","breadcrumb":{"@id":"https:\/\/www.prinz24.com\/produkte\/mauersaegen\/mauersaegetechnik\/systemwerkzeuge-betriebsmittel\/#breadcrumb"},"inLanguage":"en-US","potentialAction":[{"@type":"ReadAction","target":["https:\/\/www.prinz24.com\/produkte\/mauersaegen\/mauersaegetechnik\/systemwerkzeuge-betriebsmittel\/"]}]},{"@type":"BreadcrumbList","@id":"https:\/\/www.prinz24.com\/produkte\/mauersaegen\/mauersaegetechnik\/systemwerkzeuge-betriebsmittel\/#breadcrumb","itemListElement":[{"@type":"ListItem","position":1,"name":"Startseite","item":"https:\/\/www.prinz24.com\/"},{"@type":"ListItem","position":2,"name":"Produkte","item":"https:\/\/www.prinz24.com\/produkte\/"},{"@type":"ListItem","position":3,"name":"Mauers\u00e4gen","item":"https:\/\/www.prinz24.com\/produkte\/mauersaegen\/"},{"@type":"ListItem","position":4,"name":"Mauers\u00e4getechnik","item":"https:\/\/www.prinz24.com\/produkte\/mauersaegen\/mauersaegetechnik\/"},{"@type":"ListItem","position":5,"name":"Systemwerkzeuge &#038; Betriebsmittel"}]},{"@type":"WebSite","@id":"https:\/\/www.prinz24.com\/#website","url":"https:\/\/www.prinz24.com\/","name":"PRINZ Kettens\u00e4getechnik","description":"Kettens\u00e4gentechnik f\u00fcr die Industrie","potentialAction":[{"@type":"SearchAction","target":{"@type":"EntryPoint","urlTemplate":"https:\/\/www.prinz24.com\/?s={search_term_string}"},"query-input":{"@type":"PropertyValueSpecification","valueRequired":true,"valueName":"search_term_string"}}],"inLanguage":"en-US"}]}},"_links":{"self":[{"href":"https:\/\/www.prinz24.com\/en\/wp-json\/wp\/v2\/pages\/1602","targetHints":{"allow":["GET"]}}],"collection":[{"href":"https:\/\/www.prinz24.com\/en\/wp-json\/wp\/v2\/pages"}],"about":[{"href":"https:\/\/www.prinz24.com\/en\/wp-json\/wp\/v2\/types\/page"}],"author":[{"embeddable":true,"href":"https:\/\/www.prinz24.com\/en\/wp-json\/wp\/v2\/users\/11"}],"replies":[{"embeddable":true,"href":"https:\/\/www.prinz24.com\/en\/wp-json\/wp\/v2\/comments?post=1602"}],"version-history":[{"count":38,"href":"https:\/\/www.prinz24.com\/en\/wp-json\/wp\/v2\/pages\/1602\/revisions"}],"predecessor-version":[{"id":27112,"href":"https:\/\/www.prinz24.com\/en\/wp-json\/wp\/v2\/pages\/1602\/revisions\/27112"}],"up":[{"embeddable":true,"href":"https:\/\/www.prinz24.com\/en\/wp-json\/wp\/v2\/pages\/2675"}],"wp:attachment":[{"href":"https:\/\/www.prinz24.com\/en\/wp-json\/wp\/v2\/media?parent=1602"}],"curies":[{"name":"wp","href":"https:\/\/api.w.org\/{rel}","templated":true}]}}