{"id":1620,"date":"2015-05-20T19:54:24","date_gmt":"2015-05-20T19:54:24","guid":{"rendered":"http:\/\/prinz.plesk1.bsocloud.cc\/?page_id=1620"},"modified":"2025-04-22T09:27:24","modified_gmt":"2025-04-22T09:27:24","slug":"prinz-mauerwerkstrockenlegung-im-saegeverfahren","status":"publish","type":"page","link":"https:\/\/www.prinz24.com\/en\/produkte\/mauersaegen\/mauersaegetechnik\/prinz-mauerwerkstrockenlegung-im-saegeverfahren\/","title":{"rendered":"PRINZ Dampproofing"},"content":{"rendered":"<div class=\"wpb-content-wrapper\"><p>[vc_row][vc_column][vc_column_text]<\/p>\n<h2>\u00a0No Dampproofing? Moisture in building walls can be traced back to a number of causes:<\/h2>\n<p>\u25ba Direct effect of water due to defective roofs, down spouts, water pipes or splashed water.<\/p>\n<p>\u25ba Formation and accumulation of condensation as a result of improper ventilation or faulty construction.<\/p>\n<p>\u25ba <strong>Formation and accumulation of condensation as a result of improper ventilation or faulty construction.<\/strong><\/p>\n<p><strong>Draining of brickwork by means of the sawing process is gaining importance in the building sanitation industry. Here one can achieve a 100% sealing effect against moisture, provided that the work is done professionally and conscientiously.<\/strong>[\/vc_column_text]\t\t<a href=\"\/en\/produkte\/mauersaegen\/mauersaegetechnik\/prinz-mauerwerkstrockenlegung-im-saegeverfahren\/verarbeitungshinweise\/\" class=\"envor-btn envor-btn-primary envor-btn-small\">Details Processing instructions<\/a>\n\t\n\t[\/vc_column][\/vc_row][vc_row][vc_column width=&#8221;1\/4&#8243;][vc_single_image image=&#8221;1643&#8243; img_size=&#8221;640&#215;427&#8243;][\/vc_column][vc_column width=&#8221;1\/4&#8243;][vc_single_image image=&#8221;1646&#8243; img_size=&#8221;640&#215;427&#8243;][\/vc_column][vc_column width=&#8221;1\/4&#8243;][vc_single_image image=&#8221;1648&#8243; img_size=&#8221;640&#215;427&#8243;][\/vc_column][vc_column width=&#8221;1\/4&#8243;][vc_column_text]<strong>Overview of work<\/strong><\/p>\n<p><strong>1.<\/strong> Remove connections or other hindrances. Release construction joint in brick wall.[\/vc_column_text][vc_column_text]<strong>2.<\/strong> Sectional removal of the wall work with PRINZ chainsaw PMS 50, PMS 25 or EED 3.5 for brick walls similarly removal with PRINZ diamond rope saw PDSS 500 for rubble stone or mixed walls. Thus, the length of cut of up to 1.00 m is suited to the constructional and static conditions present.[\/vc_column_text][\/vc_column][\/vc_row][vc_row][vc_column width=&#8221;1\/4&#8243;][vc_column_text]3. Introduction of a capillary waterproof blocking layer made of glass fibre reinforced\u00a0 plastic plates (thickness 1.2 and\/ or 1.8mm), or HD-polyethylene plates (thickness 1.5 and\/or 2.0mm) including plaster residue. Overlapping of the plate size minimum 10cm.<br \/>\nFinally fastening the cut joint with static load bearing plastic wedge plates, at a distance of maximum 25cm over the entire wall cross section (load bearing capacity minimum 500 kp\/cm2).[\/vc_column_text][\/vc_column][vc_column width=&#8221;1\/4&#8243;][vc_single_image image=&#8221;1661&#8243; img_size=&#8221;640&#215;427&#8243;][\/vc_column][vc_column width=&#8221;1\/4&#8243;][vc_single_image image=&#8221;1662&#8243; img_size=&#8221;640&#215;427&#8243;][\/vc_column][vc_column width=&#8221;1\/4&#8243;][vc_single_image image=&#8221;1645&#8243; img_size=&#8221;640&#215;427&#8243;][\/vc_column][\/vc_row][vc_row][vc_column width=&#8221;1\/4&#8243;][vc_single_image image=&#8221;1655&#8243; img_size=&#8221;640&#215;427&#8243;][\/vc_column][vc_column width=&#8221;1\/4&#8243;][vc_single_image image=&#8221;1656&#8243; img_size=&#8221;640&#215;427&#8243;][\/vc_column][vc_column width=&#8221;1\/4&#8243;][vc_single_image image=&#8221;1642&#8243; img_size=&#8221;640&#215;427&#8243;][\/vc_column][vc_column width=&#8221;1\/4&#8243;][vc_column_text]<strong>4.<\/strong> Filling of mortar on all sides of the cut joint and installation of pipe connections between the wedges with final positive compaction of hollow area with the PRINZ concrete injection pump BMP 6, containing contraction-free, hardening mortar that is sulphate resistant.[\/vc_column_text][\/vc_column][\/vc_row][vc_row][vc_column width=&#8221;1\/2&#8243;][vc_column_text]<a href=\"https:\/\/www.prinz24.com\/wp-content\/uploads\/2019\/01\/PRINZ-wall-saw-system.pdf\"><img loading=\"lazy\" decoding=\"async\" class=\" wp-image-2784 alignleft\" src=\"http:\/\/www.prinz.at\/wp-content\/uploads\/2015\/06\/Pfeil-PDF.jpg\" alt=\"Schild Pfeil Europa\" width=\"107\" height=\"75\" srcset=\"https:\/\/www.prinz24.com\/wp-content\/uploads\/2015\/06\/Pfeil-PDF.jpg 828w, https:\/\/www.prinz24.com\/wp-content\/uploads\/2015\/06\/Pfeil-PDF-600x419.jpg 600w\" sizes=\"auto, (max-width: 107px) 100vw, 107px\" \/><\/a><\/p>\n<p>&nbsp;<\/p>\n<p><strong><a href=\"https:\/\/www.prinz24.com\/wp-content\/uploads\/2019\/01\/PRINZ-wall-saw-system.pdf\">wall saw system<\/a><\/strong>[\/vc_column_text][\/vc_column][vc_column width=&#8221;1\/2&#8243;][vc_column_text]<a href=\"https:\/\/www.prinz24.com\/wp-content\/uploads\/2019\/01\/PRINZ-Processing-instructions.pdf\"><img loading=\"lazy\" decoding=\"async\" class=\" wp-image-2784 alignleft\" src=\"http:\/\/www.prinz.at\/wp-content\/uploads\/2015\/06\/Pfeil-PDF.jpg\" alt=\"Schild Pfeil Europa\" width=\"107\" height=\"75\" srcset=\"https:\/\/www.prinz24.com\/wp-content\/uploads\/2015\/06\/Pfeil-PDF.jpg 828w, https:\/\/www.prinz24.com\/wp-content\/uploads\/2015\/06\/Pfeil-PDF-600x419.jpg 600w\" sizes=\"auto, (max-width: 107px) 100vw, 107px\" \/><\/a><\/p>\n<p>&nbsp;<\/p>\n<p><a href=\"https:\/\/www.prinz24.com\/wp-content\/uploads\/2019\/01\/PRINZ-Processing-instructions.pdf\"><strong>processing instructions<\/strong><\/a>[\/vc_column_text][\/vc_column][\/vc_row][vc_row][vc_column][vc_raw_html]JTNDaWZyYW1lJTIwd2lkdGglM0QlMjI1MDAlMjIlMjBoZWlnaHQlM0QlMjIyNTAlMjIlMjBzcmMlM0QlMjJodHRwcyUzQSUyRiUyRnd3dy55b3V0dWJlLmNvbSUyRmVtYmVkJTJGSE5fLVdzU0RGYkklM0ZmZWF0dXJlJTNEcGxheWVyX2RldGFpbHBhZ2UlMjIlMjBmcmFtZWJvcmRlciUzRCUyMjAlMjIlMjBhbGxvd2Z1bGxzY3JlZW4lM0UlM0MlMkZpZnJhbWUlM0U=[\/vc_raw_html][\/vc_column][\/vc_row]<\/p>\n<\/div>","protected":false},"excerpt":{"rendered":"<p>[vc_row][vc_column][vc_column_text] \u00a0No Dampproofing? Moisture in building walls can be traced back to a number of causes: \u25ba Direct effect of water due to defective roofs, down spouts, water pipes or splashed water. \u25ba Formation and accumulation of condensation as a result of improper ventilation or faulty construction. \u25ba Formation and accumulation of condensation as a [&hellip;]<\/p>\n","protected":false},"author":11,"featured_media":0,"parent":2675,"menu_order":0,"comment_status":"open","ping_status":"open","template":"","meta":{"footnotes":""},"class_list":["post-1620","page","type-page","status-publish","hentry"],"yoast_head":"<!-- This site is optimized with the Yoast SEO plugin v27.4 - https:\/\/yoast.com\/product\/yoast-seo-wordpress\/ -->\n<title>Mauerwerke trockenlegen im S\u00e4geverfahren | prinz24.com<\/title>\n<meta name=\"description\" content=\"Hier erfahren Sie wie Sie feuchte oder nasse Mauerwerke mit Hilfe des Kettens\u00e4ge- oder Diamantseils\u00e4geverfahrens 100% trockenlegen k\u00f6nnen.\" \/>\n<meta name=\"robots\" content=\"index, follow, max-snippet:-1, max-image-preview:large, max-video-preview:-1\" \/>\n<link rel=\"canonical\" href=\"https:\/\/www.prinz24.com\/produkte\/mauersaegen\/mauersaegetechnik\/prinz-mauerwerkstrockenlegung-im-saegeverfahren\/\" \/>\n<meta property=\"og:locale\" content=\"en_US\" \/>\n<meta property=\"og:type\" content=\"article\" \/>\n<meta property=\"og:title\" content=\"Mauerwerke trockenlegen im S\u00e4geverfahren | prinz24.com\" \/>\n<meta property=\"og:description\" content=\"Hier erfahren Sie wie Sie feuchte oder nasse Mauerwerke mit Hilfe des Kettens\u00e4ge- oder Diamantseils\u00e4geverfahrens 100% trockenlegen k\u00f6nnen.\" \/>\n<meta property=\"og:url\" content=\"https:\/\/www.prinz24.com\/produkte\/mauersaegen\/mauersaegetechnik\/prinz-mauerwerkstrockenlegung-im-saegeverfahren\/\" \/>\n<meta property=\"og:site_name\" content=\"PRINZ Kettens\u00e4getechnik\" \/>\n<meta property=\"article:publisher\" content=\"https:\/\/www.facebook.com\/prinzkettensaegetechnik\/\" \/>\n<meta property=\"article:modified_time\" content=\"2025-04-22T09:27:24+00:00\" \/>\n<meta property=\"og:image\" content=\"http:\/\/www.prinz.at\/wp-content\/uploads\/2015\/06\/Pfeil-PDF.jpg\" \/>\n<meta name=\"twitter:card\" content=\"summary_large_image\" \/>\n<meta name=\"twitter:label1\" content=\"Est. reading time\" \/>\n\t<meta name=\"twitter:data1\" content=\"5 minutes\" \/>\n<script type=\"application\/ld+json\" class=\"yoast-schema-graph\">{\"@context\":\"https:\\\/\\\/schema.org\",\"@graph\":[{\"@type\":\"WebPage\",\"@id\":\"https:\\\/\\\/www.prinz24.com\\\/produkte\\\/mauersaegen\\\/mauersaegetechnik\\\/prinz-mauerwerkstrockenlegung-im-saegeverfahren\\\/\",\"url\":\"https:\\\/\\\/www.prinz24.com\\\/produkte\\\/mauersaegen\\\/mauersaegetechnik\\\/prinz-mauerwerkstrockenlegung-im-saegeverfahren\\\/\",\"name\":\"Mauerwerke trockenlegen im S\u00e4geverfahren | prinz24.com\",\"isPartOf\":{\"@id\":\"https:\\\/\\\/www.prinz24.com\\\/#website\"},\"primaryImageOfPage\":{\"@id\":\"https:\\\/\\\/www.prinz24.com\\\/produkte\\\/mauersaegen\\\/mauersaegetechnik\\\/prinz-mauerwerkstrockenlegung-im-saegeverfahren\\\/#primaryimage\"},\"image\":{\"@id\":\"https:\\\/\\\/www.prinz24.com\\\/produkte\\\/mauersaegen\\\/mauersaegetechnik\\\/prinz-mauerwerkstrockenlegung-im-saegeverfahren\\\/#primaryimage\"},\"thumbnailUrl\":\"http:\\\/\\\/www.prinz.at\\\/wp-content\\\/uploads\\\/2015\\\/06\\\/Pfeil-PDF.jpg\",\"datePublished\":\"2015-05-20T19:54:24+00:00\",\"dateModified\":\"2025-04-22T09:27:24+00:00\",\"description\":\"Hier erfahren Sie wie Sie feuchte oder nasse Mauerwerke mit Hilfe des Kettens\u00e4ge- oder Diamantseils\u00e4geverfahrens 100% trockenlegen k\u00f6nnen.\",\"breadcrumb\":{\"@id\":\"https:\\\/\\\/www.prinz24.com\\\/produkte\\\/mauersaegen\\\/mauersaegetechnik\\\/prinz-mauerwerkstrockenlegung-im-saegeverfahren\\\/#breadcrumb\"},\"inLanguage\":\"en-US\",\"potentialAction\":[{\"@type\":\"ReadAction\",\"target\":[\"https:\\\/\\\/www.prinz24.com\\\/produkte\\\/mauersaegen\\\/mauersaegetechnik\\\/prinz-mauerwerkstrockenlegung-im-saegeverfahren\\\/\"]}]},{\"@type\":\"ImageObject\",\"inLanguage\":\"en-US\",\"@id\":\"https:\\\/\\\/www.prinz24.com\\\/produkte\\\/mauersaegen\\\/mauersaegetechnik\\\/prinz-mauerwerkstrockenlegung-im-saegeverfahren\\\/#primaryimage\",\"url\":\"http:\\\/\\\/www.prinz.at\\\/wp-content\\\/uploads\\\/2015\\\/06\\\/Pfeil-PDF.jpg\",\"contentUrl\":\"http:\\\/\\\/www.prinz.at\\\/wp-content\\\/uploads\\\/2015\\\/06\\\/Pfeil-PDF.jpg\"},{\"@type\":\"BreadcrumbList\",\"@id\":\"https:\\\/\\\/www.prinz24.com\\\/produkte\\\/mauersaegen\\\/mauersaegetechnik\\\/prinz-mauerwerkstrockenlegung-im-saegeverfahren\\\/#breadcrumb\",\"itemListElement\":[{\"@type\":\"ListItem\",\"position\":1,\"name\":\"Startseite\",\"item\":\"https:\\\/\\\/www.prinz24.com\\\/\"},{\"@type\":\"ListItem\",\"position\":2,\"name\":\"Produkte\",\"item\":\"https:\\\/\\\/www.prinz24.com\\\/produkte\\\/\"},{\"@type\":\"ListItem\",\"position\":3,\"name\":\"Mauers\u00e4gen\",\"item\":\"https:\\\/\\\/www.prinz24.com\\\/produkte\\\/mauersaegen\\\/\"},{\"@type\":\"ListItem\",\"position\":4,\"name\":\"Mauers\u00e4getechnik\",\"item\":\"https:\\\/\\\/www.prinz24.com\\\/produkte\\\/mauersaegen\\\/mauersaegetechnik\\\/\"},{\"@type\":\"ListItem\",\"position\":5,\"name\":\"PRINZ Mauerwerkstrockenlegung im S\u00e4geverfahren\"}]},{\"@type\":\"WebSite\",\"@id\":\"https:\\\/\\\/www.prinz24.com\\\/#website\",\"url\":\"https:\\\/\\\/www.prinz24.com\\\/\",\"name\":\"PRINZ Kettens\u00e4getechnik\",\"description\":\"Kettens\u00e4gentechnik f\u00fcr die Industrie\",\"potentialAction\":[{\"@type\":\"SearchAction\",\"target\":{\"@type\":\"EntryPoint\",\"urlTemplate\":\"https:\\\/\\\/www.prinz24.com\\\/?s={search_term_string}\"},\"query-input\":{\"@type\":\"PropertyValueSpecification\",\"valueRequired\":true,\"valueName\":\"search_term_string\"}}],\"inLanguage\":\"en-US\"}]}<\/script>\n<!-- \/ Yoast SEO plugin. -->","yoast_head_json":{"title":"Mauerwerke trockenlegen im S\u00e4geverfahren | prinz24.com","description":"Hier erfahren Sie wie Sie feuchte oder nasse Mauerwerke mit Hilfe des Kettens\u00e4ge- oder Diamantseils\u00e4geverfahrens 100% trockenlegen k\u00f6nnen.","robots":{"index":"index","follow":"follow","max-snippet":"max-snippet:-1","max-image-preview":"max-image-preview:large","max-video-preview":"max-video-preview:-1"},"canonical":"https:\/\/www.prinz24.com\/produkte\/mauersaegen\/mauersaegetechnik\/prinz-mauerwerkstrockenlegung-im-saegeverfahren\/","og_locale":"en_US","og_type":"article","og_title":"Mauerwerke trockenlegen im S\u00e4geverfahren | prinz24.com","og_description":"Hier erfahren Sie wie Sie feuchte oder nasse Mauerwerke mit Hilfe des Kettens\u00e4ge- oder Diamantseils\u00e4geverfahrens 100% trockenlegen k\u00f6nnen.","og_url":"https:\/\/www.prinz24.com\/produkte\/mauersaegen\/mauersaegetechnik\/prinz-mauerwerkstrockenlegung-im-saegeverfahren\/","og_site_name":"PRINZ Kettens\u00e4getechnik","article_publisher":"https:\/\/www.facebook.com\/prinzkettensaegetechnik\/","article_modified_time":"2025-04-22T09:27:24+00:00","og_image":[{"url":"http:\/\/www.prinz.at\/wp-content\/uploads\/2015\/06\/Pfeil-PDF.jpg","type":"","width":"","height":""}],"twitter_card":"summary_large_image","twitter_misc":{"Est. reading time":"5 minutes"},"schema":{"@context":"https:\/\/schema.org","@graph":[{"@type":"WebPage","@id":"https:\/\/www.prinz24.com\/produkte\/mauersaegen\/mauersaegetechnik\/prinz-mauerwerkstrockenlegung-im-saegeverfahren\/","url":"https:\/\/www.prinz24.com\/produkte\/mauersaegen\/mauersaegetechnik\/prinz-mauerwerkstrockenlegung-im-saegeverfahren\/","name":"Mauerwerke trockenlegen im S\u00e4geverfahren | prinz24.com","isPartOf":{"@id":"https:\/\/www.prinz24.com\/#website"},"primaryImageOfPage":{"@id":"https:\/\/www.prinz24.com\/produkte\/mauersaegen\/mauersaegetechnik\/prinz-mauerwerkstrockenlegung-im-saegeverfahren\/#primaryimage"},"image":{"@id":"https:\/\/www.prinz24.com\/produkte\/mauersaegen\/mauersaegetechnik\/prinz-mauerwerkstrockenlegung-im-saegeverfahren\/#primaryimage"},"thumbnailUrl":"http:\/\/www.prinz.at\/wp-content\/uploads\/2015\/06\/Pfeil-PDF.jpg","datePublished":"2015-05-20T19:54:24+00:00","dateModified":"2025-04-22T09:27:24+00:00","description":"Hier erfahren Sie wie Sie feuchte oder nasse Mauerwerke mit Hilfe des Kettens\u00e4ge- oder Diamantseils\u00e4geverfahrens 100% trockenlegen k\u00f6nnen.","breadcrumb":{"@id":"https:\/\/www.prinz24.com\/produkte\/mauersaegen\/mauersaegetechnik\/prinz-mauerwerkstrockenlegung-im-saegeverfahren\/#breadcrumb"},"inLanguage":"en-US","potentialAction":[{"@type":"ReadAction","target":["https:\/\/www.prinz24.com\/produkte\/mauersaegen\/mauersaegetechnik\/prinz-mauerwerkstrockenlegung-im-saegeverfahren\/"]}]},{"@type":"ImageObject","inLanguage":"en-US","@id":"https:\/\/www.prinz24.com\/produkte\/mauersaegen\/mauersaegetechnik\/prinz-mauerwerkstrockenlegung-im-saegeverfahren\/#primaryimage","url":"http:\/\/www.prinz.at\/wp-content\/uploads\/2015\/06\/Pfeil-PDF.jpg","contentUrl":"http:\/\/www.prinz.at\/wp-content\/uploads\/2015\/06\/Pfeil-PDF.jpg"},{"@type":"BreadcrumbList","@id":"https:\/\/www.prinz24.com\/produkte\/mauersaegen\/mauersaegetechnik\/prinz-mauerwerkstrockenlegung-im-saegeverfahren\/#breadcrumb","itemListElement":[{"@type":"ListItem","position":1,"name":"Startseite","item":"https:\/\/www.prinz24.com\/"},{"@type":"ListItem","position":2,"name":"Produkte","item":"https:\/\/www.prinz24.com\/produkte\/"},{"@type":"ListItem","position":3,"name":"Mauers\u00e4gen","item":"https:\/\/www.prinz24.com\/produkte\/mauersaegen\/"},{"@type":"ListItem","position":4,"name":"Mauers\u00e4getechnik","item":"https:\/\/www.prinz24.com\/produkte\/mauersaegen\/mauersaegetechnik\/"},{"@type":"ListItem","position":5,"name":"PRINZ Mauerwerkstrockenlegung im S\u00e4geverfahren"}]},{"@type":"WebSite","@id":"https:\/\/www.prinz24.com\/#website","url":"https:\/\/www.prinz24.com\/","name":"PRINZ Kettens\u00e4getechnik","description":"Kettens\u00e4gentechnik f\u00fcr die Industrie","potentialAction":[{"@type":"SearchAction","target":{"@type":"EntryPoint","urlTemplate":"https:\/\/www.prinz24.com\/?s={search_term_string}"},"query-input":{"@type":"PropertyValueSpecification","valueRequired":true,"valueName":"search_term_string"}}],"inLanguage":"en-US"}]}},"_links":{"self":[{"href":"https:\/\/www.prinz24.com\/en\/wp-json\/wp\/v2\/pages\/1620","targetHints":{"allow":["GET"]}}],"collection":[{"href":"https:\/\/www.prinz24.com\/en\/wp-json\/wp\/v2\/pages"}],"about":[{"href":"https:\/\/www.prinz24.com\/en\/wp-json\/wp\/v2\/types\/page"}],"author":[{"embeddable":true,"href":"https:\/\/www.prinz24.com\/en\/wp-json\/wp\/v2\/users\/11"}],"replies":[{"embeddable":true,"href":"https:\/\/www.prinz24.com\/en\/wp-json\/wp\/v2\/comments?post=1620"}],"version-history":[{"count":84,"href":"https:\/\/www.prinz24.com\/en\/wp-json\/wp\/v2\/pages\/1620\/revisions"}],"predecessor-version":[{"id":9617,"href":"https:\/\/www.prinz24.com\/en\/wp-json\/wp\/v2\/pages\/1620\/revisions\/9617"}],"up":[{"embeddable":true,"href":"https:\/\/www.prinz24.com\/en\/wp-json\/wp\/v2\/pages\/2675"}],"wp:attachment":[{"href":"https:\/\/www.prinz24.com\/en\/wp-json\/wp\/v2\/media?parent=1620"}],"curies":[{"name":"wp","href":"https:\/\/api.w.org\/{rel}","templated":true}]}}