{"id":1667,"date":"2015-05-22T14:32:11","date_gmt":"2015-05-22T14:32:11","guid":{"rendered":"http:\/\/prinz.plesk1.bsocloud.cc\/?page_id=1667"},"modified":"2017-04-26T06:27:25","modified_gmt":"2017-04-26T06:27:25","slug":"verarbeitungshinweise","status":"publish","type":"page","link":"https:\/\/www.prinz24.com\/en\/produkte\/mauersaegen\/mauersaegetechnik\/prinz-mauerwerkstrockenlegung-im-saegeverfahren\/verarbeitungshinweise\/","title":{"rendered":"Processing instructions"},"content":{"rendered":"<div class=\"wpb-content-wrapper\"><p>[vc_row][vc_column width=&#8221;1\/1&#8243;][vc_column_text]<strong>Instructions for retroactively installed horizontal insulation using the saw method and placement instructions for the placement of insulating foil and masonry wedges.<\/strong><\/p>\n<p>The cut is performed, using a carbine-tipped chain saw or a diamond wire saw in sections of max. 1 m (40 inches) length. In some cases, if the wall structure is very loose or jagged, a shorter cut is necessary. Prior to any cutting, pipes or wiring inside the wall must be located, any plaster or joints in the area of the cut must be removed (it reduces wear and increases working speed). When applying the foil and wedges, the cutting must be stopped and as a safety precaution, the saw must be shut off.[\/vc_column_text][\/vc_column][\/vc_row][vc_row][vc_column width=&#8221;1\/1&#8243;][vc_single_image image=&#8221;3219&#8243; border_color=&#8221;grey&#8221; img_link_target=&#8221;_self&#8221; img_size=&#8221;1167&#215;1167&#8243; alignment=&#8221;center&#8221; img_link_large=&#8221;yes&#8221;][\/vc_column][\/vc_row][vc_row][vc_column width=&#8221;1\/3&#8243;][vc_column_text]Insulating foils must always overlap 10 cm (4 inches) min. Prior to placing the foil, the saw cutting area must be cleaned using a special joint cleaner, removing any debris or loose joint material. A severely jagged wall surface can be levelled off with a thin layer of cement mortar before the foil is placed. When cutting the foil the required thickness of the plaster (1-2 cm) must be taken into consideration. The end of <span style=\"color: #ff0000;\">one foil<\/span> is always overlapped by <span style=\"color: #0000ff;\">another foil<\/span>. Therefore, wedges must never be placed at the end\/beginning of a foil but always on top of an overlap![\/vc_column_text][\/vc_column][vc_column width=&#8221;1\/3&#8243;][vc_column_text]To grout the remaining soil voids within the saw cutting area, the voids are first packed inside and outside with mortar, whereby <span style=\"color: #008000;\">small tubes for packing the mortar<\/span> are inserted from one side and between the wedges. After solidifying of the grout a non-shrinking, hardening mortar is forced through the tubes and into the wall, using a suitable mortar press. Subsequently the wall\u2019s interior structure is re-established.[\/vc_column_text][\/vc_column][vc_column width=&#8221;1\/3&#8243;][vc_column_text]Masonry wedges (wedge plates) are force-fit into the whole thickness of the wall (hammer weighing approx. 1,500g) and embedded approx. 2-3cm. Ideally, this is done from both sides of the wall. However, if the wedges are being forced in one after the other (due to inaccessibility from one side), the following wedge thicknesses are to be used (1st wedge 8mm \u2013 2nd wedge 9mm and so on). The wedge plates can also be placed rotated 90\u00b0 or can be split. Wedges must always be placed on top of an overlap.[\/vc_column_text][\/vc_column][\/vc_row]<\/p>\n<\/div>","protected":false},"excerpt":{"rendered":"<p>[vc_row][vc_column width=&#8221;1\/1&#8243;][vc_column_text]Instructions for retroactively installed horizontal insulation using the saw method and placement instructions for the placement of insulating foil and masonry wedges. The cut is performed, using a carbine-tipped chain saw or a diamond wire saw in sections of max. 1 m (40 inches) length. In some cases, if the wall structure is very [&hellip;]<\/p>\n","protected":false},"author":11,"featured_media":0,"parent":1620,"menu_order":0,"comment_status":"open","ping_status":"open","template":"","meta":{"footnotes":""},"class_list":["post-1667","page","type-page","status-publish","hentry"],"yoast_head":"<!-- This site is optimized with the Yoast SEO plugin v27.0 - https:\/\/yoast.com\/product\/yoast-seo-wordpress\/ -->\n<title>Hinweise beim trockenlegen von Mauerwerken | prinz24.com<\/title>\n<meta name=\"description\" content=\"Wir informieren Sie Schritt f\u00fcr Schritt \u00fcber die Anwendung unserer Produkte beim trockenlegen von Mauerwerken.\" \/>\n<meta name=\"robots\" content=\"index, follow, max-snippet:-1, max-image-preview:large, max-video-preview:-1\" \/>\n<link rel=\"canonical\" href=\"https:\/\/www.prinz24.com\/produkte\/mauersaegen\/mauersaegetechnik\/prinz-mauerwerkstrockenlegung-im-saegeverfahren\/verarbeitungshinweise\/\" \/>\n<meta property=\"og:locale\" content=\"en_US\" \/>\n<meta property=\"og:type\" content=\"article\" \/>\n<meta property=\"og:title\" content=\"Hinweise beim trockenlegen von Mauerwerken | prinz24.com\" \/>\n<meta property=\"og:description\" content=\"Wir informieren Sie Schritt f\u00fcr Schritt \u00fcber die Anwendung unserer Produkte beim trockenlegen von Mauerwerken.\" \/>\n<meta property=\"og:url\" content=\"https:\/\/www.prinz24.com\/produkte\/mauersaegen\/mauersaegetechnik\/prinz-mauerwerkstrockenlegung-im-saegeverfahren\/verarbeitungshinweise\/\" \/>\n<meta property=\"og:site_name\" content=\"PRINZ Kettens\u00e4getechnik\" \/>\n<meta property=\"article:publisher\" content=\"https:\/\/www.facebook.com\/prinzkettensaegetechnik\/\" \/>\n<meta property=\"article:modified_time\" content=\"2017-04-26T06:27:25+00:00\" \/>\n<meta name=\"twitter:card\" content=\"summary_large_image\" \/>\n<meta name=\"twitter:label1\" content=\"Est. reading time\" \/>\n\t<meta name=\"twitter:data1\" content=\"4 minutes\" \/>\n<script type=\"application\/ld+json\" class=\"yoast-schema-graph\">{\"@context\":\"https:\/\/schema.org\",\"@graph\":[{\"@type\":\"WebPage\",\"@id\":\"https:\/\/www.prinz24.com\/produkte\/mauersaegen\/mauersaegetechnik\/prinz-mauerwerkstrockenlegung-im-saegeverfahren\/verarbeitungshinweise\/\",\"url\":\"https:\/\/www.prinz24.com\/produkte\/mauersaegen\/mauersaegetechnik\/prinz-mauerwerkstrockenlegung-im-saegeverfahren\/verarbeitungshinweise\/\",\"name\":\"Hinweise beim trockenlegen von Mauerwerken | prinz24.com\",\"isPartOf\":{\"@id\":\"https:\/\/www.prinz24.com\/#website\"},\"datePublished\":\"2015-05-22T14:32:11+00:00\",\"dateModified\":\"2017-04-26T06:27:25+00:00\",\"description\":\"Wir informieren Sie Schritt f\u00fcr Schritt \u00fcber die Anwendung unserer Produkte beim trockenlegen von Mauerwerken.\",\"breadcrumb\":{\"@id\":\"https:\/\/www.prinz24.com\/produkte\/mauersaegen\/mauersaegetechnik\/prinz-mauerwerkstrockenlegung-im-saegeverfahren\/verarbeitungshinweise\/#breadcrumb\"},\"inLanguage\":\"en-US\",\"potentialAction\":[{\"@type\":\"ReadAction\",\"target\":[\"https:\/\/www.prinz24.com\/produkte\/mauersaegen\/mauersaegetechnik\/prinz-mauerwerkstrockenlegung-im-saegeverfahren\/verarbeitungshinweise\/\"]}]},{\"@type\":\"BreadcrumbList\",\"@id\":\"https:\/\/www.prinz24.com\/produkte\/mauersaegen\/mauersaegetechnik\/prinz-mauerwerkstrockenlegung-im-saegeverfahren\/verarbeitungshinweise\/#breadcrumb\",\"itemListElement\":[{\"@type\":\"ListItem\",\"position\":1,\"name\":\"Startseite\",\"item\":\"https:\/\/www.prinz24.com\/\"},{\"@type\":\"ListItem\",\"position\":2,\"name\":\"Produkte\",\"item\":\"https:\/\/www.prinz24.com\/produkte\/\"},{\"@type\":\"ListItem\",\"position\":3,\"name\":\"Mauers\u00e4gen\",\"item\":\"https:\/\/www.prinz24.com\/produkte\/mauersaegen\/\"},{\"@type\":\"ListItem\",\"position\":4,\"name\":\"Mauers\u00e4getechnik\",\"item\":\"https:\/\/www.prinz24.com\/produkte\/mauersaegen\/mauersaegetechnik\/\"},{\"@type\":\"ListItem\",\"position\":5,\"name\":\"PRINZ Mauerwerkstrockenlegung im S\u00e4geverfahren\",\"item\":\"https:\/\/www.prinz24.com\/produkte\/mauersaegen\/mauersaegetechnik\/prinz-mauerwerkstrockenlegung-im-saegeverfahren\/\"},{\"@type\":\"ListItem\",\"position\":6,\"name\":\"Processing instructions\"}]},{\"@type\":\"WebSite\",\"@id\":\"https:\/\/www.prinz24.com\/#website\",\"url\":\"https:\/\/www.prinz24.com\/\",\"name\":\"PRINZ Kettens\u00e4getechnik\",\"description\":\"Kettens\u00e4gentechnik f\u00fcr die Industrie\",\"potentialAction\":[{\"@type\":\"SearchAction\",\"target\":{\"@type\":\"EntryPoint\",\"urlTemplate\":\"https:\/\/www.prinz24.com\/?s={search_term_string}\"},\"query-input\":{\"@type\":\"PropertyValueSpecification\",\"valueRequired\":true,\"valueName\":\"search_term_string\"}}],\"inLanguage\":\"en-US\"}]}<\/script>\n<!-- \/ Yoast SEO plugin. -->","yoast_head_json":{"title":"Hinweise beim trockenlegen von Mauerwerken | prinz24.com","description":"Wir informieren Sie Schritt f\u00fcr Schritt \u00fcber die Anwendung unserer Produkte beim trockenlegen von Mauerwerken.","robots":{"index":"index","follow":"follow","max-snippet":"max-snippet:-1","max-image-preview":"max-image-preview:large","max-video-preview":"max-video-preview:-1"},"canonical":"https:\/\/www.prinz24.com\/produkte\/mauersaegen\/mauersaegetechnik\/prinz-mauerwerkstrockenlegung-im-saegeverfahren\/verarbeitungshinweise\/","og_locale":"en_US","og_type":"article","og_title":"Hinweise beim trockenlegen von Mauerwerken | prinz24.com","og_description":"Wir informieren Sie Schritt f\u00fcr Schritt \u00fcber die Anwendung unserer Produkte beim trockenlegen von Mauerwerken.","og_url":"https:\/\/www.prinz24.com\/produkte\/mauersaegen\/mauersaegetechnik\/prinz-mauerwerkstrockenlegung-im-saegeverfahren\/verarbeitungshinweise\/","og_site_name":"PRINZ Kettens\u00e4getechnik","article_publisher":"https:\/\/www.facebook.com\/prinzkettensaegetechnik\/","article_modified_time":"2017-04-26T06:27:25+00:00","twitter_card":"summary_large_image","twitter_misc":{"Est. reading time":"4 minutes"},"schema":{"@context":"https:\/\/schema.org","@graph":[{"@type":"WebPage","@id":"https:\/\/www.prinz24.com\/produkte\/mauersaegen\/mauersaegetechnik\/prinz-mauerwerkstrockenlegung-im-saegeverfahren\/verarbeitungshinweise\/","url":"https:\/\/www.prinz24.com\/produkte\/mauersaegen\/mauersaegetechnik\/prinz-mauerwerkstrockenlegung-im-saegeverfahren\/verarbeitungshinweise\/","name":"Hinweise beim trockenlegen von Mauerwerken | prinz24.com","isPartOf":{"@id":"https:\/\/www.prinz24.com\/#website"},"datePublished":"2015-05-22T14:32:11+00:00","dateModified":"2017-04-26T06:27:25+00:00","description":"Wir informieren Sie Schritt f\u00fcr Schritt \u00fcber die Anwendung unserer Produkte beim trockenlegen von Mauerwerken.","breadcrumb":{"@id":"https:\/\/www.prinz24.com\/produkte\/mauersaegen\/mauersaegetechnik\/prinz-mauerwerkstrockenlegung-im-saegeverfahren\/verarbeitungshinweise\/#breadcrumb"},"inLanguage":"en-US","potentialAction":[{"@type":"ReadAction","target":["https:\/\/www.prinz24.com\/produkte\/mauersaegen\/mauersaegetechnik\/prinz-mauerwerkstrockenlegung-im-saegeverfahren\/verarbeitungshinweise\/"]}]},{"@type":"BreadcrumbList","@id":"https:\/\/www.prinz24.com\/produkte\/mauersaegen\/mauersaegetechnik\/prinz-mauerwerkstrockenlegung-im-saegeverfahren\/verarbeitungshinweise\/#breadcrumb","itemListElement":[{"@type":"ListItem","position":1,"name":"Startseite","item":"https:\/\/www.prinz24.com\/"},{"@type":"ListItem","position":2,"name":"Produkte","item":"https:\/\/www.prinz24.com\/produkte\/"},{"@type":"ListItem","position":3,"name":"Mauers\u00e4gen","item":"https:\/\/www.prinz24.com\/produkte\/mauersaegen\/"},{"@type":"ListItem","position":4,"name":"Mauers\u00e4getechnik","item":"https:\/\/www.prinz24.com\/produkte\/mauersaegen\/mauersaegetechnik\/"},{"@type":"ListItem","position":5,"name":"PRINZ Mauerwerkstrockenlegung im S\u00e4geverfahren","item":"https:\/\/www.prinz24.com\/produkte\/mauersaegen\/mauersaegetechnik\/prinz-mauerwerkstrockenlegung-im-saegeverfahren\/"},{"@type":"ListItem","position":6,"name":"Processing instructions"}]},{"@type":"WebSite","@id":"https:\/\/www.prinz24.com\/#website","url":"https:\/\/www.prinz24.com\/","name":"PRINZ Kettens\u00e4getechnik","description":"Kettens\u00e4gentechnik f\u00fcr die Industrie","potentialAction":[{"@type":"SearchAction","target":{"@type":"EntryPoint","urlTemplate":"https:\/\/www.prinz24.com\/?s={search_term_string}"},"query-input":{"@type":"PropertyValueSpecification","valueRequired":true,"valueName":"search_term_string"}}],"inLanguage":"en-US"}]}},"_links":{"self":[{"href":"https:\/\/www.prinz24.com\/en\/wp-json\/wp\/v2\/pages\/1667","targetHints":{"allow":["GET"]}}],"collection":[{"href":"https:\/\/www.prinz24.com\/en\/wp-json\/wp\/v2\/pages"}],"about":[{"href":"https:\/\/www.prinz24.com\/en\/wp-json\/wp\/v2\/types\/page"}],"author":[{"embeddable":true,"href":"https:\/\/www.prinz24.com\/en\/wp-json\/wp\/v2\/users\/11"}],"replies":[{"embeddable":true,"href":"https:\/\/www.prinz24.com\/en\/wp-json\/wp\/v2\/comments?post=1667"}],"version-history":[{"count":14,"href":"https:\/\/www.prinz24.com\/en\/wp-json\/wp\/v2\/pages\/1667\/revisions"}],"predecessor-version":[{"id":4239,"href":"https:\/\/www.prinz24.com\/en\/wp-json\/wp\/v2\/pages\/1667\/revisions\/4239"}],"up":[{"embeddable":true,"href":"https:\/\/www.prinz24.com\/en\/wp-json\/wp\/v2\/pages\/1620"}],"wp:attachment":[{"href":"https:\/\/www.prinz24.com\/en\/wp-json\/wp\/v2\/media?parent=1667"}],"curies":[{"name":"wp","href":"https:\/\/api.w.org\/{rel}","templated":true}]}}