{"id":2032,"date":"2015-06-22T06:55:33","date_gmt":"2015-06-22T06:55:33","guid":{"rendered":"http:\/\/prinz.plesk1.bsocloud.cc\/?page_id=2032"},"modified":"2025-05-25T15:26:37","modified_gmt":"2025-05-25T15:26:37","slug":"logsplitter","status":"publish","type":"page","link":"https:\/\/www.prinz24.com\/en\/produkte\/industrie-holzsaegen\/rundholzsaegen\/logsplitter\/","title":{"rendered":"logSPLITTER"},"content":{"rendered":"<div class=\"wpb-content-wrapper\"><p>[vc_row][vc_column width=&#8221;1\/2&#8243;][vc_single_image image=&#8221;2035&#8243; border_color=&#8221;grey&#8221; img_link_target=&#8221;_self&#8221; img_size=&#8221;300&#215;300&#8243; alignment=&#8221;center&#8221;][\/vc_column][vc_column width=&#8221;1\/2&#8243;][vc_column_text]With the log splitter saws, you will have no difficulty in converting large diameters of up to 250\u2009cm into planks, posts or any other required dimensions. All log lengths can be machined without restriction, as the machine moves on rails. The height setting for sawn timber thickness is infinitely adjustable by hand.<\/p>\n<ul>\n<li>Available in electric or petrol motor options<\/li>\n<li>Electric advance for effortless and convenient\u00a0 saw operation<\/li>\n<li>Infinitely adjustable height settings<\/li>\n<li>With fully automatic chain lubrication<\/li>\n<li>Well-suited to tropical timber<\/li>\n<\/ul>\n<p>[\/vc_column_text][\/vc_column][\/vc_row][vc_row][vc_column width=&#8221;1\/1&#8243;][vc_column_text]<\/p>\n<h2>Technical Data<\/h2>\n<table class=\"contenttable contenttable-0 product-description-table\">\n<tbody>\n<tr class=\"tr-even tr-0\">\n<td class=\"td-0\">Power:<\/td>\n<td class=\"td-last td-1\">15 kW \/18,5 kW<\/td>\n<\/tr>\n<tr class=\"tr-odd tr-1\">\n<td class=\"td-0\">Motor\/Engine:<\/td>\n<td class=\"td-last td-1\">electric\/ petrol<\/td>\n<\/tr>\n<tr class=\"tr-even tr-2\">\n<td class=\"td-0\">Standard diameters:<\/td>\n<td class=\"td-last td-1\">200 cm \u2013 250cm<\/td>\n<\/tr>\n<tr class=\"tr-odd tr-3\">\n<td class=\"td-0\">Larger dimensions available:<\/td>\n<td class=\"td-last td-1\">no<\/td>\n<\/tr>\n<tr class=\"tr-even tr-4\">\n<td class=\"td-0\">Cut feed:<\/td>\n<td class=\"td-last td-1\">Gear motor<\/td>\n<\/tr>\n<tr class=\"tr-odd tr-5\">\n<td class=\"td-0\">Guiding of the cut:<\/td>\n<td class=\"td-last td-1\">rails<\/td>\n<\/tr>\n<tr class=\"tr-even tr-6\">\n<td class=\"td-0\">Saw type:<\/td>\n<td class=\"td-last td-1\">saw moves, logs stationary<\/td>\n<\/tr>\n<tr class=\"tr-odd tr-7\">\n<td class=\"td-0\">Chain types:<\/td>\n<td class=\"td-last td-1\">chipper chain\/carbide tipped chain<\/td>\n<\/tr>\n<tr class=\"tr-even tr-8\">\n<td class=\"td-0\">Guide bar:<\/td>\n<td class=\"td-last td-1\">solid steel, special hard faced edge<\/td>\n<\/tr>\n<tr class=\"tr-odd tr-9\">\n<td class=\"td-0\">Cutting performance:<\/td>\n<td class=\"td-last td-1\">1 min\/m\u00b2<\/td>\n<\/tr>\n<tr class=\"tr-even tr-10\">\n<td class=\"td-0\">Advancing system wood\/saw:<\/td>\n<td class=\"td-last td-1\">round link chain<\/td>\n<\/tr>\n<tr class=\"tr-odd tr-11\">\n<td class=\"td-0\">Log\/saw drive:<\/td>\n<td class=\"td-last td-1\">gear motor<\/td>\n<\/tr>\n<tr class=\"tr-even tr-12\">\n<td class=\"td-0\">Measuring device available:<\/td>\n<td class=\"td-last td-1\">no<\/td>\n<\/tr>\n<tr class=\"tr-odd tr-13\">\n<td class=\"td-0\">Control system available:<\/td>\n<td class=\"td-last td-1\">contactor<\/td>\n<\/tr>\n<tr class=\"tr-even tr-last\">\n<td class=\"td-0\">Applications:<\/td>\n<td class=\"td-last td-1\">log-splitting<\/td>\n<\/tr>\n<\/tbody>\n<\/table>\n<p>[\/vc_column_text][\/vc_column][\/vc_row][vc_row][vc_column width=&#8221;1\/1&#8243;][vc_gallery type=&#8221;image_grid&#8221; interval=&#8221;3&#8243; images=&#8221;2049,2050,2048&#8243; onclick=&#8221;link_image&#8221; custom_links_target=&#8221;_self&#8221;][\/vc_column][\/vc_row]<\/p>\n<\/div>","protected":false},"excerpt":{"rendered":"<p>[vc_row][vc_column width=&#8221;1\/2&#8243;][vc_single_image image=&#8221;2035&#8243; border_color=&#8221;grey&#8221; img_link_target=&#8221;_self&#8221; img_size=&#8221;300&#215;300&#8243; alignment=&#8221;center&#8221;][\/vc_column][vc_column width=&#8221;1\/2&#8243;][vc_column_text]With the log splitter saws, you will have no difficulty in converting large diameters of up to 250\u2009cm into planks, posts or any other required dimensions. All log lengths can be machined without restriction, as the machine moves on rails. The height setting for sawn timber thickness is [&hellip;]<\/p>\n","protected":false},"author":11,"featured_media":0,"parent":302,"menu_order":0,"comment_status":"open","ping_status":"open","template":"","meta":{"footnotes":""},"class_list":["post-2032","page","type-page","status-publish","hentry"],"yoast_head":"<!-- This site is optimized with the Yoast SEO plugin v27.4 - https:\/\/yoast.com\/product\/yoast-seo-wordpress\/ -->\n<title>Industrie-Rundholzs\u00e4ge Logsplitter | prinz24.com<\/title>\n<meta name=\"description\" content=\"Industrie-Rundholzs\u00e4ge Logsplitter der PRINZ Deutschland GmbH.\" \/>\n<meta name=\"robots\" content=\"index, follow, max-snippet:-1, max-image-preview:large, max-video-preview:-1\" \/>\n<link rel=\"canonical\" href=\"https:\/\/www.prinz24.com\/produkte\/industrie-holzsaegen\/rundholzsaegen\/logsplitter\/\" \/>\n<meta property=\"og:locale\" content=\"en_US\" \/>\n<meta property=\"og:type\" content=\"article\" \/>\n<meta property=\"og:title\" content=\"Industrie-Rundholzs\u00e4ge Logsplitter | prinz24.com\" \/>\n<meta property=\"og:description\" content=\"Industrie-Rundholzs\u00e4ge Logsplitter der PRINZ Deutschland GmbH.\" \/>\n<meta property=\"og:url\" content=\"https:\/\/www.prinz24.com\/produkte\/industrie-holzsaegen\/rundholzsaegen\/logsplitter\/\" \/>\n<meta property=\"og:site_name\" content=\"PRINZ Kettens\u00e4getechnik\" \/>\n<meta property=\"article:publisher\" content=\"https:\/\/www.facebook.com\/prinzkettensaegetechnik\/\" \/>\n<meta property=\"article:modified_time\" content=\"2025-05-25T15:26:37+00:00\" \/>\n<meta name=\"twitter:card\" content=\"summary_large_image\" \/>\n<meta name=\"twitter:label1\" content=\"Est. reading time\" \/>\n\t<meta name=\"twitter:data1\" content=\"3 minutes\" \/>\n<script type=\"application\/ld+json\" class=\"yoast-schema-graph\">{\"@context\":\"https:\\\/\\\/schema.org\",\"@graph\":[{\"@type\":\"WebPage\",\"@id\":\"https:\\\/\\\/www.prinz24.com\\\/produkte\\\/industrie-holzsaegen\\\/rundholzsaegen\\\/logsplitter\\\/\",\"url\":\"https:\\\/\\\/www.prinz24.com\\\/produkte\\\/industrie-holzsaegen\\\/rundholzsaegen\\\/logsplitter\\\/\",\"name\":\"Industrie-Rundholzs\u00e4ge Logsplitter | prinz24.com\",\"isPartOf\":{\"@id\":\"https:\\\/\\\/www.prinz24.com\\\/#website\"},\"datePublished\":\"2015-06-22T06:55:33+00:00\",\"dateModified\":\"2025-05-25T15:26:37+00:00\",\"description\":\"Industrie-Rundholzs\u00e4ge Logsplitter der PRINZ Deutschland GmbH.\",\"breadcrumb\":{\"@id\":\"https:\\\/\\\/www.prinz24.com\\\/produkte\\\/industrie-holzsaegen\\\/rundholzsaegen\\\/logsplitter\\\/#breadcrumb\"},\"inLanguage\":\"en-US\",\"potentialAction\":[{\"@type\":\"ReadAction\",\"target\":[\"https:\\\/\\\/www.prinz24.com\\\/produkte\\\/industrie-holzsaegen\\\/rundholzsaegen\\\/logsplitter\\\/\"]}]},{\"@type\":\"BreadcrumbList\",\"@id\":\"https:\\\/\\\/www.prinz24.com\\\/produkte\\\/industrie-holzsaegen\\\/rundholzsaegen\\\/logsplitter\\\/#breadcrumb\",\"itemListElement\":[{\"@type\":\"ListItem\",\"position\":1,\"name\":\"Startseite\",\"item\":\"https:\\\/\\\/www.prinz24.com\\\/\"},{\"@type\":\"ListItem\",\"position\":2,\"name\":\"Produkte\",\"item\":\"https:\\\/\\\/www.prinz24.com\\\/produkte\\\/\"},{\"@type\":\"ListItem\",\"position\":3,\"name\":\"Holzs\u00e4gen\",\"item\":\"https:\\\/\\\/www.prinz24.com\\\/produkte\\\/industrie-holzsaegen\\\/\"},{\"@type\":\"ListItem\",\"position\":4,\"name\":\"Rundholzs\u00e4gen\",\"item\":\"https:\\\/\\\/www.prinz24.com\\\/produkte\\\/industrie-holzsaegen\\\/rundholzsaegen\\\/\"},{\"@type\":\"ListItem\",\"position\":5,\"name\":\"logSPLITTER\"}]},{\"@type\":\"WebSite\",\"@id\":\"https:\\\/\\\/www.prinz24.com\\\/#website\",\"url\":\"https:\\\/\\\/www.prinz24.com\\\/\",\"name\":\"PRINZ Kettens\u00e4getechnik\",\"description\":\"Kettens\u00e4gentechnik f\u00fcr die Industrie\",\"potentialAction\":[{\"@type\":\"SearchAction\",\"target\":{\"@type\":\"EntryPoint\",\"urlTemplate\":\"https:\\\/\\\/www.prinz24.com\\\/?s={search_term_string}\"},\"query-input\":{\"@type\":\"PropertyValueSpecification\",\"valueRequired\":true,\"valueName\":\"search_term_string\"}}],\"inLanguage\":\"en-US\"}]}<\/script>\n<!-- \/ Yoast SEO plugin. -->","yoast_head_json":{"title":"Industrie-Rundholzs\u00e4ge Logsplitter | prinz24.com","description":"Industrie-Rundholzs\u00e4ge Logsplitter der PRINZ Deutschland GmbH.","robots":{"index":"index","follow":"follow","max-snippet":"max-snippet:-1","max-image-preview":"max-image-preview:large","max-video-preview":"max-video-preview:-1"},"canonical":"https:\/\/www.prinz24.com\/produkte\/industrie-holzsaegen\/rundholzsaegen\/logsplitter\/","og_locale":"en_US","og_type":"article","og_title":"Industrie-Rundholzs\u00e4ge Logsplitter | prinz24.com","og_description":"Industrie-Rundholzs\u00e4ge Logsplitter der PRINZ Deutschland GmbH.","og_url":"https:\/\/www.prinz24.com\/produkte\/industrie-holzsaegen\/rundholzsaegen\/logsplitter\/","og_site_name":"PRINZ Kettens\u00e4getechnik","article_publisher":"https:\/\/www.facebook.com\/prinzkettensaegetechnik\/","article_modified_time":"2025-05-25T15:26:37+00:00","twitter_card":"summary_large_image","twitter_misc":{"Est. reading time":"3 minutes"},"schema":{"@context":"https:\/\/schema.org","@graph":[{"@type":"WebPage","@id":"https:\/\/www.prinz24.com\/produkte\/industrie-holzsaegen\/rundholzsaegen\/logsplitter\/","url":"https:\/\/www.prinz24.com\/produkte\/industrie-holzsaegen\/rundholzsaegen\/logsplitter\/","name":"Industrie-Rundholzs\u00e4ge Logsplitter | prinz24.com","isPartOf":{"@id":"https:\/\/www.prinz24.com\/#website"},"datePublished":"2015-06-22T06:55:33+00:00","dateModified":"2025-05-25T15:26:37+00:00","description":"Industrie-Rundholzs\u00e4ge Logsplitter der PRINZ Deutschland GmbH.","breadcrumb":{"@id":"https:\/\/www.prinz24.com\/produkte\/industrie-holzsaegen\/rundholzsaegen\/logsplitter\/#breadcrumb"},"inLanguage":"en-US","potentialAction":[{"@type":"ReadAction","target":["https:\/\/www.prinz24.com\/produkte\/industrie-holzsaegen\/rundholzsaegen\/logsplitter\/"]}]},{"@type":"BreadcrumbList","@id":"https:\/\/www.prinz24.com\/produkte\/industrie-holzsaegen\/rundholzsaegen\/logsplitter\/#breadcrumb","itemListElement":[{"@type":"ListItem","position":1,"name":"Startseite","item":"https:\/\/www.prinz24.com\/"},{"@type":"ListItem","position":2,"name":"Produkte","item":"https:\/\/www.prinz24.com\/produkte\/"},{"@type":"ListItem","position":3,"name":"Holzs\u00e4gen","item":"https:\/\/www.prinz24.com\/produkte\/industrie-holzsaegen\/"},{"@type":"ListItem","position":4,"name":"Rundholzs\u00e4gen","item":"https:\/\/www.prinz24.com\/produkte\/industrie-holzsaegen\/rundholzsaegen\/"},{"@type":"ListItem","position":5,"name":"logSPLITTER"}]},{"@type":"WebSite","@id":"https:\/\/www.prinz24.com\/#website","url":"https:\/\/www.prinz24.com\/","name":"PRINZ Kettens\u00e4getechnik","description":"Kettens\u00e4gentechnik f\u00fcr die Industrie","potentialAction":[{"@type":"SearchAction","target":{"@type":"EntryPoint","urlTemplate":"https:\/\/www.prinz24.com\/?s={search_term_string}"},"query-input":{"@type":"PropertyValueSpecification","valueRequired":true,"valueName":"search_term_string"}}],"inLanguage":"en-US"}]}},"_links":{"self":[{"href":"https:\/\/www.prinz24.com\/en\/wp-json\/wp\/v2\/pages\/2032","targetHints":{"allow":["GET"]}}],"collection":[{"href":"https:\/\/www.prinz24.com\/en\/wp-json\/wp\/v2\/pages"}],"about":[{"href":"https:\/\/www.prinz24.com\/en\/wp-json\/wp\/v2\/types\/page"}],"author":[{"embeddable":true,"href":"https:\/\/www.prinz24.com\/en\/wp-json\/wp\/v2\/users\/11"}],"replies":[{"embeddable":true,"href":"https:\/\/www.prinz24.com\/en\/wp-json\/wp\/v2\/comments?post=2032"}],"version-history":[{"count":23,"href":"https:\/\/www.prinz24.com\/en\/wp-json\/wp\/v2\/pages\/2032\/revisions"}],"predecessor-version":[{"id":10056,"href":"https:\/\/www.prinz24.com\/en\/wp-json\/wp\/v2\/pages\/2032\/revisions\/10056"}],"up":[{"embeddable":true,"href":"https:\/\/www.prinz24.com\/en\/wp-json\/wp\/v2\/pages\/302"}],"wp:attachment":[{"href":"https:\/\/www.prinz24.com\/en\/wp-json\/wp\/v2\/media?parent=2032"}],"curies":[{"name":"wp","href":"https:\/\/api.w.org\/{rel}","templated":true}]}}