{"id":2092,"date":"2015-06-22T09:20:32","date_gmt":"2015-06-22T09:20:32","guid":{"rendered":"http:\/\/prinz.plesk1.bsocloud.cc\/?page_id=2092"},"modified":"2025-05-25T15:15:47","modified_gmt":"2025-05-25T15:15:47","slug":"proficut-petrol","status":"publish","type":"page","link":"https:\/\/www.prinz24.com\/en\/produkte\/industrie-holzsaegen\/fahrbare-holzsaegen\/proficut-petrol\/","title":{"rendered":"profiCUT Petrol"},"content":{"rendered":"<div class=\"wpb-content-wrapper\"><p>[vc_row][vc_column width=&#8221;1\/2&#8243;][vc_single_image image=&#8221;7422&#8243; img_size=&#8221;full&#8221; alignment=&#8221;center&#8221;][\/vc_column][vc_column width=&#8221;1\/2&#8243;][vc_column_text css=&#8221;&#8221;]This saw unit can be operated anywhere and guarantees maximal mobility.<br \/>\nWith its two stabilisers it is ideal for efficient cross-cutting of ends and cutting through round timber and stacks.<br \/>\nThe large front plate ensures exact squaring of the saw against the package.<\/p>\n<p>Thanks to the automatic lubrication of the saw chain directly on the cutting edge, a long lifespan of the saw chain and the guide bar are guaranteed.<\/p>\n<p>Your benefits:<\/p>\n<p>\u2013 combustion engine<br \/>\n\u2013 no power supply necessary<br \/>\n\u2013 starting by ignition lock (battery) or rather pull starter<br \/>\n\u2013 12V battery charged by the alternator<br \/>\n\u2013 chain saw mounted on two full rubber tires for best stability<br \/>\n\u2013 \u00a0complete with full automatic lubricating device in bar head tensioner<br \/>\n\u2013 easy chain tensioning and chain replacement system for less down time<br \/>\n\u2013 economic and comfortable one-man operation<br \/>\n\u2013 ergonomic cutting handle facilitating an easy raising of the guide bar<br \/>\n\u2013 cutting equipment up to 250 cm<br \/>\n\u2013 packages up to 1740 x 1740 mm and round timber up to 2040 mm diameter can be cut<br \/>\n\u2013 with footrest for more comfort and safety<br \/>\n\u2013 machine is delivered ready to use,\u00a0cutting equipment must be mounted by the customer<br \/>\n\u2013 quick payback thanks to low purchase and operating costs[\/vc_column_text][\/vc_column][\/vc_row][vc_row][vc_column][vc_column_text css=&#8221;&#8221;]<\/p>\n<h2>Technical Data<\/h2>\n<table class=\"contenttable contenttable-0 product-description-table\">\n<tbody>\n<tr class=\"tr-even tr-0\">\n<td class=\"td-0\">Power:<\/td>\n<td class=\"td-last td-1\">16,9 kW<\/td>\n<\/tr>\n<tr class=\"tr-odd tr-1\">\n<td class=\"td-0\">Fuel:<\/td>\n<td class=\"td-last td-1\">petrol<\/td>\n<\/tr>\n<tr class=\"tr-odd tr-1\">\n<td class=\"td-0\">Number of cylinders:<\/td>\n<td class=\"td-last td-1\">2<\/td>\n<\/tr>\n<tr class=\"tr-even tr-2\">\n<td class=\"td-0\">Standard package size (width x height):<\/td>\n<td class=\"td-last td-1\">130 x 130 cm<\/td>\n<\/tr>\n<tr class=\"tr-odd tr-3\">\n<td class=\"td-0\">Larger dimensions available:<\/td>\n<td class=\"td-last td-1\">yes<\/td>\n<\/tr>\n<tr class=\"tr-even tr-4\">\n<td class=\"td-0\">Cut feed:<\/td>\n<td class=\"td-last td-1\">manual<\/td>\n<\/tr>\n<tr class=\"tr-odd tr-5\">\n<td class=\"td-0\">Guiding of the cut:<\/td>\n<td class=\"td-last td-1\">stabilisers<\/td>\n<\/tr>\n<tr class=\"tr-even tr-6\">\n<td class=\"td-0\">Saw type:<\/td>\n<td class=\"td-last td-1\">mobile saw<\/td>\n<\/tr>\n<tr class=\"tr-odd tr-7\">\n<td class=\"td-0\">Chain types:<\/td>\n<td class=\"td-last td-1\">scraper, chipper or carbide tipped chain<\/td>\n<\/tr>\n<tr class=\"tr-even tr-8\">\n<td class=\"td-0\">Guide bar:<\/td>\n<td class=\"td-last td-1\">solid steel, special hard faced edge<\/td>\n<\/tr>\n<tr class=\"tr-even tr-12\">\n<td class=\"td-0\">Measuring device available:<\/td>\n<td class=\"td-last td-1\">no<\/td>\n<\/tr>\n<tr class=\"tr-even tr-last\">\n<td class=\"td-0\">Applications:<\/td>\n<td class=\"td-last td-1\">clean cuts on packages and logs, cutting on the spot<\/td>\n<\/tr>\n<\/tbody>\n<\/table>\n<p>[\/vc_column_text][vc_row_inner css=&#8221;.vc_custom_1535020009345{margin-top: 40px !important;}&#8221;][vc_column_inner][vc_video link=&#8221;https:\/\/www.youtube.com\/watch?v=S00TdtjkMQk&#8221; css=&#8221;&#8221;][vc_gallery type=&#8221;image_grid&#8221; images=&#8221;7428,7427,7426,7434,7425,7424,7431,7430,7429&#8243;][\/vc_column_inner][\/vc_row_inner][\/vc_column][\/vc_row]<\/p>\n<\/div>","protected":false},"excerpt":{"rendered":"<p>[vc_row][vc_column width=&#8221;1\/2&#8243;][vc_single_image image=&#8221;7422&#8243; img_size=&#8221;full&#8221; alignment=&#8221;center&#8221;][\/vc_column][vc_column width=&#8221;1\/2&#8243;][vc_column_text css=&#8221;&#8221;]This saw unit can be operated anywhere and guarantees maximal mobility. With its two stabilisers it is ideal for efficient cross-cutting of ends and cutting through round timber and stacks. The large front plate ensures exact squaring of the saw against the package. Thanks to the automatic lubrication of [&hellip;]<\/p>\n","protected":false},"author":11,"featured_media":0,"parent":304,"menu_order":0,"comment_status":"open","ping_status":"open","template":"","meta":{"footnotes":""},"class_list":["post-2092","page","type-page","status-publish","hentry"],"yoast_head":"<!-- This site is optimized with the Yoast SEO plugin v27.4 - https:\/\/yoast.com\/product\/yoast-seo-wordpress\/ -->\n<title>Fahrbare Industrie-Holzs\u00e4ge Proficut-Benzin | prinz24.com<\/title>\n<meta name=\"description\" content=\"Hier finden Sie die fahrbare Industrie-Holzs\u00e4ge Proficut-Benzin der PRINZ Deutschland GmbH.\" \/>\n<meta name=\"robots\" content=\"index, follow, max-snippet:-1, max-image-preview:large, max-video-preview:-1\" \/>\n<link rel=\"canonical\" href=\"https:\/\/www.prinz24.com\/produkte\/industrie-holzsaegen\/fahrbare-holzsaegen\/proficut-petrol\/\" \/>\n<meta property=\"og:locale\" content=\"en_US\" \/>\n<meta property=\"og:type\" content=\"article\" \/>\n<meta property=\"og:title\" content=\"Fahrbare Industrie-Holzs\u00e4ge Proficut-Benzin | prinz24.com\" \/>\n<meta property=\"og:description\" content=\"Hier finden Sie die fahrbare Industrie-Holzs\u00e4ge Proficut-Benzin der PRINZ Deutschland GmbH.\" \/>\n<meta property=\"og:url\" content=\"https:\/\/www.prinz24.com\/produkte\/industrie-holzsaegen\/fahrbare-holzsaegen\/proficut-petrol\/\" \/>\n<meta property=\"og:site_name\" content=\"PRINZ Kettens\u00e4getechnik\" \/>\n<meta property=\"article:publisher\" content=\"https:\/\/www.facebook.com\/prinzkettensaegetechnik\/\" \/>\n<meta property=\"article:modified_time\" content=\"2025-05-25T15:15:47+00:00\" \/>\n<meta name=\"twitter:card\" content=\"summary_large_image\" \/>\n<meta name=\"twitter:label1\" content=\"Est. reading time\" \/>\n\t<meta name=\"twitter:data1\" content=\"3 minutes\" \/>\n<script type=\"application\/ld+json\" class=\"yoast-schema-graph\">{\"@context\":\"https:\\\/\\\/schema.org\",\"@graph\":[{\"@type\":\"WebPage\",\"@id\":\"https:\\\/\\\/www.prinz24.com\\\/produkte\\\/industrie-holzsaegen\\\/fahrbare-holzsaegen\\\/proficut-petrol\\\/\",\"url\":\"https:\\\/\\\/www.prinz24.com\\\/produkte\\\/industrie-holzsaegen\\\/fahrbare-holzsaegen\\\/proficut-petrol\\\/\",\"name\":\"Fahrbare Industrie-Holzs\u00e4ge Proficut-Benzin | prinz24.com\",\"isPartOf\":{\"@id\":\"https:\\\/\\\/www.prinz24.com\\\/#website\"},\"datePublished\":\"2015-06-22T09:20:32+00:00\",\"dateModified\":\"2025-05-25T15:15:47+00:00\",\"description\":\"Hier finden Sie die fahrbare Industrie-Holzs\u00e4ge Proficut-Benzin der PRINZ Deutschland GmbH.\",\"breadcrumb\":{\"@id\":\"https:\\\/\\\/www.prinz24.com\\\/produkte\\\/industrie-holzsaegen\\\/fahrbare-holzsaegen\\\/proficut-petrol\\\/#breadcrumb\"},\"inLanguage\":\"en-US\",\"potentialAction\":[{\"@type\":\"ReadAction\",\"target\":[\"https:\\\/\\\/www.prinz24.com\\\/produkte\\\/industrie-holzsaegen\\\/fahrbare-holzsaegen\\\/proficut-petrol\\\/\"]}]},{\"@type\":\"BreadcrumbList\",\"@id\":\"https:\\\/\\\/www.prinz24.com\\\/produkte\\\/industrie-holzsaegen\\\/fahrbare-holzsaegen\\\/proficut-petrol\\\/#breadcrumb\",\"itemListElement\":[{\"@type\":\"ListItem\",\"position\":1,\"name\":\"Startseite\",\"item\":\"https:\\\/\\\/www.prinz24.com\\\/\"},{\"@type\":\"ListItem\",\"position\":2,\"name\":\"Produkte\",\"item\":\"https:\\\/\\\/www.prinz24.com\\\/produkte\\\/\"},{\"@type\":\"ListItem\",\"position\":3,\"name\":\"Holzs\u00e4gen\",\"item\":\"https:\\\/\\\/www.prinz24.com\\\/produkte\\\/industrie-holzsaegen\\\/\"},{\"@type\":\"ListItem\",\"position\":4,\"name\":\"Fahrbare S\u00e4gen\",\"item\":\"https:\\\/\\\/www.prinz24.com\\\/produkte\\\/industrie-holzsaegen\\\/fahrbare-holzsaegen\\\/\"},{\"@type\":\"ListItem\",\"position\":5,\"name\":\"profiCUT PETROL\"}]},{\"@type\":\"WebSite\",\"@id\":\"https:\\\/\\\/www.prinz24.com\\\/#website\",\"url\":\"https:\\\/\\\/www.prinz24.com\\\/\",\"name\":\"PRINZ Kettens\u00e4getechnik\",\"description\":\"Kettens\u00e4gentechnik f\u00fcr die Industrie\",\"potentialAction\":[{\"@type\":\"SearchAction\",\"target\":{\"@type\":\"EntryPoint\",\"urlTemplate\":\"https:\\\/\\\/www.prinz24.com\\\/?s={search_term_string}\"},\"query-input\":{\"@type\":\"PropertyValueSpecification\",\"valueRequired\":true,\"valueName\":\"search_term_string\"}}],\"inLanguage\":\"en-US\"}]}<\/script>\n<!-- \/ Yoast SEO plugin. -->","yoast_head_json":{"title":"Fahrbare Industrie-Holzs\u00e4ge Proficut-Benzin | prinz24.com","description":"Hier finden Sie die fahrbare Industrie-Holzs\u00e4ge Proficut-Benzin der PRINZ Deutschland GmbH.","robots":{"index":"index","follow":"follow","max-snippet":"max-snippet:-1","max-image-preview":"max-image-preview:large","max-video-preview":"max-video-preview:-1"},"canonical":"https:\/\/www.prinz24.com\/produkte\/industrie-holzsaegen\/fahrbare-holzsaegen\/proficut-petrol\/","og_locale":"en_US","og_type":"article","og_title":"Fahrbare Industrie-Holzs\u00e4ge Proficut-Benzin | prinz24.com","og_description":"Hier finden Sie die fahrbare Industrie-Holzs\u00e4ge Proficut-Benzin der PRINZ Deutschland GmbH.","og_url":"https:\/\/www.prinz24.com\/produkte\/industrie-holzsaegen\/fahrbare-holzsaegen\/proficut-petrol\/","og_site_name":"PRINZ Kettens\u00e4getechnik","article_publisher":"https:\/\/www.facebook.com\/prinzkettensaegetechnik\/","article_modified_time":"2025-05-25T15:15:47+00:00","twitter_card":"summary_large_image","twitter_misc":{"Est. reading time":"3 minutes"},"schema":{"@context":"https:\/\/schema.org","@graph":[{"@type":"WebPage","@id":"https:\/\/www.prinz24.com\/produkte\/industrie-holzsaegen\/fahrbare-holzsaegen\/proficut-petrol\/","url":"https:\/\/www.prinz24.com\/produkte\/industrie-holzsaegen\/fahrbare-holzsaegen\/proficut-petrol\/","name":"Fahrbare Industrie-Holzs\u00e4ge Proficut-Benzin | prinz24.com","isPartOf":{"@id":"https:\/\/www.prinz24.com\/#website"},"datePublished":"2015-06-22T09:20:32+00:00","dateModified":"2025-05-25T15:15:47+00:00","description":"Hier finden Sie die fahrbare Industrie-Holzs\u00e4ge Proficut-Benzin der PRINZ Deutschland GmbH.","breadcrumb":{"@id":"https:\/\/www.prinz24.com\/produkte\/industrie-holzsaegen\/fahrbare-holzsaegen\/proficut-petrol\/#breadcrumb"},"inLanguage":"en-US","potentialAction":[{"@type":"ReadAction","target":["https:\/\/www.prinz24.com\/produkte\/industrie-holzsaegen\/fahrbare-holzsaegen\/proficut-petrol\/"]}]},{"@type":"BreadcrumbList","@id":"https:\/\/www.prinz24.com\/produkte\/industrie-holzsaegen\/fahrbare-holzsaegen\/proficut-petrol\/#breadcrumb","itemListElement":[{"@type":"ListItem","position":1,"name":"Startseite","item":"https:\/\/www.prinz24.com\/"},{"@type":"ListItem","position":2,"name":"Produkte","item":"https:\/\/www.prinz24.com\/produkte\/"},{"@type":"ListItem","position":3,"name":"Holzs\u00e4gen","item":"https:\/\/www.prinz24.com\/produkte\/industrie-holzsaegen\/"},{"@type":"ListItem","position":4,"name":"Fahrbare S\u00e4gen","item":"https:\/\/www.prinz24.com\/produkte\/industrie-holzsaegen\/fahrbare-holzsaegen\/"},{"@type":"ListItem","position":5,"name":"profiCUT PETROL"}]},{"@type":"WebSite","@id":"https:\/\/www.prinz24.com\/#website","url":"https:\/\/www.prinz24.com\/","name":"PRINZ Kettens\u00e4getechnik","description":"Kettens\u00e4gentechnik f\u00fcr die Industrie","potentialAction":[{"@type":"SearchAction","target":{"@type":"EntryPoint","urlTemplate":"https:\/\/www.prinz24.com\/?s={search_term_string}"},"query-input":{"@type":"PropertyValueSpecification","valueRequired":true,"valueName":"search_term_string"}}],"inLanguage":"en-US"}]}},"_links":{"self":[{"href":"https:\/\/www.prinz24.com\/en\/wp-json\/wp\/v2\/pages\/2092","targetHints":{"allow":["GET"]}}],"collection":[{"href":"https:\/\/www.prinz24.com\/en\/wp-json\/wp\/v2\/pages"}],"about":[{"href":"https:\/\/www.prinz24.com\/en\/wp-json\/wp\/v2\/types\/page"}],"author":[{"embeddable":true,"href":"https:\/\/www.prinz24.com\/en\/wp-json\/wp\/v2\/users\/11"}],"replies":[{"embeddable":true,"href":"https:\/\/www.prinz24.com\/en\/wp-json\/wp\/v2\/comments?post=2092"}],"version-history":[{"count":21,"href":"https:\/\/www.prinz24.com\/en\/wp-json\/wp\/v2\/pages\/2092\/revisions"}],"predecessor-version":[{"id":10050,"href":"https:\/\/www.prinz24.com\/en\/wp-json\/wp\/v2\/pages\/2092\/revisions\/10050"}],"up":[{"embeddable":true,"href":"https:\/\/www.prinz24.com\/en\/wp-json\/wp\/v2\/pages\/304"}],"wp:attachment":[{"href":"https:\/\/www.prinz24.com\/en\/wp-json\/wp\/v2\/media?parent=2092"}],"curies":[{"name":"wp","href":"https:\/\/api.w.org\/{rel}","templated":true}]}}