{"id":2155,"date":"2015-06-24T06:37:07","date_gmt":"2015-06-24T06:37:07","guid":{"rendered":"http:\/\/prinz.plesk1.bsocloud.cc\/?page_id=2155"},"modified":"2025-05-25T13:56:28","modified_gmt":"2025-05-25T13:56:28","slug":"pc-120-mit-kettenfoerderer","status":"publish","type":"page","link":"https:\/\/www.prinz24.com\/en\/produkte\/industrie-holzsaegen\/parallelgefuehrte-bretterpaketsaegen\/pc-120-mit-kettenfoerderer\/","title":{"rendered":"pc120 &#8211; chain conveyor"},"content":{"rendered":"<div class=\"wpb-content-wrapper\"><p>[vc_row][vc_column width=&#8221;1\/2&#8243;][vc_single_image image=&#8221;6280&#8243; img_size=&#8221;full&#8221; css=&#8221;&#8221;][\/vc_column][vc_column width=&#8221;1\/2&#8243;][vc_column_text]Chain conveyors are perfectly suited for the forwarding of packages of short length \u00a0such as MDF, chipboard and composite materials as these systems are continuous and without any interruption. They are also the best solution when fragile surfaces have to be transported.[\/vc_column_text][\/vc_column][\/vc_row][vc_row][vc_column][vc_column_text]<\/p>\n<h2>Technical Data<\/h2>\n<table class=\"contenttable contenttable-0 product-description-table\">\n<tbody>\n<tr class=\"tr-even tr-0\">\n<td class=\"td-0\">Power:<\/td>\n<td class=\"td-last td-1\">15 kW<\/td>\n<\/tr>\n<tr class=\"tr-odd tr-1\">\n<td class=\"td-0\">Motor\/Engine:<\/td>\n<td class=\"td-last td-1\">electric<\/td>\n<\/tr>\n<tr class=\"tr-even tr-2\">\n<td class=\"td-0\">Cutting accuracy:<\/td>\n<td class=\"td-last td-1\">\u00b11mm<\/td>\n<\/tr>\n<tr class=\"tr-odd tr-3\">\n<td class=\"td-0\">Standard package size (width x height):<\/td>\n<td class=\"td-last td-1\">120x120cm<\/td>\n<\/tr>\n<tr class=\"tr-even tr-4\">\n<td class=\"td-0\">Larger dimensions available:<\/td>\n<td class=\"td-last td-1\">yes<\/td>\n<\/tr>\n<tr class=\"tr-odd tr-5\">\n<td class=\"td-0\">Cut feed:<\/td>\n<td class=\"td-last td-1\">gear motor<\/td>\n<\/tr>\n<tr class=\"tr-even tr-6\">\n<td class=\"td-0\">Guiding of the cut:<\/td>\n<td class=\"td-last td-1\">parallel precision linear bearing guide system<\/td>\n<\/tr>\n<tr class=\"tr-odd tr-7\">\n<td class=\"td-0\">Saw type:<\/td>\n<td class=\"td-last td-1\">stationary saw\/package moves<\/td>\n<\/tr>\n<tr class=\"tr-even tr-8\">\n<td class=\"td-0\">Chain types:<\/td>\n<td class=\"td-last td-1\">scraper chain\/ carbide tipped chain<\/td>\n<\/tr>\n<tr class=\"tr-odd tr-9\">\n<td class=\"td-0\">Guide bar:<\/td>\n<td class=\"td-last td-1\">solid steel, special hard faced edge<\/td>\n<\/tr>\n<tr class=\"tr-odd tr-11\">\n<td class=\"td-0\">Package\/saw drive:<\/td>\n<td class=\"td-last td-1\">gear motor with frequency converter<\/td>\n<\/tr>\n<tr class=\"tr-even tr-12\">\n<td class=\"td-0\">Measuring device available:<\/td>\n<td class=\"td-last td-1\">yes<\/td>\n<\/tr>\n<tr class=\"tr-odd tr-13\">\n<td class=\"td-0\">Control system:<\/td>\n<td class=\"td-last td-1\">full and half automatic<\/td>\n<\/tr>\n<tr class=\"tr-even tr-14\">\n<td class=\"td-0\">Applications:<\/td>\n<td class=\"td-last td-1\">fully automatic production system with \u00b11mm cut accuracy, unlimited package length<\/td>\n<\/tr>\n<tr class=\"tr-odd tr-15\">\n<td class=\"td-0\">Options:<\/td>\n<td class=\"td-last td-1\">manual or electronic measuring device<\/td>\n<\/tr>\n<tr class=\"tr-even tr-16\">\n<td class=\"td-0\"><\/td>\n<td class=\"td-last td-1\">exhaust connection, cross conveyors, laser light for cut position<\/td>\n<\/tr>\n<tr class=\"tr-odd tr-17\">\n<td class=\"td-0\"><\/td>\n<td class=\"td-last td-1\">strapping machine, conveyors for waste removal<\/td>\n<\/tr>\n<tr class=\"tr-even tr-18\">\n<td class=\"td-0\"><\/td>\n<td class=\"td-last td-1\">vibrating rollcase for package alignment to eliminate end trims, container for waste removal<\/td>\n<\/tr>\n<tr class=\"tr-odd tr-19\">\n<td class=\"td-0\"><\/td>\n<td class=\"td-last td-1\">package holding down appliance<\/td>\n<\/tr>\n<\/tbody>\n<\/table>\n<p>[\/vc_column_text][\/vc_column][\/vc_row][vc_row][vc_column][vc_gallery type=&#8221;image_grid&#8221; images=&#8221;7471,4940,7475,7472,7470,7473,7474,2190,2189,2188&#8243;][\/vc_column][\/vc_row][vc_row][vc_column width=&#8221;1\/2&#8243;][vc_video link=&#8221;https:\/\/www.youtube.com\/watch?v=ZAVE-t4Sxao&#8221; css=&#8221;&#8221;][\/vc_column][vc_column width=&#8221;1\/2&#8243;][vc_video link=&#8221;https:\/\/www.youtube.com\/watch?v=-hrDywPD0ms&amp;t=52s&#8221;][\/vc_column][\/vc_row]<\/p>\n<\/div>","protected":false},"excerpt":{"rendered":"<p>[vc_row][vc_column width=&#8221;1\/2&#8243;][vc_single_image image=&#8221;6280&#8243; img_size=&#8221;full&#8221; css=&#8221;&#8221;][\/vc_column][vc_column width=&#8221;1\/2&#8243;][vc_column_text]Chain conveyors are perfectly suited for the forwarding of packages of short length \u00a0such as MDF, chipboard and composite materials as these systems are continuous and without any interruption. They are also the best solution when fragile surfaces have to be transported.[\/vc_column_text][\/vc_column][\/vc_row][vc_row][vc_column][vc_column_text] Technical Data Power: 15 kW Motor\/Engine: electric Cutting [&hellip;]<\/p>\n","protected":false},"author":11,"featured_media":0,"parent":293,"menu_order":0,"comment_status":"open","ping_status":"open","template":"","meta":{"footnotes":""},"class_list":["post-2155","page","type-page","status-publish","hentry"],"yoast_head":"<!-- This site is optimized with the Yoast SEO plugin v27.4 - https:\/\/yoast.com\/product\/yoast-seo-wordpress\/ -->\n<title>Parallelgef\u00fchrte Bretterpakets\u00e4ge mit Kettenf\u00f6rderer | prinz24.com<\/title>\n<meta name=\"description\" content=\"Die parallelgef\u00fchrte Bretterpakets\u00e4ge mit Kettenf\u00f6rderer der PRINZ Deutschland GmbH.\" \/>\n<meta name=\"robots\" content=\"index, follow, max-snippet:-1, max-image-preview:large, max-video-preview:-1\" \/>\n<link rel=\"canonical\" href=\"https:\/\/www.prinz24.com\/produkte\/industrie-holzsaegen\/parallelgefuehrte-bretterpaketsaegen\/pc-120-mit-kettenfoerderer\/\" \/>\n<meta property=\"og:locale\" content=\"en_US\" \/>\n<meta property=\"og:type\" content=\"article\" \/>\n<meta property=\"og:title\" content=\"Parallelgef\u00fchrte Bretterpakets\u00e4ge mit Kettenf\u00f6rderer | prinz24.com\" \/>\n<meta property=\"og:description\" content=\"Die parallelgef\u00fchrte Bretterpakets\u00e4ge mit Kettenf\u00f6rderer der PRINZ Deutschland GmbH.\" \/>\n<meta property=\"og:url\" content=\"https:\/\/www.prinz24.com\/produkte\/industrie-holzsaegen\/parallelgefuehrte-bretterpaketsaegen\/pc-120-mit-kettenfoerderer\/\" \/>\n<meta property=\"og:site_name\" content=\"PRINZ Kettens\u00e4getechnik\" \/>\n<meta property=\"article:publisher\" content=\"https:\/\/www.facebook.com\/prinzkettensaegetechnik\/\" \/>\n<meta property=\"article:modified_time\" content=\"2025-05-25T13:56:28+00:00\" \/>\n<meta name=\"twitter:card\" content=\"summary_large_image\" \/>\n<meta name=\"twitter:label1\" content=\"Est. reading time\" \/>\n\t<meta name=\"twitter:data1\" content=\"5 minutes\" \/>\n<script type=\"application\/ld+json\" class=\"yoast-schema-graph\">{\"@context\":\"https:\\\/\\\/schema.org\",\"@graph\":[{\"@type\":\"WebPage\",\"@id\":\"https:\\\/\\\/www.prinz24.com\\\/produkte\\\/industrie-holzsaegen\\\/parallelgefuehrte-bretterpaketsaegen\\\/pc-120-mit-kettenfoerderer\\\/\",\"url\":\"https:\\\/\\\/www.prinz24.com\\\/produkte\\\/industrie-holzsaegen\\\/parallelgefuehrte-bretterpaketsaegen\\\/pc-120-mit-kettenfoerderer\\\/\",\"name\":\"Parallelgef\u00fchrte Bretterpakets\u00e4ge mit Kettenf\u00f6rderer | prinz24.com\",\"isPartOf\":{\"@id\":\"https:\\\/\\\/www.prinz24.com\\\/#website\"},\"datePublished\":\"2015-06-24T06:37:07+00:00\",\"dateModified\":\"2025-05-25T13:56:28+00:00\",\"description\":\"Die parallelgef\u00fchrte Bretterpakets\u00e4ge mit Kettenf\u00f6rderer der PRINZ Deutschland GmbH.\",\"breadcrumb\":{\"@id\":\"https:\\\/\\\/www.prinz24.com\\\/produkte\\\/industrie-holzsaegen\\\/parallelgefuehrte-bretterpaketsaegen\\\/pc-120-mit-kettenfoerderer\\\/#breadcrumb\"},\"inLanguage\":\"en-US\",\"potentialAction\":[{\"@type\":\"ReadAction\",\"target\":[\"https:\\\/\\\/www.prinz24.com\\\/produkte\\\/industrie-holzsaegen\\\/parallelgefuehrte-bretterpaketsaegen\\\/pc-120-mit-kettenfoerderer\\\/\"]}]},{\"@type\":\"BreadcrumbList\",\"@id\":\"https:\\\/\\\/www.prinz24.com\\\/produkte\\\/industrie-holzsaegen\\\/parallelgefuehrte-bretterpaketsaegen\\\/pc-120-mit-kettenfoerderer\\\/#breadcrumb\",\"itemListElement\":[{\"@type\":\"ListItem\",\"position\":1,\"name\":\"Startseite\",\"item\":\"https:\\\/\\\/www.prinz24.com\\\/\"},{\"@type\":\"ListItem\",\"position\":2,\"name\":\"Produkte\",\"item\":\"https:\\\/\\\/www.prinz24.com\\\/produkte\\\/\"},{\"@type\":\"ListItem\",\"position\":3,\"name\":\"Holzs\u00e4gen\",\"item\":\"https:\\\/\\\/www.prinz24.com\\\/produkte\\\/industrie-holzsaegen\\\/\"},{\"@type\":\"ListItem\",\"position\":4,\"name\":\"Parallelgef\u00fchrte Bretterpakets\u00e4gen\",\"item\":\"https:\\\/\\\/www.prinz24.com\\\/produkte\\\/industrie-holzsaegen\\\/parallelgefuehrte-bretterpaketsaegen\\\/\"},{\"@type\":\"ListItem\",\"position\":5,\"name\":\"pc120 &#8211; Kettenf\u00f6rderer\"}]},{\"@type\":\"WebSite\",\"@id\":\"https:\\\/\\\/www.prinz24.com\\\/#website\",\"url\":\"https:\\\/\\\/www.prinz24.com\\\/\",\"name\":\"PRINZ Kettens\u00e4getechnik\",\"description\":\"Kettens\u00e4gentechnik f\u00fcr die Industrie\",\"potentialAction\":[{\"@type\":\"SearchAction\",\"target\":{\"@type\":\"EntryPoint\",\"urlTemplate\":\"https:\\\/\\\/www.prinz24.com\\\/?s={search_term_string}\"},\"query-input\":{\"@type\":\"PropertyValueSpecification\",\"valueRequired\":true,\"valueName\":\"search_term_string\"}}],\"inLanguage\":\"en-US\"}]}<\/script>\n<!-- \/ Yoast SEO plugin. -->","yoast_head_json":{"title":"Parallelgef\u00fchrte Bretterpakets\u00e4ge mit Kettenf\u00f6rderer | prinz24.com","description":"Die parallelgef\u00fchrte Bretterpakets\u00e4ge mit Kettenf\u00f6rderer der PRINZ Deutschland GmbH.","robots":{"index":"index","follow":"follow","max-snippet":"max-snippet:-1","max-image-preview":"max-image-preview:large","max-video-preview":"max-video-preview:-1"},"canonical":"https:\/\/www.prinz24.com\/produkte\/industrie-holzsaegen\/parallelgefuehrte-bretterpaketsaegen\/pc-120-mit-kettenfoerderer\/","og_locale":"en_US","og_type":"article","og_title":"Parallelgef\u00fchrte Bretterpakets\u00e4ge mit Kettenf\u00f6rderer | prinz24.com","og_description":"Die parallelgef\u00fchrte Bretterpakets\u00e4ge mit Kettenf\u00f6rderer der PRINZ Deutschland GmbH.","og_url":"https:\/\/www.prinz24.com\/produkte\/industrie-holzsaegen\/parallelgefuehrte-bretterpaketsaegen\/pc-120-mit-kettenfoerderer\/","og_site_name":"PRINZ Kettens\u00e4getechnik","article_publisher":"https:\/\/www.facebook.com\/prinzkettensaegetechnik\/","article_modified_time":"2025-05-25T13:56:28+00:00","twitter_card":"summary_large_image","twitter_misc":{"Est. reading time":"5 minutes"},"schema":{"@context":"https:\/\/schema.org","@graph":[{"@type":"WebPage","@id":"https:\/\/www.prinz24.com\/produkte\/industrie-holzsaegen\/parallelgefuehrte-bretterpaketsaegen\/pc-120-mit-kettenfoerderer\/","url":"https:\/\/www.prinz24.com\/produkte\/industrie-holzsaegen\/parallelgefuehrte-bretterpaketsaegen\/pc-120-mit-kettenfoerderer\/","name":"Parallelgef\u00fchrte Bretterpakets\u00e4ge mit Kettenf\u00f6rderer | prinz24.com","isPartOf":{"@id":"https:\/\/www.prinz24.com\/#website"},"datePublished":"2015-06-24T06:37:07+00:00","dateModified":"2025-05-25T13:56:28+00:00","description":"Die parallelgef\u00fchrte Bretterpakets\u00e4ge mit Kettenf\u00f6rderer der PRINZ Deutschland GmbH.","breadcrumb":{"@id":"https:\/\/www.prinz24.com\/produkte\/industrie-holzsaegen\/parallelgefuehrte-bretterpaketsaegen\/pc-120-mit-kettenfoerderer\/#breadcrumb"},"inLanguage":"en-US","potentialAction":[{"@type":"ReadAction","target":["https:\/\/www.prinz24.com\/produkte\/industrie-holzsaegen\/parallelgefuehrte-bretterpaketsaegen\/pc-120-mit-kettenfoerderer\/"]}]},{"@type":"BreadcrumbList","@id":"https:\/\/www.prinz24.com\/produkte\/industrie-holzsaegen\/parallelgefuehrte-bretterpaketsaegen\/pc-120-mit-kettenfoerderer\/#breadcrumb","itemListElement":[{"@type":"ListItem","position":1,"name":"Startseite","item":"https:\/\/www.prinz24.com\/"},{"@type":"ListItem","position":2,"name":"Produkte","item":"https:\/\/www.prinz24.com\/produkte\/"},{"@type":"ListItem","position":3,"name":"Holzs\u00e4gen","item":"https:\/\/www.prinz24.com\/produkte\/industrie-holzsaegen\/"},{"@type":"ListItem","position":4,"name":"Parallelgef\u00fchrte Bretterpakets\u00e4gen","item":"https:\/\/www.prinz24.com\/produkte\/industrie-holzsaegen\/parallelgefuehrte-bretterpaketsaegen\/"},{"@type":"ListItem","position":5,"name":"pc120 &#8211; Kettenf\u00f6rderer"}]},{"@type":"WebSite","@id":"https:\/\/www.prinz24.com\/#website","url":"https:\/\/www.prinz24.com\/","name":"PRINZ Kettens\u00e4getechnik","description":"Kettens\u00e4gentechnik f\u00fcr die Industrie","potentialAction":[{"@type":"SearchAction","target":{"@type":"EntryPoint","urlTemplate":"https:\/\/www.prinz24.com\/?s={search_term_string}"},"query-input":{"@type":"PropertyValueSpecification","valueRequired":true,"valueName":"search_term_string"}}],"inLanguage":"en-US"}]}},"_links":{"self":[{"href":"https:\/\/www.prinz24.com\/en\/wp-json\/wp\/v2\/pages\/2155","targetHints":{"allow":["GET"]}}],"collection":[{"href":"https:\/\/www.prinz24.com\/en\/wp-json\/wp\/v2\/pages"}],"about":[{"href":"https:\/\/www.prinz24.com\/en\/wp-json\/wp\/v2\/types\/page"}],"author":[{"embeddable":true,"href":"https:\/\/www.prinz24.com\/en\/wp-json\/wp\/v2\/users\/11"}],"replies":[{"embeddable":true,"href":"https:\/\/www.prinz24.com\/en\/wp-json\/wp\/v2\/comments?post=2155"}],"version-history":[{"count":23,"href":"https:\/\/www.prinz24.com\/en\/wp-json\/wp\/v2\/pages\/2155\/revisions"}],"predecessor-version":[{"id":10023,"href":"https:\/\/www.prinz24.com\/en\/wp-json\/wp\/v2\/pages\/2155\/revisions\/10023"}],"up":[{"embeddable":true,"href":"https:\/\/www.prinz24.com\/en\/wp-json\/wp\/v2\/pages\/293"}],"wp:attachment":[{"href":"https:\/\/www.prinz24.com\/en\/wp-json\/wp\/v2\/media?parent=2155"}],"curies":[{"name":"wp","href":"https:\/\/api.w.org\/{rel}","templated":true}]}}