{"id":22,"date":"2015-01-07T16:20:41","date_gmt":"2015-01-07T16:20:41","guid":{"rendered":"http:\/\/www.xn--kettensgetechnik-1nb.at\/?page_id=22"},"modified":"2024-07-24T14:53:05","modified_gmt":"2024-07-24T14:53:05","slug":"produkte","status":"publish","type":"page","link":"https:\/\/www.prinz24.com\/en\/produkte\/","title":{"rendered":"Products"},"content":{"rendered":"<div class=\"wpb-content-wrapper\"><p>[vc_row css=&#8221;.vc_custom_1435589661744{padding-top: 0px !important;}&#8221; fullwidth=&#8221;no&#8221;][vc_column width=&#8221;1\/1&#8243;][vc_row_inner css=&#8221;.vc_custom_1435589668697{padding-top: 0px !important;}&#8221;][vc_column_inner width=&#8221;1\/4&#8243;]\n       \t<article class=\"envor-feature-4\">\n       \t\t\t        <figure>\n\t        \t<img decoding=\"async\" src=\"\" alt=\"\">\n\t        <\/figure>\n\t        <h3>Wood saws<\/h3>\n\t        <p>PRINZ chainsaw technology is sole supplier for turnkey solutions for the timber and log yard. We offer you a wide range of machinery from entry level models to complete plants and also integrate your specials needs.<\/p>\n      \t<\/article>\n\n\t\t<a href=\"\/en\/industrie-holzsaegen\/\" class=\"envor-btn envor-btn-primary envor-btn-normal\">Show More<\/a>\n\t\n\t[\/vc_column_inner][vc_column_inner width=&#8221;1\/4&#8243;]\n       \t<article class=\"envor-feature-4\">\n       \t\t\t        <figure>\n\t        \t<img decoding=\"async\" src=\"\" alt=\"\">\n\t        <\/figure>\n\t        <h3>Wall saws<\/h3>\n\t        <p>PRINZ wall saw technology - machines and materials for later horizontal insulation of buildings against rising damp by chain saw or diamond wire saw method.<\/p>\n<p><\/p>\n      \t<\/article>\n\n\t\t<a href=\"\/en\/mauersaegen\/\" class=\"envor-btn envor-btn-primary envor-btn-normal\">Show More<\/a>\n\t\n\t[\/vc_column_inner][vc_column_inner width=&#8221;1\/4&#8243;]\n       \t<article class=\"envor-feature-4\">\n       \t\t\t        <figure>\n\t        \t<img decoding=\"async\" src=\"\" alt=\"\">\n\t        <\/figure>\n\t        <h3>Plastic saws<\/h3>\n\t        <p>During the recent years PRINZ has been particularly busy with developing special saws to cut different kind of plastic materials.<\/p>\n<p><\/p>\n      \t<\/article>\n\n\t\t<a href=\"\/en\/industrie-kunststoffsaegen\/\" class=\"envor-btn envor-btn-primary envor-btn-normal\">SHOW More<\/a>\n\t\n\t[\/vc_column_inner][vc_column_inner width=&#8221;1\/4&#8243;]\n       \t<article class=\"envor-feature-4\">\n       \t\t\t        <figure>\n\t        \t<img decoding=\"async\" src=\"\" alt=\"\">\n\t        <\/figure>\n\t        <h3>Paper saws<\/h3>\n\t        <p>The PRINZ Paper saw makes it possible for you to resize paper rolls without having to unwind them before. In this way, you can not only handle quickly and easily damaged rolls, but also shorten rolls for recycling before the guillotine saw.<\/p>\n      \t<\/article>\n\n\t\t<a href=\"\/en\/papiersaegen\/\" class=\"envor-btn envor-btn-primary envor-btn-normal\">Show more<\/a>\n\t\n\t[\/vc_column_inner][\/vc_row_inner][\/vc_column][\/vc_row]<\/p>\n<\/div>","protected":false},"excerpt":{"rendered":"<p>[vc_row css=&#8221;.vc_custom_1435589661744{padding-top: 0px !important;}&#8221; fullwidth=&#8221;no&#8221;][vc_column width=&#8221;1\/1&#8243;][vc_row_inner css=&#8221;.vc_custom_1435589668697{padding-top: 0px !important;}&#8221;][vc_column_inner width=&#8221;1\/4&#8243;][\/vc_column_inner][vc_column_inner width=&#8221;1\/4&#8243;][\/vc_column_inner][vc_column_inner width=&#8221;1\/4&#8243;][\/vc_column_inner][vc_column_inner width=&#8221;1\/4&#8243;][\/vc_column_inner][\/vc_row_inner][\/vc_column][\/vc_row]<\/p>\n","protected":false},"author":11,"featured_media":0,"parent":0,"menu_order":0,"comment_status":"open","ping_status":"open","template":"","meta":{"footnotes":""},"class_list":["post-22","page","type-page","status-publish","hentry"],"yoast_head":"<!-- This site is optimized with the Yoast SEO plugin v27.0 - https:\/\/yoast.com\/product\/yoast-seo-wordpress\/ -->\n<title>Kettens\u00e4getechnik f\u00fcr die Industrie | prinz24.com<\/title>\n<meta name=\"description\" content=\"PRINZ-Kettens\u00e4getechnik. Mauerwerk, Kunststoff, Holz oder Stein - wir haben die passende S\u00e4ge - Kontaktieren Sie uns!\" \/>\n<meta name=\"robots\" content=\"index, follow, max-snippet:-1, max-image-preview:large, max-video-preview:-1\" \/>\n<link rel=\"canonical\" href=\"https:\/\/www.prinz24.com\/produkte\/\" \/>\n<meta property=\"og:locale\" content=\"en_US\" \/>\n<meta property=\"og:type\" content=\"article\" \/>\n<meta property=\"og:title\" content=\"Kettens\u00e4getechnik f\u00fcr die Industrie | prinz24.com\" \/>\n<meta property=\"og:description\" content=\"PRINZ-Kettens\u00e4getechnik. Mauerwerk, Kunststoff, Holz oder Stein - wir haben die passende S\u00e4ge - Kontaktieren Sie uns!\" \/>\n<meta property=\"og:url\" content=\"https:\/\/www.prinz24.com\/produkte\/\" \/>\n<meta property=\"og:site_name\" content=\"PRINZ Kettens\u00e4getechnik\" \/>\n<meta property=\"article:publisher\" content=\"https:\/\/www.facebook.com\/prinzkettensaegetechnik\/\" \/>\n<meta property=\"article:modified_time\" content=\"2024-07-24T14:53:05+00:00\" \/>\n<meta name=\"twitter:card\" content=\"summary_large_image\" \/>\n<meta name=\"twitter:label1\" content=\"Est. reading time\" \/>\n\t<meta name=\"twitter:data1\" content=\"1 minute\" \/>\n<script type=\"application\/ld+json\" class=\"yoast-schema-graph\">{\"@context\":\"https:\/\/schema.org\",\"@graph\":[{\"@type\":\"WebPage\",\"@id\":\"https:\/\/www.prinz24.com\/produkte\/\",\"url\":\"https:\/\/www.prinz24.com\/produkte\/\",\"name\":\"Kettens\u00e4getechnik f\u00fcr die Industrie | prinz24.com\",\"isPartOf\":{\"@id\":\"https:\/\/www.prinz24.com\/#website\"},\"datePublished\":\"2015-01-07T16:20:41+00:00\",\"dateModified\":\"2024-07-24T14:53:05+00:00\",\"description\":\"PRINZ-Kettens\u00e4getechnik. Mauerwerk, Kunststoff, Holz oder Stein - wir haben die passende S\u00e4ge - Kontaktieren Sie uns!\",\"breadcrumb\":{\"@id\":\"https:\/\/www.prinz24.com\/produkte\/#breadcrumb\"},\"inLanguage\":\"en-US\",\"potentialAction\":[{\"@type\":\"ReadAction\",\"target\":[\"https:\/\/www.prinz24.com\/produkte\/\"]}]},{\"@type\":\"BreadcrumbList\",\"@id\":\"https:\/\/www.prinz24.com\/produkte\/#breadcrumb\",\"itemListElement\":[{\"@type\":\"ListItem\",\"position\":1,\"name\":\"Startseite\",\"item\":\"https:\/\/www.prinz24.com\/\"},{\"@type\":\"ListItem\",\"position\":2,\"name\":\"Produkte\"}]},{\"@type\":\"WebSite\",\"@id\":\"https:\/\/www.prinz24.com\/#website\",\"url\":\"https:\/\/www.prinz24.com\/\",\"name\":\"PRINZ Kettens\u00e4getechnik\",\"description\":\"Kettens\u00e4gentechnik f\u00fcr die Industrie\",\"potentialAction\":[{\"@type\":\"SearchAction\",\"target\":{\"@type\":\"EntryPoint\",\"urlTemplate\":\"https:\/\/www.prinz24.com\/?s={search_term_string}\"},\"query-input\":{\"@type\":\"PropertyValueSpecification\",\"valueRequired\":true,\"valueName\":\"search_term_string\"}}],\"inLanguage\":\"en-US\"}]}<\/script>\n<!-- \/ Yoast SEO plugin. -->","yoast_head_json":{"title":"Kettens\u00e4getechnik f\u00fcr die Industrie | prinz24.com","description":"PRINZ-Kettens\u00e4getechnik. Mauerwerk, Kunststoff, Holz oder Stein - wir haben die passende S\u00e4ge - Kontaktieren Sie uns!","robots":{"index":"index","follow":"follow","max-snippet":"max-snippet:-1","max-image-preview":"max-image-preview:large","max-video-preview":"max-video-preview:-1"},"canonical":"https:\/\/www.prinz24.com\/produkte\/","og_locale":"en_US","og_type":"article","og_title":"Kettens\u00e4getechnik f\u00fcr die Industrie | prinz24.com","og_description":"PRINZ-Kettens\u00e4getechnik. Mauerwerk, Kunststoff, Holz oder Stein - wir haben die passende S\u00e4ge - Kontaktieren Sie uns!","og_url":"https:\/\/www.prinz24.com\/produkte\/","og_site_name":"PRINZ Kettens\u00e4getechnik","article_publisher":"https:\/\/www.facebook.com\/prinzkettensaegetechnik\/","article_modified_time":"2024-07-24T14:53:05+00:00","twitter_card":"summary_large_image","twitter_misc":{"Est. reading time":"1 minute"},"schema":{"@context":"https:\/\/schema.org","@graph":[{"@type":"WebPage","@id":"https:\/\/www.prinz24.com\/produkte\/","url":"https:\/\/www.prinz24.com\/produkte\/","name":"Kettens\u00e4getechnik f\u00fcr die Industrie | prinz24.com","isPartOf":{"@id":"https:\/\/www.prinz24.com\/#website"},"datePublished":"2015-01-07T16:20:41+00:00","dateModified":"2024-07-24T14:53:05+00:00","description":"PRINZ-Kettens\u00e4getechnik. Mauerwerk, Kunststoff, Holz oder Stein - wir haben die passende S\u00e4ge - Kontaktieren Sie uns!","breadcrumb":{"@id":"https:\/\/www.prinz24.com\/produkte\/#breadcrumb"},"inLanguage":"en-US","potentialAction":[{"@type":"ReadAction","target":["https:\/\/www.prinz24.com\/produkte\/"]}]},{"@type":"BreadcrumbList","@id":"https:\/\/www.prinz24.com\/produkte\/#breadcrumb","itemListElement":[{"@type":"ListItem","position":1,"name":"Startseite","item":"https:\/\/www.prinz24.com\/"},{"@type":"ListItem","position":2,"name":"Produkte"}]},{"@type":"WebSite","@id":"https:\/\/www.prinz24.com\/#website","url":"https:\/\/www.prinz24.com\/","name":"PRINZ Kettens\u00e4getechnik","description":"Kettens\u00e4gentechnik f\u00fcr die Industrie","potentialAction":[{"@type":"SearchAction","target":{"@type":"EntryPoint","urlTemplate":"https:\/\/www.prinz24.com\/?s={search_term_string}"},"query-input":{"@type":"PropertyValueSpecification","valueRequired":true,"valueName":"search_term_string"}}],"inLanguage":"en-US"}]}},"_links":{"self":[{"href":"https:\/\/www.prinz24.com\/en\/wp-json\/wp\/v2\/pages\/22","targetHints":{"allow":["GET"]}}],"collection":[{"href":"https:\/\/www.prinz24.com\/en\/wp-json\/wp\/v2\/pages"}],"about":[{"href":"https:\/\/www.prinz24.com\/en\/wp-json\/wp\/v2\/types\/page"}],"author":[{"embeddable":true,"href":"https:\/\/www.prinz24.com\/en\/wp-json\/wp\/v2\/users\/11"}],"replies":[{"embeddable":true,"href":"https:\/\/www.prinz24.com\/en\/wp-json\/wp\/v2\/comments?post=22"}],"version-history":[{"count":35,"href":"https:\/\/www.prinz24.com\/en\/wp-json\/wp\/v2\/pages\/22\/revisions"}],"predecessor-version":[{"id":7289,"href":"https:\/\/www.prinz24.com\/en\/wp-json\/wp\/v2\/pages\/22\/revisions\/7289"}],"wp:attachment":[{"href":"https:\/\/www.prinz24.com\/en\/wp-json\/wp\/v2\/media?parent=22"}],"curies":[{"name":"wp","href":"https:\/\/api.w.org\/{rel}","templated":true}]}}