{"id":310,"date":"2015-03-24T14:08:22","date_gmt":"2015-03-24T14:08:22","guid":{"rendered":"http:\/\/prinz.plesk1.bsocloud.cc\/?page_id=310"},"modified":"2025-05-25T16:05:55","modified_gmt":"2025-05-25T16:05:55","slug":"fuehrungsschienen","status":"publish","type":"page","link":"https:\/\/www.prinz24.com\/en\/produkte\/industrie-holzsaegen\/fuehrungsschienen\/","title":{"rendered":"Guide Bars"},"content":{"rendered":"<div class=\"wpb-content-wrapper\"><p>[vc_row css=&#8221;.vc_custom_1459236260576{margin-top: 0px !important;padding-top: 0px !important;}&#8221; fullwidth=&#8221;no&#8221;][vc_column width=&#8221;1\/1&#8243;][vc_single_image image=&#8221;3860&#8243; border_color=&#8221;grey&#8221; img_link_target=&#8221;_self&#8221; img_size=&#8221;full&#8221; alignment=&#8221;center&#8221; css=&#8221;.vc_custom_1459346241804{margin-top: 0px !important;padding-top: 0px !important;}&#8221;][vc_column_text]Since its establishment in 1947, PRINZ has grown to the leader in its sector. PRINZ is\u00a0 the only full-range supplier of chainsaw equipement to produce all the parts of the cutting equipment at its site in Loosdorf.<\/p>\n<p>Prinz guide-bars are made of high-quality steel and are also available with mounting configurations to suit package saws of other manufacturers.<\/p>\n<p>Available in 3 main executions:<\/p>\n<p>High frequency hardened, with\u00a0special hard faced edge on one or both\u00a0sides.<\/p>\n<p>NEW in our range: <strong>EXPERT-LINE<\/strong> guide bars, with 30% more longevity compared to conventional guide bars![\/vc_column_text][\/vc_column][\/vc_row][vc_row css=&#8221;.vc_custom_1458564748480{margin-top: 0px !important;padding-top: 0px !important;}&#8221; fullwidth=&#8221;no&#8221;][vc_column width=&#8221;1\/6&#8243;][vc_column_text]<\/p>\n<h3>TKS<\/h3>\n<p>[\/vc_column_text][\/vc_column][vc_column width=&#8221;1\/6&#8243;][vc_single_image image=&#8221;653&#8243; border_color=&#8221;grey&#8221; img_link_target=&#8221;_self&#8221; img_size=&#8221;263&#215;175&#8243;][\/vc_column][vc_column width=&#8221;1\/6&#8243;][vc_single_image image=&#8221;654&#8243; border_color=&#8221;grey&#8221; img_link_target=&#8221;_self&#8221; img_size=&#8221;263 \u00d7 175&#8243;][\/vc_column][vc_column width=&#8221;1\/2&#8243;][vc_column_text]Cutting\u00a0length:<\/p>\n<p>100cm\u00a0\u00a0\u00a0\u00a0\u00a0\u00a0\u00a0\u00a0 200cm<\/p>\n<p>120cm\u00a0\u00a0\u00a0\u00a0\u00a0\u00a0\u00a0\u00a0 225cm<\/p>\n<p>150cm\u00a0\u00a0\u00a0\u00a0\u00a0\u00a0\u00a0\u00a0 250cm<\/p>\n<p>170cm<\/p>\n<p>Cutting lengths 150 and 170 cm also available as <strong>EXPERT-LINE.<\/strong>[\/vc_column_text][\/vc_column][\/vc_row][vc_row css=&#8221;.vc_custom_1458564757430{margin-top: 0px !important;padding-top: 0px !important;}&#8221; fullwidth=&#8221;no&#8221;][vc_column width=&#8221;1\/6&#8243;][vc_column_text]<\/p>\n<h3>Prinz 120<\/h3>\n<p>[\/vc_column_text][\/vc_column][vc_column width=&#8221;1\/6&#8243;][vc_single_image border_color=&#8221;grey&#8221; img_link_target=&#8221;_self&#8221; image=&#8221;736&#8243; img_size=&#8221;300&#215;300&#8243;][\/vc_column][vc_column width=&#8221;1\/6&#8243;][vc_single_image border_color=&#8221;grey&#8221; img_link_target=&#8221;_self&#8221; image=&#8221;737&#8243; img_size=&#8221;300&#215;300&#8243;][\/vc_column][vc_column width=&#8221;1\/2&#8243;][vc_column_text]Cutting\u00a0length:<\/p>\n<p>140cm<\/p>\n<p>150cm<\/p>\n<p>175cm<\/p>\n<p>Cutting length 175 cm also available as <strong>EXPERT-LINE.<\/strong>[\/vc_column_text][\/vc_column][\/vc_row][vc_row css=&#8221;.vc_custom_1458564763894{margin-top: 0px !important;padding-top: 0px !important;}&#8221; fullwidth=&#8221;no&#8221;][vc_column width=&#8221;1\/6&#8243;][vc_column_text]<\/p>\n<h3>DSH Umbau<\/h3>\n<p>[\/vc_column_text][\/vc_column][vc_column width=&#8221;1\/6&#8243;][vc_single_image image=&#8221;741&#8243; border_color=&#8221;grey&#8221; img_link_target=&#8221;_self&#8221; img_size=&#8221;300&#215;300&#8243;][\/vc_column][vc_column width=&#8221;1\/6&#8243;][vc_single_image image=&#8221;737&#8243; border_color=&#8221;grey&#8221; img_link_target=&#8221;_self&#8221; img_size=&#8221;300&#215;300&#8243;][\/vc_column][vc_column width=&#8221;1\/2&#8243;][vc_column_text]Cutting\u00a0length:<\/p>\n<p>100cm\u00a0\u00a0\u00a0\u00a0\u00a0\u00a0 200cm<\/p>\n<p>125cm\u00a0\u00a0\u00a0\u00a0\u00a0\u00a0\u00a0 225cm<\/p>\n<p>150cm\u00a0\u00a0\u00a0\u00a0\u00a0\u00a0\u00a0 250cm<\/p>\n<p>175cm[\/vc_column_text][\/vc_column][\/vc_row][vc_row css=&#8221;.vc_custom_1458564772100{margin-top: 0px !important;padding-top: 0px !important;}&#8221; fullwidth=&#8221;no&#8221;][vc_column width=&#8221;1\/6&#8243;][vc_column_text]<\/p>\n<h3>RKS<\/h3>\n<p>[\/vc_column_text][\/vc_column][vc_column width=&#8221;1\/6&#8243;][vc_single_image image=&#8221;742&#8243; border_color=&#8221;grey&#8221; img_link_target=&#8221;_self&#8221; img_size=&#8221;300&#215;300&#8243;][\/vc_column][vc_column width=&#8221;1\/6&#8243;][vc_single_image image=&#8221;743&#8243; border_color=&#8221;grey&#8221; img_link_target=&#8221;_self&#8221; img_size=&#8221;300&#215;300&#8243;][\/vc_column][vc_column width=&#8221;1\/2&#8243;][vc_column_text]Cutting\u00a0length:<\/p>\n<p>100cm\u00a0\u00a0\u00a0\u00a0\u00a0\u00a0 200cm<\/p>\n<p>120cm\u00a0\u00a0\u00a0\u00a0\u00a0\u00a0\u00a0 225cm<\/p>\n<p>150cm\u00a0\u00a0\u00a0\u00a0\u00a0\u00a0\u00a0 250cm<\/p>\n<p>170cm[\/vc_column_text][\/vc_column][\/vc_row][vc_row css=&#8221;.vc_custom_1458564798310{margin-top: 0px !important;padding-top: 0px !important;}&#8221; fullwidth=&#8221;no&#8221;][vc_column width=&#8221;1\/6&#8243;][vc_column_text]<\/p>\n<h3>DSH<\/h3>\n<p>[\/vc_column_text][\/vc_column][vc_column width=&#8221;1\/6&#8243;][vc_single_image image=&#8221;744&#8243; border_color=&#8221;grey&#8221; img_link_target=&#8221;_self&#8221; img_size=&#8221;300&#215;300&#8243;][\/vc_column][vc_column width=&#8221;1\/6&#8243;][vc_single_image image=&#8221;745&#8243; border_color=&#8221;grey&#8221; img_link_target=&#8221;_self&#8221; img_size=&#8221;300&#215;300&#8243;][\/vc_column][vc_column width=&#8221;1\/2&#8243;][vc_column_text]Cutting\u00a0length:<\/p>\n<p>100cm\u00a0\u00a0\u00a0\u00a0\u00a0 200cm<\/p>\n<p>125cm\u00a0\u00a0\u00a0\u00a0\u00a0\u00a0 225cm<\/p>\n<p>150cm\u00a0\u00a0\u00a0\u00a0\u00a0\u00a0 250cm<\/p>\n<p>175cm[\/vc_column_text][\/vc_column][\/vc_row][vc_row css=&#8221;.vc_custom_1458564811029{margin-top: 0px !important;padding-top: 0px !important;}&#8221; fullwidth=&#8221;no&#8221;][vc_column width=&#8221;1\/6&#8243;][vc_column_text]<\/p>\n<h3>ES 121<\/h3>\n<h3><\/h3>\n<p>[\/vc_column_text][\/vc_column][vc_column width=&#8221;1\/6&#8243;][vc_single_image image=&#8221;746&#8243; border_color=&#8221;grey&#8221; img_link_target=&#8221;_self&#8221; img_size=&#8221;600&#215;600&#8243;][\/vc_column][vc_column width=&#8221;1\/6&#8243;][vc_single_image image=&#8221;747&#8243; border_color=&#8221;grey&#8221; img_link_target=&#8221;_self&#8221; img_size=&#8221;400&#215;400&#8243;][\/vc_column][vc_column width=&#8221;1\/2&#8243;][vc_column_text]Cutting\u00a0length:<\/p>\n<p>100cm\u00a0\u00a0\u00a0\u00a0\u00a0\u00a0 190cm<\/p>\n<p>130cm\u00a0\u00a0\u00a0\u00a0\u00a0\u00a0\u00a0 250cm<\/p>\n<p>160cm<\/p>\n<p>Cutting lengths 130,\u00a0160 and 190 cm also available as <strong>EXPERT-LINE.<\/strong>[\/vc_column_text][\/vc_column][\/vc_row][vc_row css=&#8221;.vc_custom_1458564818726{margin-top: 0px !important;padding-top: 0px !important;}&#8221; fullwidth=&#8221;no&#8221;][vc_column width=&#8221;1\/6&#8243;][vc_column_text]<\/p>\n<h3>EED<\/h3>\n<h3>E21<\/h3>\n<h3>E51<\/h3>\n<p>[\/vc_column_text][\/vc_column][vc_column width=&#8221;1\/6&#8243;][vc_single_image image=&#8221;754&#8243; border_color=&#8221;grey&#8221; img_link_target=&#8221;_self&#8221; img_size=&#8221;1200&#215;1200&#8243;][\/vc_column][vc_column width=&#8221;1\/6&#8243;][vc_single_image image=&#8221;757&#8243; border_color=&#8221;grey&#8221; img_link_target=&#8221;_self&#8221; img_size=&#8221;800&#215;800&#8243;][\/vc_column][vc_column width=&#8221;1\/2&#8243;][vc_column_text]Cutting\u00a0length:<\/p>\n<p>30cm\u00a0\u00a0\u00a0\u00a0\u00a0\u00a0\u00a0\u00a0 75cm<\/p>\n<p>43cm\u00a0\u00a0\u00a0\u00a0\u00a0\u00a0\u00a0\u00a0\u00a0 90cm<\/p>\n<p>53cm\u00a0\u00a0\u00a0\u00a0\u00a0\u00a0\u00a0\u00a0\u00a0 110cm<\/p>\n<p>63cm[\/vc_column_text][\/vc_column][\/vc_row][vc_row css=&#8221;.vc_custom_1458564825654{margin-top: 0px !important;padding-top: 0px !important;}&#8221; fullwidth=&#8221;no&#8221;][vc_column][vc_column_text]<\/p>\n<hr \/>\n<p>[\/vc_column_text][vc_row_inner][vc_column_inner width=&#8221;1\/1&#8243;][vc_column_text]<\/p>\n<h3>Cutting equipments for joinery and portal machining systems<\/h3>\n<p>[\/vc_column_text][\/vc_column_inner][\/vc_row_inner][\/vc_column][\/vc_row][vc_row fullwidth=&#8221;no&#8221; css=&#8221;.vc_custom_1458559012860{margin-top: 0px !important;padding-top: 0px !important;}&#8221;][vc_column width=&#8221;1\/2&#8243;][vc_column_text]<\/p>\n<h3>FSSONDER82 \u00a0 \u00a0 \u00a0 \u00a0 \u00a0 \u00a0 \u00a0<img loading=\"lazy\" decoding=\"async\" class=\"alignnone  wp-image-3630\" src=\"http:\/\/www.prinz.at\/wp-content\/uploads\/2015\/03\/FSSONDER84_REPARIERT-e1458302289918.png\" alt=\"FSSONDER84_REPARIERT\" width=\"246\" height=\"94\" \/><\/h3>\n<p>[\/vc_column_text][\/vc_column][vc_column width=&#8221;1\/2&#8243;][vc_column_text]Guide bar length:<\/p>\n<p>500 mm, full hard faced running surfaces.<\/p>\n<p>Suiting to joinery and portal machining systems such as PBA, K2i,&#8230;<\/p>\n<p>Groove width:\u00a01,6 mm \u00a0 \u00a0 \u00a0 \u00a0 \u00a0 Chain pitch: 3\/8&#8243;[\/vc_column_text][\/vc_column][\/vc_row][vc_row fullwidth=&#8221;no&#8221; css=&#8221;.vc_custom_1458563826800{margin-top: 0px !important;padding-top: 0px !important;}&#8221;][vc_column width=&#8221;1\/2&#8243;][vc_column_text]<\/p>\n<h3>FSSONDER84 \u00a0 \u00a0 \u00a0 \u00a0 \u00a0 \u00a0 <img loading=\"lazy\" decoding=\"async\" class=\"alignnone size-full wp-image-3639\" src=\"http:\/\/www.prinz.at\/wp-content\/uploads\/2015\/03\/FSSONDER84_VAR2.png\" alt=\"FSSONDER84_VAR2\" width=\"250\" height=\"72\" \/><\/h3>\n<p>[\/vc_column_text][\/vc_column][vc_column width=&#8221;1\/2&#8243;][vc_column_text]Guide bar length:<\/p>\n<p>500 mm, full hard faced running surfaces.<\/p>\n<p>Suiting to joinery and portal machining systems such as PBA, &#8230;<\/p>\n<p>Groove width: 3\u00a0mm \u00a0 \u00a0 \u00a0 \u00a0 \u00a0 Chain pitch:\u00a015 mm[\/vc_column_text][\/vc_column][\/vc_row][vc_row fullwidth=&#8221;no&#8221; css=&#8221;.vc_custom_1458559012860{margin-top: 0px !important;padding-top: 0px !important;}&#8221;][vc_column width=&#8221;1\/2&#8243;][vc_column_text]<\/p>\n<h3>FSSONDER88A \u00a0 \u00a0 \u00a0 \u00a0<img loading=\"lazy\" decoding=\"async\" class=\"alignnone size-full wp-image-3642\" src=\"http:\/\/www.prinz.at\/wp-content\/uploads\/2015\/03\/FSSONDER88A.png\" alt=\"FSSONDER88A\" width=\"270\" height=\"44\" \/><\/h3>\n<h3>FSSONDER88D \u00a0 \u00a0 \u00a0 \u00a0<img loading=\"lazy\" decoding=\"async\" class=\"alignnone size-full wp-image-3643\" src=\"http:\/\/www.prinz.at\/wp-content\/uploads\/2015\/03\/FSSONDER88D.png\" alt=\"FSSONDER88D\" width=\"270\" height=\"44\" \/><\/h3>\n<h3><\/h3>\n<p>[\/vc_column_text][\/vc_column][vc_column width=&#8221;1\/2&#8243;][vc_column_text]Guide bar length:<\/p>\n<p>1250 mm,\u00a0as well as 625 mm, fully hardened.<\/p>\n<p>Suiting to joinery and portal machining systems such as K2i, &#8230;<\/p>\n<p>Groove width:\u00a01,6 mm \u00a0 \u00a0 \u00a0 \u00a0 \u00a0 Chain pitch: 3\/8&#8243;<\/p>\n<p>&nbsp;[\/vc_column_text][\/vc_column][\/vc_row][vc_row fullwidth=&#8221;no&#8221; css=&#8221;.vc_custom_1458559012860{margin-top: 0px !important;padding-top: 0px !important;}&#8221;][vc_column width=&#8221;1\/2&#8243;][vc_column_text]<\/p>\n<h3>FSSONDER88B \u00a0 \u00a0 \u00a0 \u00a0<img loading=\"lazy\" decoding=\"async\" class=\"alignnone size-full wp-image-3642\" src=\"http:\/\/www.prinz.at\/wp-content\/uploads\/2015\/03\/FSSONDER88A.png\" alt=\"FSSONDER88A\" width=\"270\" height=\"44\" \/><\/h3>\n<h3>FSSONDER88E \u00a0 \u00a0 \u00a0 \u00a0<img loading=\"lazy\" decoding=\"async\" class=\"alignnone size-full wp-image-3643\" src=\"http:\/\/www.prinz.at\/wp-content\/uploads\/2015\/03\/FSSONDER88D.png\" alt=\"FSSONDER88D\" width=\"270\" height=\"44\" \/><\/h3>\n<h3><\/h3>\n<p>&nbsp;[\/vc_column_text][\/vc_column][vc_column width=&#8221;1\/2&#8243;][vc_column_text]Guide bar length:<\/p>\n<p>1250 mm,\u00a0as well as 625 mm, fully hardened.<\/p>\n<p>Suiting to joinery and portal machining systems such as K2i, &#8230;<\/p>\n<p>Groove width: 2\u00a0mm \u00a0 \u00a0 \u00a0 \u00a0 \u00a0 Chain pitch: 404&#8243;<\/p>\n<p>&nbsp;[\/vc_column_text][\/vc_column][\/vc_row]<\/p>\n<\/div>","protected":false},"excerpt":{"rendered":"<p>[vc_row css=&#8221;.vc_custom_1459236260576{margin-top: 0px !important;padding-top: 0px !important;}&#8221; fullwidth=&#8221;no&#8221;][vc_column width=&#8221;1\/1&#8243;][vc_single_image image=&#8221;3860&#8243; border_color=&#8221;grey&#8221; img_link_target=&#8221;_self&#8221; img_size=&#8221;full&#8221; alignment=&#8221;center&#8221; css=&#8221;.vc_custom_1459346241804{margin-top: 0px !important;padding-top: 0px !important;}&#8221;][vc_column_text]Since its establishment in 1947, PRINZ has grown to the leader in its sector. PRINZ is\u00a0 the only full-range supplier of chainsaw equipement to produce all the parts of the cutting equipment at its site in Loosdorf. Prinz [&hellip;]<\/p>\n","protected":false},"author":11,"featured_media":0,"parent":91,"menu_order":0,"comment_status":"open","ping_status":"open","template":"","meta":{"footnotes":""},"class_list":["post-310","page","type-page","status-publish","hentry"],"yoast_head":"<!-- This site is optimized with the Yoast SEO plugin v27.0 - https:\/\/yoast.com\/product\/yoast-seo-wordpress\/ -->\n<title>F\u00fchrungsschienen f\u00fcr Industrie-Holzs\u00e4gen | prinz24.com<\/title>\n<meta name=\"description\" content=\"F\u00fchrungsschienen f\u00fcr Industrie-Holzs\u00e4gen von der PRINZ Deutschland GmbH.\" \/>\n<meta name=\"robots\" content=\"index, follow, max-snippet:-1, max-image-preview:large, max-video-preview:-1\" \/>\n<link rel=\"canonical\" href=\"https:\/\/www.prinz24.com\/produkte\/industrie-holzsaegen\/fuehrungsschienen\/\" \/>\n<meta property=\"og:locale\" content=\"en_US\" \/>\n<meta property=\"og:type\" content=\"article\" \/>\n<meta property=\"og:title\" content=\"F\u00fchrungsschienen f\u00fcr Industrie-Holzs\u00e4gen | prinz24.com\" \/>\n<meta property=\"og:description\" content=\"F\u00fchrungsschienen f\u00fcr Industrie-Holzs\u00e4gen von der PRINZ Deutschland GmbH.\" \/>\n<meta property=\"og:url\" content=\"https:\/\/www.prinz24.com\/produkte\/industrie-holzsaegen\/fuehrungsschienen\/\" \/>\n<meta property=\"og:site_name\" content=\"PRINZ Kettens\u00e4getechnik\" \/>\n<meta property=\"article:publisher\" content=\"https:\/\/www.facebook.com\/prinzkettensaegetechnik\/\" \/>\n<meta property=\"article:modified_time\" content=\"2025-05-25T16:05:55+00:00\" \/>\n<meta property=\"og:image\" content=\"http:\/\/www.prinz.at\/wp-content\/uploads\/2015\/03\/FSSONDER84_REPARIERT-e1458302289918.png\" \/>\n<meta name=\"twitter:card\" content=\"summary_large_image\" \/>\n<meta name=\"twitter:label1\" content=\"Est. reading time\" \/>\n\t<meta name=\"twitter:data1\" content=\"5 minutes\" \/>\n<script type=\"application\/ld+json\" class=\"yoast-schema-graph\">{\"@context\":\"https:\/\/schema.org\",\"@graph\":[{\"@type\":\"WebPage\",\"@id\":\"https:\/\/www.prinz24.com\/produkte\/industrie-holzsaegen\/fuehrungsschienen\/\",\"url\":\"https:\/\/www.prinz24.com\/produkte\/industrie-holzsaegen\/fuehrungsschienen\/\",\"name\":\"F\u00fchrungsschienen f\u00fcr Industrie-Holzs\u00e4gen | prinz24.com\",\"isPartOf\":{\"@id\":\"https:\/\/www.prinz24.com\/#website\"},\"primaryImageOfPage\":{\"@id\":\"https:\/\/www.prinz24.com\/produkte\/industrie-holzsaegen\/fuehrungsschienen\/#primaryimage\"},\"image\":{\"@id\":\"https:\/\/www.prinz24.com\/produkte\/industrie-holzsaegen\/fuehrungsschienen\/#primaryimage\"},\"thumbnailUrl\":\"http:\/\/www.prinz.at\/wp-content\/uploads\/2015\/03\/FSSONDER84_REPARIERT-e1458302289918.png\",\"datePublished\":\"2015-03-24T14:08:22+00:00\",\"dateModified\":\"2025-05-25T16:05:55+00:00\",\"description\":\"F\u00fchrungsschienen f\u00fcr Industrie-Holzs\u00e4gen von der PRINZ Deutschland GmbH.\",\"breadcrumb\":{\"@id\":\"https:\/\/www.prinz24.com\/produkte\/industrie-holzsaegen\/fuehrungsschienen\/#breadcrumb\"},\"inLanguage\":\"en-US\",\"potentialAction\":[{\"@type\":\"ReadAction\",\"target\":[\"https:\/\/www.prinz24.com\/produkte\/industrie-holzsaegen\/fuehrungsschienen\/\"]}]},{\"@type\":\"ImageObject\",\"inLanguage\":\"en-US\",\"@id\":\"https:\/\/www.prinz24.com\/produkte\/industrie-holzsaegen\/fuehrungsschienen\/#primaryimage\",\"url\":\"http:\/\/www.prinz.at\/wp-content\/uploads\/2015\/03\/FSSONDER84_REPARIERT-e1458302289918.png\",\"contentUrl\":\"http:\/\/www.prinz.at\/wp-content\/uploads\/2015\/03\/FSSONDER84_REPARIERT-e1458302289918.png\"},{\"@type\":\"BreadcrumbList\",\"@id\":\"https:\/\/www.prinz24.com\/produkte\/industrie-holzsaegen\/fuehrungsschienen\/#breadcrumb\",\"itemListElement\":[{\"@type\":\"ListItem\",\"position\":1,\"name\":\"Startseite\",\"item\":\"https:\/\/www.prinz24.com\/\"},{\"@type\":\"ListItem\",\"position\":2,\"name\":\"Produkte\",\"item\":\"https:\/\/www.prinz24.com\/produkte\/\"},{\"@type\":\"ListItem\",\"position\":3,\"name\":\"Holzs\u00e4gen\",\"item\":\"https:\/\/www.prinz24.com\/produkte\/industrie-holzsaegen\/\"},{\"@type\":\"ListItem\",\"position\":4,\"name\":\"F\u00fchrungsschienen\"}]},{\"@type\":\"WebSite\",\"@id\":\"https:\/\/www.prinz24.com\/#website\",\"url\":\"https:\/\/www.prinz24.com\/\",\"name\":\"PRINZ Kettens\u00e4getechnik\",\"description\":\"Kettens\u00e4gentechnik f\u00fcr die Industrie\",\"potentialAction\":[{\"@type\":\"SearchAction\",\"target\":{\"@type\":\"EntryPoint\",\"urlTemplate\":\"https:\/\/www.prinz24.com\/?s={search_term_string}\"},\"query-input\":{\"@type\":\"PropertyValueSpecification\",\"valueRequired\":true,\"valueName\":\"search_term_string\"}}],\"inLanguage\":\"en-US\"}]}<\/script>\n<!-- \/ Yoast SEO plugin. -->","yoast_head_json":{"title":"F\u00fchrungsschienen f\u00fcr Industrie-Holzs\u00e4gen | prinz24.com","description":"F\u00fchrungsschienen f\u00fcr Industrie-Holzs\u00e4gen von der PRINZ Deutschland GmbH.","robots":{"index":"index","follow":"follow","max-snippet":"max-snippet:-1","max-image-preview":"max-image-preview:large","max-video-preview":"max-video-preview:-1"},"canonical":"https:\/\/www.prinz24.com\/produkte\/industrie-holzsaegen\/fuehrungsschienen\/","og_locale":"en_US","og_type":"article","og_title":"F\u00fchrungsschienen f\u00fcr Industrie-Holzs\u00e4gen | prinz24.com","og_description":"F\u00fchrungsschienen f\u00fcr Industrie-Holzs\u00e4gen von der PRINZ Deutschland GmbH.","og_url":"https:\/\/www.prinz24.com\/produkte\/industrie-holzsaegen\/fuehrungsschienen\/","og_site_name":"PRINZ Kettens\u00e4getechnik","article_publisher":"https:\/\/www.facebook.com\/prinzkettensaegetechnik\/","article_modified_time":"2025-05-25T16:05:55+00:00","og_image":[{"url":"http:\/\/www.prinz.at\/wp-content\/uploads\/2015\/03\/FSSONDER84_REPARIERT-e1458302289918.png","type":"","width":"","height":""}],"twitter_card":"summary_large_image","twitter_misc":{"Est. reading time":"5 minutes"},"schema":{"@context":"https:\/\/schema.org","@graph":[{"@type":"WebPage","@id":"https:\/\/www.prinz24.com\/produkte\/industrie-holzsaegen\/fuehrungsschienen\/","url":"https:\/\/www.prinz24.com\/produkte\/industrie-holzsaegen\/fuehrungsschienen\/","name":"F\u00fchrungsschienen f\u00fcr Industrie-Holzs\u00e4gen | prinz24.com","isPartOf":{"@id":"https:\/\/www.prinz24.com\/#website"},"primaryImageOfPage":{"@id":"https:\/\/www.prinz24.com\/produkte\/industrie-holzsaegen\/fuehrungsschienen\/#primaryimage"},"image":{"@id":"https:\/\/www.prinz24.com\/produkte\/industrie-holzsaegen\/fuehrungsschienen\/#primaryimage"},"thumbnailUrl":"http:\/\/www.prinz.at\/wp-content\/uploads\/2015\/03\/FSSONDER84_REPARIERT-e1458302289918.png","datePublished":"2015-03-24T14:08:22+00:00","dateModified":"2025-05-25T16:05:55+00:00","description":"F\u00fchrungsschienen f\u00fcr Industrie-Holzs\u00e4gen von der PRINZ Deutschland GmbH.","breadcrumb":{"@id":"https:\/\/www.prinz24.com\/produkte\/industrie-holzsaegen\/fuehrungsschienen\/#breadcrumb"},"inLanguage":"en-US","potentialAction":[{"@type":"ReadAction","target":["https:\/\/www.prinz24.com\/produkte\/industrie-holzsaegen\/fuehrungsschienen\/"]}]},{"@type":"ImageObject","inLanguage":"en-US","@id":"https:\/\/www.prinz24.com\/produkte\/industrie-holzsaegen\/fuehrungsschienen\/#primaryimage","url":"http:\/\/www.prinz.at\/wp-content\/uploads\/2015\/03\/FSSONDER84_REPARIERT-e1458302289918.png","contentUrl":"http:\/\/www.prinz.at\/wp-content\/uploads\/2015\/03\/FSSONDER84_REPARIERT-e1458302289918.png"},{"@type":"BreadcrumbList","@id":"https:\/\/www.prinz24.com\/produkte\/industrie-holzsaegen\/fuehrungsschienen\/#breadcrumb","itemListElement":[{"@type":"ListItem","position":1,"name":"Startseite","item":"https:\/\/www.prinz24.com\/"},{"@type":"ListItem","position":2,"name":"Produkte","item":"https:\/\/www.prinz24.com\/produkte\/"},{"@type":"ListItem","position":3,"name":"Holzs\u00e4gen","item":"https:\/\/www.prinz24.com\/produkte\/industrie-holzsaegen\/"},{"@type":"ListItem","position":4,"name":"F\u00fchrungsschienen"}]},{"@type":"WebSite","@id":"https:\/\/www.prinz24.com\/#website","url":"https:\/\/www.prinz24.com\/","name":"PRINZ Kettens\u00e4getechnik","description":"Kettens\u00e4gentechnik f\u00fcr die Industrie","potentialAction":[{"@type":"SearchAction","target":{"@type":"EntryPoint","urlTemplate":"https:\/\/www.prinz24.com\/?s={search_term_string}"},"query-input":{"@type":"PropertyValueSpecification","valueRequired":true,"valueName":"search_term_string"}}],"inLanguage":"en-US"}]}},"_links":{"self":[{"href":"https:\/\/www.prinz24.com\/en\/wp-json\/wp\/v2\/pages\/310","targetHints":{"allow":["GET"]}}],"collection":[{"href":"https:\/\/www.prinz24.com\/en\/wp-json\/wp\/v2\/pages"}],"about":[{"href":"https:\/\/www.prinz24.com\/en\/wp-json\/wp\/v2\/types\/page"}],"author":[{"embeddable":true,"href":"https:\/\/www.prinz24.com\/en\/wp-json\/wp\/v2\/users\/11"}],"replies":[{"embeddable":true,"href":"https:\/\/www.prinz24.com\/en\/wp-json\/wp\/v2\/comments?post=310"}],"version-history":[{"count":49,"href":"https:\/\/www.prinz24.com\/en\/wp-json\/wp\/v2\/pages\/310\/revisions"}],"predecessor-version":[{"id":10064,"href":"https:\/\/www.prinz24.com\/en\/wp-json\/wp\/v2\/pages\/310\/revisions\/10064"}],"up":[{"embeddable":true,"href":"https:\/\/www.prinz24.com\/en\/wp-json\/wp\/v2\/pages\/91"}],"wp:attachment":[{"href":"https:\/\/www.prinz24.com\/en\/wp-json\/wp\/v2\/media?parent=310"}],"curies":[{"name":"wp","href":"https:\/\/api.w.org\/{rel}","templated":true}]}}