{"id":388,"date":"2015-03-25T14:25:18","date_gmt":"2015-03-25T14:25:18","guid":{"rendered":"http:\/\/prinz.plesk1.bsocloud.cc\/?page_id=388"},"modified":"2025-05-25T15:03:10","modified_gmt":"2025-05-25T15:03:10","slug":"ecostar","status":"publish","type":"page","link":"https:\/\/www.prinz24.com\/en\/produkte\/industrie-holzsaegen\/fahrbare-holzsaegen\/ecostar\/","title":{"rendered":"ecoSTAR"},"content":{"rendered":"<div class=\"wpb-content-wrapper\"><p>[vc_row][vc_column width=&#8221;1\/2&#8243;][vc_single_image image=&#8221;4858&#8243; img_size=&#8221;full&#8221; alignment=&#8221;center&#8221;][\/vc_column][vc_column width=&#8221;1\/2&#8243;][vc_column_text css=&#8221;&#8221;]Mobile cross-cut saws by PRINZ are highly mobile and universal. They are the ideal entry-level model for efficient cross-cutting of ends and cutting through round timber and stacks. Easy to manoeuvre, they provide a convenient alternative to one man saws. The ecoSTAR by PRINZ stands out due to its unmatchable price-performance ratio as well as ist very wide range of application.<\/p>\n<ul>\n<li>highly accurate cutting with\u00a0one stabiliser<\/li>\n<li>available with 7.5\u2009KW drive motor<\/li>\n<li>automatic chain lubrication with 5 L oil tank for less downtime<\/li>\n<li>easy chain replacement<\/li>\n<li>solid rubber tyres provide maximum stability<\/li>\n<li>guide bar lengths up to 250\u2009cm, also with special hard faced edges<\/li>\n<li>low purchase and operating costs for a quick payback<\/li>\n<\/ul>\n<p>[\/vc_column_text][\/vc_column][\/vc_row][vc_row][vc_column][vc_column_text]<\/p>\n<h2>Technical Data<\/h2>\n<table class=\"contenttable contenttable-0 product-description-table\">\n<tbody>\n<tr class=\"tr-even tr-0\">\n<td class=\"td-0\">Power:<\/td>\n<td class=\"td-last td-1\">7,5 kW<\/td>\n<\/tr>\n<tr class=\"tr-odd tr-1\">\n<td class=\"td-0\">Motor:<\/td>\n<td class=\"td-last td-1\">electric<\/td>\n<\/tr>\n<tr class=\"tr-even tr-2\">\n<td class=\"td-0\">Standard package size (width x height):<\/td>\n<td class=\"td-last td-1\">130x130cm<\/td>\n<\/tr>\n<tr class=\"tr-odd tr-3\">\n<td class=\"td-0\">Larger dimensions available:<\/td>\n<td class=\"td-last td-1\">yes<\/td>\n<\/tr>\n<tr class=\"tr-even tr-4\">\n<td class=\"td-0\">Feed for cut:<\/td>\n<td class=\"td-last td-1\">manual<\/td>\n<\/tr>\n<tr class=\"tr-odd tr-5\">\n<td class=\"td-0\">Guiding of the cut:<\/td>\n<td class=\"td-last td-1\">1 stabiliser<\/td>\n<\/tr>\n<tr class=\"tr-even tr-6\">\n<td class=\"td-0\">Saw type:<\/td>\n<td class=\"td-last td-1\">mobile saw<\/td>\n<\/tr>\n<tr class=\"tr-odd tr-7\">\n<td class=\"td-0\">Chain types:<\/td>\n<td class=\"td-last td-1\">chipper chain\/scraper chain\/ carbide tipped chain<\/td>\n<\/tr>\n<tr class=\"tr-even tr-8\">\n<td class=\"td-0\">Guide bar:<\/td>\n<td class=\"td-last td-1\">solid steel, special hard faced edge<\/td>\n<\/tr>\n<tr class=\"tr-even tr-12\">\n<td class=\"td-0\">Measuring device available:<\/td>\n<td class=\"td-last td-1\">no<\/td>\n<\/tr>\n<tr class=\"tr-even tr-last\">\n<td class=\"td-0\">Applications:<\/td>\n<td class=\"td-last td-1\">rough length cutting of\u00a0packs and logs<\/td>\n<\/tr>\n<\/tbody>\n<\/table>\n<p>[\/vc_column_text][\/vc_column][\/vc_row][vc_row][vc_column][vc_raw_html]JTNDaWZyYW1lJTIwd2lkdGglM0QlMjIxMjgwJTIyJTIwaGVpZ2h0JTNEJTIyNzIwJTIyJTIwc3JjJTNEJTIyaHR0cHMlM0ElMkYlMkZ3d3cueW91dHViZS5jb20lMkZlbWJlZCUyRmlnWnJJSzJDWG5NJTNGcmVsJTNEMCUyMiUyMGZyYW1lYm9yZGVyJTNEJTIyMCUyMiUyMGFsbG93JTNEJTIyYXV0b3BsYXklM0IlMjBlbmNyeXB0ZWQtbWVkaWElMjIlMjBhbGxvd2Z1bGxzY3JlZW4lM0UlM0MlMkZpZnJhbWUlM0U=[\/vc_raw_html][vc_gallery type=&#8221;image_grid&#8221; images=&#8221;4877,4874,4552,4878,4876,4875&#8243;][\/vc_column][\/vc_row]<\/p>\n<\/div>","protected":false},"excerpt":{"rendered":"<p>[vc_row][vc_column width=&#8221;1\/2&#8243;][vc_single_image image=&#8221;4858&#8243; img_size=&#8221;full&#8221; alignment=&#8221;center&#8221;][\/vc_column][vc_column width=&#8221;1\/2&#8243;][vc_column_text css=&#8221;&#8221;]Mobile cross-cut saws by PRINZ are highly mobile and universal. They are the ideal entry-level model for efficient cross-cutting of ends and cutting through round timber and stacks. Easy to manoeuvre, they provide a convenient alternative to one man saws. The ecoSTAR by PRINZ stands out due to its [&hellip;]<\/p>\n","protected":false},"author":11,"featured_media":0,"parent":304,"menu_order":0,"comment_status":"open","ping_status":"open","template":"","meta":{"footnotes":""},"class_list":["post-388","page","type-page","status-publish","hentry"],"yoast_head":"<!-- This site is optimized with the Yoast SEO plugin v27.0 - https:\/\/yoast.com\/product\/yoast-seo-wordpress\/ -->\n<title>Fahrbare Industrie-Holzs\u00e4ge Ecostar | prinz24.com<\/title>\n<meta name=\"description\" content=\"Hier finden Sie die fahrbare Industrie-Holzs\u00e4ge Ecostar der PRINZ-Deutschland GmbH.\" \/>\n<meta name=\"robots\" content=\"index, follow, max-snippet:-1, max-image-preview:large, max-video-preview:-1\" \/>\n<link rel=\"canonical\" href=\"https:\/\/www.prinz24.com\/produkte\/industrie-holzsaegen\/fahrbare-holzsaegen\/ecostar\/\" \/>\n<meta property=\"og:locale\" content=\"en_US\" \/>\n<meta property=\"og:type\" content=\"article\" \/>\n<meta property=\"og:title\" content=\"Fahrbare Industrie-Holzs\u00e4ge Ecostar | prinz24.com\" \/>\n<meta property=\"og:description\" content=\"Hier finden Sie die fahrbare Industrie-Holzs\u00e4ge Ecostar der PRINZ-Deutschland GmbH.\" \/>\n<meta property=\"og:url\" content=\"https:\/\/www.prinz24.com\/produkte\/industrie-holzsaegen\/fahrbare-holzsaegen\/ecostar\/\" \/>\n<meta property=\"og:site_name\" content=\"PRINZ Kettens\u00e4getechnik\" \/>\n<meta property=\"article:publisher\" content=\"https:\/\/www.facebook.com\/prinzkettensaegetechnik\/\" \/>\n<meta property=\"article:modified_time\" content=\"2025-05-25T15:03:10+00:00\" \/>\n<meta name=\"twitter:card\" content=\"summary_large_image\" \/>\n<meta name=\"twitter:label1\" content=\"Est. reading time\" \/>\n\t<meta name=\"twitter:data1\" content=\"3 minutes\" \/>\n<script type=\"application\/ld+json\" class=\"yoast-schema-graph\">{\"@context\":\"https:\/\/schema.org\",\"@graph\":[{\"@type\":\"WebPage\",\"@id\":\"https:\/\/www.prinz24.com\/produkte\/industrie-holzsaegen\/fahrbare-holzsaegen\/ecostar\/\",\"url\":\"https:\/\/www.prinz24.com\/produkte\/industrie-holzsaegen\/fahrbare-holzsaegen\/ecostar\/\",\"name\":\"Fahrbare Industrie-Holzs\u00e4ge Ecostar | prinz24.com\",\"isPartOf\":{\"@id\":\"https:\/\/www.prinz24.com\/#website\"},\"datePublished\":\"2015-03-25T14:25:18+00:00\",\"dateModified\":\"2025-05-25T15:03:10+00:00\",\"description\":\"Hier finden Sie die fahrbare Industrie-Holzs\u00e4ge Ecostar der PRINZ-Deutschland GmbH.\",\"breadcrumb\":{\"@id\":\"https:\/\/www.prinz24.com\/produkte\/industrie-holzsaegen\/fahrbare-holzsaegen\/ecostar\/#breadcrumb\"},\"inLanguage\":\"en-US\",\"potentialAction\":[{\"@type\":\"ReadAction\",\"target\":[\"https:\/\/www.prinz24.com\/produkte\/industrie-holzsaegen\/fahrbare-holzsaegen\/ecostar\/\"]}]},{\"@type\":\"BreadcrumbList\",\"@id\":\"https:\/\/www.prinz24.com\/produkte\/industrie-holzsaegen\/fahrbare-holzsaegen\/ecostar\/#breadcrumb\",\"itemListElement\":[{\"@type\":\"ListItem\",\"position\":1,\"name\":\"Startseite\",\"item\":\"https:\/\/www.prinz24.com\/\"},{\"@type\":\"ListItem\",\"position\":2,\"name\":\"Produkte\",\"item\":\"https:\/\/www.prinz24.com\/produkte\/\"},{\"@type\":\"ListItem\",\"position\":3,\"name\":\"Holzs\u00e4gen\",\"item\":\"https:\/\/www.prinz24.com\/produkte\/industrie-holzsaegen\/\"},{\"@type\":\"ListItem\",\"position\":4,\"name\":\"Fahrbare S\u00e4gen\",\"item\":\"https:\/\/www.prinz24.com\/produkte\/industrie-holzsaegen\/fahrbare-holzsaegen\/\"},{\"@type\":\"ListItem\",\"position\":5,\"name\":\"ecoSTAR\"}]},{\"@type\":\"WebSite\",\"@id\":\"https:\/\/www.prinz24.com\/#website\",\"url\":\"https:\/\/www.prinz24.com\/\",\"name\":\"PRINZ Kettens\u00e4getechnik\",\"description\":\"Kettens\u00e4gentechnik f\u00fcr die Industrie\",\"potentialAction\":[{\"@type\":\"SearchAction\",\"target\":{\"@type\":\"EntryPoint\",\"urlTemplate\":\"https:\/\/www.prinz24.com\/?s={search_term_string}\"},\"query-input\":{\"@type\":\"PropertyValueSpecification\",\"valueRequired\":true,\"valueName\":\"search_term_string\"}}],\"inLanguage\":\"en-US\"}]}<\/script>\n<!-- \/ Yoast SEO plugin. -->","yoast_head_json":{"title":"Fahrbare Industrie-Holzs\u00e4ge Ecostar | prinz24.com","description":"Hier finden Sie die fahrbare Industrie-Holzs\u00e4ge Ecostar der PRINZ-Deutschland GmbH.","robots":{"index":"index","follow":"follow","max-snippet":"max-snippet:-1","max-image-preview":"max-image-preview:large","max-video-preview":"max-video-preview:-1"},"canonical":"https:\/\/www.prinz24.com\/produkte\/industrie-holzsaegen\/fahrbare-holzsaegen\/ecostar\/","og_locale":"en_US","og_type":"article","og_title":"Fahrbare Industrie-Holzs\u00e4ge Ecostar | prinz24.com","og_description":"Hier finden Sie die fahrbare Industrie-Holzs\u00e4ge Ecostar der PRINZ-Deutschland GmbH.","og_url":"https:\/\/www.prinz24.com\/produkte\/industrie-holzsaegen\/fahrbare-holzsaegen\/ecostar\/","og_site_name":"PRINZ Kettens\u00e4getechnik","article_publisher":"https:\/\/www.facebook.com\/prinzkettensaegetechnik\/","article_modified_time":"2025-05-25T15:03:10+00:00","twitter_card":"summary_large_image","twitter_misc":{"Est. reading time":"3 minutes"},"schema":{"@context":"https:\/\/schema.org","@graph":[{"@type":"WebPage","@id":"https:\/\/www.prinz24.com\/produkte\/industrie-holzsaegen\/fahrbare-holzsaegen\/ecostar\/","url":"https:\/\/www.prinz24.com\/produkte\/industrie-holzsaegen\/fahrbare-holzsaegen\/ecostar\/","name":"Fahrbare Industrie-Holzs\u00e4ge Ecostar | prinz24.com","isPartOf":{"@id":"https:\/\/www.prinz24.com\/#website"},"datePublished":"2015-03-25T14:25:18+00:00","dateModified":"2025-05-25T15:03:10+00:00","description":"Hier finden Sie die fahrbare Industrie-Holzs\u00e4ge Ecostar der PRINZ-Deutschland GmbH.","breadcrumb":{"@id":"https:\/\/www.prinz24.com\/produkte\/industrie-holzsaegen\/fahrbare-holzsaegen\/ecostar\/#breadcrumb"},"inLanguage":"en-US","potentialAction":[{"@type":"ReadAction","target":["https:\/\/www.prinz24.com\/produkte\/industrie-holzsaegen\/fahrbare-holzsaegen\/ecostar\/"]}]},{"@type":"BreadcrumbList","@id":"https:\/\/www.prinz24.com\/produkte\/industrie-holzsaegen\/fahrbare-holzsaegen\/ecostar\/#breadcrumb","itemListElement":[{"@type":"ListItem","position":1,"name":"Startseite","item":"https:\/\/www.prinz24.com\/"},{"@type":"ListItem","position":2,"name":"Produkte","item":"https:\/\/www.prinz24.com\/produkte\/"},{"@type":"ListItem","position":3,"name":"Holzs\u00e4gen","item":"https:\/\/www.prinz24.com\/produkte\/industrie-holzsaegen\/"},{"@type":"ListItem","position":4,"name":"Fahrbare S\u00e4gen","item":"https:\/\/www.prinz24.com\/produkte\/industrie-holzsaegen\/fahrbare-holzsaegen\/"},{"@type":"ListItem","position":5,"name":"ecoSTAR"}]},{"@type":"WebSite","@id":"https:\/\/www.prinz24.com\/#website","url":"https:\/\/www.prinz24.com\/","name":"PRINZ Kettens\u00e4getechnik","description":"Kettens\u00e4gentechnik f\u00fcr die Industrie","potentialAction":[{"@type":"SearchAction","target":{"@type":"EntryPoint","urlTemplate":"https:\/\/www.prinz24.com\/?s={search_term_string}"},"query-input":{"@type":"PropertyValueSpecification","valueRequired":true,"valueName":"search_term_string"}}],"inLanguage":"en-US"}]}},"_links":{"self":[{"href":"https:\/\/www.prinz24.com\/en\/wp-json\/wp\/v2\/pages\/388","targetHints":{"allow":["GET"]}}],"collection":[{"href":"https:\/\/www.prinz24.com\/en\/wp-json\/wp\/v2\/pages"}],"about":[{"href":"https:\/\/www.prinz24.com\/en\/wp-json\/wp\/v2\/types\/page"}],"author":[{"embeddable":true,"href":"https:\/\/www.prinz24.com\/en\/wp-json\/wp\/v2\/users\/11"}],"replies":[{"embeddable":true,"href":"https:\/\/www.prinz24.com\/en\/wp-json\/wp\/v2\/comments?post=388"}],"version-history":[{"count":44,"href":"https:\/\/www.prinz24.com\/en\/wp-json\/wp\/v2\/pages\/388\/revisions"}],"predecessor-version":[{"id":10044,"href":"https:\/\/www.prinz24.com\/en\/wp-json\/wp\/v2\/pages\/388\/revisions\/10044"}],"up":[{"embeddable":true,"href":"https:\/\/www.prinz24.com\/en\/wp-json\/wp\/v2\/pages\/304"}],"wp:attachment":[{"href":"https:\/\/www.prinz24.com\/en\/wp-json\/wp\/v2\/media?parent=388"}],"curies":[{"name":"wp","href":"https:\/\/api.w.org\/{rel}","templated":true}]}}