{"id":442,"date":"2015-03-26T12:36:40","date_gmt":"2015-03-26T12:36:40","guid":{"rendered":"http:\/\/prinz.plesk1.bsocloud.cc\/?page_id=442"},"modified":"2025-05-25T14:32:19","modified_gmt":"2025-05-25T14:32:19","slug":"mobilcut-state-line","status":"publish","type":"page","link":"https:\/\/www.prinz24.com\/en\/produkte\/industrie-holzsaegen\/bogengefuehrte-bretterpaketsaegen\/mobilcut-state-line\/","title":{"rendered":"mobilCUT stateLINE"},"content":{"rendered":"<div class=\"wpb-content-wrapper\"><p>[vc_row][vc_column width=&#8221;1\/2&#8243;][vc_single_image image=&#8221;2668&#8243; img_size=&#8221;full&#8221; alignment=&#8221;center&#8221;][\/vc_column][vc_column width=&#8221;1\/2&#8243;][vc_column_text css=&#8221;&#8221;]The mobilCUT statrLINE is a positioning saw with a package frame to cut stationary packages. The saw positioning is manual, the guide bar moves along a robust guide arch for high cut accuracy. The saw stands out due to easy operation, a sturdy design and excellent stability. With a maximum frame length of 7,6 m, it can also be installed where space requirement is limited.<\/p>\n<p>Main facts about the\u00a0 mobilCUT stateLINE :<\/p>\n<ul>\n<li>chain engine with 7,5 kW<\/li>\n<li>very robust guide arch<\/li>\n<li>to cut packages with 130\u00d7130 cm up to 6 m length<\/li>\n<li>reduced space requirement with only 755 cm length<\/li>\n<li>cut accuracy of \u00b12 mm with arch guiding<\/li>\n<li>cut feed manual<\/li>\n<li>positioning of the saw manual with hand wheel\/automatic<\/li>\n<li>optional extras to best meet your individual requirements: digital readout of the length, laser light and conveyors for waste removal<\/li>\n<\/ul>\n<p>[\/vc_column_text][\/vc_column][\/vc_row][vc_row][vc_column][vc_column_text]<\/p>\n<h2>Technical Data<\/h2>\n<table class=\"contenttable contenttable-0 product-description-table\">\n<tbody>\n<tr class=\"tr-even tr-0\">\n<td class=\"td-0\">Power:<\/td>\n<td class=\"td-last td-1\">7,5 kW<\/td>\n<\/tr>\n<tr class=\"tr-odd tr-1\">\n<td class=\"td-0\">Motor\/Engine:<\/td>\n<td class=\"td-last td-1\">electric<\/td>\n<\/tr>\n<tr class=\"tr-even tr-2\">\n<td class=\"td-0\">Cutting accuracy:<\/td>\n<td class=\"td-last td-1\">\u00b12 mm<\/td>\n<\/tr>\n<tr class=\"tr-odd tr-3\">\n<td class=\"td-0\">Standard package size (width x height):<\/td>\n<td class=\"td-last td-1\">130&#215;130 cm<\/td>\n<\/tr>\n<tr class=\"tr-even tr-4\">\n<td class=\"td-0\">Larger dimensions available:<\/td>\n<td class=\"td-last td-1\">yes<\/td>\n<\/tr>\n<tr class=\"tr-odd tr-5\">\n<td class=\"td-0\">Cut feed:<\/td>\n<td class=\"td-last td-1\">manual<\/td>\n<\/tr>\n<tr class=\"tr-even tr-6\">\n<td class=\"td-0\">Guiding of the cut:<\/td>\n<td class=\"td-last td-1\">with arch<\/td>\n<\/tr>\n<tr class=\"tr-odd tr-7\">\n<td class=\"td-0\">Saw type:<\/td>\n<td class=\"td-last td-1\">saw moves\/stationary package<\/td>\n<\/tr>\n<tr class=\"tr-even tr-8\">\n<td class=\"td-0\">Chain types:<\/td>\n<td class=\"td-last td-1\">scraper chain\/ carbide tipped chain<\/td>\n<\/tr>\n<tr class=\"tr-odd tr-9\">\n<td class=\"td-0\">Guide bar:<\/td>\n<td class=\"td-last td-1\">solid steel, special hard faced edge<\/td>\n<\/tr>\n<tr class=\"tr-even tr-10\">\n<td class=\"td-0\">Cutting performance:<\/td>\n<td class=\"td-last td-1\">2min\/m\u00b2<\/td>\n<\/tr>\n<tr class=\"tr-odd tr-11\">\n<td class=\"td-0\">Package\/saw drive:<\/td>\n<td class=\"td-last td-1\">positioning of the saw<\/td>\n<\/tr>\n<tr class=\"tr-even tr-12\">\n<td class=\"td-0\">Measuring device available:<\/td>\n<td class=\"td-last td-1\">yes<\/td>\n<\/tr>\n<tr class=\"tr-odd tr-13\">\n<td class=\"td-0\">Applications:<\/td>\n<td class=\"td-last td-1\">travelling saw to handle packages up to 6m length with a cut accuracy of \u00b12mm and limited space requirement<\/td>\n<\/tr>\n<tr class=\"tr-even tr-14\">\n<td class=\"td-0\">Optional extras:<\/td>\n<td class=\"td-last td-1\">\n<ul>\n<li>digital read out of the length\/ measuring device<\/li>\n<li>laser light for cut position<\/li>\n<li>conveyors for waste removal<\/li>\n<li>container for waste removal<\/li>\n<li>connection adapter for the exhaustion system<\/li>\n<\/ul>\n<\/td>\n<\/tr>\n<\/tbody>\n<\/table>\n<p>[\/vc_column_text][\/vc_column][\/vc_row][vc_row][vc_column][vc_gallery type=&#8221;image_grid&#8221; images=&#8221;1022,1023,1024,1025,1026&#8243;][\/vc_column][\/vc_row]<\/p>\n<\/div>","protected":false},"excerpt":{"rendered":"<p>[vc_row][vc_column width=&#8221;1\/2&#8243;][vc_single_image image=&#8221;2668&#8243; img_size=&#8221;full&#8221; alignment=&#8221;center&#8221;][\/vc_column][vc_column width=&#8221;1\/2&#8243;][vc_column_text css=&#8221;&#8221;]The mobilCUT statrLINE is a positioning saw with a package frame to cut stationary packages. The saw positioning is manual, the guide bar moves along a robust guide arch for high cut accuracy. The saw stands out due to easy operation, a sturdy design and excellent stability. With a [&hellip;]<\/p>\n","protected":false},"author":11,"featured_media":0,"parent":300,"menu_order":0,"comment_status":"open","ping_status":"open","template":"","meta":{"footnotes":""},"class_list":["post-442","page","type-page","status-publish","hentry"],"yoast_head":"<!-- This site is optimized with the Yoast SEO plugin v27.4 - https:\/\/yoast.com\/product\/yoast-seo-wordpress\/ -->\n<title>Bogengef\u00fchrte Bretterpakets\u00e4ge Mobilcut Light | prinz24.com<\/title>\n<meta name=\"description\" content=\"Hier finden Sie die bogengef\u00fchrte Bretterpakets\u00e4ge Mobilcut Light der PRINZ Deutschland GmbH.\" \/>\n<meta name=\"robots\" content=\"index, follow, max-snippet:-1, max-image-preview:large, max-video-preview:-1\" \/>\n<link rel=\"canonical\" href=\"https:\/\/www.prinz24.com\/produkte\/industrie-holzsaegen\/bogengefuehrte-bretterpaketsaegen\/mobilcut-state-line\/\" \/>\n<meta property=\"og:locale\" content=\"en_US\" \/>\n<meta property=\"og:type\" content=\"article\" \/>\n<meta property=\"og:title\" content=\"Bogengef\u00fchrte Bretterpakets\u00e4ge Mobilcut Light | prinz24.com\" \/>\n<meta property=\"og:description\" content=\"Hier finden Sie die bogengef\u00fchrte Bretterpakets\u00e4ge Mobilcut Light der PRINZ Deutschland GmbH.\" \/>\n<meta property=\"og:url\" content=\"https:\/\/www.prinz24.com\/produkte\/industrie-holzsaegen\/bogengefuehrte-bretterpaketsaegen\/mobilcut-state-line\/\" \/>\n<meta property=\"og:site_name\" content=\"PRINZ Kettens\u00e4getechnik\" \/>\n<meta property=\"article:publisher\" content=\"https:\/\/www.facebook.com\/prinzkettensaegetechnik\/\" \/>\n<meta property=\"article:modified_time\" content=\"2025-05-25T14:32:19+00:00\" \/>\n<meta name=\"twitter:card\" content=\"summary_large_image\" \/>\n<meta name=\"twitter:label1\" content=\"Est. reading time\" \/>\n\t<meta name=\"twitter:data1\" content=\"4 minutes\" \/>\n<script type=\"application\/ld+json\" class=\"yoast-schema-graph\">{\"@context\":\"https:\\\/\\\/schema.org\",\"@graph\":[{\"@type\":\"WebPage\",\"@id\":\"https:\\\/\\\/www.prinz24.com\\\/produkte\\\/industrie-holzsaegen\\\/bogengefuehrte-bretterpaketsaegen\\\/mobilcut-state-line\\\/\",\"url\":\"https:\\\/\\\/www.prinz24.com\\\/produkte\\\/industrie-holzsaegen\\\/bogengefuehrte-bretterpaketsaegen\\\/mobilcut-state-line\\\/\",\"name\":\"Bogengef\u00fchrte Bretterpakets\u00e4ge Mobilcut Light | prinz24.com\",\"isPartOf\":{\"@id\":\"https:\\\/\\\/www.prinz24.com\\\/#website\"},\"datePublished\":\"2015-03-26T12:36:40+00:00\",\"dateModified\":\"2025-05-25T14:32:19+00:00\",\"description\":\"Hier finden Sie die bogengef\u00fchrte Bretterpakets\u00e4ge Mobilcut Light der PRINZ Deutschland GmbH.\",\"breadcrumb\":{\"@id\":\"https:\\\/\\\/www.prinz24.com\\\/produkte\\\/industrie-holzsaegen\\\/bogengefuehrte-bretterpaketsaegen\\\/mobilcut-state-line\\\/#breadcrumb\"},\"inLanguage\":\"en-US\",\"potentialAction\":[{\"@type\":\"ReadAction\",\"target\":[\"https:\\\/\\\/www.prinz24.com\\\/produkte\\\/industrie-holzsaegen\\\/bogengefuehrte-bretterpaketsaegen\\\/mobilcut-state-line\\\/\"]}]},{\"@type\":\"BreadcrumbList\",\"@id\":\"https:\\\/\\\/www.prinz24.com\\\/produkte\\\/industrie-holzsaegen\\\/bogengefuehrte-bretterpaketsaegen\\\/mobilcut-state-line\\\/#breadcrumb\",\"itemListElement\":[{\"@type\":\"ListItem\",\"position\":1,\"name\":\"Startseite\",\"item\":\"https:\\\/\\\/www.prinz24.com\\\/\"},{\"@type\":\"ListItem\",\"position\":2,\"name\":\"Produkte\",\"item\":\"https:\\\/\\\/www.prinz24.com\\\/produkte\\\/\"},{\"@type\":\"ListItem\",\"position\":3,\"name\":\"Holzs\u00e4gen\",\"item\":\"https:\\\/\\\/www.prinz24.com\\\/produkte\\\/industrie-holzsaegen\\\/\"},{\"@type\":\"ListItem\",\"position\":4,\"name\":\"Bogengef\u00fchrtes\u00e4gen\",\"item\":\"https:\\\/\\\/www.prinz24.com\\\/produkte\\\/industrie-holzsaegen\\\/bogengefuehrte-bretterpaketsaegen\\\/\"},{\"@type\":\"ListItem\",\"position\":5,\"name\":\"mobilCUT stateLINE\"}]},{\"@type\":\"WebSite\",\"@id\":\"https:\\\/\\\/www.prinz24.com\\\/#website\",\"url\":\"https:\\\/\\\/www.prinz24.com\\\/\",\"name\":\"PRINZ Kettens\u00e4getechnik\",\"description\":\"Kettens\u00e4gentechnik f\u00fcr die Industrie\",\"potentialAction\":[{\"@type\":\"SearchAction\",\"target\":{\"@type\":\"EntryPoint\",\"urlTemplate\":\"https:\\\/\\\/www.prinz24.com\\\/?s={search_term_string}\"},\"query-input\":{\"@type\":\"PropertyValueSpecification\",\"valueRequired\":true,\"valueName\":\"search_term_string\"}}],\"inLanguage\":\"en-US\"}]}<\/script>\n<!-- \/ Yoast SEO plugin. -->","yoast_head_json":{"title":"Bogengef\u00fchrte Bretterpakets\u00e4ge Mobilcut Light | prinz24.com","description":"Hier finden Sie die bogengef\u00fchrte Bretterpakets\u00e4ge Mobilcut Light der PRINZ Deutschland GmbH.","robots":{"index":"index","follow":"follow","max-snippet":"max-snippet:-1","max-image-preview":"max-image-preview:large","max-video-preview":"max-video-preview:-1"},"canonical":"https:\/\/www.prinz24.com\/produkte\/industrie-holzsaegen\/bogengefuehrte-bretterpaketsaegen\/mobilcut-state-line\/","og_locale":"en_US","og_type":"article","og_title":"Bogengef\u00fchrte Bretterpakets\u00e4ge Mobilcut Light | prinz24.com","og_description":"Hier finden Sie die bogengef\u00fchrte Bretterpakets\u00e4ge Mobilcut Light der PRINZ Deutschland GmbH.","og_url":"https:\/\/www.prinz24.com\/produkte\/industrie-holzsaegen\/bogengefuehrte-bretterpaketsaegen\/mobilcut-state-line\/","og_site_name":"PRINZ Kettens\u00e4getechnik","article_publisher":"https:\/\/www.facebook.com\/prinzkettensaegetechnik\/","article_modified_time":"2025-05-25T14:32:19+00:00","twitter_card":"summary_large_image","twitter_misc":{"Est. reading time":"4 minutes"},"schema":{"@context":"https:\/\/schema.org","@graph":[{"@type":"WebPage","@id":"https:\/\/www.prinz24.com\/produkte\/industrie-holzsaegen\/bogengefuehrte-bretterpaketsaegen\/mobilcut-state-line\/","url":"https:\/\/www.prinz24.com\/produkte\/industrie-holzsaegen\/bogengefuehrte-bretterpaketsaegen\/mobilcut-state-line\/","name":"Bogengef\u00fchrte Bretterpakets\u00e4ge Mobilcut Light | prinz24.com","isPartOf":{"@id":"https:\/\/www.prinz24.com\/#website"},"datePublished":"2015-03-26T12:36:40+00:00","dateModified":"2025-05-25T14:32:19+00:00","description":"Hier finden Sie die bogengef\u00fchrte Bretterpakets\u00e4ge Mobilcut Light der PRINZ Deutschland GmbH.","breadcrumb":{"@id":"https:\/\/www.prinz24.com\/produkte\/industrie-holzsaegen\/bogengefuehrte-bretterpaketsaegen\/mobilcut-state-line\/#breadcrumb"},"inLanguage":"en-US","potentialAction":[{"@type":"ReadAction","target":["https:\/\/www.prinz24.com\/produkte\/industrie-holzsaegen\/bogengefuehrte-bretterpaketsaegen\/mobilcut-state-line\/"]}]},{"@type":"BreadcrumbList","@id":"https:\/\/www.prinz24.com\/produkte\/industrie-holzsaegen\/bogengefuehrte-bretterpaketsaegen\/mobilcut-state-line\/#breadcrumb","itemListElement":[{"@type":"ListItem","position":1,"name":"Startseite","item":"https:\/\/www.prinz24.com\/"},{"@type":"ListItem","position":2,"name":"Produkte","item":"https:\/\/www.prinz24.com\/produkte\/"},{"@type":"ListItem","position":3,"name":"Holzs\u00e4gen","item":"https:\/\/www.prinz24.com\/produkte\/industrie-holzsaegen\/"},{"@type":"ListItem","position":4,"name":"Bogengef\u00fchrtes\u00e4gen","item":"https:\/\/www.prinz24.com\/produkte\/industrie-holzsaegen\/bogengefuehrte-bretterpaketsaegen\/"},{"@type":"ListItem","position":5,"name":"mobilCUT stateLINE"}]},{"@type":"WebSite","@id":"https:\/\/www.prinz24.com\/#website","url":"https:\/\/www.prinz24.com\/","name":"PRINZ Kettens\u00e4getechnik","description":"Kettens\u00e4gentechnik f\u00fcr die Industrie","potentialAction":[{"@type":"SearchAction","target":{"@type":"EntryPoint","urlTemplate":"https:\/\/www.prinz24.com\/?s={search_term_string}"},"query-input":{"@type":"PropertyValueSpecification","valueRequired":true,"valueName":"search_term_string"}}],"inLanguage":"en-US"}]}},"_links":{"self":[{"href":"https:\/\/www.prinz24.com\/en\/wp-json\/wp\/v2\/pages\/442","targetHints":{"allow":["GET"]}}],"collection":[{"href":"https:\/\/www.prinz24.com\/en\/wp-json\/wp\/v2\/pages"}],"about":[{"href":"https:\/\/www.prinz24.com\/en\/wp-json\/wp\/v2\/types\/page"}],"author":[{"embeddable":true,"href":"https:\/\/www.prinz24.com\/en\/wp-json\/wp\/v2\/users\/11"}],"replies":[{"embeddable":true,"href":"https:\/\/www.prinz24.com\/en\/wp-json\/wp\/v2\/comments?post=442"}],"version-history":[{"count":41,"href":"https:\/\/www.prinz24.com\/en\/wp-json\/wp\/v2\/pages\/442\/revisions"}],"predecessor-version":[{"id":10038,"href":"https:\/\/www.prinz24.com\/en\/wp-json\/wp\/v2\/pages\/442\/revisions\/10038"}],"up":[{"embeddable":true,"href":"https:\/\/www.prinz24.com\/en\/wp-json\/wp\/v2\/pages\/300"}],"wp:attachment":[{"href":"https:\/\/www.prinz24.com\/en\/wp-json\/wp\/v2\/media?parent=442"}],"curies":[{"name":"wp","href":"https:\/\/api.w.org\/{rel}","templated":true}]}}