{"id":4558,"date":"2018-08-21T06:16:32","date_gmt":"2018-08-21T06:16:32","guid":{"rendered":"https:\/\/www.prinz24.com\/?page_id=4558"},"modified":"2024-08-05T10:08:03","modified_gmt":"2024-08-05T10:08:03","slug":"proficut-pe-2","status":"publish","type":"page","link":"https:\/\/www.prinz24.com\/en\/produkte\/industrie-kunststoffsaegen\/proficut-pe-2\/","title":{"rendered":"PROFICUT PE"},"content":{"rendered":"<div class=\"wpb-content-wrapper\"><p>[vc_row][vc_column width=&#8221;1\/2&#8243;][vc_single_image image=&#8221;4564&#8243; img_size=&#8221;full&#8221; alignment=&#8221;center&#8221;][\/vc_column][vc_column width=&#8221;1\/2&#8243;][vc_column_text]<\/p>\n<div id=\"c837\" class=\"csc-default\">\n<div id=\"c837\" class=\"csc-default\">\n<p>PRINZ mobile saws are especially suited for cutting plastic pipes and other formed parts. They are mobile and ready for use anywhere thanks to their compact construction. The cutting equipment is guided by 2 stabilisers working separately ensuring a plane and smooth cutting finish also at high cutting performance. A second enabling switch guarantees maximum safety.<\/p>\n<p>For pipe diameters up to 1.000 mm* we recommend using our 7,5 kW-model and for larger diameters the version with 11 kW.<\/p>\n<ul>\n<li>highly accurate cutting with two stabilisers<\/li>\n<li>available with 7.5\u2009KW and 11\u2009KW drive motor options<\/li>\n<li>easy chain replacement with quick tensioning device<\/li>\n<li>solid rubber tyres provide maximum stability<\/li>\n<li>guide bar lengths up to 250\u2009cm, also with special hard faced edge<\/li>\n<li>no installation costs, machine is delivered ready to use<\/li>\n<li>quickly pays for itself thanks to the low purchase and operating costs<\/li>\n<li>support foot plate<\/li>\n<li>enabling switch with 10 m cable<\/li>\n<\/ul>\n<\/div>\n<\/div>\n<p>[\/vc_column_text][\/vc_column][\/vc_row][vc_row][vc_column][vc_column_text]<\/p>\n<h2>Technical data<\/h2>\n<table class=\"contenttable contenttable-0 product-description-table\">\n<tbody>\n<tr class=\"tr-even tr-0\">\n<td class=\"td-0\">Power:<\/td>\n<td class=\"td-last td-1\">7,5 KW \/ 11 KW<\/td>\n<\/tr>\n<tr class=\"tr-odd tr-1\">\n<td class=\"td-0\">Motor:<\/td>\n<td class=\"td-last td-1\">electric<\/td>\n<\/tr>\n<tr class=\"tr-even tr-2\">\n<td class=\"td-0\">Pipe diameters<\/td>\n<td class=\"td-last td-1\">up to 200 cm*<\/td>\n<\/tr>\n<tr class=\"tr-even tr-4\">\n<td class=\"td-0\">Cut feed:<\/td>\n<td class=\"td-last td-1\">manual<\/td>\n<\/tr>\n<tr class=\"tr-odd tr-5\">\n<td class=\"td-0\">Guiding of the cut:<\/td>\n<td class=\"td-last td-1\">stabilisers<\/td>\n<\/tr>\n<tr class=\"tr-even tr-6\">\n<td class=\"td-0\">Saw type:<\/td>\n<td class=\"td-last td-1\">mobile saw<\/td>\n<\/tr>\n<tr class=\"tr-odd tr-7\">\n<td class=\"td-0\">Chain type:<\/td>\n<td class=\"td-last td-1\">Special saw chain\u00a0PLASTICUT\u00a0for plastic<\/td>\n<\/tr>\n<tr class=\"tr-even tr-8\">\n<td class=\"td-0\">Guide bar:<\/td>\n<td class=\"td-last td-1\">solid steel\u00a0with special hard faced edges<\/td>\n<\/tr>\n<tr class=\"tr-even tr-12\">\n<td class=\"td-0\">Measuring device available:<\/td>\n<td class=\"td-last td-1\">no<\/td>\n<\/tr>\n<tr class=\"tr-even tr-last\">\n<td class=\"td-0\">Applications:<\/td>\n<td class=\"td-last td-1\">for cutting plastic pipes and other formed parts<\/td>\n<\/tr>\n<\/tbody>\n<\/table>\n<p>* All details depend on the given inner and outer diameter of pipes and on the sort of plastic.[\/vc_column_text][vc_row_inner css=&#8221;.vc_custom_1490178166796{margin-top: 20px !important;padding-top: 20px !important;}&#8221;][vc_column_inner][vc_raw_html]JTNDaWZyYW1lJTIwd2lkdGglM0QlMjIxMjgwJTIyJTIwaGVpZ2h0JTNEJTIyNzIwJTIyJTIwc3JjJTNEJTIyaHR0cHMlM0ElMkYlMkZ3d3cueW91dHViZS5jb20lMkZlbWJlZCUyRk51eTQxREZsVXRzJTNGcmVsJTNEMCUyMiUyMGZyYW1lYm9yZGVyJTNEJTIyMCUyMiUyMGFsbG93JTNEJTIyYXV0b3BsYXklM0IlMjBlbmNyeXB0ZWQtbWVkaWElMjIlMjBhbGxvd2Z1bGxzY3JlZW4lM0UlM0MlMkZpZnJhbWUlM0U=[\/vc_raw_html][vc_gallery type=&#8221;image_grid&#8221; images=&#8221;4564,1134,4561,4562,4560&#8243;][\/vc_column_inner][\/vc_row_inner][\/vc_column][\/vc_row]<\/p>\n<\/div>","protected":false},"excerpt":{"rendered":"<p>[vc_row][vc_column width=&#8221;1\/2&#8243;][vc_single_image image=&#8221;4564&#8243; img_size=&#8221;full&#8221; alignment=&#8221;center&#8221;][\/vc_column][vc_column width=&#8221;1\/2&#8243;][vc_column_text] PRINZ mobile saws are especially suited for cutting plastic pipes and other formed parts. They are mobile and ready for use anywhere thanks to their compact construction. The cutting equipment is guided by 2 stabilisers working separately ensuring a plane and smooth cutting finish also at high cutting performance. [&hellip;]<\/p>\n","protected":false},"author":11,"featured_media":0,"parent":725,"menu_order":0,"comment_status":"closed","ping_status":"closed","template":"","meta":{"footnotes":""},"class_list":["post-4558","page","type-page","status-publish","hentry"],"yoast_head":"<!-- This site is optimized with the Yoast SEO plugin v27.0 - https:\/\/yoast.com\/product\/yoast-seo-wordpress\/ -->\n<title>PROFICUT PE Kunststoffs\u00e4ge | prinz24.com<\/title>\n<meta name=\"description\" content=\"Die PROFICUT PE Kunststoffs\u00e4ge der PRINZ Deutschland GmbH.\" \/>\n<meta name=\"robots\" content=\"index, follow, max-snippet:-1, max-image-preview:large, max-video-preview:-1\" \/>\n<link rel=\"canonical\" href=\"https:\/\/www.prinz24.com\/produkte\/industrie-kunststoffsaegen\/proficut-pe-2\/\" \/>\n<meta property=\"og:locale\" content=\"en_US\" \/>\n<meta property=\"og:type\" content=\"article\" \/>\n<meta property=\"og:title\" content=\"PROFICUT PE Kunststoffs\u00e4ge | prinz24.com\" \/>\n<meta property=\"og:description\" content=\"Die PROFICUT PE Kunststoffs\u00e4ge der PRINZ Deutschland GmbH.\" \/>\n<meta property=\"og:url\" content=\"https:\/\/www.prinz24.com\/produkte\/industrie-kunststoffsaegen\/proficut-pe-2\/\" \/>\n<meta property=\"og:site_name\" content=\"PRINZ Kettens\u00e4getechnik\" \/>\n<meta property=\"article:publisher\" content=\"https:\/\/www.facebook.com\/prinzkettensaegetechnik\/\" \/>\n<meta property=\"article:modified_time\" content=\"2024-08-05T10:08:03+00:00\" \/>\n<meta name=\"twitter:card\" content=\"summary_large_image\" \/>\n<meta name=\"twitter:label1\" content=\"Est. reading time\" \/>\n\t<meta name=\"twitter:data1\" content=\"2 minutes\" \/>\n<script type=\"application\/ld+json\" class=\"yoast-schema-graph\">{\"@context\":\"https:\/\/schema.org\",\"@graph\":[{\"@type\":\"WebPage\",\"@id\":\"https:\/\/www.prinz24.com\/produkte\/industrie-kunststoffsaegen\/proficut-pe-2\/\",\"url\":\"https:\/\/www.prinz24.com\/produkte\/industrie-kunststoffsaegen\/proficut-pe-2\/\",\"name\":\"PROFICUT PE Kunststoffs\u00e4ge | prinz24.com\",\"isPartOf\":{\"@id\":\"https:\/\/www.prinz24.com\/#website\"},\"datePublished\":\"2018-08-21T06:16:32+00:00\",\"dateModified\":\"2024-08-05T10:08:03+00:00\",\"description\":\"Die PROFICUT PE Kunststoffs\u00e4ge der PRINZ Deutschland GmbH.\",\"breadcrumb\":{\"@id\":\"https:\/\/www.prinz24.com\/produkte\/industrie-kunststoffsaegen\/proficut-pe-2\/#breadcrumb\"},\"inLanguage\":\"en-US\",\"potentialAction\":[{\"@type\":\"ReadAction\",\"target\":[\"https:\/\/www.prinz24.com\/produkte\/industrie-kunststoffsaegen\/proficut-pe-2\/\"]}]},{\"@type\":\"BreadcrumbList\",\"@id\":\"https:\/\/www.prinz24.com\/produkte\/industrie-kunststoffsaegen\/proficut-pe-2\/#breadcrumb\",\"itemListElement\":[{\"@type\":\"ListItem\",\"position\":1,\"name\":\"Startseite\",\"item\":\"https:\/\/www.prinz24.com\/\"},{\"@type\":\"ListItem\",\"position\":2,\"name\":\"Produkte\",\"item\":\"https:\/\/www.prinz24.com\/produkte\/\"},{\"@type\":\"ListItem\",\"position\":3,\"name\":\"Kunststoffs\u00e4gen\",\"item\":\"https:\/\/www.prinz24.com\/produkte\/industrie-kunststoffsaegen\/\"},{\"@type\":\"ListItem\",\"position\":4,\"name\":\"PROFICUT PE\"}]},{\"@type\":\"WebSite\",\"@id\":\"https:\/\/www.prinz24.com\/#website\",\"url\":\"https:\/\/www.prinz24.com\/\",\"name\":\"PRINZ Kettens\u00e4getechnik\",\"description\":\"Kettens\u00e4gentechnik f\u00fcr die Industrie\",\"potentialAction\":[{\"@type\":\"SearchAction\",\"target\":{\"@type\":\"EntryPoint\",\"urlTemplate\":\"https:\/\/www.prinz24.com\/?s={search_term_string}\"},\"query-input\":{\"@type\":\"PropertyValueSpecification\",\"valueRequired\":true,\"valueName\":\"search_term_string\"}}],\"inLanguage\":\"en-US\"}]}<\/script>\n<!-- \/ Yoast SEO plugin. -->","yoast_head_json":{"title":"PROFICUT PE Kunststoffs\u00e4ge | prinz24.com","description":"Die PROFICUT PE Kunststoffs\u00e4ge der PRINZ Deutschland GmbH.","robots":{"index":"index","follow":"follow","max-snippet":"max-snippet:-1","max-image-preview":"max-image-preview:large","max-video-preview":"max-video-preview:-1"},"canonical":"https:\/\/www.prinz24.com\/produkte\/industrie-kunststoffsaegen\/proficut-pe-2\/","og_locale":"en_US","og_type":"article","og_title":"PROFICUT PE Kunststoffs\u00e4ge | prinz24.com","og_description":"Die PROFICUT PE Kunststoffs\u00e4ge der PRINZ Deutschland GmbH.","og_url":"https:\/\/www.prinz24.com\/produkte\/industrie-kunststoffsaegen\/proficut-pe-2\/","og_site_name":"PRINZ Kettens\u00e4getechnik","article_publisher":"https:\/\/www.facebook.com\/prinzkettensaegetechnik\/","article_modified_time":"2024-08-05T10:08:03+00:00","twitter_card":"summary_large_image","twitter_misc":{"Est. reading time":"2 minutes"},"schema":{"@context":"https:\/\/schema.org","@graph":[{"@type":"WebPage","@id":"https:\/\/www.prinz24.com\/produkte\/industrie-kunststoffsaegen\/proficut-pe-2\/","url":"https:\/\/www.prinz24.com\/produkte\/industrie-kunststoffsaegen\/proficut-pe-2\/","name":"PROFICUT PE Kunststoffs\u00e4ge | prinz24.com","isPartOf":{"@id":"https:\/\/www.prinz24.com\/#website"},"datePublished":"2018-08-21T06:16:32+00:00","dateModified":"2024-08-05T10:08:03+00:00","description":"Die PROFICUT PE Kunststoffs\u00e4ge der PRINZ Deutschland GmbH.","breadcrumb":{"@id":"https:\/\/www.prinz24.com\/produkte\/industrie-kunststoffsaegen\/proficut-pe-2\/#breadcrumb"},"inLanguage":"en-US","potentialAction":[{"@type":"ReadAction","target":["https:\/\/www.prinz24.com\/produkte\/industrie-kunststoffsaegen\/proficut-pe-2\/"]}]},{"@type":"BreadcrumbList","@id":"https:\/\/www.prinz24.com\/produkte\/industrie-kunststoffsaegen\/proficut-pe-2\/#breadcrumb","itemListElement":[{"@type":"ListItem","position":1,"name":"Startseite","item":"https:\/\/www.prinz24.com\/"},{"@type":"ListItem","position":2,"name":"Produkte","item":"https:\/\/www.prinz24.com\/produkte\/"},{"@type":"ListItem","position":3,"name":"Kunststoffs\u00e4gen","item":"https:\/\/www.prinz24.com\/produkte\/industrie-kunststoffsaegen\/"},{"@type":"ListItem","position":4,"name":"PROFICUT PE"}]},{"@type":"WebSite","@id":"https:\/\/www.prinz24.com\/#website","url":"https:\/\/www.prinz24.com\/","name":"PRINZ Kettens\u00e4getechnik","description":"Kettens\u00e4gentechnik f\u00fcr die Industrie","potentialAction":[{"@type":"SearchAction","target":{"@type":"EntryPoint","urlTemplate":"https:\/\/www.prinz24.com\/?s={search_term_string}"},"query-input":{"@type":"PropertyValueSpecification","valueRequired":true,"valueName":"search_term_string"}}],"inLanguage":"en-US"}]}},"_links":{"self":[{"href":"https:\/\/www.prinz24.com\/en\/wp-json\/wp\/v2\/pages\/4558","targetHints":{"allow":["GET"]}}],"collection":[{"href":"https:\/\/www.prinz24.com\/en\/wp-json\/wp\/v2\/pages"}],"about":[{"href":"https:\/\/www.prinz24.com\/en\/wp-json\/wp\/v2\/types\/page"}],"author":[{"embeddable":true,"href":"https:\/\/www.prinz24.com\/en\/wp-json\/wp\/v2\/users\/11"}],"replies":[{"embeddable":true,"href":"https:\/\/www.prinz24.com\/en\/wp-json\/wp\/v2\/comments?post=4558"}],"version-history":[{"count":6,"href":"https:\/\/www.prinz24.com\/en\/wp-json\/wp\/v2\/pages\/4558\/revisions"}],"predecessor-version":[{"id":7504,"href":"https:\/\/www.prinz24.com\/en\/wp-json\/wp\/v2\/pages\/4558\/revisions\/7504"}],"up":[{"embeddable":true,"href":"https:\/\/www.prinz24.com\/en\/wp-json\/wp\/v2\/pages\/725"}],"wp:attachment":[{"href":"https:\/\/www.prinz24.com\/en\/wp-json\/wp\/v2\/media?parent=4558"}],"curies":[{"name":"wp","href":"https:\/\/api.w.org\/{rel}","templated":true}]}}