{"id":5453,"date":"2022-05-10T13:29:35","date_gmt":"2022-05-10T13:29:35","guid":{"rendered":"https:\/\/www.prinz24.com\/?page_id=5453"},"modified":"2025-09-18T08:48:25","modified_gmt":"2025-09-18T08:48:25","slug":"mauersaegen","status":"publish","type":"page","link":"https:\/\/www.prinz24.com\/en\/produkte\/mauersaegen\/","title":{"rendered":"Wall saws"},"content":{"rendered":"<div class=\"wpb-content-wrapper\"><p>[vc_row el_class=&#8221;add-shadowbox&#8221; css=&#8221;.vc_custom_1443473118214{padding-top: 20px !important;padding-bottom: 0px !important;}&#8221;][vc_column][vc_row_inner css=&#8221;.vc_custom_1443473033319{padding-top: 20px !important;padding-bottom: 0px !important;}&#8221;][vc_column_inner width=&#8221;1\/2&#8243;][vc_column_text css=&#8221;.vc_custom_1744278244611{margin-top: 0px !important;border-top-width: 0px !important;padding-top: 0px !important;}&#8221;]<\/p>\n<h2>PRINZ Dampproofing technology<\/h2>\n<p>&nbsp;<\/p>\n<p>machines and materials for later horizontal insulation of buildings against rising damp by chain saw or diamond wire saw method.<\/p>\n<p>Products:<\/p>\n<ul>\n<li>Chain and diamond wire saw<\/li>\n<li>guide bars and chains<\/li>\n<li>dampproofing materials<\/li>\n<li>tools<\/li>\n<\/ul>\n<p>[\/vc_column_text][vc_empty_space height=&#8221;50px&#8221;][vc_btn title=&#8221;More information dampproofing technology&#8221; style=&#8221;flat&#8221; align=&#8221;left&#8221; el_class=&#8221;btn-blue&#8221; link=&#8221;url:%2Fprodukte%2Fmauersaegen%2Fmauersaegetechnik%2F&#8221;][vc_empty_space height=&#8221;30px&#8221;][\/vc_column_inner][vc_column_inner width=&#8221;1\/2&#8243;][vc_gallery interval=&#8221;3&#8243; images=&#8221;5212,5196,4650&#8243; img_size=&#8221;large&#8221; onclick=&#8221;custom_link&#8221; css=&#8221;.vc_custom_1652190568168{margin-top: -40px !important;margin-bottom: -20px !important;}&#8221; custom_links=&#8221;\/produkte\/mauersaegen\/mauersaegetechnik\/&#8221;][\/vc_column_inner][\/vc_row_inner][vc_row_inner css=&#8221;.vc_custom_1652190575772{margin-top: -20px !important;}&#8221;][vc_column_inner][vc_zigzag][\/vc_column_inner][\/vc_row_inner][vc_row_inner][vc_column_inner width=&#8221;1\/2&#8243;][vc_single_image image=&#8221;4714&#8243; img_size=&#8221;700&#215;400&#8243;][\/vc_column_inner][vc_column_inner width=&#8221;1\/2&#8243;][vc_column_text]<\/p>\n<h2>Dampproofing<\/h2>\n<p>Later horizontal dampproofing of buildings against rising damp by chain saw or diamond wire saw method.<\/p>\n<p>More information:[\/vc_column_text][vc_empty_space height=&#8221;50px&#8221;][vc_btn title=&#8221;More information on dampproofing technology&#8221; style=&#8221;flat&#8221; align=&#8221;left&#8221; css=&#8221;&#8221; el_class=&#8221;btn-blue&#8221; link=&#8221;url:https%3A%2F%2Fwww.prinz-mauersaegen.de%2F|target:_blank&#8221;][\/vc_column_inner][\/vc_row_inner][vc_row_inner css=&#8221;.vc_custom_1652190575772{margin-top: -20px !important;}&#8221;][vc_column_inner][vc_zigzag][\/vc_column_inner][\/vc_row_inner][vc_row_inner css=&#8221;.vc_custom_1443473033319{padding-top: 20px !important;padding-bottom: 0px !important;}&#8221;][vc_column_inner width=&#8221;1\/2&#8243;][vc_column_text css=&#8221;.vc_custom_1745308794954{margin-top: 0px !important;border-top-width: 0px !important;padding-top: 0px !important;}&#8221;]<\/p>\n<h2>Request a demo or more information<\/h2>\n<p>&nbsp;<\/p>\n<p>Are you interested in our high quality products for 100% protection against capillary rising damp in masonry? Then don&#8217;t hesitate to contact us. We will advise you in detail.[\/vc_column_text][vc_empty_space height=&#8221;50px&#8221;][vc_btn title=&#8221;Contact us&#8221; style=&#8221;flat&#8221; align=&#8221;left&#8221; css=&#8221;&#8221; el_class=&#8221;btn-blue&#8221; link=&#8221;url:%2Fen%2Funternehmen%2Fkontakt%2F&#8221;][vc_empty_space height=&#8221;30px&#8221;][\/vc_column_inner][vc_column_inner width=&#8221;1\/2&#8243;][vc_single_image image=&#8221;2160&#8243; img_size=&#8221;medium&#8221; alignment=&#8221;center&#8221; css=&#8221;&#8221;][\/vc_column_inner][\/vc_row_inner][\/vc_column][\/vc_row]<\/p>\n<\/div>","protected":false},"excerpt":{"rendered":"<p>[vc_row el_class=&#8221;add-shadowbox&#8221; css=&#8221;.vc_custom_1443473118214{padding-top: 20px !important;padding-bottom: 0px !important;}&#8221;][vc_column][vc_row_inner css=&#8221;.vc_custom_1443473033319{padding-top: 20px !important;padding-bottom: 0px !important;}&#8221;][vc_column_inner width=&#8221;1\/2&#8243;][vc_column_text css=&#8221;.vc_custom_1744278244611{margin-top: 0px !important;border-top-width: 0px !important;padding-top: 0px !important;}&#8221;] PRINZ Dampproofing technology &nbsp; machines and materials for later horizontal insulation of buildings against rising damp by chain saw or diamond wire saw method. Products: Chain and diamond wire saw guide bars and chains dampproofing [&hellip;]<\/p>\n","protected":false},"author":15,"featured_media":0,"parent":22,"menu_order":0,"comment_status":"open","ping_status":"closed","template":"page-templates\/canvas-with-title.php","meta":{"footnotes":""},"class_list":["post-5453","page","type-page","status-publish","hentry"],"yoast_head":"<!-- This site is optimized with the Yoast SEO plugin v27.4 - https:\/\/yoast.com\/product\/yoast-seo-wordpress\/ -->\n<title>Mauers\u00e4gen f\u00fcr Profis | prinz24.com<\/title>\n<meta name=\"description\" content=\"Mauers\u00e4gen auf Industrie-Standard von der PRINZ Deutschland GmbH.\" \/>\n<meta name=\"robots\" content=\"index, follow, max-snippet:-1, max-image-preview:large, max-video-preview:-1\" \/>\n<link rel=\"canonical\" href=\"https:\/\/www.prinz24.com\/produkte\/mauersaegen\/\" \/>\n<meta property=\"og:locale\" content=\"en_US\" \/>\n<meta property=\"og:type\" content=\"article\" \/>\n<meta property=\"og:title\" content=\"Mauers\u00e4gen f\u00fcr Profis | prinz24.com\" \/>\n<meta property=\"og:description\" content=\"Mauers\u00e4gen auf Industrie-Standard von der PRINZ Deutschland GmbH.\" \/>\n<meta property=\"og:url\" content=\"https:\/\/www.prinz24.com\/produkte\/mauersaegen\/\" \/>\n<meta property=\"og:site_name\" content=\"PRINZ Kettens\u00e4getechnik\" \/>\n<meta property=\"article:publisher\" content=\"https:\/\/www.facebook.com\/prinzkettensaegetechnik\/\" \/>\n<meta property=\"article:modified_time\" content=\"2025-09-18T08:48:25+00:00\" \/>\n<meta name=\"twitter:card\" content=\"summary_large_image\" \/>\n<meta name=\"twitter:label1\" content=\"Est. reading time\" \/>\n\t<meta name=\"twitter:data1\" content=\"2 minutes\" \/>\n<script type=\"application\/ld+json\" class=\"yoast-schema-graph\">{\"@context\":\"https:\\\/\\\/schema.org\",\"@graph\":[{\"@type\":\"WebPage\",\"@id\":\"https:\\\/\\\/www.prinz24.com\\\/produkte\\\/mauersaegen\\\/\",\"url\":\"https:\\\/\\\/www.prinz24.com\\\/produkte\\\/mauersaegen\\\/\",\"name\":\"Mauers\u00e4gen f\u00fcr Profis | prinz24.com\",\"isPartOf\":{\"@id\":\"https:\\\/\\\/www.prinz24.com\\\/#website\"},\"datePublished\":\"2022-05-10T13:29:35+00:00\",\"dateModified\":\"2025-09-18T08:48:25+00:00\",\"description\":\"Mauers\u00e4gen auf Industrie-Standard von der PRINZ Deutschland GmbH.\",\"breadcrumb\":{\"@id\":\"https:\\\/\\\/www.prinz24.com\\\/produkte\\\/mauersaegen\\\/#breadcrumb\"},\"inLanguage\":\"en-US\",\"potentialAction\":[{\"@type\":\"ReadAction\",\"target\":[\"https:\\\/\\\/www.prinz24.com\\\/produkte\\\/mauersaegen\\\/\"]}]},{\"@type\":\"BreadcrumbList\",\"@id\":\"https:\\\/\\\/www.prinz24.com\\\/produkte\\\/mauersaegen\\\/#breadcrumb\",\"itemListElement\":[{\"@type\":\"ListItem\",\"position\":1,\"name\":\"Startseite\",\"item\":\"https:\\\/\\\/www.prinz24.com\\\/\"},{\"@type\":\"ListItem\",\"position\":2,\"name\":\"Produkte\",\"item\":\"https:\\\/\\\/www.prinz24.com\\\/produkte\\\/\"},{\"@type\":\"ListItem\",\"position\":3,\"name\":\"Mauers\u00e4gen\"}]},{\"@type\":\"WebSite\",\"@id\":\"https:\\\/\\\/www.prinz24.com\\\/#website\",\"url\":\"https:\\\/\\\/www.prinz24.com\\\/\",\"name\":\"PRINZ Kettens\u00e4getechnik\",\"description\":\"Kettens\u00e4gentechnik f\u00fcr die Industrie\",\"potentialAction\":[{\"@type\":\"SearchAction\",\"target\":{\"@type\":\"EntryPoint\",\"urlTemplate\":\"https:\\\/\\\/www.prinz24.com\\\/?s={search_term_string}\"},\"query-input\":{\"@type\":\"PropertyValueSpecification\",\"valueRequired\":true,\"valueName\":\"search_term_string\"}}],\"inLanguage\":\"en-US\"}]}<\/script>\n<!-- \/ Yoast SEO plugin. -->","yoast_head_json":{"title":"Mauers\u00e4gen f\u00fcr Profis | prinz24.com","description":"Mauers\u00e4gen auf Industrie-Standard von der PRINZ Deutschland GmbH.","robots":{"index":"index","follow":"follow","max-snippet":"max-snippet:-1","max-image-preview":"max-image-preview:large","max-video-preview":"max-video-preview:-1"},"canonical":"https:\/\/www.prinz24.com\/produkte\/mauersaegen\/","og_locale":"en_US","og_type":"article","og_title":"Mauers\u00e4gen f\u00fcr Profis | prinz24.com","og_description":"Mauers\u00e4gen auf Industrie-Standard von der PRINZ Deutschland GmbH.","og_url":"https:\/\/www.prinz24.com\/produkte\/mauersaegen\/","og_site_name":"PRINZ Kettens\u00e4getechnik","article_publisher":"https:\/\/www.facebook.com\/prinzkettensaegetechnik\/","article_modified_time":"2025-09-18T08:48:25+00:00","twitter_card":"summary_large_image","twitter_misc":{"Est. reading time":"2 minutes"},"schema":{"@context":"https:\/\/schema.org","@graph":[{"@type":"WebPage","@id":"https:\/\/www.prinz24.com\/produkte\/mauersaegen\/","url":"https:\/\/www.prinz24.com\/produkte\/mauersaegen\/","name":"Mauers\u00e4gen f\u00fcr Profis | prinz24.com","isPartOf":{"@id":"https:\/\/www.prinz24.com\/#website"},"datePublished":"2022-05-10T13:29:35+00:00","dateModified":"2025-09-18T08:48:25+00:00","description":"Mauers\u00e4gen auf Industrie-Standard von der PRINZ Deutschland GmbH.","breadcrumb":{"@id":"https:\/\/www.prinz24.com\/produkte\/mauersaegen\/#breadcrumb"},"inLanguage":"en-US","potentialAction":[{"@type":"ReadAction","target":["https:\/\/www.prinz24.com\/produkte\/mauersaegen\/"]}]},{"@type":"BreadcrumbList","@id":"https:\/\/www.prinz24.com\/produkte\/mauersaegen\/#breadcrumb","itemListElement":[{"@type":"ListItem","position":1,"name":"Startseite","item":"https:\/\/www.prinz24.com\/"},{"@type":"ListItem","position":2,"name":"Produkte","item":"https:\/\/www.prinz24.com\/produkte\/"},{"@type":"ListItem","position":3,"name":"Mauers\u00e4gen"}]},{"@type":"WebSite","@id":"https:\/\/www.prinz24.com\/#website","url":"https:\/\/www.prinz24.com\/","name":"PRINZ Kettens\u00e4getechnik","description":"Kettens\u00e4gentechnik f\u00fcr die Industrie","potentialAction":[{"@type":"SearchAction","target":{"@type":"EntryPoint","urlTemplate":"https:\/\/www.prinz24.com\/?s={search_term_string}"},"query-input":{"@type":"PropertyValueSpecification","valueRequired":true,"valueName":"search_term_string"}}],"inLanguage":"en-US"}]}},"_links":{"self":[{"href":"https:\/\/www.prinz24.com\/en\/wp-json\/wp\/v2\/pages\/5453","targetHints":{"allow":["GET"]}}],"collection":[{"href":"https:\/\/www.prinz24.com\/en\/wp-json\/wp\/v2\/pages"}],"about":[{"href":"https:\/\/www.prinz24.com\/en\/wp-json\/wp\/v2\/types\/page"}],"author":[{"embeddable":true,"href":"https:\/\/www.prinz24.com\/en\/wp-json\/wp\/v2\/users\/15"}],"replies":[{"embeddable":true,"href":"https:\/\/www.prinz24.com\/en\/wp-json\/wp\/v2\/comments?post=5453"}],"version-history":[{"count":51,"href":"https:\/\/www.prinz24.com\/en\/wp-json\/wp\/v2\/pages\/5453\/revisions"}],"predecessor-version":[{"id":27101,"href":"https:\/\/www.prinz24.com\/en\/wp-json\/wp\/v2\/pages\/5453\/revisions\/27101"}],"up":[{"embeddable":true,"href":"https:\/\/www.prinz24.com\/en\/wp-json\/wp\/v2\/pages\/22"}],"wp:attachment":[{"href":"https:\/\/www.prinz24.com\/en\/wp-json\/wp\/v2\/media?parent=5453"}],"curies":[{"name":"wp","href":"https:\/\/api.w.org\/{rel}","templated":true}]}}