{"id":5637,"date":"2022-10-19T17:23:00","date_gmt":"2022-10-19T17:23:00","guid":{"rendered":"https:\/\/www.prinz24.com\/?page_id=5637"},"modified":"2025-06-23T07:35:29","modified_gmt":"2025-06-23T07:35:29","slug":"impressum","status":"publish","type":"page","link":"https:\/\/www.prinz24.com\/en\/impressum\/","title":{"rendered":"Terms of Service"},"content":{"rendered":"<div class=\"wpb-content-wrapper\"><p><\/p>\n<p style=\"padding-left: 80px;\"><strong>PRINZ Deutschland GmbH<\/strong><\/p>\n<p style=\"padding-left: 80px;\">Bahnhofstra\u00dfe 1b, 01920 Haselbachtal<br \/>\nT +49 3578 34 95 0<br \/>\nE info@prinz24.com<br \/>\nW www.prinz24.com<\/p>\n<p style=\"padding-left: 80px;\">Amtsgericht Dresden<br \/>\nHandelsregisternummer: 13068<br \/>\nUstID: DE 811997995<br \/>\nSteuernummer: 213\/116\/03318<\/p>\n<p><\/p>\n<\/div>","protected":false},"excerpt":{"rendered":"<p>PRINZ Deutschland GmbH Bahnhofstra\u00dfe 1b, 01920 Haselbachtal T +49 3578 34 95 0 E info@prinz24.com W www.prinz24.com Amtsgericht Dresden Handelsregisternummer: 13068 UstID: DE 811997995 Steuernummer: 213\/116\/03318<\/p>\n","protected":false},"author":15,"featured_media":0,"parent":0,"menu_order":0,"comment_status":"open","ping_status":"open","template":"page-templates\/canvas-with-title.php","meta":{"footnotes":""},"class_list":["post-5637","page","type-page","status-publish","hentry"],"yoast_head":"<!-- This site is optimized with the Yoast SEO plugin v27.4 - https:\/\/yoast.com\/product\/yoast-seo-wordpress\/ -->\n<title>Terms of Service - PRINZ Kettens\u00e4getechnik<\/title>\n<meta name=\"description\" content=\"Wichtige Daten zu unserem Unternehmen finden Sie im Impressum: PRINZ Deutschland \u2013 GmbHBahnhofstra\u00dfe 1b, 01920 Haselbachtal\" \/>\n<meta name=\"robots\" content=\"index, follow, max-snippet:-1, max-image-preview:large, max-video-preview:-1\" \/>\n<link rel=\"canonical\" href=\"https:\/\/www.prinz24.com\/impressum\/\" \/>\n<meta property=\"og:locale\" content=\"en_US\" \/>\n<meta property=\"og:type\" content=\"article\" \/>\n<meta property=\"og:title\" content=\"[:de]Impressum[:en]Terms of Service[:] - PRINZ Kettens\u00e4getechnik\" \/>\n<meta property=\"og:description\" content=\"Wichtige Daten zu unserem Unternehmen finden Sie im Impressum: PRINZ Deutschland \u2013 GmbHBahnhofstra\u00dfe 1b, 01920 Haselbachtal\" \/>\n<meta property=\"og:url\" content=\"https:\/\/www.prinz24.com\/impressum\/\" \/>\n<meta property=\"og:site_name\" content=\"PRINZ Kettens\u00e4getechnik\" \/>\n<meta property=\"article:publisher\" content=\"https:\/\/www.facebook.com\/prinzkettensaegetechnik\/\" \/>\n<meta property=\"article:modified_time\" content=\"2025-06-23T07:35:29+00:00\" \/>\n<meta name=\"twitter:card\" content=\"summary_large_image\" \/>\n<meta name=\"twitter:label1\" content=\"Est. reading time\" \/>\n\t<meta name=\"twitter:data1\" content=\"1 minute\" \/>\n<script type=\"application\/ld+json\" class=\"yoast-schema-graph\">{\"@context\":\"https:\\\/\\\/schema.org\",\"@graph\":[{\"@type\":\"WebPage\",\"@id\":\"https:\\\/\\\/www.prinz24.com\\\/impressum\\\/\",\"url\":\"https:\\\/\\\/www.prinz24.com\\\/impressum\\\/\",\"name\":\"[:de]Impressum[:en]Terms of Service[:] - PRINZ Kettens\u00e4getechnik\",\"isPartOf\":{\"@id\":\"https:\\\/\\\/www.prinz24.com\\\/#website\"},\"datePublished\":\"2022-10-19T17:23:00+00:00\",\"dateModified\":\"2025-06-23T07:35:29+00:00\",\"description\":\"Wichtige Daten zu unserem Unternehmen finden Sie im Impressum: PRINZ Deutschland \u2013 GmbHBahnhofstra\u00dfe 1b, 01920 Haselbachtal\",\"breadcrumb\":{\"@id\":\"https:\\\/\\\/www.prinz24.com\\\/impressum\\\/#breadcrumb\"},\"inLanguage\":\"en-US\",\"potentialAction\":[{\"@type\":\"ReadAction\",\"target\":[\"https:\\\/\\\/www.prinz24.com\\\/impressum\\\/\"]}]},{\"@type\":\"BreadcrumbList\",\"@id\":\"https:\\\/\\\/www.prinz24.com\\\/impressum\\\/#breadcrumb\",\"itemListElement\":[{\"@type\":\"ListItem\",\"position\":1,\"name\":\"Startseite\",\"item\":\"https:\\\/\\\/www.prinz24.com\\\/\"},{\"@type\":\"ListItem\",\"position\":2,\"name\":\"Impressum\"}]},{\"@type\":\"WebSite\",\"@id\":\"https:\\\/\\\/www.prinz24.com\\\/#website\",\"url\":\"https:\\\/\\\/www.prinz24.com\\\/\",\"name\":\"PRINZ Kettens\u00e4getechnik\",\"description\":\"Kettens\u00e4gentechnik f\u00fcr die Industrie\",\"potentialAction\":[{\"@type\":\"SearchAction\",\"target\":{\"@type\":\"EntryPoint\",\"urlTemplate\":\"https:\\\/\\\/www.prinz24.com\\\/?s={search_term_string}\"},\"query-input\":{\"@type\":\"PropertyValueSpecification\",\"valueRequired\":true,\"valueName\":\"search_term_string\"}}],\"inLanguage\":\"en-US\"}]}<\/script>\n<!-- \/ Yoast SEO plugin. -->","yoast_head_json":{"title":"[:de]Impressum[:en]Terms of Service[:] - PRINZ Kettens\u00e4getechnik","description":"Wichtige Daten zu unserem Unternehmen finden Sie im Impressum: PRINZ Deutschland \u2013 GmbHBahnhofstra\u00dfe 1b, 01920 Haselbachtal","robots":{"index":"index","follow":"follow","max-snippet":"max-snippet:-1","max-image-preview":"max-image-preview:large","max-video-preview":"max-video-preview:-1"},"canonical":"https:\/\/www.prinz24.com\/impressum\/","og_locale":"en_US","og_type":"article","og_title":"[:de]Impressum[:en]Terms of Service[:] - PRINZ Kettens\u00e4getechnik","og_description":"Wichtige Daten zu unserem Unternehmen finden Sie im Impressum: PRINZ Deutschland \u2013 GmbHBahnhofstra\u00dfe 1b, 01920 Haselbachtal","og_url":"https:\/\/www.prinz24.com\/impressum\/","og_site_name":"PRINZ Kettens\u00e4getechnik","article_publisher":"https:\/\/www.facebook.com\/prinzkettensaegetechnik\/","article_modified_time":"2025-06-23T07:35:29+00:00","twitter_card":"summary_large_image","twitter_misc":{"Est. reading time":"1 minute"},"schema":{"@context":"https:\/\/schema.org","@graph":[{"@type":"WebPage","@id":"https:\/\/www.prinz24.com\/impressum\/","url":"https:\/\/www.prinz24.com\/impressum\/","name":"[:de]Impressum[:en]Terms of Service[:] - PRINZ Kettens\u00e4getechnik","isPartOf":{"@id":"https:\/\/www.prinz24.com\/#website"},"datePublished":"2022-10-19T17:23:00+00:00","dateModified":"2025-06-23T07:35:29+00:00","description":"Wichtige Daten zu unserem Unternehmen finden Sie im Impressum: PRINZ Deutschland \u2013 GmbHBahnhofstra\u00dfe 1b, 01920 Haselbachtal","breadcrumb":{"@id":"https:\/\/www.prinz24.com\/impressum\/#breadcrumb"},"inLanguage":"en-US","potentialAction":[{"@type":"ReadAction","target":["https:\/\/www.prinz24.com\/impressum\/"]}]},{"@type":"BreadcrumbList","@id":"https:\/\/www.prinz24.com\/impressum\/#breadcrumb","itemListElement":[{"@type":"ListItem","position":1,"name":"Startseite","item":"https:\/\/www.prinz24.com\/"},{"@type":"ListItem","position":2,"name":"Impressum"}]},{"@type":"WebSite","@id":"https:\/\/www.prinz24.com\/#website","url":"https:\/\/www.prinz24.com\/","name":"PRINZ Kettens\u00e4getechnik","description":"Kettens\u00e4gentechnik f\u00fcr die Industrie","potentialAction":[{"@type":"SearchAction","target":{"@type":"EntryPoint","urlTemplate":"https:\/\/www.prinz24.com\/?s={search_term_string}"},"query-input":{"@type":"PropertyValueSpecification","valueRequired":true,"valueName":"search_term_string"}}],"inLanguage":"en-US"}]}},"_links":{"self":[{"href":"https:\/\/www.prinz24.com\/en\/wp-json\/wp\/v2\/pages\/5637","targetHints":{"allow":["GET"]}}],"collection":[{"href":"https:\/\/www.prinz24.com\/en\/wp-json\/wp\/v2\/pages"}],"about":[{"href":"https:\/\/www.prinz24.com\/en\/wp-json\/wp\/v2\/types\/page"}],"author":[{"embeddable":true,"href":"https:\/\/www.prinz24.com\/en\/wp-json\/wp\/v2\/users\/15"}],"replies":[{"embeddable":true,"href":"https:\/\/www.prinz24.com\/en\/wp-json\/wp\/v2\/comments?post=5637"}],"version-history":[{"count":10,"href":"https:\/\/www.prinz24.com\/en\/wp-json\/wp\/v2\/pages\/5637\/revisions"}],"predecessor-version":[{"id":10280,"href":"https:\/\/www.prinz24.com\/en\/wp-json\/wp\/v2\/pages\/5637\/revisions\/10280"}],"wp:attachment":[{"href":"https:\/\/www.prinz24.com\/en\/wp-json\/wp\/v2\/media?parent=5637"}],"curies":[{"name":"wp","href":"https:\/\/api.w.org\/{rel}","templated":true}]}}