{"id":5729,"date":"2022-12-20T10:19:51","date_gmt":"2022-12-20T10:19:51","guid":{"rendered":"https:\/\/www.prinz24.com\/?page_id=5729"},"modified":"2025-05-25T14:13:48","modified_gmt":"2025-05-25T14:13:48","slug":"cutstar-11-kw","status":"publish","type":"page","link":"https:\/\/www.prinz24.com\/en\/produkte\/industrie-holzsaegen\/smart-solutions\/cutstar-11-kw\/","title":{"rendered":"cutSTAR &#8211; 11 KW"},"content":{"rendered":"<div class=\"wpb-content-wrapper\"><p>[vc_row css=&#8221;.vc_custom_1490183673785{margin-top: 10px !important;padding-top: 10px !important;}&#8221;][vc_column][vc_row_inner css=&#8221;.vc_custom_1435578983865{padding-bottom: 0px !important;}&#8221;][vc_column_inner width=&#8221;1\/2&#8243;][vc_single_image image=&#8221;5720&#8243; img_size=&#8221;full&#8221;][\/vc_column_inner][vc_column_inner width=&#8221;1\/2&#8243;][vc_column_text css=&#8221;&#8221;]cutSTAR \u2013 11 kW was developed for a precise and economic cutting of packages up to 6 m length. The parallel-guided cutting unit fulfils the highest requirements of cutting accuracy and the compact design allows a space-saving set up.<\/p>\n<ul>\n<li>Saw motor 11 kW<\/li>\n<li>Cut feed electric<\/li>\n<li>For packages up to 600 x 120 x 120 cm (L x W x H)<\/li>\n<li>Single cut cycle<\/li>\n<li>Automatic saw positioning or via touch panel<\/li>\n<li>10 lengths can be stored<\/li>\n<li>Reinforced package frame<\/li>\n<li>Automatic fixing of the saw unit on the package frame<\/li>\n<li>Easy installation and commissioning in 2 days<\/li>\n<\/ul>\n<p>[\/vc_column_text][\/vc_column_inner][\/vc_row_inner][\/vc_column][\/vc_row][vc_row css=&#8221;.vc_custom_1435578920528{margin-bottom: 10px !important;padding-top: 0px !important;padding-bottom: 10px !important;}&#8221;][vc_column][vc_column_text]<\/p>\n<h2>Technical Data<\/h2>\n<table class=\"contenttable contenttable-0 product-description-table\">\n<tbody>\n<tr class=\"tr-even tr-0\">\n<td class=\"td-0\">Power saw motor:<\/td>\n<td class=\"td-last td-1\">11 kW<\/td>\n<\/tr>\n<tr class=\"tr-odd tr-1\">\n<td class=\"td-0\">Motor\/Engine<\/td>\n<td class=\"td-last td-1\">electric<\/td>\n<\/tr>\n<tr class=\"tr-odd tr-3\">\n<td class=\"td-0\">Standard package size (width x height):<\/td>\n<td class=\"td-last td-1\">120 x 120 cm<\/td>\n<\/tr>\n<tr class=\"tr-odd tr-5\">\n<td class=\"td-0\">Cut feed:<\/td>\n<td class=\"td-last td-1\">continuous saw feed (optionally adjustable on the motor current or stepless through potentiometer)<\/td>\n<\/tr>\n<tr class=\"tr-even tr-6\">\n<td class=\"td-0\">Guiding of the cut:<\/td>\n<td class=\"td-last td-1\">on both sides<\/td>\n<\/tr>\n<tr class=\"tr-odd tr-7\">\n<td class=\"td-0\">Direction of cut:<\/td>\n<td class=\"td-last td-1\">from top to bottom<\/td>\n<\/tr>\n<tr class=\"tr-odd tr-7\">\n<td class=\"td-0\">Saw type:<\/td>\n<td class=\"td-last td-1\">package is positioned on frame \/ saw unit\u00a0 moves<\/td>\n<\/tr>\n<tr class=\"tr-even tr-8\">\n<td class=\"td-0\">Chain types:<\/td>\n<td class=\"td-last td-1\">scraper chain \/ carbide tipped chain<\/td>\n<\/tr>\n<tr class=\"tr-odd tr-9\">\n<td class=\"td-0\">Guide bar:<\/td>\n<td class=\"td-last td-1\">Special hard faced edge<\/td>\n<\/tr>\n<tr class=\"tr-even tr-12\">\n<td class=\"td-0\">Digital length measuring:<\/td>\n<td class=\"td-last td-1\">yes<\/td>\n<\/tr>\n<tr class=\"tr-odd tr-13\">\n<td class=\"td-0\">Control system:<\/td>\n<td class=\"td-last td-1\">single cut cycle<\/td>\n<\/tr>\n<tr class=\"tr-even tr-14\">\n<td class=\"td-0\">Application:<\/td>\n<td class=\"td-last td-1\">cycle controlled process with highest cutting accuracy<\/td>\n<\/tr>\n<tr class=\"tr-odd tr-15\">\n<td class=\"td-0\">Optionen:<\/td>\n<td class=\"td-last td-1\">down holders<\/td>\n<\/tr>\n<tr class=\"tr-even tr-16\">\n<td class=\"td-0\"><\/td>\n<td class=\"td-last td-1\">package lift<\/td>\n<\/tr>\n<tr class=\"tr-odd tr-17\">\n<td class=\"td-0\"><\/td>\n<td class=\"td-last td-1\">laser light for cut position<\/td>\n<\/tr>\n<tr class=\"tr-even tr-18\">\n<td class=\"td-0\"><\/td>\n<td class=\"td-last td-1\">safety curtains<\/td>\n<\/tr>\n<tr class=\"tr-odd tr-19\">\n<td class=\"td-0\"><\/td>\n<td class=\"td-last td-1\">remote maintenance<\/td>\n<\/tr>\n<tr class=\"tr-odd tr-20\">\n<td class=\"td-0\"><\/td>\n<td class=\"td-last td-1\">conveyors for waste removal<\/td>\n<\/tr>\n<tr class=\"tr-odd tr-21\">\n<td class=\"td-0\"><\/td>\n<td class=\"td-last td-1\">safety fence for package frame<\/td>\n<\/tr>\n<tr class=\"tr-odd tr-22\">\n<td class=\"td-0\"><\/td>\n<td class=\"td-last td-1\">output for 3 kW-contactor<\/td>\n<\/tr>\n<tr class=\"tr-even tr-last\">\n<td class=\"td-0\"><\/td>\n<td class=\"td-last td-1\">special painting<\/td>\n<\/tr>\n<\/tbody>\n<\/table>\n<p>[\/vc_column_text][\/vc_column][\/vc_row][vc_row css=&#8221;.vc_custom_1434615134546{margin-top: 30px !important;padding-top: 30px !important;}&#8221;][vc_column][vc_gallery type=&#8221;image_grid&#8221; images=&#8221;5773,7389,7387,5774,7388,5772&#8243;][\/vc_column][\/vc_row]<\/p>\n<\/div>","protected":false},"excerpt":{"rendered":"<p>[vc_row css=&#8221;.vc_custom_1490183673785{margin-top: 10px !important;padding-top: 10px !important;}&#8221;][vc_column][vc_row_inner css=&#8221;.vc_custom_1435578983865{padding-bottom: 0px !important;}&#8221;][vc_column_inner width=&#8221;1\/2&#8243;][vc_single_image image=&#8221;5720&#8243; img_size=&#8221;full&#8221;][\/vc_column_inner][vc_column_inner width=&#8221;1\/2&#8243;][vc_column_text css=&#8221;&#8221;]cutSTAR \u2013 11 kW was developed for a precise and economic cutting of packages up to 6 m length. The parallel-guided cutting unit fulfils the highest requirements of cutting accuracy and the compact design allows a space-saving set up. Saw motor 11 [&hellip;]<\/p>\n","protected":false},"author":17,"featured_media":0,"parent":5722,"menu_order":0,"comment_status":"closed","ping_status":"closed","template":"","meta":{"footnotes":""},"class_list":["post-5729","page","type-page","status-publish","hentry"],"yoast_head":"<!-- This site is optimized with the Yoast SEO plugin v27.4 - https:\/\/yoast.com\/product\/yoast-seo-wordpress\/ -->\n<title>cutSTAR - 11 KW - PRINZ Kettens\u00e4getechnik<\/title>\n<meta name=\"robots\" content=\"index, follow, max-snippet:-1, max-image-preview:large, max-video-preview:-1\" \/>\n<link rel=\"canonical\" href=\"https:\/\/www.prinz24.com\/produkte\/industrie-holzsaegen\/smart-solutions\/cutstar-11-kw\/\" \/>\n<meta property=\"og:locale\" content=\"en_US\" \/>\n<meta property=\"og:type\" content=\"article\" \/>\n<meta property=\"og:title\" content=\"cutSTAR - 11 KW - PRINZ Kettens\u00e4getechnik\" \/>\n<meta property=\"og:description\" content=\"[vc_row css=&#8221;.vc_custom_1490183673785{margin-top: 10px !important;padding-top: 10px !important;}&#8221;][vc_column][vc_row_inner css=&#8221;.vc_custom_1435578983865{padding-bottom: 0px !important;}&#8221;][vc_column_inner width=&#8221;1\/2&#8243;][vc_single_image image=&#8221;5720&#8243; img_size=&#8221;full&#8221;][\/vc_column_inner][vc_column_inner width=&#8221;1\/2&#8243;][vc_column_text css=&#8221;&#8221;]cutSTAR \u2013 11 kW was developed for a precise and economic cutting of packages up to 6 m length. The parallel-guided cutting unit fulfils the highest requirements of cutting accuracy and the compact design allows a space-saving set up. Saw motor 11 [&hellip;]\" \/>\n<meta property=\"og:url\" content=\"https:\/\/www.prinz24.com\/produkte\/industrie-holzsaegen\/smart-solutions\/cutstar-11-kw\/\" \/>\n<meta property=\"og:site_name\" content=\"PRINZ Kettens\u00e4getechnik\" \/>\n<meta property=\"article:publisher\" content=\"https:\/\/www.facebook.com\/prinzkettensaegetechnik\/\" \/>\n<meta property=\"article:modified_time\" content=\"2025-05-25T14:13:48+00:00\" \/>\n<meta name=\"twitter:card\" content=\"summary_large_image\" \/>\n<meta name=\"twitter:label1\" content=\"Est. reading time\" \/>\n\t<meta name=\"twitter:data1\" content=\"4 minutes\" \/>\n<script type=\"application\/ld+json\" class=\"yoast-schema-graph\">{\"@context\":\"https:\\\/\\\/schema.org\",\"@graph\":[{\"@type\":\"WebPage\",\"@id\":\"https:\\\/\\\/www.prinz24.com\\\/produkte\\\/industrie-holzsaegen\\\/smart-solutions\\\/cutstar-11-kw\\\/\",\"url\":\"https:\\\/\\\/www.prinz24.com\\\/produkte\\\/industrie-holzsaegen\\\/smart-solutions\\\/cutstar-11-kw\\\/\",\"name\":\"cutSTAR - 11 KW - PRINZ Kettens\u00e4getechnik\",\"isPartOf\":{\"@id\":\"https:\\\/\\\/www.prinz24.com\\\/#website\"},\"datePublished\":\"2022-12-20T10:19:51+00:00\",\"dateModified\":\"2025-05-25T14:13:48+00:00\",\"breadcrumb\":{\"@id\":\"https:\\\/\\\/www.prinz24.com\\\/produkte\\\/industrie-holzsaegen\\\/smart-solutions\\\/cutstar-11-kw\\\/#breadcrumb\"},\"inLanguage\":\"en-US\",\"potentialAction\":[{\"@type\":\"ReadAction\",\"target\":[\"https:\\\/\\\/www.prinz24.com\\\/produkte\\\/industrie-holzsaegen\\\/smart-solutions\\\/cutstar-11-kw\\\/\"]}]},{\"@type\":\"BreadcrumbList\",\"@id\":\"https:\\\/\\\/www.prinz24.com\\\/produkte\\\/industrie-holzsaegen\\\/smart-solutions\\\/cutstar-11-kw\\\/#breadcrumb\",\"itemListElement\":[{\"@type\":\"ListItem\",\"position\":1,\"name\":\"Startseite\",\"item\":\"https:\\\/\\\/www.prinz24.com\\\/\"},{\"@type\":\"ListItem\",\"position\":2,\"name\":\"Produkte\",\"item\":\"https:\\\/\\\/www.prinz24.com\\\/produkte\\\/\"},{\"@type\":\"ListItem\",\"position\":3,\"name\":\"Holzs\u00e4gen\",\"item\":\"https:\\\/\\\/www.prinz24.com\\\/produkte\\\/industrie-holzsaegen\\\/\"},{\"@type\":\"ListItem\",\"position\":4,\"name\":\"Smart Solutions\",\"item\":\"https:\\\/\\\/www.prinz24.com\\\/produkte\\\/industrie-holzsaegen\\\/smart-solutions\\\/\"},{\"@type\":\"ListItem\",\"position\":5,\"name\":\"cutSTAR &#8211; 11 KW\"}]},{\"@type\":\"WebSite\",\"@id\":\"https:\\\/\\\/www.prinz24.com\\\/#website\",\"url\":\"https:\\\/\\\/www.prinz24.com\\\/\",\"name\":\"PRINZ Kettens\u00e4getechnik\",\"description\":\"Kettens\u00e4gentechnik f\u00fcr die Industrie\",\"potentialAction\":[{\"@type\":\"SearchAction\",\"target\":{\"@type\":\"EntryPoint\",\"urlTemplate\":\"https:\\\/\\\/www.prinz24.com\\\/?s={search_term_string}\"},\"query-input\":{\"@type\":\"PropertyValueSpecification\",\"valueRequired\":true,\"valueName\":\"search_term_string\"}}],\"inLanguage\":\"en-US\"}]}<\/script>\n<!-- \/ Yoast SEO plugin. -->","yoast_head_json":{"title":"cutSTAR - 11 KW - PRINZ Kettens\u00e4getechnik","robots":{"index":"index","follow":"follow","max-snippet":"max-snippet:-1","max-image-preview":"max-image-preview:large","max-video-preview":"max-video-preview:-1"},"canonical":"https:\/\/www.prinz24.com\/produkte\/industrie-holzsaegen\/smart-solutions\/cutstar-11-kw\/","og_locale":"en_US","og_type":"article","og_title":"cutSTAR - 11 KW - PRINZ Kettens\u00e4getechnik","og_description":"[vc_row css=&#8221;.vc_custom_1490183673785{margin-top: 10px !important;padding-top: 10px !important;}&#8221;][vc_column][vc_row_inner css=&#8221;.vc_custom_1435578983865{padding-bottom: 0px !important;}&#8221;][vc_column_inner width=&#8221;1\/2&#8243;][vc_single_image image=&#8221;5720&#8243; img_size=&#8221;full&#8221;][\/vc_column_inner][vc_column_inner width=&#8221;1\/2&#8243;][vc_column_text css=&#8221;&#8221;]cutSTAR \u2013 11 kW was developed for a precise and economic cutting of packages up to 6 m length. The parallel-guided cutting unit fulfils the highest requirements of cutting accuracy and the compact design allows a space-saving set up. Saw motor 11 [&hellip;]","og_url":"https:\/\/www.prinz24.com\/produkte\/industrie-holzsaegen\/smart-solutions\/cutstar-11-kw\/","og_site_name":"PRINZ Kettens\u00e4getechnik","article_publisher":"https:\/\/www.facebook.com\/prinzkettensaegetechnik\/","article_modified_time":"2025-05-25T14:13:48+00:00","twitter_card":"summary_large_image","twitter_misc":{"Est. reading time":"4 minutes"},"schema":{"@context":"https:\/\/schema.org","@graph":[{"@type":"WebPage","@id":"https:\/\/www.prinz24.com\/produkte\/industrie-holzsaegen\/smart-solutions\/cutstar-11-kw\/","url":"https:\/\/www.prinz24.com\/produkte\/industrie-holzsaegen\/smart-solutions\/cutstar-11-kw\/","name":"cutSTAR - 11 KW - PRINZ Kettens\u00e4getechnik","isPartOf":{"@id":"https:\/\/www.prinz24.com\/#website"},"datePublished":"2022-12-20T10:19:51+00:00","dateModified":"2025-05-25T14:13:48+00:00","breadcrumb":{"@id":"https:\/\/www.prinz24.com\/produkte\/industrie-holzsaegen\/smart-solutions\/cutstar-11-kw\/#breadcrumb"},"inLanguage":"en-US","potentialAction":[{"@type":"ReadAction","target":["https:\/\/www.prinz24.com\/produkte\/industrie-holzsaegen\/smart-solutions\/cutstar-11-kw\/"]}]},{"@type":"BreadcrumbList","@id":"https:\/\/www.prinz24.com\/produkte\/industrie-holzsaegen\/smart-solutions\/cutstar-11-kw\/#breadcrumb","itemListElement":[{"@type":"ListItem","position":1,"name":"Startseite","item":"https:\/\/www.prinz24.com\/"},{"@type":"ListItem","position":2,"name":"Produkte","item":"https:\/\/www.prinz24.com\/produkte\/"},{"@type":"ListItem","position":3,"name":"Holzs\u00e4gen","item":"https:\/\/www.prinz24.com\/produkte\/industrie-holzsaegen\/"},{"@type":"ListItem","position":4,"name":"Smart Solutions","item":"https:\/\/www.prinz24.com\/produkte\/industrie-holzsaegen\/smart-solutions\/"},{"@type":"ListItem","position":5,"name":"cutSTAR &#8211; 11 KW"}]},{"@type":"WebSite","@id":"https:\/\/www.prinz24.com\/#website","url":"https:\/\/www.prinz24.com\/","name":"PRINZ Kettens\u00e4getechnik","description":"Kettens\u00e4gentechnik f\u00fcr die Industrie","potentialAction":[{"@type":"SearchAction","target":{"@type":"EntryPoint","urlTemplate":"https:\/\/www.prinz24.com\/?s={search_term_string}"},"query-input":{"@type":"PropertyValueSpecification","valueRequired":true,"valueName":"search_term_string"}}],"inLanguage":"en-US"}]}},"_links":{"self":[{"href":"https:\/\/www.prinz24.com\/en\/wp-json\/wp\/v2\/pages\/5729","targetHints":{"allow":["GET"]}}],"collection":[{"href":"https:\/\/www.prinz24.com\/en\/wp-json\/wp\/v2\/pages"}],"about":[{"href":"https:\/\/www.prinz24.com\/en\/wp-json\/wp\/v2\/types\/page"}],"author":[{"embeddable":true,"href":"https:\/\/www.prinz24.com\/en\/wp-json\/wp\/v2\/users\/17"}],"replies":[{"embeddable":true,"href":"https:\/\/www.prinz24.com\/en\/wp-json\/wp\/v2\/comments?post=5729"}],"version-history":[{"count":10,"href":"https:\/\/www.prinz24.com\/en\/wp-json\/wp\/v2\/pages\/5729\/revisions"}],"predecessor-version":[{"id":10029,"href":"https:\/\/www.prinz24.com\/en\/wp-json\/wp\/v2\/pages\/5729\/revisions\/10029"}],"up":[{"embeddable":true,"href":"https:\/\/www.prinz24.com\/en\/wp-json\/wp\/v2\/pages\/5722"}],"wp:attachment":[{"href":"https:\/\/www.prinz24.com\/en\/wp-json\/wp\/v2\/media?parent=5729"}],"curies":[{"name":"wp","href":"https:\/\/api.w.org\/{rel}","templated":true}]}}