{"id":5751,"date":"2022-12-20T11:58:30","date_gmt":"2022-12-20T11:58:30","guid":{"rendered":"https:\/\/www.prinz24.com\/?page_id=5751"},"modified":"2025-05-25T14:31:14","modified_gmt":"2025-05-25T14:31:14","slug":"mobilcut-top-line","status":"publish","type":"page","link":"https:\/\/www.prinz24.com\/en\/produkte\/industrie-holzsaegen\/bogengefuehrte-bretterpaketsaegen\/mobilcut-top-line\/","title":{"rendered":"mobilCUT topLINE"},"content":{"rendered":"<div class=\"wpb-content-wrapper\"><p>[vc_row][vc_column width=&#8221;1\/2&#8243;][vc_single_image image=&#8221;5097&#8243; img_size=&#8221;full&#8221; alignment=&#8221;center&#8221;][\/vc_column][vc_column width=&#8221;1\/2&#8243;][vc_column_text css=&#8221;&#8221;]For enhanced working comfort, the mobilCUT topLINE includes a saw positioning with electric drive.<\/p>\n<p>More performance and ease of work!<\/p>\n<div id=\"c408\" class=\"csc-default\">\n<ul>\n<li>motor power\u00a011 kW<\/li>\n<li>very robust guide arch<\/li>\n<li>to cut packages\u00a0up to \u00a0130&#215;130 cm and 6 m length<\/li>\n<li>reduced space requirement with only\u00a08,5 m length<\/li>\n<li>cut accuracy of \u00b12 mm with arch guiding<\/li>\n<li>electric\u00a0feed for cutting, control by joystick<\/li>\n<li>with digital readout of the length<\/li>\n<\/ul>\n<\/div>\n<p>[\/vc_column_text][\/vc_column][\/vc_row][vc_row css=&#8221;.vc_custom_1435578920528{margin-bottom: 10px !important;padding-top: 0px !important;padding-bottom: 10px !important;}&#8221;][vc_column][vc_column_text]<\/p>\n<h2>Technical Data<\/h2>\n<table class=\"contenttable contenttable-0 product-description-table\">\n<tbody>\n<tr class=\"tr-even tr-0\">\n<td class=\"td-0\">Power:<\/td>\n<td class=\"td-last td-1\">11 kW<\/td>\n<\/tr>\n<tr class=\"tr-even tr-2\">\n<td class=\"td-0\">Cutting accuracy:<\/td>\n<td class=\"td-last td-1\">\u00b12 mm<\/td>\n<\/tr>\n<tr class=\"tr-odd tr-3\">\n<td class=\"td-0\">Standard package size (width x height):<\/td>\n<td class=\"td-last td-1\">130 x 130 cm<\/td>\n<\/tr>\n<tr class=\"tr-odd tr-5\">\n<td class=\"td-0\">Cut feed:<\/td>\n<td class=\"td-last td-1\">electric<\/td>\n<\/tr>\n<tr class=\"tr-even tr-6\">\n<td class=\"td-0\">Guiding of the cut:<\/td>\n<td class=\"td-last td-1\">with arch<\/td>\n<\/tr>\n<tr class=\"tr-odd tr-7\">\n<td class=\"td-0\">Saw type:<\/td>\n<td class=\"td-last td-1\">saw moves\/stationary package<\/td>\n<\/tr>\n<tr class=\"tr-even tr-8\">\n<td class=\"td-0\">Chain types:<\/td>\n<td class=\"td-last td-1\">scraper chain\/ carbide tipped chain<\/td>\n<\/tr>\n<tr class=\"tr-odd tr-9\">\n<td class=\"td-0\">Guide bar:<\/td>\n<td class=\"td-last td-1\">solid steel\/ special hard faced edge<\/td>\n<\/tr>\n<tr class=\"tr-odd tr-11\">\n<td class=\"td-0\">Cutting performance:<\/td>\n<td class=\"td-last td-1\">1,8 min\/m\u00b2<\/td>\n<\/tr>\n<tr class=\"tr-even tr-12\">\n<td class=\"td-0\"><strong>Package\/saw drive:<\/strong><\/td>\n<td class=\"td-last td-1\"><strong>positioning of the saw\u00a0<\/strong><strong>electrically (eight lengths programmable)<\/strong><\/td>\n<\/tr>\n<tr class=\"tr-even tr-12\">\n<td class=\"td-0\">Applications:<\/td>\n<td class=\"td-last td-1\">travelling saw to handle packages up to 6m length with a cut accuracy of \u00b12mm and limited space requirement<\/td>\n<\/tr>\n<tr class=\"tr-odd tr-13\">\n<td class=\"td-0\">Measuring device:<\/td>\n<td class=\"td-last td-1\">included<\/td>\n<\/tr>\n<tr class=\"tr-odd tr-15\">\n<td class=\"td-0\">Optional extras:<\/td>\n<td class=\"td-last td-1\">\n<ul>\n<li>laser light for cut position<\/li>\n<li>conveyors for waste removal<\/li>\n<li>container for waste removal<\/li>\n<li>connection for dust extraction<\/li>\n<li>connection adapter for the exhaustion system<\/li>\n<li>pressure pads<\/li>\n<li>pneumatic package lift<\/li>\n<li>loading frame 160cm<\/li>\n<li>supply via drag chain<\/li>\n<li>operation is also in front of the saw<\/li>\n<\/ul>\n<\/td>\n<\/tr>\n<\/tbody>\n<\/table>\n<p>[\/vc_column_text][\/vc_column][\/vc_row][vc_row][vc_column][vc_gallery type=&#8221;image_grid&#8221; images=&#8221;5589,5550,5552,5551,5879,5878,5877,5876&#8243;][\/vc_column][\/vc_row]<\/p>\n<\/div>","protected":false},"excerpt":{"rendered":"<p>[vc_row][vc_column width=&#8221;1\/2&#8243;][vc_single_image image=&#8221;5097&#8243; img_size=&#8221;full&#8221; alignment=&#8221;center&#8221;][\/vc_column][vc_column width=&#8221;1\/2&#8243;][vc_column_text css=&#8221;&#8221;]For enhanced working comfort, the mobilCUT topLINE includes a saw positioning with electric drive. More performance and ease of work! motor power\u00a011 kW very robust guide arch to cut packages\u00a0up to \u00a0130&#215;130 cm and 6 m length reduced space requirement with only\u00a08,5 m length cut accuracy of \u00b12 mm [&hellip;]<\/p>\n","protected":false},"author":17,"featured_media":0,"parent":300,"menu_order":0,"comment_status":"open","ping_status":"open","template":"","meta":{"footnotes":""},"class_list":["post-5751","page","type-page","status-publish","hentry"],"yoast_head":"<!-- This site is optimized with the Yoast SEO plugin v27.4 - https:\/\/yoast.com\/product\/yoast-seo-wordpress\/ -->\n<title>Bogengef\u00fchrte Bretterpakets\u00e4ge Mobilcut Comfort | prinz24.com<\/title>\n<meta name=\"description\" content=\"Hier finden Sie die bogengef\u00fchrte Bretterpakets\u00e4ge Mobilcut Comfort der PRINZ Deutschland GmbH.\" \/>\n<meta name=\"robots\" content=\"index, follow, max-snippet:-1, max-image-preview:large, max-video-preview:-1\" \/>\n<link rel=\"canonical\" href=\"https:\/\/www.prinz24.com\/produkte\/industrie-holzsaegen\/bogengefuehrte-bretterpaketsaegen\/mobilcut-top-line\/\" \/>\n<meta property=\"og:locale\" content=\"en_US\" \/>\n<meta property=\"og:type\" content=\"article\" \/>\n<meta property=\"og:title\" content=\"Bogengef\u00fchrte Bretterpakets\u00e4ge Mobilcut Comfort | prinz24.com\" \/>\n<meta property=\"og:description\" content=\"Hier finden Sie die bogengef\u00fchrte Bretterpakets\u00e4ge Mobilcut Comfort der PRINZ Deutschland GmbH.\" \/>\n<meta property=\"og:url\" content=\"https:\/\/www.prinz24.com\/produkte\/industrie-holzsaegen\/bogengefuehrte-bretterpaketsaegen\/mobilcut-top-line\/\" \/>\n<meta property=\"og:site_name\" content=\"PRINZ Kettens\u00e4getechnik\" \/>\n<meta property=\"article:publisher\" content=\"https:\/\/www.facebook.com\/prinzkettensaegetechnik\/\" \/>\n<meta property=\"article:modified_time\" content=\"2025-05-25T14:31:14+00:00\" \/>\n<meta name=\"twitter:card\" content=\"summary_large_image\" \/>\n<meta name=\"twitter:label1\" content=\"Est. reading time\" \/>\n\t<meta name=\"twitter:data1\" content=\"2 minutes\" \/>\n<script type=\"application\/ld+json\" class=\"yoast-schema-graph\">{\"@context\":\"https:\\\/\\\/schema.org\",\"@graph\":[{\"@type\":\"WebPage\",\"@id\":\"https:\\\/\\\/www.prinz24.com\\\/produkte\\\/industrie-holzsaegen\\\/bogengefuehrte-bretterpaketsaegen\\\/mobilcut-top-line\\\/\",\"url\":\"https:\\\/\\\/www.prinz24.com\\\/produkte\\\/industrie-holzsaegen\\\/bogengefuehrte-bretterpaketsaegen\\\/mobilcut-top-line\\\/\",\"name\":\"Bogengef\u00fchrte Bretterpakets\u00e4ge Mobilcut Comfort | prinz24.com\",\"isPartOf\":{\"@id\":\"https:\\\/\\\/www.prinz24.com\\\/#website\"},\"datePublished\":\"2022-12-20T11:58:30+00:00\",\"dateModified\":\"2025-05-25T14:31:14+00:00\",\"description\":\"Hier finden Sie die bogengef\u00fchrte Bretterpakets\u00e4ge Mobilcut Comfort der PRINZ Deutschland GmbH.\",\"breadcrumb\":{\"@id\":\"https:\\\/\\\/www.prinz24.com\\\/produkte\\\/industrie-holzsaegen\\\/bogengefuehrte-bretterpaketsaegen\\\/mobilcut-top-line\\\/#breadcrumb\"},\"inLanguage\":\"en-US\",\"potentialAction\":[{\"@type\":\"ReadAction\",\"target\":[\"https:\\\/\\\/www.prinz24.com\\\/produkte\\\/industrie-holzsaegen\\\/bogengefuehrte-bretterpaketsaegen\\\/mobilcut-top-line\\\/\"]}]},{\"@type\":\"BreadcrumbList\",\"@id\":\"https:\\\/\\\/www.prinz24.com\\\/produkte\\\/industrie-holzsaegen\\\/bogengefuehrte-bretterpaketsaegen\\\/mobilcut-top-line\\\/#breadcrumb\",\"itemListElement\":[{\"@type\":\"ListItem\",\"position\":1,\"name\":\"Startseite\",\"item\":\"https:\\\/\\\/www.prinz24.com\\\/\"},{\"@type\":\"ListItem\",\"position\":2,\"name\":\"Produkte\",\"item\":\"https:\\\/\\\/www.prinz24.com\\\/produkte\\\/\"},{\"@type\":\"ListItem\",\"position\":3,\"name\":\"Holzs\u00e4gen\",\"item\":\"https:\\\/\\\/www.prinz24.com\\\/produkte\\\/industrie-holzsaegen\\\/\"},{\"@type\":\"ListItem\",\"position\":4,\"name\":\"Bogengef\u00fchrtes\u00e4gen\",\"item\":\"https:\\\/\\\/www.prinz24.com\\\/produkte\\\/industrie-holzsaegen\\\/bogengefuehrte-bretterpaketsaegen\\\/\"},{\"@type\":\"ListItem\",\"position\":5,\"name\":\"mobilCUT topLINE\"}]},{\"@type\":\"WebSite\",\"@id\":\"https:\\\/\\\/www.prinz24.com\\\/#website\",\"url\":\"https:\\\/\\\/www.prinz24.com\\\/\",\"name\":\"PRINZ Kettens\u00e4getechnik\",\"description\":\"Kettens\u00e4gentechnik f\u00fcr die Industrie\",\"potentialAction\":[{\"@type\":\"SearchAction\",\"target\":{\"@type\":\"EntryPoint\",\"urlTemplate\":\"https:\\\/\\\/www.prinz24.com\\\/?s={search_term_string}\"},\"query-input\":{\"@type\":\"PropertyValueSpecification\",\"valueRequired\":true,\"valueName\":\"search_term_string\"}}],\"inLanguage\":\"en-US\"}]}<\/script>\n<!-- \/ Yoast SEO plugin. -->","yoast_head_json":{"title":"Bogengef\u00fchrte Bretterpakets\u00e4ge Mobilcut Comfort | prinz24.com","description":"Hier finden Sie die bogengef\u00fchrte Bretterpakets\u00e4ge Mobilcut Comfort der PRINZ Deutschland GmbH.","robots":{"index":"index","follow":"follow","max-snippet":"max-snippet:-1","max-image-preview":"max-image-preview:large","max-video-preview":"max-video-preview:-1"},"canonical":"https:\/\/www.prinz24.com\/produkte\/industrie-holzsaegen\/bogengefuehrte-bretterpaketsaegen\/mobilcut-top-line\/","og_locale":"en_US","og_type":"article","og_title":"Bogengef\u00fchrte Bretterpakets\u00e4ge Mobilcut Comfort | prinz24.com","og_description":"Hier finden Sie die bogengef\u00fchrte Bretterpakets\u00e4ge Mobilcut Comfort der PRINZ Deutschland GmbH.","og_url":"https:\/\/www.prinz24.com\/produkte\/industrie-holzsaegen\/bogengefuehrte-bretterpaketsaegen\/mobilcut-top-line\/","og_site_name":"PRINZ Kettens\u00e4getechnik","article_publisher":"https:\/\/www.facebook.com\/prinzkettensaegetechnik\/","article_modified_time":"2025-05-25T14:31:14+00:00","twitter_card":"summary_large_image","twitter_misc":{"Est. reading time":"2 minutes"},"schema":{"@context":"https:\/\/schema.org","@graph":[{"@type":"WebPage","@id":"https:\/\/www.prinz24.com\/produkte\/industrie-holzsaegen\/bogengefuehrte-bretterpaketsaegen\/mobilcut-top-line\/","url":"https:\/\/www.prinz24.com\/produkte\/industrie-holzsaegen\/bogengefuehrte-bretterpaketsaegen\/mobilcut-top-line\/","name":"Bogengef\u00fchrte Bretterpakets\u00e4ge Mobilcut Comfort | prinz24.com","isPartOf":{"@id":"https:\/\/www.prinz24.com\/#website"},"datePublished":"2022-12-20T11:58:30+00:00","dateModified":"2025-05-25T14:31:14+00:00","description":"Hier finden Sie die bogengef\u00fchrte Bretterpakets\u00e4ge Mobilcut Comfort der PRINZ Deutschland GmbH.","breadcrumb":{"@id":"https:\/\/www.prinz24.com\/produkte\/industrie-holzsaegen\/bogengefuehrte-bretterpaketsaegen\/mobilcut-top-line\/#breadcrumb"},"inLanguage":"en-US","potentialAction":[{"@type":"ReadAction","target":["https:\/\/www.prinz24.com\/produkte\/industrie-holzsaegen\/bogengefuehrte-bretterpaketsaegen\/mobilcut-top-line\/"]}]},{"@type":"BreadcrumbList","@id":"https:\/\/www.prinz24.com\/produkte\/industrie-holzsaegen\/bogengefuehrte-bretterpaketsaegen\/mobilcut-top-line\/#breadcrumb","itemListElement":[{"@type":"ListItem","position":1,"name":"Startseite","item":"https:\/\/www.prinz24.com\/"},{"@type":"ListItem","position":2,"name":"Produkte","item":"https:\/\/www.prinz24.com\/produkte\/"},{"@type":"ListItem","position":3,"name":"Holzs\u00e4gen","item":"https:\/\/www.prinz24.com\/produkte\/industrie-holzsaegen\/"},{"@type":"ListItem","position":4,"name":"Bogengef\u00fchrtes\u00e4gen","item":"https:\/\/www.prinz24.com\/produkte\/industrie-holzsaegen\/bogengefuehrte-bretterpaketsaegen\/"},{"@type":"ListItem","position":5,"name":"mobilCUT topLINE"}]},{"@type":"WebSite","@id":"https:\/\/www.prinz24.com\/#website","url":"https:\/\/www.prinz24.com\/","name":"PRINZ Kettens\u00e4getechnik","description":"Kettens\u00e4gentechnik f\u00fcr die Industrie","potentialAction":[{"@type":"SearchAction","target":{"@type":"EntryPoint","urlTemplate":"https:\/\/www.prinz24.com\/?s={search_term_string}"},"query-input":{"@type":"PropertyValueSpecification","valueRequired":true,"valueName":"search_term_string"}}],"inLanguage":"en-US"}]}},"_links":{"self":[{"href":"https:\/\/www.prinz24.com\/en\/wp-json\/wp\/v2\/pages\/5751","targetHints":{"allow":["GET"]}}],"collection":[{"href":"https:\/\/www.prinz24.com\/en\/wp-json\/wp\/v2\/pages"}],"about":[{"href":"https:\/\/www.prinz24.com\/en\/wp-json\/wp\/v2\/types\/page"}],"author":[{"embeddable":true,"href":"https:\/\/www.prinz24.com\/en\/wp-json\/wp\/v2\/users\/17"}],"replies":[{"embeddable":true,"href":"https:\/\/www.prinz24.com\/en\/wp-json\/wp\/v2\/comments?post=5751"}],"version-history":[{"count":5,"href":"https:\/\/www.prinz24.com\/en\/wp-json\/wp\/v2\/pages\/5751\/revisions"}],"predecessor-version":[{"id":10036,"href":"https:\/\/www.prinz24.com\/en\/wp-json\/wp\/v2\/pages\/5751\/revisions\/10036"}],"up":[{"embeddable":true,"href":"https:\/\/www.prinz24.com\/en\/wp-json\/wp\/v2\/pages\/300"}],"wp:attachment":[{"href":"https:\/\/www.prinz24.com\/en\/wp-json\/wp\/v2\/media?parent=5751"}],"curies":[{"name":"wp","href":"https:\/\/api.w.org\/{rel}","templated":true}]}}