{"id":64,"date":"2015-01-15T16:52:04","date_gmt":"2015-01-15T16:52:04","guid":{"rendered":"http:\/\/www.xn--kettensgetechnik-1nb.at\/?page_id=64"},"modified":"2024-12-17T10:29:25","modified_gmt":"2024-12-17T10:29:25","slug":"industrie-kettensaegetechnik","status":"publish","type":"page","link":"https:\/\/www.prinz24.com\/en\/industrie-kettensaegetechnik\/","title":{"rendered":"Industrial saws"},"content":{"rendered":"<div class=\"wpb-content-wrapper\"><p>[vc_row css=&#8221;.vc_custom_1721744272672{margin-top: 0px !important;border-top-width: 0px !important;padding-top: 0px !important;}&#8221;][vc_column][layerslider_vc id=&#8221;39&#8243;][\/vc_column][\/vc_row][vc_row css=&#8221;.vc_custom_1421341344061{margin-top: 0px !important;margin-bottom: 0px !important;border-top-width: 0px !important;border-bottom-width: 0px !important;padding-top: 0px !important;padding-bottom: 0px !important;}&#8221;][vc_column][vc_row_inner css=&#8221;.vc_custom_1555671456878{margin-top: 0px !important;padding-top: 0px !important;}&#8221;][vc_column_inner width=&#8221;1\/3&#8243;][vc_hoverbox image=&#8221;6275&#8243; primary_title=&#8221;Wood&#8221; primary_align=&#8221;left&#8221; primary_title_font_container=&#8221;font_size:24|color:%23ffffff&#8221; primary_title_use_theme_fonts=&#8221;yes&#8221; hover_title=&#8221;Wood saws&#8221; hover_title_font_container=&#8221;font_size:24&#8243; hover_title_use_theme_fonts=&#8221;yes&#8221; shape=&#8221;square&#8221; align=&#8221;left&#8221; hover_btn_title=&#8221;More&#8221; hover_btn_style=&#8221;classic&#8221; hover_btn_color=&#8221;inverse&#8221; hover_btn_size=&#8221;sm&#8221; hover_btn_align=&#8221;center&#8221; hover_btn_i_icon_fontawesome=&#8221;fas fa-info&#8221; use_custom_fonts_primary_title=&#8221;true&#8221; use_custom_fonts_hover_title=&#8221;true&#8221; hover_add_button=&#8221;true&#8221; hover_btn_add_icon=&#8221;true&#8221; hover_btn_link=&#8221;url:https%3A%2F%2Fwww.prinz24.com%2Fen%2Fprodukte%2Findustrie-holzsaegen%2F|title:%5B%3Ade%5DHolzs%C3%A4gen%5B%3Aen%5DWood%20saws%5B%3A%5D&#8221; css=&#8221;.vc_custom_1727079372612{padding-top: 5px !important;padding-right: 5px !important;padding-bottom: 5px !important;padding-left: 5px !important;}&#8221;]PRINZ chainsaw technology is sole supplier for turnkey solutions for the timber and log yard. We offer you a wide range of machinery from entry level models to complete plants and also integrate your specials needs.[\/vc_hoverbox][\/vc_column_inner][vc_column_inner width=&#8221;1\/3&#8243;][vc_hoverbox image=&#8221;6293&#8243; primary_title=&#8221;Stone&#8221; primary_align=&#8221;left&#8221; primary_title_font_container=&#8221;font_size:24|color:%23ffffff&#8221; primary_title_use_theme_fonts=&#8221;yes&#8221; hover_title=&#8221;Wall saws&#8221; hover_title_font_container=&#8221;font_size:24&#8243; hover_title_use_theme_fonts=&#8221;yes&#8221; shape=&#8221;square&#8221; align=&#8221;left&#8221; hover_btn_title=&#8221;More&#8221; hover_btn_style=&#8221;classic&#8221; hover_btn_color=&#8221;inverse&#8221; hover_btn_size=&#8221;sm&#8221; hover_btn_align=&#8221;center&#8221; hover_btn_i_icon_fontawesome=&#8221;fas fa-info&#8221; use_custom_fonts_primary_title=&#8221;true&#8221; use_custom_fonts_hover_title=&#8221;true&#8221; hover_add_button=&#8221;true&#8221; hover_btn_add_icon=&#8221;true&#8221; hover_btn_link=&#8221;url:https%3A%2F%2Fwww.prinz24.com%2Fen%2Fprodukte%2Fmauersaegen%2F|title:%5B%3Ade%5DMauers%C3%A4gen%5B%3Aen%5DWall%20saws%5B%3A%5D&#8221; css=&#8221;.vc_custom_1727079630745{padding-top: 5px !important;padding-right: 5px !important;padding-bottom: 5px !important;padding-left: 5px !important;}&#8221;]PRINZ wall saw technology \u2013 machines and materials for later horizontal insulation of buildings against rising damp by chain saw or diamond wire saw method.[\/vc_hoverbox][\/vc_column_inner][vc_column_inner width=&#8221;1\/3&#8243;][vc_hoverbox image=&#8221;2750&#8243; primary_title=&#8221;Plastic&#8221; primary_align=&#8221;left&#8221; primary_title_font_container=&#8221;font_size:24|color:%23ffffff&#8221; primary_title_use_theme_fonts=&#8221;yes&#8221; hover_title=&#8221;Plastic saws&#8221; hover_title_font_container=&#8221;font_size:24&#8243; hover_title_use_theme_fonts=&#8221;yes&#8221; shape=&#8221;square&#8221; align=&#8221;left&#8221; hover_btn_title=&#8221;More&#8221; hover_btn_style=&#8221;classic&#8221; hover_btn_color=&#8221;inverse&#8221; hover_btn_size=&#8221;sm&#8221; hover_btn_align=&#8221;center&#8221; hover_btn_i_icon_fontawesome=&#8221;fas fa-info&#8221; use_custom_fonts_primary_title=&#8221;true&#8221; use_custom_fonts_hover_title=&#8221;true&#8221; hover_add_button=&#8221;true&#8221; hover_btn_add_icon=&#8221;true&#8221; hover_btn_link=&#8221;url:https%3A%2F%2Fwww.prinz24.com%2Fen%2Fprodukte%2Findustrie-kunststoffsaegen%2F|title:%5B%3Ade%5DHolzs%C3%A4gen%5B%3Aen%5DWood%20saws%5B%3A%5D&#8221; css=&#8221;.vc_custom_1727079468489{padding-top: 5px !important;padding-right: 5px !important;padding-bottom: 5px !important;padding-left: 5px !important;}&#8221;]During the recent years PRINZ has been particularly busy with developing special saws to cut different kind of plastic materials.[\/vc_hoverbox][\/vc_column_inner][\/vc_row_inner][vc_row_inner css=&#8221;.vc_custom_1555671456878{margin-top: 0px !important;padding-top: 0px !important;}&#8221;][vc_column_inner width=&#8221;1\/3&#8243;][vc_hoverbox image=&#8221;3071&#8243; primary_title=&#8221;Paper&#8221; primary_align=&#8221;left&#8221; primary_title_font_container=&#8221;font_size:24|color:%23ffffff&#8221; primary_title_use_theme_fonts=&#8221;yes&#8221; hover_title=&#8221;Paper roll saws&#8221; hover_title_font_container=&#8221;font_size:24&#8243; hover_title_use_theme_fonts=&#8221;yes&#8221; shape=&#8221;square&#8221; align=&#8221;left&#8221; hover_btn_title=&#8221;More&#8221; hover_btn_style=&#8221;classic&#8221; hover_btn_color=&#8221;inverse&#8221; hover_btn_size=&#8221;sm&#8221; hover_btn_align=&#8221;center&#8221; hover_btn_i_icon_fontawesome=&#8221;fas fa-info&#8221; use_custom_fonts_primary_title=&#8221;true&#8221; use_custom_fonts_hover_title=&#8221;true&#8221; hover_add_button=&#8221;true&#8221; hover_btn_add_icon=&#8221;true&#8221; hover_btn_link=&#8221;url:https%3A%2F%2Fwww.prinz24.com%2Fen%2Fprodukte%2Fpapiersaegen%2F|title:%5B%3Ade%5DHolzs%C3%A4gen%5B%3Aen%5DWood%20saws%5B%3A%5D&#8221; css=&#8221;.vc_custom_1727079600713{padding-top: 5px !important;padding-right: 5px !important;padding-bottom: 5px !important;padding-left: 5px !important;}&#8221;]The PRINZ Paper saw makes it possible for you to resize paper rolls without having to unwind them before. You can not only handle quickly and easily damaged rolls, but also shorten rolls for recycling before the guillotine saw.[\/vc_hoverbox][\/vc_column_inner][vc_column_inner width=&#8221;1\/3&#8243;][vc_hoverbox image=&#8221;7915&#8243; primary_title=&#8221;Gypsum plasterboard&#8221; primary_align=&#8221;left&#8221; primary_title_font_container=&#8221;font_size:24|color:%23ffffff&#8221; primary_title_use_theme_fonts=&#8221;yes&#8221; hover_title=&#8221;Gypsum plasterboard&#8221; hover_title_font_container=&#8221;font_size:24&#8243; hover_title_use_theme_fonts=&#8221;yes&#8221; shape=&#8221;square&#8221; align=&#8221;left&#8221; hover_btn_title=&#8221;More&#8221; hover_btn_style=&#8221;classic&#8221; hover_btn_color=&#8221;inverse&#8221; hover_btn_size=&#8221;sm&#8221; hover_btn_align=&#8221;center&#8221; hover_btn_i_icon_fontawesome=&#8221;fas fa-info&#8221; use_custom_fonts_primary_title=&#8221;true&#8221; use_custom_fonts_hover_title=&#8221;true&#8221; hover_add_button=&#8221;true&#8221; hover_btn_add_icon=&#8221;true&#8221; hover_btn_link=&#8221;url:https%3A%2F%2Fwww.prinz24.com%2Fen%2Fprodukte%2Fgipskartonplatten%2F|title:%5B%3Ade%5DMauers%C3%A4gen%5B%3Aen%5DWall%20saws%5B%3A%5D&#8221; css=&#8221;.vc_custom_1727079587664{padding-top: 5px !important;padding-right: 5px !important;padding-bottom: 5px !important;padding-left: 5px !important;}&#8221;]In order to meet the challenges of cutting plasterboards and achieve a high-quality result, PRINZ stated developing compact and efficient solutions as early as 1990.[\/vc_hoverbox][\/vc_column_inner][vc_column_inner width=&#8221;1\/3&#8243;][vc_hoverbox image=&#8221;7996&#8243; primary_title=&#8221;Composite material&#8221; primary_align=&#8221;left&#8221; primary_title_font_container=&#8221;font_size:24|color:%23ffffff&#8221; primary_title_use_theme_fonts=&#8221;yes&#8221; hover_title=&#8221;Composite material&#8221; hover_title_font_container=&#8221;font_size:24&#8243; hover_title_use_theme_fonts=&#8221;yes&#8221; shape=&#8221;square&#8221; align=&#8221;left&#8221; hover_btn_title=&#8221;More&#8221; hover_btn_style=&#8221;classic&#8221; hover_btn_color=&#8221;inverse&#8221; hover_btn_size=&#8221;sm&#8221; hover_btn_align=&#8221;center&#8221; hover_btn_i_icon_fontawesome=&#8221;fas fa-info&#8221; use_custom_fonts_primary_title=&#8221;true&#8221; use_custom_fonts_hover_title=&#8221;true&#8221; hover_add_button=&#8221;true&#8221; hover_btn_add_icon=&#8221;true&#8221; hover_btn_link=&#8221;url:https%3A%2F%2Fwww.prinz24.com%2Fen%2Fprodukte%2Fverbundwerkstoff%2F|title:%5B%3Ade%5DHolzs%C3%A4gen%5B%3Aen%5DWood%20saws%5B%3A%5D&#8221; css=&#8221;.vc_custom_1727079575361{padding-top: 5px !important;padding-right: 5px !important;padding-bottom: 5px !important;padding-left: 5px !important;}&#8221;]Efficient cutting of rotor blades with PRINZ chainsaw technology.[\/vc_hoverbox][\/vc_column_inner][\/vc_row_inner][\/vc_column][\/vc_row][vc_row][vc_column][vc_video link=&#8221;https:\/\/youtu.be\/rt1KdHLH4A8?si=goV8IkNvdnM689K0&#8243; css=&#8221;&#8221;][\/vc_column][\/vc_row][vc_row css=&#8221;.vc_custom_1727079645948{margin-top: 0px !important;padding-top: 0px !important;}&#8221;][vc_column][vc_row_inner][vc_column_inner width=&#8221;1\/3&#8243;][vc_raw_html]JTNDaWZyYW1lJTIwd2lkdGglM0QlMjI0MjMlMjIlMjBoZWlnaHQlM0QlMjIyNDAlMjIlMjBzcmMlM0QlMjJodHRwcyUzQSUyRiUyRnd3dy55b3V0dWJlLmNvbSUyRmVtYmVkJTJGWndJdmxIekgwRUElM0ZyZWwlM0QwJTIyJTIwZnJhbWVib3JkZXIlM0QlMjIwJTIyJTIwYWxsb3clM0QlMjJhdXRvcGxheSUzQiUyMGVuY3J5cHRlZC1tZWRpYSUyMiUyMGFsbG93ZnVsbHNjcmVlbiUzRSUzQyUyRmlmcmFtZSUzRQ==[\/vc_raw_html][\/vc_column_inner][vc_column_inner width=&#8221;1\/3&#8243;][vc_raw_html]JTNDaWZyYW1lJTIwd2lkdGglM0QlMjI0MjMlMjIlMjBoZWlnaHQlM0QlMjIyNDAlMjIlMjBzcmMlM0QlMjJodHRwcyUzQSUyRiUyRnd3dy55b3V0dWJlLmNvbSUyRmVtYmVkJTJGZ2lVdXQzM1JfOTglM0ZyZWwlM0QwJTIyJTIwZnJhbWVib3JkZXIlM0QlMjIwJTIyJTIwYWxsb3clM0QlMjJhdXRvcGxheSUzQiUyMGVuY3J5cHRlZC1tZWRpYSUyMiUyMGFsbG93ZnVsbHNjcmVlbiUzRSUzQyUyRmlmcmFtZSUzRQ==[\/vc_raw_html][\/vc_column_inner][vc_column_inner width=&#8221;1\/3&#8243;][vc_raw_html]JTNDaWZyYW1lJTIwd2lkdGglM0QlMjI0MjMlMjIlMjBoZWlnaHQlM0QlMjIyNDAlMjIlMjBzcmMlM0QlMjJodHRwcyUzQSUyRiUyRnd3dy55b3V0dWJlLmNvbSUyRmVtYmVkJTJGMWUzbGlXVEZKWVElM0ZyZWwlM0QwJTIyJTIwZnJhbWVib3JkZXIlM0QlMjIwJTIyJTIwYWxsb3clM0QlMjJhdXRvcGxheSUzQiUyMGVuY3J5cHRlZC1tZWRpYSUyMiUyMGFsbG93ZnVsbHNjcmVlbiUzRSUzQyUyRmlmcmFtZSUzRQ==[\/vc_raw_html][\/vc_column_inner][\/vc_row_inner][\/vc_column][\/vc_row][vc_row css=&#8221;.vc_custom_1421780562929{margin-top: 0px !important;border-top-width: 0px !important;padding-top: 25px !important;background-color: #efefef !important;}&#8221;][vc_column width=&#8221;3\/6&#8243;][vc_column_text]<\/p>\n<p>&nbsp;<\/p>\n<h1>International network<\/h1>\n<p>The company <strong>PRINZ Deutschland GmbH<\/strong> has an internationally oriented partner network. Core area is Europe.[\/vc_column_text]\t\t<a href=\"\/en\/prinz-international\/\" class=\"envor-btn envor-btn-primary envor-btn-normal\">PRINZ International<\/a>\n\t\n\t[\/vc_column][vc_column width=&#8221;2\/6&#8243;][vc_column_text]\n\t\t\t\t<div class=\"event-list\"><p><\/p>\n\t\t\t\t<\/div>[\/vc_column_text][\/vc_column][\/vc_row]<\/p>\n<\/div>","protected":false},"excerpt":{"rendered":"<p>[vc_row css=&#8221;.vc_custom_1721744272672{margin-top: 0px !important;border-top-width: 0px !important;padding-top: 0px !important;}&#8221;][vc_column][layerslider_vc id=&#8221;39&#8243;][\/vc_column][\/vc_row][vc_row css=&#8221;.vc_custom_1421341344061{margin-top: 0px !important;margin-bottom: 0px !important;border-top-width: 0px !important;border-bottom-width: 0px !important;padding-top: 0px !important;padding-bottom: 0px !important;}&#8221;][vc_column][vc_row_inner css=&#8221;.vc_custom_1555671456878{margin-top: 0px !important;padding-top: 0px !important;}&#8221;][vc_column_inner width=&#8221;1\/3&#8243;][vc_hoverbox image=&#8221;6275&#8243; primary_title=&#8221;Wood&#8221; primary_align=&#8221;left&#8221; primary_title_font_container=&#8221;font_size:24|color:%23ffffff&#8221; primary_title_use_theme_fonts=&#8221;yes&#8221; hover_title=&#8221;Wood saws&#8221; hover_title_font_container=&#8221;font_size:24&#8243; hover_title_use_theme_fonts=&#8221;yes&#8221; shape=&#8221;square&#8221; align=&#8221;left&#8221; hover_btn_title=&#8221;More&#8221; hover_btn_style=&#8221;classic&#8221; hover_btn_color=&#8221;inverse&#8221; hover_btn_size=&#8221;sm&#8221; hover_btn_align=&#8221;center&#8221; hover_btn_i_icon_fontawesome=&#8221;fas fa-info&#8221; use_custom_fonts_primary_title=&#8221;true&#8221; use_custom_fonts_hover_title=&#8221;true&#8221; hover_add_button=&#8221;true&#8221; hover_btn_add_icon=&#8221;true&#8221; hover_btn_link=&#8221;url:https%3A%2F%2Fwww.prinz24.com%2Fen%2Fprodukte%2Findustrie-holzsaegen%2F|title:%5B%3Ade%5DHolzs%C3%A4gen%5B%3Aen%5DWood%20saws%5B%3A%5D&#8221; css=&#8221;.vc_custom_1727079372612{padding-top: 5px !important;padding-right: 5px [&hellip;]<\/p>\n","protected":false},"author":11,"featured_media":0,"parent":0,"menu_order":0,"comment_status":"open","ping_status":"open","template":"page-templates\/template-home.php","meta":{"footnotes":""},"class_list":["post-64","page","type-page","status-publish","hentry"],"yoast_head":"<!-- This site is optimized with the Yoast SEO plugin v27.4 - https:\/\/yoast.com\/product\/yoast-seo-wordpress\/ -->\n<title>Mauers\u00e4getechnik | S\u00e4gewerkstechnik | | prinz24.com<\/title>\n<meta name=\"description\" content=\"Ihr Partner f\u00fcr Industrie-Kettens\u00e4getechnik. Willkommen bei der PRINZ Deutschland GmbH. S\u00e4gewerkstechnik, Mauers\u00e4getechnik, Papiers\u00e4gen, Kunststoffs\u00e4gen\" \/>\n<meta name=\"robots\" content=\"index, follow, max-snippet:-1, max-image-preview:large, max-video-preview:-1\" \/>\n<link rel=\"canonical\" href=\"https:\/\/www.prinz24.com\/industrie-kettensaegetechnik\/\" \/>\n<meta property=\"og:locale\" content=\"en_US\" \/>\n<meta property=\"og:type\" content=\"article\" \/>\n<meta property=\"og:title\" content=\"Mauers\u00e4getechnik | S\u00e4gewerkstechnik | | prinz24.com\" \/>\n<meta property=\"og:description\" content=\"Ihr Partner f\u00fcr Industrie-Kettens\u00e4getechnik. Willkommen bei der PRINZ Deutschland GmbH. S\u00e4gewerkstechnik, Mauers\u00e4getechnik, Papiers\u00e4gen, Kunststoffs\u00e4gen\" \/>\n<meta property=\"og:url\" content=\"https:\/\/www.prinz24.com\/industrie-kettensaegetechnik\/\" \/>\n<meta property=\"og:site_name\" content=\"PRINZ Kettens\u00e4getechnik\" \/>\n<meta property=\"article:publisher\" content=\"https:\/\/www.facebook.com\/prinzkettensaegetechnik\/\" \/>\n<meta property=\"article:modified_time\" content=\"2024-12-17T10:29:25+00:00\" \/>\n<meta name=\"twitter:card\" content=\"summary_large_image\" \/>\n<meta name=\"twitter:label1\" content=\"Est. reading time\" \/>\n\t<meta name=\"twitter:data1\" content=\"3 minutes\" \/>\n<script type=\"application\/ld+json\" class=\"yoast-schema-graph\">{\"@context\":\"https:\\\/\\\/schema.org\",\"@graph\":[{\"@type\":\"WebPage\",\"@id\":\"https:\\\/\\\/www.prinz24.com\\\/industrie-kettensaegetechnik\\\/\",\"url\":\"https:\\\/\\\/www.prinz24.com\\\/industrie-kettensaegetechnik\\\/\",\"name\":\"Mauers\u00e4getechnik | S\u00e4gewerkstechnik | | prinz24.com\",\"isPartOf\":{\"@id\":\"https:\\\/\\\/www.prinz24.com\\\/#website\"},\"datePublished\":\"2015-01-15T16:52:04+00:00\",\"dateModified\":\"2024-12-17T10:29:25+00:00\",\"description\":\"Ihr Partner f\u00fcr Industrie-Kettens\u00e4getechnik. Willkommen bei der PRINZ Deutschland GmbH. S\u00e4gewerkstechnik, Mauers\u00e4getechnik, Papiers\u00e4gen, Kunststoffs\u00e4gen\",\"breadcrumb\":{\"@id\":\"https:\\\/\\\/www.prinz24.com\\\/industrie-kettensaegetechnik\\\/#breadcrumb\"},\"inLanguage\":\"en-US\",\"potentialAction\":[{\"@type\":\"ReadAction\",\"target\":[\"https:\\\/\\\/www.prinz24.com\\\/industrie-kettensaegetechnik\\\/\"]}]},{\"@type\":\"BreadcrumbList\",\"@id\":\"https:\\\/\\\/www.prinz24.com\\\/industrie-kettensaegetechnik\\\/#breadcrumb\",\"itemListElement\":[{\"@type\":\"ListItem\",\"position\":1,\"name\":\"Startseite\",\"item\":\"https:\\\/\\\/www.prinz24.com\\\/\"},{\"@type\":\"ListItem\",\"position\":2,\"name\":\"Industrie-Kettens\u00e4getechnik\"}]},{\"@type\":\"WebSite\",\"@id\":\"https:\\\/\\\/www.prinz24.com\\\/#website\",\"url\":\"https:\\\/\\\/www.prinz24.com\\\/\",\"name\":\"PRINZ Kettens\u00e4getechnik\",\"description\":\"Kettens\u00e4gentechnik f\u00fcr die Industrie\",\"potentialAction\":[{\"@type\":\"SearchAction\",\"target\":{\"@type\":\"EntryPoint\",\"urlTemplate\":\"https:\\\/\\\/www.prinz24.com\\\/?s={search_term_string}\"},\"query-input\":{\"@type\":\"PropertyValueSpecification\",\"valueRequired\":true,\"valueName\":\"search_term_string\"}}],\"inLanguage\":\"en-US\"}]}<\/script>\n<!-- \/ Yoast SEO plugin. -->","yoast_head_json":{"title":"Mauers\u00e4getechnik | S\u00e4gewerkstechnik | | prinz24.com","description":"Ihr Partner f\u00fcr Industrie-Kettens\u00e4getechnik. Willkommen bei der PRINZ Deutschland GmbH. S\u00e4gewerkstechnik, Mauers\u00e4getechnik, Papiers\u00e4gen, Kunststoffs\u00e4gen","robots":{"index":"index","follow":"follow","max-snippet":"max-snippet:-1","max-image-preview":"max-image-preview:large","max-video-preview":"max-video-preview:-1"},"canonical":"https:\/\/www.prinz24.com\/industrie-kettensaegetechnik\/","og_locale":"en_US","og_type":"article","og_title":"Mauers\u00e4getechnik | S\u00e4gewerkstechnik | | prinz24.com","og_description":"Ihr Partner f\u00fcr Industrie-Kettens\u00e4getechnik. Willkommen bei der PRINZ Deutschland GmbH. S\u00e4gewerkstechnik, Mauers\u00e4getechnik, Papiers\u00e4gen, Kunststoffs\u00e4gen","og_url":"https:\/\/www.prinz24.com\/industrie-kettensaegetechnik\/","og_site_name":"PRINZ Kettens\u00e4getechnik","article_publisher":"https:\/\/www.facebook.com\/prinzkettensaegetechnik\/","article_modified_time":"2024-12-17T10:29:25+00:00","twitter_card":"summary_large_image","twitter_misc":{"Est. reading time":"3 minutes"},"schema":{"@context":"https:\/\/schema.org","@graph":[{"@type":"WebPage","@id":"https:\/\/www.prinz24.com\/industrie-kettensaegetechnik\/","url":"https:\/\/www.prinz24.com\/industrie-kettensaegetechnik\/","name":"Mauers\u00e4getechnik | S\u00e4gewerkstechnik | | prinz24.com","isPartOf":{"@id":"https:\/\/www.prinz24.com\/#website"},"datePublished":"2015-01-15T16:52:04+00:00","dateModified":"2024-12-17T10:29:25+00:00","description":"Ihr Partner f\u00fcr Industrie-Kettens\u00e4getechnik. Willkommen bei der PRINZ Deutschland GmbH. S\u00e4gewerkstechnik, Mauers\u00e4getechnik, Papiers\u00e4gen, Kunststoffs\u00e4gen","breadcrumb":{"@id":"https:\/\/www.prinz24.com\/industrie-kettensaegetechnik\/#breadcrumb"},"inLanguage":"en-US","potentialAction":[{"@type":"ReadAction","target":["https:\/\/www.prinz24.com\/industrie-kettensaegetechnik\/"]}]},{"@type":"BreadcrumbList","@id":"https:\/\/www.prinz24.com\/industrie-kettensaegetechnik\/#breadcrumb","itemListElement":[{"@type":"ListItem","position":1,"name":"Startseite","item":"https:\/\/www.prinz24.com\/"},{"@type":"ListItem","position":2,"name":"Industrie-Kettens\u00e4getechnik"}]},{"@type":"WebSite","@id":"https:\/\/www.prinz24.com\/#website","url":"https:\/\/www.prinz24.com\/","name":"PRINZ Kettens\u00e4getechnik","description":"Kettens\u00e4gentechnik f\u00fcr die Industrie","potentialAction":[{"@type":"SearchAction","target":{"@type":"EntryPoint","urlTemplate":"https:\/\/www.prinz24.com\/?s={search_term_string}"},"query-input":{"@type":"PropertyValueSpecification","valueRequired":true,"valueName":"search_term_string"}}],"inLanguage":"en-US"}]}},"_links":{"self":[{"href":"https:\/\/www.prinz24.com\/en\/wp-json\/wp\/v2\/pages\/64","targetHints":{"allow":["GET"]}}],"collection":[{"href":"https:\/\/www.prinz24.com\/en\/wp-json\/wp\/v2\/pages"}],"about":[{"href":"https:\/\/www.prinz24.com\/en\/wp-json\/wp\/v2\/types\/page"}],"author":[{"embeddable":true,"href":"https:\/\/www.prinz24.com\/en\/wp-json\/wp\/v2\/users\/11"}],"replies":[{"embeddable":true,"href":"https:\/\/www.prinz24.com\/en\/wp-json\/wp\/v2\/comments?post=64"}],"version-history":[{"count":304,"href":"https:\/\/www.prinz24.com\/en\/wp-json\/wp\/v2\/pages\/64\/revisions"}],"predecessor-version":[{"id":2367,"href":"https:\/\/www.prinz24.com\/en\/wp-json\/wp\/v2\/pages\/64\/revisions\/2367"}],"wp:attachment":[{"href":"https:\/\/www.prinz24.com\/en\/wp-json\/wp\/v2\/media?parent=64"}],"curies":[{"name":"wp","href":"https:\/\/api.w.org\/{rel}","templated":true}]}}