{"id":725,"date":"2015-04-14T10:32:05","date_gmt":"2015-04-14T10:32:05","guid":{"rendered":"http:\/\/prinz.plesk1.bsocloud.cc\/?page_id=725"},"modified":"2024-08-05T12:11:08","modified_gmt":"2024-08-05T12:11:08","slug":"industrie-kunststoffsaegen","status":"publish","type":"page","link":"https:\/\/www.prinz24.com\/en\/produkte\/industrie-kunststoffsaegen\/","title":{"rendered":"Plastic Saws"},"content":{"rendered":"<div class=\"wpb-content-wrapper\"><p>[vc_row css=&#8221;.vc_custom_1434570090987{background-color: #efefef !important;}&#8221;][vc_column el_class=&#8221;container&#8221;][vc_row_inner][vc_column_inner width=&#8221;1\/3&#8243;][vc_single_image image=&#8221;4364&#8243; img_size=&#8221;full&#8221;][\/vc_column_inner][vc_column_inner width=&#8221;2\/3&#8243;][vc_column_text]<\/p>\n<h3>Fahrbare S\u00e4gen<\/h3>\n<p>Die fahrbaren Kapps\u00e4gen von PRINZ sind speziell auf das Schneiden von Kunststoffrohren und Formteilen abgestimmt. Durch ihre kompakte Bauweise sind sie mobil und somit ortsunabh\u00e4ngig einsetzbar. Die Schneidgarnitur wird durch 2 unabh\u00e4ngig arbeitende Stabilisatoren gef\u00fchrt, wodurch auch bei h\u00f6chster Schnittleistung eine saubere und glatte Schnittoberfl\u00e4che gew\u00e4hrleistet werden kann. Ein 2. Zustimmtaster sorgt f\u00fcr gr\u00f6\u00dftm\u00f6gliche Sicherheit.[\/vc_column_text]\t\t<a href=\"\/produkte\/industrie-kunststoffsaegen\/proficut-pe-2\/\" class=\"envor-btn envor-btn-primary envor-btn-normal\">Produkte anzeigen<\/a>\n\t\n\t[\/vc_column_inner][\/vc_row_inner][\/vc_column][\/vc_row][vc_row css=&#8221;.vc_custom_1435575402685{background-color: #efefef !important;}&#8221; el_class=&#8221;add-shadowbox&#8221;][vc_column][vc_row_inner][vc_column_inner width=&#8221;1\/3&#8243;][vc_single_image image=&#8221;4367&#8243; img_size=&#8221;full&#8221;][\/vc_column_inner][vc_column_inner width=&#8221;2\/3&#8243;][vc_column_text]<\/p>\n<h3>Voll- und Hohlstabs\u00e4ge<\/h3>\n<div class=\"wpb_text_column wpb_content_element \">\n<div class=\"wpb_wrapper\">\n<p>F\u00fcr den Einsatz im Produktions- und Fertigungsbereich bietet PRINZ station\u00e4re Kappanlagen mit denen millimetergenaues Schneiden, bei hohen Durchlaufzeiten, spielend m\u00f6glich ist. Die jahrzehntelange Erfahrung im Bau von Pr\u00e4zisionsanlagen im Kappbereich ist in die Entwicklung und Ausarbeitung unserer Kunststoffs\u00e4gen eingeflossen und somit ein Garant f\u00fcr h\u00f6chste Qualit\u00e4tsanspr\u00fcche. Als Stand-alone-L\u00f6sungen arbeiten sie unabh\u00e4ngig und frei von bestehenden Produktionsanlagen.<\/p>\n<\/div>\n<\/div>\n<p>[\/vc_column_text]\t\t<a href=\"\" class=\"envor-btn envor-btn-primary envor-btn-normal\">Produkte anzeigen<\/a>\n\t\n\t[\/vc_column_inner][\/vc_row_inner][\/vc_column][\/vc_row][vc_row css=&#8221;.vc_custom_1434575521829{background-color: #fafafa !important;}&#8221; el_class=&#8221;add-shadowbox&#8221;][vc_column][vc_row_inner][vc_column_inner width=&#8221;1\/3&#8243;][vc_single_image image=&#8221;4368&#8243; img_size=&#8221;full&#8221;][\/vc_column_inner][vc_column_inner width=&#8221;2\/3&#8243;][vc_column_text]<\/p>\n<h3>Sonderl\u00f6sungen<\/h3>\n<p>PRINZ Sonderl\u00f6sungen kommen \u00fcberall dort zum Einsatz, wo herk\u00f6mmliche S\u00e4gen nicht mehr ausreichen. Sie werden individuell nach Kundenwunsch geplant und gebaut. So k\u00f6nnen auch Durchmesser mit \u00fcber 2.000 mm, exakt und qualitativ hochwertig geschnitten werden. Die Steuerungsvarianten sind vielseitig und k\u00f6nnen ebenso den gegebenen Bed\u00fcrfnissen angepasst werden.<\/p>\n<p>Zur Anwendung kommen sie zum Beispiel als Extrusionsrohrs\u00e4ge oder auch f\u00fcr Vollstabbl\u00f6cke.[\/vc_column_text]\t\t<a href=\"\" class=\"envor-btn envor-btn-primary envor-btn-normal\">Produkte anzeigen<\/a>\n\t\n\t[\/vc_column_inner][\/vc_row_inner][\/vc_column][\/vc_row][vc_row el_class=&#8221;additional-products&#8221;][vc_column][vc_row_inner][vc_column_inner][vc_column_text]<\/p>\n<h3>Schneidgarnituren und Zubeh\u00f6r<\/h3>\n<p>[\/vc_column_text][\/vc_column_inner][\/vc_row_inner][vc_row_inner css=&#8221;.vc_custom_1434572549996{padding-top: 0px !important;}&#8221;][vc_column_inner width=&#8221;1\/3&#8243;][vc_single_image image=&#8221;4628&#8243; img_size=&#8221;medium&#8221;]\t\t<a href=\"\" class=\"envor-btn envor-btn-primary envor-btn-normal\">Anzeigen<\/a>\n\t\n\t[\/vc_column_inner][vc_column_inner width=&#8221;1\/3&#8243;][vc_single_image image=&#8221;2682&#8243; img_size=&#8221;medium&#8221;]\t\t<a href=\"\/produkte\/industrie-holzsaegen\/antriebsraeder-und-umlenkrollen-fuer-holzsaegen\/\" class=\"envor-btn envor-btn-primary envor-btn-normal\">Anzeigen<\/a>\n\t\n\t[\/vc_column_inner][vc_column_inner width=&#8221;1\/3&#8243;][vc_single_image image=&#8221;3841&#8243; img_size=&#8221;medium&#8221;]\t\t<a href=\"\/produkte\/industrie-holzsaegen\/zubehoer\/\" class=\"envor-btn envor-btn-primary envor-btn-normal\">Anzeigen<\/a>\n\t\n\t[\/vc_column_inner][\/vc_row_inner][\/vc_column][\/vc_row][vc_row][vc_column][vc_column_text][\/vc_column_text][\/vc_column][\/vc_row]<\/p>\n<\/div>","protected":false},"excerpt":{"rendered":"<p>[vc_row css=&#8221;.vc_custom_1434570090987{background-color: #efefef !important;}&#8221;][vc_column el_class=&#8221;container&#8221;][vc_row_inner][vc_column_inner width=&#8221;1\/3&#8243;][vc_single_image image=&#8221;4364&#8243; img_size=&#8221;full&#8221;][\/vc_column_inner][vc_column_inner width=&#8221;2\/3&#8243;][vc_column_text] Fahrbare S\u00e4gen Die fahrbaren Kapps\u00e4gen von PRINZ sind speziell auf das Schneiden von Kunststoffrohren und Formteilen abgestimmt. Durch ihre kompakte Bauweise sind sie mobil und somit ortsunabh\u00e4ngig einsetzbar. Die Schneidgarnitur wird durch 2 unabh\u00e4ngig arbeitende Stabilisatoren gef\u00fchrt, wodurch auch bei h\u00f6chster Schnittleistung eine saubere und glatte [&hellip;]<\/p>\n","protected":false},"author":11,"featured_media":0,"parent":22,"menu_order":0,"comment_status":"open","ping_status":"open","template":"page-templates\/canvas-with-title.php","meta":{"footnotes":""},"class_list":["post-725","page","type-page","status-publish","hentry"],"yoast_head":"<!-- This site is optimized with the Yoast SEO plugin v27.0 - https:\/\/yoast.com\/product\/yoast-seo-wordpress\/ -->\n<title>Kunststoffs\u00e4gen auf Industrie-Standard | prinz24.com<\/title>\n<meta name=\"description\" content=\"Kunststoffs\u00e4gen auf Industrie-Standard von der PRINZ Deutschland GmbH.\" \/>\n<meta name=\"robots\" content=\"index, follow, max-snippet:-1, max-image-preview:large, max-video-preview:-1\" \/>\n<link rel=\"canonical\" href=\"https:\/\/www.prinz24.com\/produkte\/industrie-kunststoffsaegen\/\" \/>\n<meta property=\"og:locale\" content=\"en_US\" \/>\n<meta property=\"og:type\" content=\"article\" \/>\n<meta property=\"og:title\" content=\"Kunststoffs\u00e4gen auf Industrie-Standard | prinz24.com\" \/>\n<meta property=\"og:description\" content=\"Kunststoffs\u00e4gen auf Industrie-Standard von der PRINZ Deutschland GmbH.\" \/>\n<meta property=\"og:url\" content=\"https:\/\/www.prinz24.com\/produkte\/industrie-kunststoffsaegen\/\" \/>\n<meta property=\"og:site_name\" content=\"PRINZ Kettens\u00e4getechnik\" \/>\n<meta property=\"article:publisher\" content=\"https:\/\/www.facebook.com\/prinzkettensaegetechnik\/\" \/>\n<meta property=\"article:modified_time\" content=\"2024-08-05T12:11:08+00:00\" \/>\n<meta name=\"twitter:card\" content=\"summary_large_image\" \/>\n<meta name=\"twitter:label1\" content=\"Est. reading time\" \/>\n\t<meta name=\"twitter:data1\" content=\"2 minutes\" \/>\n<script type=\"application\/ld+json\" class=\"yoast-schema-graph\">{\"@context\":\"https:\/\/schema.org\",\"@graph\":[{\"@type\":\"WebPage\",\"@id\":\"https:\/\/www.prinz24.com\/produkte\/industrie-kunststoffsaegen\/\",\"url\":\"https:\/\/www.prinz24.com\/produkte\/industrie-kunststoffsaegen\/\",\"name\":\"Kunststoffs\u00e4gen auf Industrie-Standard | prinz24.com\",\"isPartOf\":{\"@id\":\"https:\/\/www.prinz24.com\/#website\"},\"datePublished\":\"2015-04-14T10:32:05+00:00\",\"dateModified\":\"2024-08-05T12:11:08+00:00\",\"description\":\"Kunststoffs\u00e4gen auf Industrie-Standard von der PRINZ Deutschland GmbH.\",\"breadcrumb\":{\"@id\":\"https:\/\/www.prinz24.com\/produkte\/industrie-kunststoffsaegen\/#breadcrumb\"},\"inLanguage\":\"en-US\",\"potentialAction\":[{\"@type\":\"ReadAction\",\"target\":[\"https:\/\/www.prinz24.com\/produkte\/industrie-kunststoffsaegen\/\"]}]},{\"@type\":\"BreadcrumbList\",\"@id\":\"https:\/\/www.prinz24.com\/produkte\/industrie-kunststoffsaegen\/#breadcrumb\",\"itemListElement\":[{\"@type\":\"ListItem\",\"position\":1,\"name\":\"Startseite\",\"item\":\"https:\/\/www.prinz24.com\/\"},{\"@type\":\"ListItem\",\"position\":2,\"name\":\"Produkte\",\"item\":\"https:\/\/www.prinz24.com\/produkte\/\"},{\"@type\":\"ListItem\",\"position\":3,\"name\":\"Kunststoffs\u00e4gen\"}]},{\"@type\":\"WebSite\",\"@id\":\"https:\/\/www.prinz24.com\/#website\",\"url\":\"https:\/\/www.prinz24.com\/\",\"name\":\"PRINZ Kettens\u00e4getechnik\",\"description\":\"Kettens\u00e4gentechnik f\u00fcr die Industrie\",\"potentialAction\":[{\"@type\":\"SearchAction\",\"target\":{\"@type\":\"EntryPoint\",\"urlTemplate\":\"https:\/\/www.prinz24.com\/?s={search_term_string}\"},\"query-input\":{\"@type\":\"PropertyValueSpecification\",\"valueRequired\":true,\"valueName\":\"search_term_string\"}}],\"inLanguage\":\"en-US\"}]}<\/script>\n<!-- \/ Yoast SEO plugin. -->","yoast_head_json":{"title":"Kunststoffs\u00e4gen auf Industrie-Standard | prinz24.com","description":"Kunststoffs\u00e4gen auf Industrie-Standard von der PRINZ Deutschland GmbH.","robots":{"index":"index","follow":"follow","max-snippet":"max-snippet:-1","max-image-preview":"max-image-preview:large","max-video-preview":"max-video-preview:-1"},"canonical":"https:\/\/www.prinz24.com\/produkte\/industrie-kunststoffsaegen\/","og_locale":"en_US","og_type":"article","og_title":"Kunststoffs\u00e4gen auf Industrie-Standard | prinz24.com","og_description":"Kunststoffs\u00e4gen auf Industrie-Standard von der PRINZ Deutschland GmbH.","og_url":"https:\/\/www.prinz24.com\/produkte\/industrie-kunststoffsaegen\/","og_site_name":"PRINZ Kettens\u00e4getechnik","article_publisher":"https:\/\/www.facebook.com\/prinzkettensaegetechnik\/","article_modified_time":"2024-08-05T12:11:08+00:00","twitter_card":"summary_large_image","twitter_misc":{"Est. reading time":"2 minutes"},"schema":{"@context":"https:\/\/schema.org","@graph":[{"@type":"WebPage","@id":"https:\/\/www.prinz24.com\/produkte\/industrie-kunststoffsaegen\/","url":"https:\/\/www.prinz24.com\/produkte\/industrie-kunststoffsaegen\/","name":"Kunststoffs\u00e4gen auf Industrie-Standard | prinz24.com","isPartOf":{"@id":"https:\/\/www.prinz24.com\/#website"},"datePublished":"2015-04-14T10:32:05+00:00","dateModified":"2024-08-05T12:11:08+00:00","description":"Kunststoffs\u00e4gen auf Industrie-Standard von der PRINZ Deutschland GmbH.","breadcrumb":{"@id":"https:\/\/www.prinz24.com\/produkte\/industrie-kunststoffsaegen\/#breadcrumb"},"inLanguage":"en-US","potentialAction":[{"@type":"ReadAction","target":["https:\/\/www.prinz24.com\/produkte\/industrie-kunststoffsaegen\/"]}]},{"@type":"BreadcrumbList","@id":"https:\/\/www.prinz24.com\/produkte\/industrie-kunststoffsaegen\/#breadcrumb","itemListElement":[{"@type":"ListItem","position":1,"name":"Startseite","item":"https:\/\/www.prinz24.com\/"},{"@type":"ListItem","position":2,"name":"Produkte","item":"https:\/\/www.prinz24.com\/produkte\/"},{"@type":"ListItem","position":3,"name":"Kunststoffs\u00e4gen"}]},{"@type":"WebSite","@id":"https:\/\/www.prinz24.com\/#website","url":"https:\/\/www.prinz24.com\/","name":"PRINZ Kettens\u00e4getechnik","description":"Kettens\u00e4gentechnik f\u00fcr die Industrie","potentialAction":[{"@type":"SearchAction","target":{"@type":"EntryPoint","urlTemplate":"https:\/\/www.prinz24.com\/?s={search_term_string}"},"query-input":{"@type":"PropertyValueSpecification","valueRequired":true,"valueName":"search_term_string"}}],"inLanguage":"en-US"}]}},"_links":{"self":[{"href":"https:\/\/www.prinz24.com\/en\/wp-json\/wp\/v2\/pages\/725","targetHints":{"allow":["GET"]}}],"collection":[{"href":"https:\/\/www.prinz24.com\/en\/wp-json\/wp\/v2\/pages"}],"about":[{"href":"https:\/\/www.prinz24.com\/en\/wp-json\/wp\/v2\/types\/page"}],"author":[{"embeddable":true,"href":"https:\/\/www.prinz24.com\/en\/wp-json\/wp\/v2\/users\/11"}],"replies":[{"embeddable":true,"href":"https:\/\/www.prinz24.com\/en\/wp-json\/wp\/v2\/comments?post=725"}],"version-history":[{"count":36,"href":"https:\/\/www.prinz24.com\/en\/wp-json\/wp\/v2\/pages\/725\/revisions"}],"predecessor-version":[{"id":7532,"href":"https:\/\/www.prinz24.com\/en\/wp-json\/wp\/v2\/pages\/725\/revisions\/7532"}],"up":[{"embeddable":true,"href":"https:\/\/www.prinz24.com\/en\/wp-json\/wp\/v2\/pages\/22"}],"wp:attachment":[{"href":"https:\/\/www.prinz24.com\/en\/wp-json\/wp\/v2\/media?parent=725"}],"curies":[{"name":"wp","href":"https:\/\/api.w.org\/{rel}","templated":true}]}}