{"id":7526,"date":"2024-08-05T12:07:49","date_gmt":"2024-08-05T12:07:49","guid":{"rendered":"https:\/\/www.prinz24.com\/?page_id=7526"},"modified":"2024-08-05T12:07:49","modified_gmt":"2024-08-05T12:07:49","slug":"saegeketten-fuehrungsschienen","status":"publish","type":"page","link":"https:\/\/www.prinz24.com\/en\/produkte\/industrie-kunststoffsaegen\/saegeketten-fuehrungsschienen\/","title":{"rendered":"Mobile mitre saw"},"content":{"rendered":"<div class=\"wpb-content-wrapper\"><p>[vc_row][vc_column width=&#8221;1\/2&#8243;][vc_single_image image=&#8221;4366&#8243; img_size=&#8221;full&#8221; alignment=&#8221;center&#8221;][\/vc_column][vc_column width=&#8221;1\/2&#8243;][vc_column_text]<\/p>\n<div id=\"c837\" class=\"csc-default\">\n<div id=\"c837\" class=\"csc-default\">\n<p>The mobile mitre saw of PRINZ is absolutely unique and allows miter cuts of pipes and rods up to 45\u00b0. Its construction is adjusted to the customer\u2019s needs and therefore suitable for the application in the production as well as directly on the building site. The cutting guide is made easy and precise by a hand wheel. The precise guiding of the cutting equipment is ensured by a torsion-resistant stabiliser. A second enabling switch guarantees maximum safety.<\/p>\n<ul>\n<li>saw motor power 11 kW<\/li>\n<li>3\u00d7400 V, 50 Hz (special voltages possible)<\/li>\n<li>manual height setting<\/li>\n<li>precise adjustment to the degree<\/li>\n<li>for pipe diameters up to 200 cm*<\/li>\n<li>mitre cuts up to 45\u00b0*<\/li>\n<li>cut accuracy +\/- 2 mm*<\/li>\n<li>quick payback<\/li>\n<li>no installation costs, machine is delivered ready to use<\/li>\n<\/ul>\n<p>* All details depend on the given inner and outer diameter of pipes and on the sort of plastic.<\/p>\n<\/div>\n<\/div>\n<p>[\/vc_column_text][\/vc_column][\/vc_row][vc_row][vc_column][vc_gallery type=&#8221;image_grid&#8221; images=&#8221;4624,4366&#8243;][\/vc_column][\/vc_row]<\/p>\n<\/div>","protected":false},"excerpt":{"rendered":"<p>[vc_row][vc_column width=&#8221;1\/2&#8243;][vc_single_image image=&#8221;4366&#8243; img_size=&#8221;full&#8221; alignment=&#8221;center&#8221;][\/vc_column][vc_column width=&#8221;1\/2&#8243;][vc_column_text] The mobile mitre saw of PRINZ is absolutely unique and allows miter cuts of pipes and rods up to 45\u00b0. Its construction is adjusted to the customer\u2019s needs and therefore suitable for the application in the production as well as directly on the building site. The cutting guide is [&hellip;]<\/p>\n","protected":false},"author":11,"featured_media":0,"parent":725,"menu_order":0,"comment_status":"closed","ping_status":"closed","template":"","meta":{"footnotes":""},"class_list":["post-7526","page","type-page","status-publish","hentry"],"yoast_head":"<!-- This site is optimized with the Yoast SEO plugin v27.0 - https:\/\/yoast.com\/product\/yoast-seo-wordpress\/ -->\n<title>Mobile mitre saw - PRINZ Kettens\u00e4getechnik<\/title>\n<meta name=\"robots\" content=\"index, follow, max-snippet:-1, max-image-preview:large, max-video-preview:-1\" \/>\n<link rel=\"canonical\" href=\"https:\/\/www.prinz24.com\/produkte\/industrie-kunststoffsaegen\/saegeketten-fuehrungsschienen\/\" \/>\n<meta property=\"og:locale\" content=\"en_US\" \/>\n<meta property=\"og:type\" content=\"article\" \/>\n<meta property=\"og:title\" content=\"[:de]S\u00e4geketten &amp; F\u00fchrungsschienen[:en]Mobile mitre saw[:] - PRINZ Kettens\u00e4getechnik\" \/>\n<meta property=\"og:description\" content=\"[vc_row][vc_column width=&#8221;1\/2&#8243;][vc_single_image image=&#8221;4366&#8243; img_size=&#8221;full&#8221; alignment=&#8221;center&#8221;][\/vc_column][vc_column width=&#8221;1\/2&#8243;][vc_column_text] The mobile mitre saw of PRINZ is absolutely unique and allows miter cuts of pipes and rods up to 45\u00b0. Its construction is adjusted to the customer\u2019s needs and therefore suitable for the application in the production as well as directly on the building site. The cutting guide is [&hellip;]\" \/>\n<meta property=\"og:url\" content=\"https:\/\/www.prinz24.com\/produkte\/industrie-kunststoffsaegen\/saegeketten-fuehrungsschienen\/\" \/>\n<meta property=\"og:site_name\" content=\"PRINZ Kettens\u00e4getechnik\" \/>\n<meta property=\"article:publisher\" content=\"https:\/\/www.facebook.com\/prinzkettensaegetechnik\/\" \/>\n<meta name=\"twitter:card\" content=\"summary_large_image\" \/>\n<meta name=\"twitter:label1\" content=\"Est. reading time\" \/>\n\t<meta name=\"twitter:data1\" content=\"3 minutes\" \/>\n<script type=\"application\/ld+json\" class=\"yoast-schema-graph\">{\"@context\":\"https:\/\/schema.org\",\"@graph\":[{\"@type\":\"WebPage\",\"@id\":\"https:\/\/www.prinz24.com\/produkte\/industrie-kunststoffsaegen\/saegeketten-fuehrungsschienen\/\",\"url\":\"https:\/\/www.prinz24.com\/produkte\/industrie-kunststoffsaegen\/saegeketten-fuehrungsschienen\/\",\"name\":\"[:de]S\u00e4geketten & F\u00fchrungsschienen[:en]Mobile mitre saw[:] - PRINZ Kettens\u00e4getechnik\",\"isPartOf\":{\"@id\":\"https:\/\/www.prinz24.com\/#website\"},\"datePublished\":\"2024-08-05T12:07:49+00:00\",\"breadcrumb\":{\"@id\":\"https:\/\/www.prinz24.com\/produkte\/industrie-kunststoffsaegen\/saegeketten-fuehrungsschienen\/#breadcrumb\"},\"inLanguage\":\"en-US\",\"potentialAction\":[{\"@type\":\"ReadAction\",\"target\":[\"https:\/\/www.prinz24.com\/produkte\/industrie-kunststoffsaegen\/saegeketten-fuehrungsschienen\/\"]}]},{\"@type\":\"BreadcrumbList\",\"@id\":\"https:\/\/www.prinz24.com\/produkte\/industrie-kunststoffsaegen\/saegeketten-fuehrungsschienen\/#breadcrumb\",\"itemListElement\":[{\"@type\":\"ListItem\",\"position\":1,\"name\":\"Startseite\",\"item\":\"https:\/\/www.prinz24.com\/\"},{\"@type\":\"ListItem\",\"position\":2,\"name\":\"Produkte\",\"item\":\"https:\/\/www.prinz24.com\/produkte\/\"},{\"@type\":\"ListItem\",\"position\":3,\"name\":\"Kunststoffs\u00e4gen\",\"item\":\"https:\/\/www.prinz24.com\/produkte\/industrie-kunststoffsaegen\/\"},{\"@type\":\"ListItem\",\"position\":4,\"name\":\"S\u00e4geketten &#038; F\u00fchrungsschienen\"}]},{\"@type\":\"WebSite\",\"@id\":\"https:\/\/www.prinz24.com\/#website\",\"url\":\"https:\/\/www.prinz24.com\/\",\"name\":\"PRINZ Kettens\u00e4getechnik\",\"description\":\"Kettens\u00e4gentechnik f\u00fcr die Industrie\",\"potentialAction\":[{\"@type\":\"SearchAction\",\"target\":{\"@type\":\"EntryPoint\",\"urlTemplate\":\"https:\/\/www.prinz24.com\/?s={search_term_string}\"},\"query-input\":{\"@type\":\"PropertyValueSpecification\",\"valueRequired\":true,\"valueName\":\"search_term_string\"}}],\"inLanguage\":\"en-US\"}]}<\/script>\n<!-- \/ Yoast SEO plugin. -->","yoast_head_json":{"title":"[:de]S\u00e4geketten & F\u00fchrungsschienen[:en]Mobile mitre saw[:] - PRINZ Kettens\u00e4getechnik","robots":{"index":"index","follow":"follow","max-snippet":"max-snippet:-1","max-image-preview":"max-image-preview:large","max-video-preview":"max-video-preview:-1"},"canonical":"https:\/\/www.prinz24.com\/produkte\/industrie-kunststoffsaegen\/saegeketten-fuehrungsschienen\/","og_locale":"en_US","og_type":"article","og_title":"[:de]S\u00e4geketten & F\u00fchrungsschienen[:en]Mobile mitre saw[:] - PRINZ Kettens\u00e4getechnik","og_description":"[vc_row][vc_column width=&#8221;1\/2&#8243;][vc_single_image image=&#8221;4366&#8243; img_size=&#8221;full&#8221; alignment=&#8221;center&#8221;][\/vc_column][vc_column width=&#8221;1\/2&#8243;][vc_column_text] The mobile mitre saw of PRINZ is absolutely unique and allows miter cuts of pipes and rods up to 45\u00b0. Its construction is adjusted to the customer\u2019s needs and therefore suitable for the application in the production as well as directly on the building site. The cutting guide is [&hellip;]","og_url":"https:\/\/www.prinz24.com\/produkte\/industrie-kunststoffsaegen\/saegeketten-fuehrungsschienen\/","og_site_name":"PRINZ Kettens\u00e4getechnik","article_publisher":"https:\/\/www.facebook.com\/prinzkettensaegetechnik\/","twitter_card":"summary_large_image","twitter_misc":{"Est. reading time":"3 minutes"},"schema":{"@context":"https:\/\/schema.org","@graph":[{"@type":"WebPage","@id":"https:\/\/www.prinz24.com\/produkte\/industrie-kunststoffsaegen\/saegeketten-fuehrungsschienen\/","url":"https:\/\/www.prinz24.com\/produkte\/industrie-kunststoffsaegen\/saegeketten-fuehrungsschienen\/","name":"[:de]S\u00e4geketten & F\u00fchrungsschienen[:en]Mobile mitre saw[:] - PRINZ Kettens\u00e4getechnik","isPartOf":{"@id":"https:\/\/www.prinz24.com\/#website"},"datePublished":"2024-08-05T12:07:49+00:00","breadcrumb":{"@id":"https:\/\/www.prinz24.com\/produkte\/industrie-kunststoffsaegen\/saegeketten-fuehrungsschienen\/#breadcrumb"},"inLanguage":"en-US","potentialAction":[{"@type":"ReadAction","target":["https:\/\/www.prinz24.com\/produkte\/industrie-kunststoffsaegen\/saegeketten-fuehrungsschienen\/"]}]},{"@type":"BreadcrumbList","@id":"https:\/\/www.prinz24.com\/produkte\/industrie-kunststoffsaegen\/saegeketten-fuehrungsschienen\/#breadcrumb","itemListElement":[{"@type":"ListItem","position":1,"name":"Startseite","item":"https:\/\/www.prinz24.com\/"},{"@type":"ListItem","position":2,"name":"Produkte","item":"https:\/\/www.prinz24.com\/produkte\/"},{"@type":"ListItem","position":3,"name":"Kunststoffs\u00e4gen","item":"https:\/\/www.prinz24.com\/produkte\/industrie-kunststoffsaegen\/"},{"@type":"ListItem","position":4,"name":"S\u00e4geketten &#038; F\u00fchrungsschienen"}]},{"@type":"WebSite","@id":"https:\/\/www.prinz24.com\/#website","url":"https:\/\/www.prinz24.com\/","name":"PRINZ Kettens\u00e4getechnik","description":"Kettens\u00e4gentechnik f\u00fcr die Industrie","potentialAction":[{"@type":"SearchAction","target":{"@type":"EntryPoint","urlTemplate":"https:\/\/www.prinz24.com\/?s={search_term_string}"},"query-input":{"@type":"PropertyValueSpecification","valueRequired":true,"valueName":"search_term_string"}}],"inLanguage":"en-US"}]}},"_links":{"self":[{"href":"https:\/\/www.prinz24.com\/en\/wp-json\/wp\/v2\/pages\/7526","targetHints":{"allow":["GET"]}}],"collection":[{"href":"https:\/\/www.prinz24.com\/en\/wp-json\/wp\/v2\/pages"}],"about":[{"href":"https:\/\/www.prinz24.com\/en\/wp-json\/wp\/v2\/types\/page"}],"author":[{"embeddable":true,"href":"https:\/\/www.prinz24.com\/en\/wp-json\/wp\/v2\/users\/11"}],"replies":[{"embeddable":true,"href":"https:\/\/www.prinz24.com\/en\/wp-json\/wp\/v2\/comments?post=7526"}],"version-history":[{"count":1,"href":"https:\/\/www.prinz24.com\/en\/wp-json\/wp\/v2\/pages\/7526\/revisions"}],"predecessor-version":[{"id":7531,"href":"https:\/\/www.prinz24.com\/en\/wp-json\/wp\/v2\/pages\/7526\/revisions\/7531"}],"up":[{"embeddable":true,"href":"https:\/\/www.prinz24.com\/en\/wp-json\/wp\/v2\/pages\/725"}],"wp:attachment":[{"href":"https:\/\/www.prinz24.com\/en\/wp-json\/wp\/v2\/media?parent=7526"}],"curies":[{"name":"wp","href":"https:\/\/api.w.org\/{rel}","templated":true}]}}