{"id":90,"date":"2015-01-17T21:20:32","date_gmt":"2015-01-17T21:20:32","guid":{"rendered":"http:\/\/www.xn--kettensgetechnik-1nb.at\/?page_id=90"},"modified":"2025-11-11T14:44:58","modified_gmt":"2025-11-11T14:44:58","slug":"unternehmen","status":"publish","type":"page","link":"https:\/\/www.prinz24.com\/en\/unternehmen\/","title":{"rendered":"Company"},"content":{"rendered":"<div class=\"wpb-content-wrapper\"><p>[vc_row][vc_column][vc_single_image image=&#8221;5817&#8243; img_size=&#8221;1333&#215;2000&#8243;][\/vc_column][\/vc_row][vc_row][vc_column][vc_column_text]<\/p>\n<div id=\"c85\" class=\"csc-default\">\n<h2>PRINZ chainsaw technology: meeting the challenges in sawing<\/h2>\n<p>As a leading Austrian company in chainsaw technology, PRINZ has been developing and producing crosscut saws, accessories and wearing parts for professional use since 1947.<\/p>\n<h2>All from one source<\/h2>\n<p>As the sole complete supplier in the chainsaw business, PRINZ recognises the needs of its customers and guarantees individual solutions for all areas of chainsaw technology. PRINZ does not just supply the machines and the relevant accessories, but also cutting equipments for all chainsaw manufacturers- all from one source in the familiar high PRINZ quality, because customer satisfaction is paramount.<\/p>\n<\/div>\n<p>[\/vc_column_text][vc_row_inner][vc_column_inner][vc_single_image image=&#8221;4&#8243; img_size=&#8221;full&#8221; alignment=&#8221;center&#8221;][\/vc_column_inner][\/vc_row_inner][\/vc_column][\/vc_row][vc_row][vc_column width=&#8221;1\/2&#8243;][vc_column_text]<\/p>\n<h2>Not just wood<\/h2>\n<p>Machine saws from PRINZ cut far more than just wood. Paper, soft stone, gypsum plates, plastic\u00a0or brickwork \u2013 the robust and durable PRINZ chainsaw technology is a real must for materials that demand much of the machines and their wearing parts.[\/vc_column_text][\/vc_column][vc_column width=&#8221;1\/2&#8243;][vc_column_text]<\/p>\n<h2>PRINZ international<\/h2>\n<p>Machines and accessories made by PRINZ are sold successfully throughout the world. PRINZ endorses an export quota of more than 90%. Not just throughout Europe, but in North America, Africa and Asia as well, there are satisfied customers happy to use the products of PRINZ chainsaw technology.[\/vc_column_text][\/vc_column][\/vc_row][vc_row][vc_column width=&#8221;1\/4&#8243;][vc_column_text css=&#8221;&#8221;]<\/p>\n<h4 style=\"text-align: center;\"><strong>Management<\/strong><\/h4>\n<p>[\/vc_column_text][vc_single_image image=&#8221;5821&#8243; img_size=&#8221;300\u00d7525&#8243; alignment=&#8221;center&#8221;][vc_column_text css=&#8221;&#8221;]<\/p>\n<h4 style=\"text-align: center;\">S\u00f6ren Hoffmann<\/h4>\n<p>[\/vc_column_text][\/vc_column][vc_column width=&#8221;1\/4&#8243;][vc_column_text css=&#8221;&#8221;]<\/p>\n<h4 style=\"text-align: center;\"><strong>Finance<\/strong><\/h4>\n<p>[\/vc_column_text][vc_single_image image=&#8221;5820&#8243; img_size=&#8221;300&#215;525&#8243; alignment=&#8221;center&#8221;][vc_column_text css=&#8221;&#8221;]<\/p>\n<h4 style=\"text-align: center;\">Romy Hoffmann<\/h4>\n<p>[\/vc_column_text][\/vc_column][vc_column width=&#8221;1\/4&#8243;][vc_column_text css=&#8221;&#8221;]<\/p>\n<h4 style=\"text-align: center;\"><strong>Sales<\/strong><\/h4>\n<p>[\/vc_column_text][vc_single_image image=&#8221;5824&#8243; img_size=&#8221;300&#215;525&#8243; alignment=&#8221;center&#8221;][vc_column_text css=&#8221;&#8221;]<\/p>\n<h4 style=\"text-align: center;\">Paul Alexander Mei\u00dfner<\/h4>\n<p>[\/vc_column_text][\/vc_column][vc_column width=&#8221;1\/4&#8243;][vc_column_text css=&#8221;&#8221;]<\/p>\n<h4 style=\"text-align: center;\"><strong>Warehouse<\/strong><\/h4>\n<p>[\/vc_column_text][vc_single_image image=&#8221;6670&#8243; img_size=&#8221;300 \u00d7 525&#8243; alignment=&#8221;center&#8221;][vc_column_text css=&#8221;&#8221;]<\/p>\n<h4 style=\"text-align: center;\">Rico Becker<\/h4>\n<p>[\/vc_column_text][\/vc_column][\/vc_row]<\/p>\n<\/div>","protected":false},"excerpt":{"rendered":"<p>[vc_row][vc_column][vc_single_image image=&#8221;5817&#8243; img_size=&#8221;1333&#215;2000&#8243;][\/vc_column][\/vc_row][vc_row][vc_column][vc_column_text] PRINZ chainsaw technology: meeting the challenges in sawing As a leading Austrian company in chainsaw technology, PRINZ has been developing and producing crosscut saws, accessories and wearing parts for professional use since 1947. All from one source As the sole complete supplier in the chainsaw business, PRINZ recognises the needs of its [&hellip;]<\/p>\n","protected":false},"author":11,"featured_media":0,"parent":0,"menu_order":0,"comment_status":"open","ping_status":"open","template":"","meta":{"footnotes":""},"class_list":["post-90","page","type-page","status-publish","hentry"],"yoast_head":"<!-- This site is optimized with the Yoast SEO plugin v27.4 - https:\/\/yoast.com\/product\/yoast-seo-wordpress\/ -->\n<title>Die PRINZ Deutschland GmbH stellt sich vor - prinz24.com<\/title>\n<meta name=\"description\" content=\"Wir stellen uns vor. PRINZ Deutschland GmbH - Ihr Partner f\u00fcr Industrie-Kettens\u00e4getechnik.\" \/>\n<meta name=\"robots\" content=\"index, follow, max-snippet:-1, max-image-preview:large, max-video-preview:-1\" \/>\n<link rel=\"canonical\" href=\"https:\/\/www.prinz24.com\/unternehmen\/\" \/>\n<meta property=\"og:locale\" content=\"en_US\" \/>\n<meta property=\"og:type\" content=\"article\" \/>\n<meta property=\"og:title\" content=\"Die PRINZ Deutschland GmbH stellt sich vor - prinz24.com\" \/>\n<meta property=\"og:description\" content=\"Wir stellen uns vor. PRINZ Deutschland GmbH - Ihr Partner f\u00fcr Industrie-Kettens\u00e4getechnik.\" \/>\n<meta property=\"og:url\" content=\"https:\/\/www.prinz24.com\/unternehmen\/\" \/>\n<meta property=\"og:site_name\" content=\"PRINZ Kettens\u00e4getechnik\" \/>\n<meta property=\"article:publisher\" content=\"https:\/\/www.facebook.com\/prinzkettensaegetechnik\/\" \/>\n<meta property=\"article:modified_time\" content=\"2025-11-11T14:44:58+00:00\" \/>\n<meta name=\"twitter:card\" content=\"summary_large_image\" \/>\n<meta name=\"twitter:label1\" content=\"Est. reading time\" \/>\n\t<meta name=\"twitter:data1\" content=\"3 minutes\" \/>\n<script type=\"application\/ld+json\" class=\"yoast-schema-graph\">{\"@context\":\"https:\\\/\\\/schema.org\",\"@graph\":[{\"@type\":\"WebPage\",\"@id\":\"https:\\\/\\\/www.prinz24.com\\\/unternehmen\\\/\",\"url\":\"https:\\\/\\\/www.prinz24.com\\\/unternehmen\\\/\",\"name\":\"Die PRINZ Deutschland GmbH stellt sich vor - prinz24.com\",\"isPartOf\":{\"@id\":\"https:\\\/\\\/www.prinz24.com\\\/#website\"},\"datePublished\":\"2015-01-17T21:20:32+00:00\",\"dateModified\":\"2025-11-11T14:44:58+00:00\",\"description\":\"Wir stellen uns vor. PRINZ Deutschland GmbH - Ihr Partner f\u00fcr Industrie-Kettens\u00e4getechnik.\",\"breadcrumb\":{\"@id\":\"https:\\\/\\\/www.prinz24.com\\\/unternehmen\\\/#breadcrumb\"},\"inLanguage\":\"en-US\",\"potentialAction\":[{\"@type\":\"ReadAction\",\"target\":[\"https:\\\/\\\/www.prinz24.com\\\/unternehmen\\\/\"]}]},{\"@type\":\"BreadcrumbList\",\"@id\":\"https:\\\/\\\/www.prinz24.com\\\/unternehmen\\\/#breadcrumb\",\"itemListElement\":[{\"@type\":\"ListItem\",\"position\":1,\"name\":\"Startseite\",\"item\":\"https:\\\/\\\/www.prinz24.com\\\/\"},{\"@type\":\"ListItem\",\"position\":2,\"name\":\"Unternehmen\"}]},{\"@type\":\"WebSite\",\"@id\":\"https:\\\/\\\/www.prinz24.com\\\/#website\",\"url\":\"https:\\\/\\\/www.prinz24.com\\\/\",\"name\":\"PRINZ Kettens\u00e4getechnik\",\"description\":\"Kettens\u00e4gentechnik f\u00fcr die Industrie\",\"potentialAction\":[{\"@type\":\"SearchAction\",\"target\":{\"@type\":\"EntryPoint\",\"urlTemplate\":\"https:\\\/\\\/www.prinz24.com\\\/?s={search_term_string}\"},\"query-input\":{\"@type\":\"PropertyValueSpecification\",\"valueRequired\":true,\"valueName\":\"search_term_string\"}}],\"inLanguage\":\"en-US\"}]}<\/script>\n<!-- \/ Yoast SEO plugin. -->","yoast_head_json":{"title":"Die PRINZ Deutschland GmbH stellt sich vor - prinz24.com","description":"Wir stellen uns vor. PRINZ Deutschland GmbH - Ihr Partner f\u00fcr Industrie-Kettens\u00e4getechnik.","robots":{"index":"index","follow":"follow","max-snippet":"max-snippet:-1","max-image-preview":"max-image-preview:large","max-video-preview":"max-video-preview:-1"},"canonical":"https:\/\/www.prinz24.com\/unternehmen\/","og_locale":"en_US","og_type":"article","og_title":"Die PRINZ Deutschland GmbH stellt sich vor - prinz24.com","og_description":"Wir stellen uns vor. PRINZ Deutschland GmbH - Ihr Partner f\u00fcr Industrie-Kettens\u00e4getechnik.","og_url":"https:\/\/www.prinz24.com\/unternehmen\/","og_site_name":"PRINZ Kettens\u00e4getechnik","article_publisher":"https:\/\/www.facebook.com\/prinzkettensaegetechnik\/","article_modified_time":"2025-11-11T14:44:58+00:00","twitter_card":"summary_large_image","twitter_misc":{"Est. reading time":"3 minutes"},"schema":{"@context":"https:\/\/schema.org","@graph":[{"@type":"WebPage","@id":"https:\/\/www.prinz24.com\/unternehmen\/","url":"https:\/\/www.prinz24.com\/unternehmen\/","name":"Die PRINZ Deutschland GmbH stellt sich vor - prinz24.com","isPartOf":{"@id":"https:\/\/www.prinz24.com\/#website"},"datePublished":"2015-01-17T21:20:32+00:00","dateModified":"2025-11-11T14:44:58+00:00","description":"Wir stellen uns vor. PRINZ Deutschland GmbH - Ihr Partner f\u00fcr Industrie-Kettens\u00e4getechnik.","breadcrumb":{"@id":"https:\/\/www.prinz24.com\/unternehmen\/#breadcrumb"},"inLanguage":"en-US","potentialAction":[{"@type":"ReadAction","target":["https:\/\/www.prinz24.com\/unternehmen\/"]}]},{"@type":"BreadcrumbList","@id":"https:\/\/www.prinz24.com\/unternehmen\/#breadcrumb","itemListElement":[{"@type":"ListItem","position":1,"name":"Startseite","item":"https:\/\/www.prinz24.com\/"},{"@type":"ListItem","position":2,"name":"Unternehmen"}]},{"@type":"WebSite","@id":"https:\/\/www.prinz24.com\/#website","url":"https:\/\/www.prinz24.com\/","name":"PRINZ Kettens\u00e4getechnik","description":"Kettens\u00e4gentechnik f\u00fcr die Industrie","potentialAction":[{"@type":"SearchAction","target":{"@type":"EntryPoint","urlTemplate":"https:\/\/www.prinz24.com\/?s={search_term_string}"},"query-input":{"@type":"PropertyValueSpecification","valueRequired":true,"valueName":"search_term_string"}}],"inLanguage":"en-US"}]}},"_links":{"self":[{"href":"https:\/\/www.prinz24.com\/en\/wp-json\/wp\/v2\/pages\/90","targetHints":{"allow":["GET"]}}],"collection":[{"href":"https:\/\/www.prinz24.com\/en\/wp-json\/wp\/v2\/pages"}],"about":[{"href":"https:\/\/www.prinz24.com\/en\/wp-json\/wp\/v2\/types\/page"}],"author":[{"embeddable":true,"href":"https:\/\/www.prinz24.com\/en\/wp-json\/wp\/v2\/users\/11"}],"replies":[{"embeddable":true,"href":"https:\/\/www.prinz24.com\/en\/wp-json\/wp\/v2\/comments?post=90"}],"version-history":[{"count":169,"href":"https:\/\/www.prinz24.com\/en\/wp-json\/wp\/v2\/pages\/90\/revisions"}],"predecessor-version":[{"id":27408,"href":"https:\/\/www.prinz24.com\/en\/wp-json\/wp\/v2\/pages\/90\/revisions\/27408"}],"wp:attachment":[{"href":"https:\/\/www.prinz24.com\/en\/wp-json\/wp\/v2\/media?parent=90"}],"curies":[{"name":"wp","href":"https:\/\/api.w.org\/{rel}","templated":true}]}}