{"id":91,"date":"2015-01-17T21:21:06","date_gmt":"2015-01-17T21:21:06","guid":{"rendered":"http:\/\/www.xn--kettensgetechnik-1nb.at\/?page_id=91"},"modified":"2025-05-25T13:02:52","modified_gmt":"2025-05-25T13:02:52","slug":"industrie-holzsaegen","status":"publish","type":"page","link":"https:\/\/www.prinz24.com\/en\/produkte\/industrie-holzsaegen\/","title":{"rendered":"Wood saws"},"content":{"rendered":"<div class=\"wpb-content-wrapper\"><p>[vc_row css=&#8221;.vc_custom_1434570090987{background-color: #efefef !important;}&#8221;][vc_column][vc_row_inner][vc_column_inner width=&#8221;1\/3&#8243;][vc_single_image image=&#8221;4854&#8243; img_size=&#8221;full&#8221;][\/vc_column_inner][vc_column_inner width=&#8221;2\/3&#8243;][vc_column_text css=&#8221;&#8221;]<\/p>\n<h3 style=\"text-align: left;\">Parallel guided crosscut package saw<\/h3>\n<p>Two saw units \u2013 many combinations!<\/p>\n<p>The package saw units revoCUT &amp; pc120 offers you the possibility to configure your installation according to your needs and the space available.<\/p>\n<p>How do your requirements look like?[\/vc_column_text]\t\t<a href=\"\/en\/produkte\/industrie-holzsaegen\/parallelgefuehrte-bretterpaketsaegen\/\" class=\"envor-btn envor-btn-primary envor-btn-normal\">Show products<\/a>\n\t\n\t[\/vc_column_inner][\/vc_row_inner][\/vc_column][\/vc_row][vc_row css=&#8221;.vc_custom_1671534035600{background-color: #ffffff !important;}&#8221;][vc_column][vc_row_inner][vc_column_inner width=&#8221;1\/3&#8243;][vc_single_image image=&#8221;5720&#8243; img_size=&#8221;full&#8221;][vc_single_image image=&#8221;7274&#8243; img_size=&#8221;full&#8221;][\/vc_column_inner][vc_column_inner width=&#8221;2\/3&#8243;][vc_column_text]<\/p>\n<h3>Smart Solutions<\/h3>\n<p>PRINZ Smart Solutions are optimal solutions for small and medium-sized enterprises who meet high requirements and facilitate economic cutting.[\/vc_column_text]\t\t<a href=\"\/en\/produkte\/industrie-holzsaegen\/smart-solutions\/\" class=\"envor-btn envor-btn-primary envor-btn-normal\">Show products<\/a>\n\t\n\t[\/vc_column_inner][\/vc_row_inner][\/vc_column][\/vc_row][vc_row css=&#8221;.vc_custom_1435575388957{padding-top: 0px !important;background-color: #fafafa !important;}&#8221;][vc_column][vc_row_inner][vc_column_inner width=&#8221;1\/3&#8243;][vc_single_image image=&#8221;5017&#8243; img_size=&#8221;full&#8221;][\/vc_column_inner][vc_column_inner width=&#8221;2\/3&#8243;][vc_column_text]<\/p>\n<h3 style=\"text-align: left;\">Arch guided\u00a0crosscut package saws<\/h3>\n<p>PRINZ crosscut package saws with arch guided cutting equipment bridge the gap between portable saws and saws with a parallel guide frame.<\/p>\n<p>With the travelling saw, they offer a very space saving solution and the robust guiding arch\u00a0guarantees a high cutting accuracy of +\/- 2mm .[\/vc_column_text]\t\t<a href=\"\/en\/produkte\/industrie-holzsaegen\/bogengefuehrte-bretterpaketsaegen\/\" class=\"envor-btn envor-btn-primary envor-btn-normal\">Show products<\/a>\n\t\n\t[\/vc_column_inner][\/vc_row_inner][\/vc_column][\/vc_row][vc_row css=&#8221;.vc_custom_1435575402685{background-color: #efefef !important;}&#8221; el_class=&#8221;add-shadowbox&#8221;][vc_column][vc_row_inner][vc_column_inner width=&#8221;1\/3&#8243;][vc_single_image image=&#8221;4855&#8243; img_size=&#8221;full&#8221;][\/vc_column_inner][vc_column_inner width=&#8221;2\/3&#8243;][vc_column_text]<\/p>\n<h3>Mobile Saws<\/h3>\n<div class=\"wpb_text_column wpb_content_element \">\n<div class=\"wpb_wrapper\">\n<p>Mobile cross-cut saws by Prinz are highly mobile and universal. They are the ideal entry-level model for efficient cross-cutting of ends and cutting through round timber and stacks. Easy to manoeuvre, they provide a convenient alternative to one man saws. With the right Prinz cutting equipment, they always guarantee the best cut results for all your applications.<\/p>\n<\/div>\n<p>PRINZ saws are all built in a rugged execution for an optimum life span.<\/p>\n<\/div>\n<p>[\/vc_column_text]\t\t<a href=\"\/en\/produkte\/industrie-holzsaegen\/fahrbare-holzsaegen\/\" class=\"envor-btn envor-btn-primary envor-btn-normal\">Show products<\/a>\n\t\n\t[\/vc_column_inner][\/vc_row_inner][\/vc_column][\/vc_row][vc_row css=&#8221;.vc_custom_1434575521829{background-color: #fafafa !important;}&#8221; el_class=&#8221;add-shadowbox&#8221;][vc_column][vc_row_inner][vc_column_inner width=&#8221;1\/3&#8243;][vc_single_image image=&#8221;4852&#8243; img_size=&#8221;full&#8221;][\/vc_column_inner][vc_column_inner width=&#8221;2\/3&#8243;][vc_column_text]<\/p>\n<h3>Cross-cut saws for round timber<\/h3>\n<p>PRINZ cross-cut saws for round timber are ideal for integrating into your log yard. The modular system allows to devise individual solutions to exactly meet your particular requirements.[\/vc_column_text]\t\t<a href=\"\/en\/produkte\/industrie-holzsaegen\/rundholzsaegen\/\" class=\"envor-btn envor-btn-primary envor-btn-normal\">Show products<\/a>\n\t\n\t[\/vc_column_inner][\/vc_row_inner][\/vc_column][\/vc_row][vc_row css=&#8221;.vc_custom_1435575422617{background-color: #efefef !important;}&#8221; el_class=&#8221;add-shadowbox&#8221;][vc_column][vc_row_inner][vc_column_inner width=&#8221;1\/3&#8243;][vc_single_image image=&#8221;2674&#8243; img_size=&#8221;full&#8221;][\/vc_column_inner][vc_column_inner width=&#8221;2\/3&#8243;][vc_column_text]<\/p>\n<h3 style=\"text-align: left;\">Kits for saw projects<\/h3>\n<p>Cutting kits in reliable PRINZ-chainsaw technology are available for individual projects. Individual and simple.[\/vc_column_text]\t\t<a href=\"\/en\/produkte\/industrie-holzsaegen\/baugruppen\/\" class=\"envor-btn envor-btn-primary envor-btn-normal\">Show products<\/a>\n\t\n\t[\/vc_column_inner][\/vc_row_inner][\/vc_column][\/vc_row][vc_row el_class=&#8221;additional-products&#8221;][vc_column][vc_row_inner css=&#8221;.vc_custom_1726122126225{border-bottom-width: 20px !important;}&#8221;][vc_column_inner][vc_column_text]<\/p>\n<h3>Cutting equipments and accessories<\/h3>\n<p>[\/vc_column_text][\/vc_column_inner][\/vc_row_inner][vc_row_inner css=&#8221;.vc_custom_1434572549996{padding-top: 0px !important;}&#8221;][vc_column_inner width=&#8221;1\/4&#8243;][vc_single_image image=&#8221;4358&#8243; img_size=&#8221;medium&#8221;]\t\t<a href=\"\/en\/produkte\/industrie-holzsaegen\/saegeketten\/spitzzahnketten\/\" class=\"envor-btn envor-btn-primary envor-btn-normal\">Show more<\/a>\n\t\n\t[\/vc_column_inner][vc_column_inner width=&#8221;1\/4&#8243;][vc_single_image image=&#8221;4359&#8243; img_size=&#8221;medium&#8221;]\t\t<a href=\"\/en\/produkte\/industrie-holzsaegen\/fuehrungsschienen\/\" class=\"envor-btn envor-btn-primary envor-btn-normal\">Show more<\/a>\n\t\n\t[\/vc_column_inner][vc_column_inner width=&#8221;1\/4&#8243;][vc_single_image image=&#8221;2682&#8243; img_size=&#8221;medium&#8221;]\t\t<a href=\"\/en\/produkte\/industrie-holzsaegen\/antriebsraeder-und-umlenkrollen-fuer-holzsaegen\/\" class=\"envor-btn envor-btn-primary envor-btn-normal\">Show more<\/a>\n\t\n\t[\/vc_column_inner][vc_column_inner width=&#8221;1\/4&#8243;][vc_single_image image=&#8221;3841&#8243; img_size=&#8221;medium&#8221;]\t\t<a href=\"\/en\/produkte\/industrie-holzsaegen\/zubehoer\/\" class=\"envor-btn envor-btn-primary envor-btn-normal\">Show more<\/a>\n\t\n\t[\/vc_column_inner][\/vc_row_inner][\/vc_column][\/vc_row]<\/p>\n<\/div>","protected":false},"excerpt":{"rendered":"<p>[vc_row css=&#8221;.vc_custom_1434570090987{background-color: #efefef !important;}&#8221;][vc_column][vc_row_inner][vc_column_inner width=&#8221;1\/3&#8243;][vc_single_image image=&#8221;4854&#8243; img_size=&#8221;full&#8221;][\/vc_column_inner][vc_column_inner width=&#8221;2\/3&#8243;][vc_column_text css=&#8221;&#8221;] Parallel guided crosscut package saw Two saw units \u2013 many combinations! The package saw units revoCUT &amp; pc120 offers you the possibility to configure your installation according to your needs and the space available. How do your requirements look like?[\/vc_column_text][\/vc_column_inner][\/vc_row_inner][\/vc_column][\/vc_row][vc_row css=&#8221;.vc_custom_1671534035600{background-color: #ffffff !important;}&#8221;][vc_column][vc_row_inner][vc_column_inner width=&#8221;1\/3&#8243;][vc_single_image image=&#8221;5720&#8243; img_size=&#8221;full&#8221;][vc_single_image [&hellip;]<\/p>\n","protected":false},"author":11,"featured_media":0,"parent":22,"menu_order":0,"comment_status":"open","ping_status":"open","template":"page-templates\/canvas-with-title.php","meta":{"footnotes":""},"class_list":["post-91","page","type-page","status-publish","hentry"],"yoast_head":"<!-- This site is optimized with the Yoast SEO plugin v27.0 - https:\/\/yoast.com\/product\/yoast-seo-wordpress\/ -->\n<title>Holzs\u00e4gen f\u00fcr die Industrie | prinz24.com<\/title>\n<meta name=\"description\" content=\"Holzs\u00e4gen gemacht f\u00fcr industrielle Zwecke. Von der Bretterpakets\u00e4ge bis zur mobilen S\u00e4ge bieten wir Ihnen was Sie ben\u00f6tigen.\" \/>\n<meta name=\"robots\" content=\"index, follow, max-snippet:-1, max-image-preview:large, max-video-preview:-1\" \/>\n<link rel=\"canonical\" href=\"https:\/\/www.prinz24.com\/produkte\/industrie-holzsaegen\/\" \/>\n<meta property=\"og:locale\" content=\"en_US\" \/>\n<meta property=\"og:type\" content=\"article\" \/>\n<meta property=\"og:title\" content=\"Holzs\u00e4gen f\u00fcr die Industrie | prinz24.com\" \/>\n<meta property=\"og:description\" content=\"Holzs\u00e4gen gemacht f\u00fcr industrielle Zwecke. Von der Bretterpakets\u00e4ge bis zur mobilen S\u00e4ge bieten wir Ihnen was Sie ben\u00f6tigen.\" \/>\n<meta property=\"og:url\" content=\"https:\/\/www.prinz24.com\/produkte\/industrie-holzsaegen\/\" \/>\n<meta property=\"og:site_name\" content=\"PRINZ Kettens\u00e4getechnik\" \/>\n<meta property=\"article:publisher\" content=\"https:\/\/www.facebook.com\/prinzkettensaegetechnik\/\" \/>\n<meta property=\"article:modified_time\" content=\"2025-05-25T13:02:52+00:00\" \/>\n<meta name=\"twitter:card\" content=\"summary_large_image\" \/>\n<meta name=\"twitter:label1\" content=\"Est. reading time\" \/>\n\t<meta name=\"twitter:data1\" content=\"9 minutes\" \/>\n<script type=\"application\/ld+json\" class=\"yoast-schema-graph\">{\"@context\":\"https:\/\/schema.org\",\"@graph\":[{\"@type\":\"WebPage\",\"@id\":\"https:\/\/www.prinz24.com\/produkte\/industrie-holzsaegen\/\",\"url\":\"https:\/\/www.prinz24.com\/produkte\/industrie-holzsaegen\/\",\"name\":\"Holzs\u00e4gen f\u00fcr die Industrie | prinz24.com\",\"isPartOf\":{\"@id\":\"https:\/\/www.prinz24.com\/#website\"},\"datePublished\":\"2015-01-17T21:21:06+00:00\",\"dateModified\":\"2025-05-25T13:02:52+00:00\",\"description\":\"Holzs\u00e4gen gemacht f\u00fcr industrielle Zwecke. Von der Bretterpakets\u00e4ge bis zur mobilen S\u00e4ge bieten wir Ihnen was Sie ben\u00f6tigen.\",\"breadcrumb\":{\"@id\":\"https:\/\/www.prinz24.com\/produkte\/industrie-holzsaegen\/#breadcrumb\"},\"inLanguage\":\"en-US\",\"potentialAction\":[{\"@type\":\"ReadAction\",\"target\":[\"https:\/\/www.prinz24.com\/produkte\/industrie-holzsaegen\/\"]}]},{\"@type\":\"BreadcrumbList\",\"@id\":\"https:\/\/www.prinz24.com\/produkte\/industrie-holzsaegen\/#breadcrumb\",\"itemListElement\":[{\"@type\":\"ListItem\",\"position\":1,\"name\":\"Startseite\",\"item\":\"https:\/\/www.prinz24.com\/\"},{\"@type\":\"ListItem\",\"position\":2,\"name\":\"Produkte\",\"item\":\"https:\/\/www.prinz24.com\/produkte\/\"},{\"@type\":\"ListItem\",\"position\":3,\"name\":\"Holzs\u00e4gen\"}]},{\"@type\":\"WebSite\",\"@id\":\"https:\/\/www.prinz24.com\/#website\",\"url\":\"https:\/\/www.prinz24.com\/\",\"name\":\"PRINZ Kettens\u00e4getechnik\",\"description\":\"Kettens\u00e4gentechnik f\u00fcr die Industrie\",\"potentialAction\":[{\"@type\":\"SearchAction\",\"target\":{\"@type\":\"EntryPoint\",\"urlTemplate\":\"https:\/\/www.prinz24.com\/?s={search_term_string}\"},\"query-input\":{\"@type\":\"PropertyValueSpecification\",\"valueRequired\":true,\"valueName\":\"search_term_string\"}}],\"inLanguage\":\"en-US\"}]}<\/script>\n<!-- \/ Yoast SEO plugin. -->","yoast_head_json":{"title":"Holzs\u00e4gen f\u00fcr die Industrie | prinz24.com","description":"Holzs\u00e4gen gemacht f\u00fcr industrielle Zwecke. Von der Bretterpakets\u00e4ge bis zur mobilen S\u00e4ge bieten wir Ihnen was Sie ben\u00f6tigen.","robots":{"index":"index","follow":"follow","max-snippet":"max-snippet:-1","max-image-preview":"max-image-preview:large","max-video-preview":"max-video-preview:-1"},"canonical":"https:\/\/www.prinz24.com\/produkte\/industrie-holzsaegen\/","og_locale":"en_US","og_type":"article","og_title":"Holzs\u00e4gen f\u00fcr die Industrie | prinz24.com","og_description":"Holzs\u00e4gen gemacht f\u00fcr industrielle Zwecke. Von der Bretterpakets\u00e4ge bis zur mobilen S\u00e4ge bieten wir Ihnen was Sie ben\u00f6tigen.","og_url":"https:\/\/www.prinz24.com\/produkte\/industrie-holzsaegen\/","og_site_name":"PRINZ Kettens\u00e4getechnik","article_publisher":"https:\/\/www.facebook.com\/prinzkettensaegetechnik\/","article_modified_time":"2025-05-25T13:02:52+00:00","twitter_card":"summary_large_image","twitter_misc":{"Est. reading time":"9 minutes"},"schema":{"@context":"https:\/\/schema.org","@graph":[{"@type":"WebPage","@id":"https:\/\/www.prinz24.com\/produkte\/industrie-holzsaegen\/","url":"https:\/\/www.prinz24.com\/produkte\/industrie-holzsaegen\/","name":"Holzs\u00e4gen f\u00fcr die Industrie | prinz24.com","isPartOf":{"@id":"https:\/\/www.prinz24.com\/#website"},"datePublished":"2015-01-17T21:21:06+00:00","dateModified":"2025-05-25T13:02:52+00:00","description":"Holzs\u00e4gen gemacht f\u00fcr industrielle Zwecke. Von der Bretterpakets\u00e4ge bis zur mobilen S\u00e4ge bieten wir Ihnen was Sie ben\u00f6tigen.","breadcrumb":{"@id":"https:\/\/www.prinz24.com\/produkte\/industrie-holzsaegen\/#breadcrumb"},"inLanguage":"en-US","potentialAction":[{"@type":"ReadAction","target":["https:\/\/www.prinz24.com\/produkte\/industrie-holzsaegen\/"]}]},{"@type":"BreadcrumbList","@id":"https:\/\/www.prinz24.com\/produkte\/industrie-holzsaegen\/#breadcrumb","itemListElement":[{"@type":"ListItem","position":1,"name":"Startseite","item":"https:\/\/www.prinz24.com\/"},{"@type":"ListItem","position":2,"name":"Produkte","item":"https:\/\/www.prinz24.com\/produkte\/"},{"@type":"ListItem","position":3,"name":"Holzs\u00e4gen"}]},{"@type":"WebSite","@id":"https:\/\/www.prinz24.com\/#website","url":"https:\/\/www.prinz24.com\/","name":"PRINZ Kettens\u00e4getechnik","description":"Kettens\u00e4gentechnik f\u00fcr die Industrie","potentialAction":[{"@type":"SearchAction","target":{"@type":"EntryPoint","urlTemplate":"https:\/\/www.prinz24.com\/?s={search_term_string}"},"query-input":{"@type":"PropertyValueSpecification","valueRequired":true,"valueName":"search_term_string"}}],"inLanguage":"en-US"}]}},"_links":{"self":[{"href":"https:\/\/www.prinz24.com\/en\/wp-json\/wp\/v2\/pages\/91","targetHints":{"allow":["GET"]}}],"collection":[{"href":"https:\/\/www.prinz24.com\/en\/wp-json\/wp\/v2\/pages"}],"about":[{"href":"https:\/\/www.prinz24.com\/en\/wp-json\/wp\/v2\/types\/page"}],"author":[{"embeddable":true,"href":"https:\/\/www.prinz24.com\/en\/wp-json\/wp\/v2\/users\/11"}],"replies":[{"embeddable":true,"href":"https:\/\/www.prinz24.com\/en\/wp-json\/wp\/v2\/comments?post=91"}],"version-history":[{"count":327,"href":"https:\/\/www.prinz24.com\/en\/wp-json\/wp\/v2\/pages\/91\/revisions"}],"predecessor-version":[{"id":10000,"href":"https:\/\/www.prinz24.com\/en\/wp-json\/wp\/v2\/pages\/91\/revisions\/10000"}],"up":[{"embeddable":true,"href":"https:\/\/www.prinz24.com\/en\/wp-json\/wp\/v2\/pages\/22"}],"wp:attachment":[{"href":"https:\/\/www.prinz24.com\/en\/wp-json\/wp\/v2\/media?parent=91"}],"curies":[{"name":"wp","href":"https:\/\/api.w.org\/{rel}","templated":true}]}}