{"id":9979,"date":"2025-05-24T20:05:37","date_gmt":"2025-05-24T20:05:37","guid":{"rendered":"https:\/\/www.prinz24.com\/?page_id=9979"},"modified":"2025-05-25T13:47:49","modified_gmt":"2025-05-25T13:47:49","slug":"saegeeinheit-pc120","status":"publish","type":"page","link":"https:\/\/www.prinz24.com\/en\/produkte\/industrie-holzsaegen\/parallelgefuehrte-bretterpaketsaegen\/saegeeinheit-pc120\/","title":{"rendered":"saw unit pc120"},"content":{"rendered":"<div class=\"wpb-content-wrapper\"><p>[vc_row css=&#8221;.vc_custom_1435578450146{padding-top: 0px !important;}&#8221;][vc_column][vc_row_inner css=&#8221;.vc_custom_1435578983865{padding-bottom: 0px !important;}&#8221;][vc_column_inner width=&#8221;1\/2&#8243;][vc_single_image image=&#8221;9972&#8243; img_size=&#8221;full&#8221; css=&#8221;&#8221;][\/vc_column_inner][vc_column_inner width=&#8221;1\/2&#8243;][vc_column_text css=&#8221;&#8221;]The PRINZ pc120 has been developed specifically for very high production output and a fully automatic, uninterrupted production process. Thanks to the PLC control system, the automatic cutting sequence parameters can be changed easily, with precision cutting guidance on both sides ensuring maximum cutting accuracy of \u00b11\u2009mm (.040\u201d), even at maximum cutting output.<\/p>\n<ul>\n<li>Stationary sawing unit with individual roller table lengths for cross-cutting packs of sawn timber, chipboard, gypsum plates, etc.<\/li>\n<li>Fully automatic production process with series cutting function<\/li>\n<li>Pivoted roller table to the left and right of the saw for easy disposal of longer wood rests<\/li>\n<li>Convenient and safe for one person to operate<\/li>\n<li>Vertical cutting guidance on both sides for \u00b11\u2009mm (.040\u201d) cutting accuracy, with cutting output of about 1.5\u2009min\/m\u00b2<\/li>\n<li>Pneumatic pressure pads to hold down the stacks<\/li>\n<li>Pneumatic chain tensioning for constant tensioning force<\/li>\n<\/ul>\n<p>[\/vc_column_text][\/vc_column_inner][\/vc_row_inner][\/vc_column][\/vc_row]<\/p>\n<\/div>","protected":false},"excerpt":{"rendered":"<p>[vc_row css=&#8221;.vc_custom_1435578450146{padding-top: 0px !important;}&#8221;][vc_column][vc_row_inner css=&#8221;.vc_custom_1435578983865{padding-bottom: 0px !important;}&#8221;][vc_column_inner width=&#8221;1\/2&#8243;][vc_single_image image=&#8221;9972&#8243; img_size=&#8221;full&#8221; css=&#8221;&#8221;][\/vc_column_inner][vc_column_inner width=&#8221;1\/2&#8243;][vc_column_text css=&#8221;&#8221;]The PRINZ pc120 has been developed specifically for very high production output and a fully automatic, uninterrupted production process. Thanks to the PLC control system, the automatic cutting sequence parameters can be changed easily, with precision cutting guidance on both sides ensuring maximum [&hellip;]<\/p>\n","protected":false},"author":11,"featured_media":0,"parent":293,"menu_order":0,"comment_status":"open","ping_status":"open","template":"page-templates\/canvas-with-title.php","meta":{"footnotes":""},"class_list":["post-9979","page","type-page","status-publish","hentry"],"yoast_head":"<!-- This site is optimized with the Yoast SEO plugin v27.4 - https:\/\/yoast.com\/product\/yoast-seo-wordpress\/ -->\n<title>Parallelgef\u00fchrte Bretterpakets\u00e4ge PC120-Rollgang | prinz24.com<\/title>\n<meta name=\"description\" content=\"Die parallelgef\u00fchrte Bretterpakets\u00e4ge PC120-Rollgang der PRINZ Deutschland GmbH.\" \/>\n<meta name=\"robots\" content=\"index, follow, max-snippet:-1, max-image-preview:large, max-video-preview:-1\" \/>\n<link rel=\"canonical\" href=\"https:\/\/www.prinz24.com\/produkte\/industrie-holzsaegen\/parallelgefuehrte-bretterpaketsaegen\/saegeeinheit-pc120\/\" \/>\n<meta property=\"og:locale\" content=\"en_US\" \/>\n<meta property=\"og:type\" content=\"article\" \/>\n<meta property=\"og:title\" content=\"Parallelgef\u00fchrte Bretterpakets\u00e4ge PC120-Rollgang | prinz24.com\" \/>\n<meta property=\"og:description\" content=\"Die parallelgef\u00fchrte Bretterpakets\u00e4ge PC120-Rollgang der PRINZ Deutschland GmbH.\" \/>\n<meta property=\"og:url\" content=\"https:\/\/www.prinz24.com\/produkte\/industrie-holzsaegen\/parallelgefuehrte-bretterpaketsaegen\/saegeeinheit-pc120\/\" \/>\n<meta property=\"og:site_name\" content=\"PRINZ Kettens\u00e4getechnik\" \/>\n<meta property=\"article:publisher\" content=\"https:\/\/www.facebook.com\/prinzkettensaegetechnik\/\" \/>\n<meta property=\"article:modified_time\" content=\"2025-05-25T13:47:49+00:00\" \/>\n<meta name=\"twitter:card\" content=\"summary_large_image\" \/>\n<meta name=\"twitter:label1\" content=\"Est. reading time\" \/>\n\t<meta name=\"twitter:data1\" content=\"2 minutes\" \/>\n<script type=\"application\/ld+json\" class=\"yoast-schema-graph\">{\"@context\":\"https:\\\/\\\/schema.org\",\"@graph\":[{\"@type\":\"WebPage\",\"@id\":\"https:\\\/\\\/www.prinz24.com\\\/produkte\\\/industrie-holzsaegen\\\/parallelgefuehrte-bretterpaketsaegen\\\/saegeeinheit-pc120\\\/\",\"url\":\"https:\\\/\\\/www.prinz24.com\\\/produkte\\\/industrie-holzsaegen\\\/parallelgefuehrte-bretterpaketsaegen\\\/saegeeinheit-pc120\\\/\",\"name\":\"Parallelgef\u00fchrte Bretterpakets\u00e4ge PC120-Rollgang | prinz24.com\",\"isPartOf\":{\"@id\":\"https:\\\/\\\/www.prinz24.com\\\/#website\"},\"datePublished\":\"2025-05-24T20:05:37+00:00\",\"dateModified\":\"2025-05-25T13:47:49+00:00\",\"description\":\"Die parallelgef\u00fchrte Bretterpakets\u00e4ge PC120-Rollgang der PRINZ Deutschland GmbH.\",\"breadcrumb\":{\"@id\":\"https:\\\/\\\/www.prinz24.com\\\/produkte\\\/industrie-holzsaegen\\\/parallelgefuehrte-bretterpaketsaegen\\\/saegeeinheit-pc120\\\/#breadcrumb\"},\"inLanguage\":\"en-US\",\"potentialAction\":[{\"@type\":\"ReadAction\",\"target\":[\"https:\\\/\\\/www.prinz24.com\\\/produkte\\\/industrie-holzsaegen\\\/parallelgefuehrte-bretterpaketsaegen\\\/saegeeinheit-pc120\\\/\"]}]},{\"@type\":\"BreadcrumbList\",\"@id\":\"https:\\\/\\\/www.prinz24.com\\\/produkte\\\/industrie-holzsaegen\\\/parallelgefuehrte-bretterpaketsaegen\\\/saegeeinheit-pc120\\\/#breadcrumb\",\"itemListElement\":[{\"@type\":\"ListItem\",\"position\":1,\"name\":\"Startseite\",\"item\":\"https:\\\/\\\/www.prinz24.com\\\/\"},{\"@type\":\"ListItem\",\"position\":2,\"name\":\"Produkte\",\"item\":\"https:\\\/\\\/www.prinz24.com\\\/produkte\\\/\"},{\"@type\":\"ListItem\",\"position\":3,\"name\":\"Holzs\u00e4gen\",\"item\":\"https:\\\/\\\/www.prinz24.com\\\/produkte\\\/industrie-holzsaegen\\\/\"},{\"@type\":\"ListItem\",\"position\":4,\"name\":\"Parallelgef\u00fchrte Bretterpakets\u00e4gen\",\"item\":\"https:\\\/\\\/www.prinz24.com\\\/produkte\\\/industrie-holzsaegen\\\/parallelgefuehrte-bretterpaketsaegen\\\/\"},{\"@type\":\"ListItem\",\"position\":5,\"name\":\"S\u00e4geeinheit &#8211; pc120\"}]},{\"@type\":\"WebSite\",\"@id\":\"https:\\\/\\\/www.prinz24.com\\\/#website\",\"url\":\"https:\\\/\\\/www.prinz24.com\\\/\",\"name\":\"PRINZ Kettens\u00e4getechnik\",\"description\":\"Kettens\u00e4gentechnik f\u00fcr die Industrie\",\"potentialAction\":[{\"@type\":\"SearchAction\",\"target\":{\"@type\":\"EntryPoint\",\"urlTemplate\":\"https:\\\/\\\/www.prinz24.com\\\/?s={search_term_string}\"},\"query-input\":{\"@type\":\"PropertyValueSpecification\",\"valueRequired\":true,\"valueName\":\"search_term_string\"}}],\"inLanguage\":\"en-US\"}]}<\/script>\n<!-- \/ Yoast SEO plugin. -->","yoast_head_json":{"title":"Parallelgef\u00fchrte Bretterpakets\u00e4ge PC120-Rollgang | prinz24.com","description":"Die parallelgef\u00fchrte Bretterpakets\u00e4ge PC120-Rollgang der PRINZ Deutschland GmbH.","robots":{"index":"index","follow":"follow","max-snippet":"max-snippet:-1","max-image-preview":"max-image-preview:large","max-video-preview":"max-video-preview:-1"},"canonical":"https:\/\/www.prinz24.com\/produkte\/industrie-holzsaegen\/parallelgefuehrte-bretterpaketsaegen\/saegeeinheit-pc120\/","og_locale":"en_US","og_type":"article","og_title":"Parallelgef\u00fchrte Bretterpakets\u00e4ge PC120-Rollgang | prinz24.com","og_description":"Die parallelgef\u00fchrte Bretterpakets\u00e4ge PC120-Rollgang der PRINZ Deutschland GmbH.","og_url":"https:\/\/www.prinz24.com\/produkte\/industrie-holzsaegen\/parallelgefuehrte-bretterpaketsaegen\/saegeeinheit-pc120\/","og_site_name":"PRINZ Kettens\u00e4getechnik","article_publisher":"https:\/\/www.facebook.com\/prinzkettensaegetechnik\/","article_modified_time":"2025-05-25T13:47:49+00:00","twitter_card":"summary_large_image","twitter_misc":{"Est. reading time":"2 minutes"},"schema":{"@context":"https:\/\/schema.org","@graph":[{"@type":"WebPage","@id":"https:\/\/www.prinz24.com\/produkte\/industrie-holzsaegen\/parallelgefuehrte-bretterpaketsaegen\/saegeeinheit-pc120\/","url":"https:\/\/www.prinz24.com\/produkte\/industrie-holzsaegen\/parallelgefuehrte-bretterpaketsaegen\/saegeeinheit-pc120\/","name":"Parallelgef\u00fchrte Bretterpakets\u00e4ge PC120-Rollgang | prinz24.com","isPartOf":{"@id":"https:\/\/www.prinz24.com\/#website"},"datePublished":"2025-05-24T20:05:37+00:00","dateModified":"2025-05-25T13:47:49+00:00","description":"Die parallelgef\u00fchrte Bretterpakets\u00e4ge PC120-Rollgang der PRINZ Deutschland GmbH.","breadcrumb":{"@id":"https:\/\/www.prinz24.com\/produkte\/industrie-holzsaegen\/parallelgefuehrte-bretterpaketsaegen\/saegeeinheit-pc120\/#breadcrumb"},"inLanguage":"en-US","potentialAction":[{"@type":"ReadAction","target":["https:\/\/www.prinz24.com\/produkte\/industrie-holzsaegen\/parallelgefuehrte-bretterpaketsaegen\/saegeeinheit-pc120\/"]}]},{"@type":"BreadcrumbList","@id":"https:\/\/www.prinz24.com\/produkte\/industrie-holzsaegen\/parallelgefuehrte-bretterpaketsaegen\/saegeeinheit-pc120\/#breadcrumb","itemListElement":[{"@type":"ListItem","position":1,"name":"Startseite","item":"https:\/\/www.prinz24.com\/"},{"@type":"ListItem","position":2,"name":"Produkte","item":"https:\/\/www.prinz24.com\/produkte\/"},{"@type":"ListItem","position":3,"name":"Holzs\u00e4gen","item":"https:\/\/www.prinz24.com\/produkte\/industrie-holzsaegen\/"},{"@type":"ListItem","position":4,"name":"Parallelgef\u00fchrte Bretterpakets\u00e4gen","item":"https:\/\/www.prinz24.com\/produkte\/industrie-holzsaegen\/parallelgefuehrte-bretterpaketsaegen\/"},{"@type":"ListItem","position":5,"name":"S\u00e4geeinheit &#8211; pc120"}]},{"@type":"WebSite","@id":"https:\/\/www.prinz24.com\/#website","url":"https:\/\/www.prinz24.com\/","name":"PRINZ Kettens\u00e4getechnik","description":"Kettens\u00e4gentechnik f\u00fcr die Industrie","potentialAction":[{"@type":"SearchAction","target":{"@type":"EntryPoint","urlTemplate":"https:\/\/www.prinz24.com\/?s={search_term_string}"},"query-input":{"@type":"PropertyValueSpecification","valueRequired":true,"valueName":"search_term_string"}}],"inLanguage":"en-US"}]}},"_links":{"self":[{"href":"https:\/\/www.prinz24.com\/en\/wp-json\/wp\/v2\/pages\/9979","targetHints":{"allow":["GET"]}}],"collection":[{"href":"https:\/\/www.prinz24.com\/en\/wp-json\/wp\/v2\/pages"}],"about":[{"href":"https:\/\/www.prinz24.com\/en\/wp-json\/wp\/v2\/types\/page"}],"author":[{"embeddable":true,"href":"https:\/\/www.prinz24.com\/en\/wp-json\/wp\/v2\/users\/11"}],"replies":[{"embeddable":true,"href":"https:\/\/www.prinz24.com\/en\/wp-json\/wp\/v2\/comments?post=9979"}],"version-history":[{"count":8,"href":"https:\/\/www.prinz24.com\/en\/wp-json\/wp\/v2\/pages\/9979\/revisions"}],"predecessor-version":[{"id":10019,"href":"https:\/\/www.prinz24.com\/en\/wp-json\/wp\/v2\/pages\/9979\/revisions\/10019"}],"up":[{"embeddable":true,"href":"https:\/\/www.prinz24.com\/en\/wp-json\/wp\/v2\/pages\/293"}],"wp:attachment":[{"href":"https:\/\/www.prinz24.com\/en\/wp-json\/wp\/v2\/media?parent=9979"}],"curies":[{"name":"wp","href":"https:\/\/api.w.org\/{rel}","templated":true}]}}